{"id":8723,"date":"2023-08-28T11:30:09","date_gmt":"2023-08-28T08:30:09","guid":{"rendered":"https:\/\/aphrodisias-excavations.com\/kybele-evi\/"},"modified":"2024-08-04T14:15:57","modified_gmt":"2024-08-04T11:15:57","slug":"kybele-evi","status":"publish","type":"page","link":"https:\/\/aphrodisias-excavations.com\/tr\/kybele-evi\/","title":{"rendered":"Kybele Evi"},"content":{"rendered":"<p><div class=\"fusion-fullwidth fullwidth-box fusion-builder-row-1 fusion-flex-container nonhundred-percent-fullwidth non-hundred-percent-height-scrolling fusion-animated\" style=\"--awb-border-radius-top-left:0px;--awb-border-radius-top-right:0px;--awb-border-radius-bottom-right:0px;--awb-border-radius-bottom-left:0px;--awb-margin-bottom:0px;--awb-margin-bottom-medium:80px;--awb-margin-bottom-small:60px;--awb-flex-wrap:wrap;\" data-animationType=\"fadeInUp\" data-animationDuration=\"1.3\" data-animationOffset=\"top-into-view\" ><div class=\"fusion-builder-row fusion-row fusion-flex-align-items-center fusion-flex-content-wrap\" style=\"max-width:1216.8px;margin-left: calc(-4% \/ 2 );margin-right: calc(-4% \/ 2 );\"><div class=\"fusion-layout-column fusion_builder_column fusion-builder-column-0 fusion_builder_column_1_1 1_1 fusion-flex-column\" style=\"--awb-bg-blend:overlay;--awb-bg-size:cover;--awb-width-large:100%;--awb-margin-top-large:0px;--awb-spacing-right-large:1.92%;--awb-margin-bottom-large:0px;--awb-spacing-left-large:1.92%;--awb-width-medium:40%;--awb-spacing-right-medium:4.8%;--awb-spacing-left-medium:4.8%;--awb-width-small:100%;--awb-spacing-right-small:1.92%;--awb-margin-bottom-small:15px;--awb-spacing-left-small:1.92%;\"><div class=\"fusion-column-wrapper fusion-flex-justify-content-flex-start fusion-content-layout-column\"><div class=\"fusion-title title fusion-title-1 fusion-title-text fusion-title-size-two\" style=\"--awb-margin-bottom:0px;--awb-margin-top-small:0px;--awb-margin-bottom-small:20px;--awb-font-size:37px;\"><div class=\"title-sep-container title-sep-container-left fusion-no-large-visibility fusion-no-medium-visibility fusion-no-small-visibility\"><div class=\"title-sep sep- sep-solid\" style=\"border-color:var(--awb-color3);\"><\/div><\/div><span class=\"awb-title-spacer fusion-no-large-visibility fusion-no-medium-visibility fusion-no-small-visibility\"><\/span><h2 class=\"fusion-title-heading title-heading-left fusion-responsive-typography-calculated\" style=\"margin:0;text-transform:capitalize;font-size:1em;--fontSize:37;line-height:1.35;\"><h2><strong>Kybele Evi<\/strong><\/h2><\/h2><span class=\"awb-title-spacer\"><\/span><div class=\"title-sep-container title-sep-container-right\"><div class=\"title-sep sep- sep-solid\" style=\"border-color:var(--awb-color3);\"><\/div><\/div><\/div><\/div><\/div><\/div><\/div><div class=\"fusion-fullwidth fullwidth-box fusion-builder-row-2 fusion-flex-container has-pattern-background has-mask-background nonhundred-percent-fullwidth non-hundred-percent-height-scrolling\" style=\"--awb-border-radius-top-left:0px;--awb-border-radius-top-right:0px;--awb-border-radius-bottom-right:0px;--awb-border-radius-bottom-left:0px;--awb-flex-wrap:wrap;\" ><div class=\"fusion-builder-row fusion-row fusion-flex-align-items-flex-start fusion-flex-content-wrap\" style=\"max-width:1216.8px;margin-left: calc(-4% \/ 2 );margin-right: calc(-4% \/ 2 );\"><div class=\"fusion-layout-column fusion_builder_column fusion-builder-column-1 fusion_builder_column_1_1 1_1 fusion-flex-column\" style=\"--awb-bg-size:cover;--awb-width-large:100%;--awb-margin-top-large:0px;--awb-spacing-right-large:1.92%;--awb-margin-bottom-large:20px;--awb-spacing-left-large:1.92%;--awb-width-medium:100%;--awb-order-medium:0;--awb-spacing-right-medium:1.92%;--awb-spacing-left-medium:1.92%;--awb-width-small:100%;--awb-order-small:0;--awb-spacing-right-small:1.92%;--awb-spacing-left-small:1.92%;\"><div class=\"fusion-column-wrapper fusion-column-has-shadow fusion-flex-justify-content-flex-start fusion-content-layout-column\"><div class=\"fusion-separator fusion-full-width-sep\" style=\"align-self: center;margin-left: auto;margin-right: auto;margin-top:0px;margin-bottom:0px;width:100%;\"><div class=\"fusion-separator-border sep-single sep-solid\" style=\"--awb-height:20px;--awb-amount:20px;border-color:var(--awb-color2);border-top-width:2px;\"><\/div><\/div><\/div><\/div><\/div><\/div><div class=\"fusion-fullwidth fullwidth-box fusion-builder-row-3 fusion-flex-container has-pattern-background has-mask-background nonhundred-percent-fullwidth non-hundred-percent-height-scrolling\" style=\"--awb-border-radius-top-left:0px;--awb-border-radius-top-right:0px;--awb-border-radius-bottom-right:0px;--awb-border-radius-bottom-left:0px;--awb-flex-wrap:wrap;\" ><div class=\"fusion-builder-row fusion-row fusion-flex-align-items-flex-start fusion-flex-content-wrap\" style=\"max-width:1216.8px;margin-left: calc(-4% \/ 2 );margin-right: calc(-4% \/ 2 );\"><div class=\"fusion-layout-column fusion_builder_column fusion-builder-column-2 fusion_builder_column_1_3 1_3 fusion-flex-column\" style=\"--awb-padding-right:22px;--awb-bg-size:cover;--awb-width-large:33.333333333333%;--awb-margin-top-large:23px;--awb-spacing-right-large:5.184%;--awb-margin-bottom-large:20px;--awb-spacing-left-large:5.76%;--awb-width-medium:100%;--awb-order-medium:0;--awb-spacing-right-medium:1.92%;--awb-spacing-left-medium:1.92%;--awb-width-small:100%;--awb-order-small:0;--awb-spacing-right-small:1.92%;--awb-spacing-left-small:1.92%;\"><div class=\"fusion-column-wrapper fusion-column-has-shadow fusion-flex-justify-content-flex-start fusion-content-layout-column\"><div class=\"fusion-image-element \" style=\"--awb-caption-title-font-family:var(--h2_typography-font-family);--awb-caption-title-font-weight:var(--h2_typography-font-weight);--awb-caption-title-font-style:var(--h2_typography-font-style);--awb-caption-title-size:var(--h2_typography-font-size);--awb-caption-title-transform:var(--h2_typography-text-transform);--awb-caption-title-line-height:var(--h2_typography-line-height);--awb-caption-title-letter-spacing:var(--h2_typography-letter-spacing);\"><span class=\" fusion-imageframe imageframe-glow imageframe-1 hover-type-none\" style=\"border:5px solid #e5e5e5;-webkit-box-shadow: 0 0 3px var(--awb-color8);box-shadow: 0 0 3px var(--awb-color8);\"><a href=\"https:\/\/aphrodisias-excavations.com\/wp-content\/uploads\/2023\/08\/House-of-Kybele-1200x825.jpg\" class=\"fusion-lightbox\" data-rel=\"iLightbox[920b09b8dd5a573c2ca]\" data-title=\"House of Kybele\" title=\"House of Kybele\"><img decoding=\"async\" width=\"1200\" height=\"825\" src=\"https:\/\/aphrodisias-excavations.com\/wp-content\/uploads\/2023\/08\/House-of-Kybele.jpg\" data-orig-src=\"https:\/\/aphrodisias-excavations.com\/wp-content\/uploads\/2023\/08\/House-of-Kybele-1200x825.jpg\" alt class=\"lazyload img-responsive wp-image-8327\" srcset=\"data:image\/svg+xml,%3Csvg%20xmlns%3D%27http%3A%2F%2Fwww.w3.org%2F2000%2Fsvg%27%20width%3D%272048%27%20height%3D%271408%27%20viewBox%3D%270%200%202048%201408%27%3E%3Crect%20width%3D%272048%27%20height%3D%271408%27%20fill-opacity%3D%220%22%2F%3E%3C%2Fsvg%3E\" data-srcset=\"https:\/\/aphrodisias-excavations.com\/wp-content\/uploads\/2023\/08\/House-of-Kybele-200x138.jpg 200w, https:\/\/aphrodisias-excavations.com\/wp-content\/uploads\/2023\/08\/House-of-Kybele-400x275.jpg 400w, https:\/\/aphrodisias-excavations.com\/wp-content\/uploads\/2023\/08\/House-of-Kybele-600x413.jpg 600w, https:\/\/aphrodisias-excavations.com\/wp-content\/uploads\/2023\/08\/House-of-Kybele-800x550.jpg 800w, https:\/\/aphrodisias-excavations.com\/wp-content\/uploads\/2023\/08\/House-of-Kybele-1200x825.jpg 1200w\" data-sizes=\"auto\" data-orig-sizes=\"(max-width: 1024px) 100vw, (max-width: 640px) 100vw, 400px\" \/><\/a><\/span><\/div><div class=\"fusion-separator fusion-full-width-sep\" style=\"align-self: center;margin-left: auto;margin-right: auto;margin-top:5px;margin-bottom:5px;width:100%;\"><div class=\"fusion-separator-border sep-double sep-solid\" style=\"--awb-height:20px;--awb-amount:20px;border-color:var(--awb-color2);border-top-width:0px;border-bottom-width:0px;\"><\/div><\/div><div class=\"fusion-image-element \" style=\"--awb-caption-title-font-family:var(--h2_typography-font-family);--awb-caption-title-font-weight:var(--h2_typography-font-weight);--awb-caption-title-font-style:var(--h2_typography-font-style);--awb-caption-title-size:var(--h2_typography-font-size);--awb-caption-title-transform:var(--h2_typography-text-transform);--awb-caption-title-line-height:var(--h2_typography-line-height);--awb-caption-title-letter-spacing:var(--h2_typography-letter-spacing);\"><span class=\" fusion-imageframe imageframe-glow imageframe-2 hover-type-none\" style=\"border:5px solid #e5e5e5;-webkit-box-shadow: 0 0 3px var(--awb-color8);box-shadow: 0 0 3px var(--awb-color8);\"><a href=\"https:\/\/aphrodisias-excavations.com\/wp-content\/uploads\/2023\/08\/House-of-Kybele-2-1200x801.jpg\" class=\"fusion-lightbox\" data-rel=\"iLightbox[3e9adb54691702feb84]\" data-title=\"House of Kybele 2\" title=\"House of Kybele 2\"><img decoding=\"async\" width=\"1200\" height=\"801\" src=\"https:\/\/aphrodisias-excavations.com\/wp-content\/uploads\/2023\/08\/House-of-Kybele-2-scaled.jpg\" data-orig-src=\"https:\/\/aphrodisias-excavations.com\/wp-content\/uploads\/2023\/08\/House-of-Kybele-2-1200x801.jpg\" alt class=\"lazyload img-responsive wp-image-8329\" srcset=\"data:image\/svg+xml,%3Csvg%20xmlns%3D%27http%3A%2F%2Fwww.w3.org%2F2000%2Fsvg%27%20width%3D%272560%27%20height%3D%271709%27%20viewBox%3D%270%200%202560%201709%27%3E%3Crect%20width%3D%272560%27%20height%3D%271709%27%20fill-opacity%3D%220%22%2F%3E%3C%2Fsvg%3E\" data-srcset=\"https:\/\/aphrodisias-excavations.com\/wp-content\/uploads\/2023\/08\/House-of-Kybele-2-200x133.jpg 200w, https:\/\/aphrodisias-excavations.com\/wp-content\/uploads\/2023\/08\/House-of-Kybele-2-400x267.jpg 400w, https:\/\/aphrodisias-excavations.com\/wp-content\/uploads\/2023\/08\/House-of-Kybele-2-600x400.jpg 600w, https:\/\/aphrodisias-excavations.com\/wp-content\/uploads\/2023\/08\/House-of-Kybele-2-800x534.jpg 800w, https:\/\/aphrodisias-excavations.com\/wp-content\/uploads\/2023\/08\/House-of-Kybele-2-1200x801.jpg 1200w\" data-sizes=\"auto\" data-orig-sizes=\"(max-width: 1024px) 100vw, (max-width: 640px) 100vw, 400px\" \/><\/a><\/span><\/div><div class=\"fusion-separator fusion-full-width-sep\" style=\"align-self: center;margin-left: auto;margin-right: auto;margin-top:5px;margin-bottom:5px;width:100%;\"><div class=\"fusion-separator-border sep-double sep-solid\" style=\"--awb-height:20px;--awb-amount:20px;border-color:var(--awb-color2);border-top-width:0px;border-bottom-width:0px;\"><\/div><\/div><div class=\"fusion-image-element \" style=\"--awb-caption-title-font-family:var(--h2_typography-font-family);--awb-caption-title-font-weight:var(--h2_typography-font-weight);--awb-caption-title-font-style:var(--h2_typography-font-style);--awb-caption-title-size:var(--h2_typography-font-size);--awb-caption-title-transform:var(--h2_typography-text-transform);--awb-caption-title-line-height:var(--h2_typography-line-height);--awb-caption-title-letter-spacing:var(--h2_typography-letter-spacing);\"><span class=\" fusion-imageframe imageframe-glow imageframe-3 hover-type-none\" style=\"border:5px solid #e5e5e5;-webkit-box-shadow: 0 0 3px var(--awb-color8);box-shadow: 0 0 3px var(--awb-color8);\"><a href=\"https:\/\/aphrodisias-excavations.com\/wp-content\/uploads\/2023\/08\/House-of-Kybele-finds-1200x1165.jpg\" class=\"fusion-lightbox\" data-rel=\"iLightbox[46df4269ba6d55440d5]\" data-title=\"House of Kybele finds\" title=\"House of Kybele finds\"><img decoding=\"async\" width=\"1200\" height=\"1165\" src=\"https:\/\/aphrodisias-excavations.com\/wp-content\/uploads\/2023\/08\/House-of-Kybele-finds.jpg\" data-orig-src=\"https:\/\/aphrodisias-excavations.com\/wp-content\/uploads\/2023\/08\/House-of-Kybele-finds-1200x1165.jpg\" alt class=\"lazyload img-responsive wp-image-8331\" srcset=\"data:image\/svg+xml,%3Csvg%20xmlns%3D%27http%3A%2F%2Fwww.w3.org%2F2000%2Fsvg%27%20width%3D%271582%27%20height%3D%271536%27%20viewBox%3D%270%200%201582%201536%27%3E%3Crect%20width%3D%271582%27%20height%3D%271536%27%20fill-opacity%3D%220%22%2F%3E%3C%2Fsvg%3E\" data-srcset=\"https:\/\/aphrodisias-excavations.com\/wp-content\/uploads\/2023\/08\/House-of-Kybele-finds-200x194.jpg 200w, https:\/\/aphrodisias-excavations.com\/wp-content\/uploads\/2023\/08\/House-of-Kybele-finds-400x388.jpg 400w, https:\/\/aphrodisias-excavations.com\/wp-content\/uploads\/2023\/08\/House-of-Kybele-finds-600x583.jpg 600w, https:\/\/aphrodisias-excavations.com\/wp-content\/uploads\/2023\/08\/House-of-Kybele-finds-800x777.jpg 800w, https:\/\/aphrodisias-excavations.com\/wp-content\/uploads\/2023\/08\/House-of-Kybele-finds-1200x1165.jpg 1200w, https:\/\/aphrodisias-excavations.com\/wp-content\/uploads\/2023\/08\/House-of-Kybele-finds.jpg 1582w\" data-sizes=\"auto\" data-orig-sizes=\"(max-width: 1024px) 100vw, (max-width: 640px) 100vw, 400px\" \/><\/a><\/span><\/div><\/div><\/div><div class=\"fusion-layout-column fusion_builder_column fusion-builder-column-3 fusion_builder_column_2_3 2_3 fusion-flex-column\" style=\"--awb-bg-size:cover;--awb-width-large:66.666666666667%;--awb-margin-top-large:0px;--awb-spacing-right-large:2.88%;--awb-margin-bottom-large:20px;--awb-spacing-left-large:0%;--awb-width-medium:100%;--awb-order-medium:0;--awb-spacing-right-medium:1.92%;--awb-spacing-left-medium:1.92%;--awb-width-small:100%;--awb-order-small:0;--awb-spacing-right-small:1.92%;--awb-spacing-left-small:1.92%;\"><div class=\"fusion-column-wrapper fusion-column-has-shadow fusion-flex-justify-content-flex-start fusion-content-layout-column\"><div class=\"fusion-separator fusion-full-width-sep\" style=\"align-self: center;margin-left: auto;margin-right: auto;margin-top:5px;margin-bottom:5px;width:100%;\"><div class=\"fusion-separator-border sep-double sep-solid\" style=\"--awb-height:20px;--awb-amount:20px;border-color:var(--awb-color2);border-top-width:0px;border-bottom-width:0px;\"><\/div><\/div><div class=\"fusion-text fusion-text-1\"><p data-fusion-font=\"true\" style=\"text-align: justify; font-size: 16px;\">Proje, evin kendisini, i\u00e7indeki buluntular\u0131 ve \u015eehir Surlar\u0131&#8217;n\u0131n kuzeydo\u011fu kesiminde bulundu\u011fu mahallenin etkileyici kal\u0131nt\u0131lar\u0131n\u0131 incelemeyi, korumay\u0131 ve yay\u0131nlamay\u0131 ama\u00e7lamaktad\u0131r. Alan 1960-1980 y\u0131llar\u0131 aras\u0131nda Kenan Erim taraf\u0131ndan ara\u015ft\u0131r\u0131lm\u0131\u015f olsa da kaz\u0131s\u0131 ve et\u00fctleri tamamlanamam\u0131\u015ft\u0131r. Eskiden &#8220;the Water Channel House&#8221; olarak adland\u0131r\u0131lan kompleks, i\u00e7inde bulunan etkileyici bir Ge\u00e7 Antik d\u00f6nem tanr\u0131\u00e7a k\u00fclt fig\u00fcr\u00fcnden dolay\u0131 Kybele Evi olarak yeniden adland\u0131r\u0131lm\u0131\u015ft\u0131r. Mahallede evin yan\u0131 s\u0131ra at\u00f6lyeler, depo, cadde ve \u015fehir kap\u0131s\u0131 da bulunmaktad\u0131r.<\/p>\n<p data-fusion-font=\"true\" style=\"text-align: justify; font-size: 16px;\">1956 y\u0131l\u0131nda, Aphrodisias&#8217;\u0131n en eski kamusal altyap\u0131s\u0131n\u0131n \u00e7o\u011funu yapt\u0131ran imparator Augustus&#8217;un eski k\u00f6lesi C. Julius Zoilos\u2019un mezar an\u0131t\u0131ndan y\u00fcksek kaliteli fig\u00fcrl\u00fc kabartmalar, \u015eehir Surlar\u0131&#8217;n\u0131n kuzeydo\u011fu kap\u0131s\u0131n\u0131n biti\u015fi\u011findeki Osmanl\u0131 d\u00f6neminden kalma bir drenaj kanal\u0131nda ke\u015ffedilmi\u015ftir. Birka\u00e7 sezon y\u00fcr\u00fct\u00fclen kaz\u0131larda (1961\u201364, 1966\u201369 ve 1984\u201389) b\u00f6lge ara\u015ft\u0131r\u0131lm\u0131\u015f ve \u00e7e\u015fitli yap\u0131lar ortaya \u00e7\u0131kar\u0131lm\u0131\u015ft\u0131r. Mahallede bulunanlar aras\u0131nda, 7. y\u00fczy\u0131l\u0131n ba\u015flar\u0131nda yanan Ge\u00e7 Antik d\u00f6nem kona\u011f\u0131n\u0131n b\u00fcy\u00fck bir b\u00f6l\u00fcm\u00fc, do\u011fu-bat\u0131 y\u00f6n\u00fcnde d\u00f6\u015feli bir cadde, b\u00fcy\u00fck bir depo, caddenin kuzeyinde olas\u0131l\u0131kla ticari ama\u00e7l\u0131 birka\u00e7 k\u00fc\u00e7\u00fck yap\u0131 ve \u015fehir kap\u0131s\u0131n\u0131n bulundu\u011fu sur duvar\u0131 vard\u0131r.<\/p>\n<p data-fusion-font=\"true\" style=\"text-align: justify; font-size: 16px;\">2019 y\u0131l\u0131nda eski a\u00e7malar\u0131n temizlenmesini, alan\u0131n ayr\u0131nt\u0131l\u0131 bir vaziyet plan\u0131n\u0131n haz\u0131rlanmas\u0131n\u0131, t\u00fcm buluntular\u0131n kay\u0131t alt\u0131na al\u0131nmas\u0131n\u0131 ve mahallenin karakterinin daha iyi anla\u015f\u0131lmas\u0131 i\u00e7in kaz\u0131lmas\u0131n\u0131 kapsayan yeni bir proje hayata ge\u00e7mi\u015ftir. Daha eski bronz buluntular\u0131 tespit edilmi\u015f ve incelenmi\u015f, vaziyet plan\u0131 tamamlanm\u0131\u015ft\u0131r. Ev, sokak ve depo aras\u0131ndaki ba\u011flant\u0131y\u0131 ortaya \u00e7\u0131karmak i\u00e7in kaz\u0131lar devam etmektedir.<\/p>\n<\/div><div class=\"fusion-image-element \" style=\"--awb-caption-title-font-family:var(--h2_typography-font-family);--awb-caption-title-font-weight:var(--h2_typography-font-weight);--awb-caption-title-font-style:var(--h2_typography-font-style);--awb-caption-title-size:var(--h2_typography-font-size);--awb-caption-title-transform:var(--h2_typography-text-transform);--awb-caption-title-line-height:var(--h2_typography-line-height);--awb-caption-title-letter-spacing:var(--h2_typography-letter-spacing);\"><span class=\" fusion-imageframe imageframe-none imageframe-4 hover-type-none\"><img decoding=\"async\" width=\"1200\" height=\"971\" title=\"HoK plan\" src=\"https:\/\/aphrodisias-excavations.com\/wp-content\/uploads\/2023\/08\/HoK-plan.jpg\" data-orig-src=\"https:\/\/aphrodisias-excavations.com\/wp-content\/uploads\/2023\/08\/HoK-plan-1200x971.jpg\" alt class=\"lazyload img-responsive wp-image-8325\" srcset=\"data:image\/svg+xml,%3Csvg%20xmlns%3D%27http%3A%2F%2Fwww.w3.org%2F2000%2Fsvg%27%20width%3D%272039%27%20height%3D%271650%27%20viewBox%3D%270%200%202039%201650%27%3E%3Crect%20width%3D%272039%27%20height%3D%271650%27%20fill-opacity%3D%220%22%2F%3E%3C%2Fsvg%3E\" data-srcset=\"https:\/\/aphrodisias-excavations.com\/wp-content\/uploads\/2023\/08\/HoK-plan-200x162.jpg 200w, https:\/\/aphrodisias-excavations.com\/wp-content\/uploads\/2023\/08\/HoK-plan-400x324.jpg 400w, https:\/\/aphrodisias-excavations.com\/wp-content\/uploads\/2023\/08\/HoK-plan-600x486.jpg 600w, https:\/\/aphrodisias-excavations.com\/wp-content\/uploads\/2023\/08\/HoK-plan-800x647.jpg 800w, https:\/\/aphrodisias-excavations.com\/wp-content\/uploads\/2023\/08\/HoK-plan-1200x971.jpg 1200w\" data-sizes=\"auto\" data-orig-sizes=\"(max-width: 1024px) 100vw, (max-width: 640px) 100vw, 800px\" \/><\/span><\/div><\/div><\/div><\/div><\/div><\/p>\n","protected":false},"excerpt":{"rendered":"","protected":false},"author":1,"featured_media":0,"parent":0,"menu_order":0,"comment_status":"closed","ping_status":"closed","template":"100-width.php","meta":{"_coblocks_attr":"","_coblocks_dimensions":"","_coblocks_responsive_height":"","_coblocks_accordion_ie_support":"","footnotes":""},"class_list":["post-8723","page","type-page","status-publish","hentry"],"_links":{"self":[{"href":"https:\/\/aphrodisias-excavations.com\/tr\/wp-json\/wp\/v2\/pages\/8723","targetHints":{"allow":["GET"]}}],"collection":[{"href":"https:\/\/aphrodisias-excavations.com\/tr\/wp-json\/wp\/v2\/pages"}],"about":[{"href":"https:\/\/aphrodisias-excavations.com\/tr\/wp-json\/wp\/v2\/types\/page"}],"author":[{"embeddable":true,"href":"https:\/\/aphrodisias-excavations.com\/tr\/wp-json\/wp\/v2\/users\/1"}],"replies":[{"embeddable":true,"href":"https:\/\/aphrodisias-excavations.com\/tr\/wp-json\/wp\/v2\/comments?post=8723"}],"version-history":[{"count":8,"href":"https:\/\/aphrodisias-excavations.com\/tr\/wp-json\/wp\/v2\/pages\/8723\/revisions"}],"predecessor-version":[{"id":9030,"href":"https:\/\/aphrodisias-excavations.com\/tr\/wp-json\/wp\/v2\/pages\/8723\/revisions\/9030"}],"wp:attachment":[{"href":"https:\/\/aphrodisias-excavations.com\/tr\/wp-json\/wp\/v2\/media?parent=8723"}],"curies":[{"name":"wp","href":"https:\/\/api.w.org\/{rel}","templated":true}]}}