{"id":8222,"date":"2023-08-27T15:20:36","date_gmt":"2023-08-27T12:20:36","guid":{"rendered":"https:\/\/aphrodisias-excavations.com\/cesitli-arastirmalar\/"},"modified":"2025-12-09T21:15:37","modified_gmt":"2025-12-09T18:15:37","slug":"cesitli-arastirmalar","status":"publish","type":"page","link":"https:\/\/aphrodisias-excavations.com\/tr\/cesitli-arastirmalar\/","title":{"rendered":"\u00c7e\u015fitli ara\u015ft\u0131rmalar"},"content":{"rendered":"<p><div class=\"fusion-fullwidth fullwidth-box fusion-builder-row-1 fusion-flex-container nonhundred-percent-fullwidth non-hundred-percent-height-scrolling fusion-animated\" style=\"--awb-border-radius-top-left:0px;--awb-border-radius-top-right:0px;--awb-border-radius-bottom-right:0px;--awb-border-radius-bottom-left:0px;--awb-margin-bottom:0px;--awb-margin-bottom-medium:80px;--awb-margin-bottom-small:60px;--awb-flex-wrap:wrap;\" data-animationType=\"fadeInUp\" data-animationDuration=\"1.3\" data-animationOffset=\"top-into-view\" ><div class=\"fusion-builder-row fusion-row fusion-flex-align-items-center fusion-flex-content-wrap\" style=\"max-width:1216.8px;margin-left: calc(-4% \/ 2 );margin-right: calc(-4% \/ 2 );\"><div class=\"fusion-layout-column fusion_builder_column fusion-builder-column-0 fusion_builder_column_1_1 1_1 fusion-flex-column\" style=\"--awb-bg-blend:overlay;--awb-bg-size:cover;--awb-width-large:100%;--awb-margin-top-large:0px;--awb-spacing-right-large:1.92%;--awb-margin-bottom-large:0px;--awb-spacing-left-large:1.92%;--awb-width-medium:40%;--awb-spacing-right-medium:4.8%;--awb-spacing-left-medium:4.8%;--awb-width-small:100%;--awb-spacing-right-small:1.92%;--awb-margin-bottom-small:15px;--awb-spacing-left-small:1.92%;\"><div class=\"fusion-column-wrapper fusion-flex-justify-content-flex-start fusion-content-layout-column\"><div class=\"fusion-title title fusion-title-1 fusion-title-text fusion-title-size-two\" style=\"--awb-margin-bottom:0px;--awb-margin-top-small:0px;--awb-margin-bottom-small:20px;--awb-font-size:37px;\"><div class=\"title-sep-container title-sep-container-left fusion-no-large-visibility fusion-no-medium-visibility fusion-no-small-visibility\"><div class=\"title-sep sep- sep-solid\" style=\"border-color:var(--awb-color3);\"><\/div><\/div><span class=\"awb-title-spacer fusion-no-large-visibility fusion-no-medium-visibility fusion-no-small-visibility\"><\/span><h2 class=\"fusion-title-heading title-heading-left fusion-responsive-typography-calculated\" style=\"margin:0;text-transform:capitalize;font-size:1em;--fontSize:37;line-height:1.35;\"><h2>Yay\u0131nlar<\/h2><\/h2><span class=\"awb-title-spacer\"><\/span><div class=\"title-sep-container title-sep-container-right\"><div class=\"title-sep sep- sep-solid\" style=\"border-color:var(--awb-color3);\"><\/div><\/div><\/div><\/div><\/div><\/div><\/div><div class=\"fusion-fullwidth fullwidth-box fusion-builder-row-2 fusion-flex-container has-pattern-background has-mask-background nonhundred-percent-fullwidth non-hundred-percent-height-scrolling\" style=\"--awb-border-radius-top-left:0px;--awb-border-radius-top-right:0px;--awb-border-radius-bottom-right:0px;--awb-border-radius-bottom-left:0px;--awb-flex-wrap:wrap;\" ><div class=\"fusion-builder-row fusion-row fusion-flex-align-items-flex-start fusion-flex-content-wrap\" style=\"max-width:1216.8px;margin-left: calc(-4% \/ 2 );margin-right: calc(-4% \/ 2 );\"><div class=\"fusion-layout-column fusion_builder_column fusion-builder-column-1 fusion_builder_column_1_1 1_1 fusion-flex-column\" style=\"--awb-bg-size:cover;--awb-width-large:100%;--awb-margin-top-large:0px;--awb-spacing-right-large:1.92%;--awb-margin-bottom-large:20px;--awb-spacing-left-large:1.92%;--awb-width-medium:100%;--awb-order-medium:0;--awb-spacing-right-medium:1.92%;--awb-spacing-left-medium:1.92%;--awb-width-small:100%;--awb-order-small:0;--awb-spacing-right-small:1.92%;--awb-spacing-left-small:1.92%;\"><div class=\"fusion-column-wrapper fusion-column-has-shadow fusion-flex-justify-content-flex-start fusion-content-layout-column\"><div class=\"fusion-separator fusion-full-width-sep\" style=\"align-self: center;margin-left: auto;margin-right: auto;margin-top:0px;margin-bottom:0px;width:100%;\"><div class=\"fusion-separator-border sep-single sep-solid\" style=\"--awb-height:20px;--awb-amount:20px;border-color:var(--awb-color2);border-top-width:2px;\"><\/div><\/div><\/div><\/div><\/div><\/div><div class=\"fusion-fullwidth fullwidth-box fusion-builder-row-3 fusion-flex-container has-pattern-background has-mask-background nonhundred-percent-fullwidth non-hundred-percent-height-scrolling\" style=\"--awb-border-radius-top-left:0px;--awb-border-radius-top-right:0px;--awb-border-radius-bottom-right:0px;--awb-border-radius-bottom-left:0px;--awb-flex-wrap:wrap;\" ><div class=\"fusion-builder-row fusion-row fusion-flex-align-items-flex-start fusion-flex-content-wrap\" style=\"max-width:1216.8px;margin-left: calc(-4% \/ 2 );margin-right: calc(-4% \/ 2 );\"><div class=\"fusion-layout-column fusion_builder_column fusion-builder-column-2 fusion_builder_column_1_3 1_3 fusion-flex-column\" style=\"--awb-padding-top:19px;--awb-padding-right:22px;--awb-bg-size:cover;--awb-width-large:33.333333333333%;--awb-margin-top-large:21px;--awb-spacing-right-large:5.184%;--awb-margin-bottom-large:20px;--awb-spacing-left-large:5.76%;--awb-width-medium:100%;--awb-order-medium:0;--awb-spacing-right-medium:1.92%;--awb-spacing-left-medium:1.92%;--awb-width-small:100%;--awb-order-small:0;--awb-spacing-right-small:1.92%;--awb-spacing-left-small:1.92%;\"><div class=\"fusion-column-wrapper fusion-column-has-shadow fusion-flex-justify-content-flex-start fusion-content-layout-column\"><div class=\"fusion-image-element \" style=\"--awb-caption-title-font-family:var(--h2_typography-font-family);--awb-caption-title-font-weight:var(--h2_typography-font-weight);--awb-caption-title-font-style:var(--h2_typography-font-style);--awb-caption-title-size:var(--h2_typography-font-size);--awb-caption-title-transform:var(--h2_typography-text-transform);--awb-caption-title-line-height:var(--h2_typography-line-height);--awb-caption-title-letter-spacing:var(--h2_typography-letter-spacing);\"><span class=\" fusion-imageframe imageframe-glow imageframe-1 hover-type-none\" style=\"border:5px solid #e5e5e5;-webkit-box-shadow: 0 0 3px var(--awb-color8);box-shadow: 0 0 3px var(--awb-color8);\"><a href=\"https:\/\/aphrodisias-excavations.com\/wp-content\/uploads\/2022\/07\/unfinishedportrait_800-2-400x548.jpeg\" class=\"fusion-lightbox\" data-rel=\"iLightbox[5682c762cdfd766e307]\" data-caption=\"Tamamlanmam\u0131\u015f Portre\" data-title=\"Tamamlanmam\u0131\u015f Portre\" title=\"Silver buckle with birds, 11th -12th century. From Tomb XLV, Triconch Church\"><img decoding=\"async\" width=\"300\" height=\"225\" src=\"https:\/\/aphrodisias-excavations.com\/wp-content\/uploads\/2022\/07\/jewel5_800.jpg\" data-orig-src=\"https:\/\/aphrodisias-excavations.com\/wp-content\/uploads\/2022\/07\/jewel5_800-300x225.jpg\" alt class=\"lazyload img-responsive wp-image-6820\" srcset=\"data:image\/svg+xml,%3Csvg%20xmlns%3D%27http%3A%2F%2Fwww.w3.org%2F2000%2Fsvg%27%20width%3D%27800%27%20height%3D%27600%27%20viewBox%3D%270%200%20800%20600%27%3E%3Crect%20width%3D%27800%27%20height%3D%27600%27%20fill-opacity%3D%220%22%2F%3E%3C%2Fsvg%3E\" data-srcset=\"https:\/\/aphrodisias-excavations.com\/wp-content\/uploads\/2022\/07\/jewel5_800-200x150.jpg 200w, https:\/\/aphrodisias-excavations.com\/wp-content\/uploads\/2022\/07\/jewel5_800-400x300.jpg 400w, https:\/\/aphrodisias-excavations.com\/wp-content\/uploads\/2022\/07\/jewel5_800-600x450.jpg 600w, https:\/\/aphrodisias-excavations.com\/wp-content\/uploads\/2022\/07\/jewel5_800.jpg 800w\" data-sizes=\"auto\" data-orig-sizes=\"(max-width: 1024px) 100vw, (max-width: 640px) 100vw, 400px\" \/><\/a><\/span><\/div><div class=\"fusion-separator fusion-full-width-sep\" style=\"align-self: center;margin-left: auto;margin-right: auto;margin-top:5px;margin-bottom:5px;width:100%;\"><div class=\"fusion-separator-border sep-double sep-solid\" style=\"--awb-height:20px;--awb-amount:20px;border-color:var(--awb-color2);border-top-width:0px;border-bottom-width:0px;\"><\/div><\/div><div class=\"fusion-image-element \" style=\"--awb-caption-title-font-family:var(--h2_typography-font-family);--awb-caption-title-font-weight:var(--h2_typography-font-weight);--awb-caption-title-font-style:var(--h2_typography-font-style);--awb-caption-title-size:var(--h2_typography-font-size);--awb-caption-title-transform:var(--h2_typography-text-transform);--awb-caption-title-line-height:var(--h2_typography-line-height);--awb-caption-title-letter-spacing:var(--h2_typography-letter-spacing);\"><span class=\" fusion-imageframe imageframe-glow imageframe-2 hover-type-none\" style=\"border:5px solid #e5e5e5;-webkit-box-shadow: 0 0 3px var(--awb-color8);box-shadow: 0 0 3px var(--awb-color8);\"><a href=\"https:\/\/aphrodisias-excavations.com\/wp-content\/uploads\/2022\/07\/sarcophagi2_800-600x272.jpeg\" class=\"fusion-lightbox\" data-rel=\"iLightbox[833d1d444618839ab82]\" data-caption=\"E\u011fitim Lahti. Bak\u0131c\u0131, erkek bebek ve ebeveynleri\" data-title=\"E\u011fitim Lahti. Bak\u0131c\u0131, erkek bebek ve ebeveynleri\" title=\"Gold plated, copper alloy ring with floral motif, 11th -12th century. From Tomb XLV, Triconch Church\"><img decoding=\"async\" width=\"300\" height=\"225\" src=\"https:\/\/aphrodisias-excavations.com\/wp-content\/uploads\/2022\/07\/jewel4_800.jpg\" data-orig-src=\"https:\/\/aphrodisias-excavations.com\/wp-content\/uploads\/2022\/07\/jewel4_800-300x225.jpg\" alt class=\"lazyload img-responsive wp-image-6819\" srcset=\"data:image\/svg+xml,%3Csvg%20xmlns%3D%27http%3A%2F%2Fwww.w3.org%2F2000%2Fsvg%27%20width%3D%27800%27%20height%3D%27600%27%20viewBox%3D%270%200%20800%20600%27%3E%3Crect%20width%3D%27800%27%20height%3D%27600%27%20fill-opacity%3D%220%22%2F%3E%3C%2Fsvg%3E\" data-srcset=\"https:\/\/aphrodisias-excavations.com\/wp-content\/uploads\/2022\/07\/jewel4_800-200x150.jpg 200w, https:\/\/aphrodisias-excavations.com\/wp-content\/uploads\/2022\/07\/jewel4_800-400x300.jpg 400w, https:\/\/aphrodisias-excavations.com\/wp-content\/uploads\/2022\/07\/jewel4_800-600x450.jpg 600w, https:\/\/aphrodisias-excavations.com\/wp-content\/uploads\/2022\/07\/jewel4_800.jpg 800w\" data-sizes=\"auto\" data-orig-sizes=\"(max-width: 1024px) 100vw, (max-width: 640px) 100vw, 400px\" \/><\/a><\/span><\/div><\/div><\/div><div class=\"fusion-layout-column fusion_builder_column fusion-builder-column-3 fusion_builder_column_2_3 2_3 fusion-flex-column\" style=\"--awb-bg-size:cover;--awb-width-large:66.666666666667%;--awb-margin-top-large:0px;--awb-spacing-right-large:2.88%;--awb-margin-bottom-large:20px;--awb-spacing-left-large:0%;--awb-width-medium:100%;--awb-order-medium:0;--awb-spacing-right-medium:1.92%;--awb-spacing-left-medium:1.92%;--awb-width-small:100%;--awb-order-small:0;--awb-spacing-right-small:1.92%;--awb-spacing-left-small:1.92%;\"><div class=\"fusion-column-wrapper fusion-column-has-shadow fusion-flex-justify-content-flex-start fusion-content-layout-column\"><div class=\"fusion-separator fusion-full-width-sep\" style=\"align-self: center;margin-left: auto;margin-right: auto;margin-top:5px;margin-bottom:5px;width:100%;\"><div class=\"fusion-separator-border sep-double sep-solid\" style=\"--awb-height:20px;--awb-amount:20px;border-color:var(--awb-color2);border-top-width:0px;border-bottom-width:0px;\"><\/div><\/div><div class=\"fusion-text fusion-text-1\" style=\"--awb-font-size:16px;\"><h4 class=\"\" style=\"text-align: justify; font-size: 16px; --fontsize: 16; line-height: 1.35; --minfontsize: 16;\" data-fusion-font=\"true\" data-fontsize=\"16\" data-lineheight=\"21.6px\"><b style=\"font-size: 20px;\" data-fusion-font=\"true\">\u00c7e\u015fitli ara\u015ft\u0131rmalar<\/b><\/h4>\n<p><em>yazarlar\u0131n soyad\u0131na g\u00f6re alfabetik olarak<\/em><\/p>\n<ul>\n<li>Ba\u015faran, D. Y. 2025. \u2018A Possible Case of Infantile Cortical Hyperostosis from Middle Byzantine Aphrodisias, T\u00fcrkiye,\u2019 <em>Childhood in the Past: an International Journal <\/em>18.1, 1\u201321.<\/li>\n<\/ul>\n<ul>\n<li>Brody, L. 2001. \u2018The Cult of Aphrodite at Aphrodisias in Caria,\u2019 <em>Kernos<\/em> 14, 93\u2013109.<\/li>\n<\/ul>\n<ul>\n<li>Caruso, S. 2016. \u2018Middle Byzantine Jewelry Assemblages,\u2019 in R. R. R. Smith et al. (eds.), <em>Aphrodisias Papers <\/em>5<em>: Excavation and Research at Aphrodisias, 2006\u20132012<\/em>. Portsmouth, RI: <em>Journal of Roman Archaeology <\/em>Supplement 103, 353\u2013367.<\/li>\n<\/ul>\n<ul>\n<li>Cecamore, C., Lenaghan, J., Marabelli, C., and Melfi, M. 2026. \u2018Plaster Casts of the Portico from Aphrodisias: Archaeology and\/or Politics in the 20<sup>th<\/sup> Century,\u2019 <em>American Journal of Archaeology <\/em>130.1, 1\u201323.<\/li>\n<\/ul>\n<ul>\n<li>Chaniotis, A. 2009. \u2018Myths and Contexts in Aphrodisias,\u2019 in U. Dill and C. Walde (eds.), <em>Antike Mythen: Medien, Transformationen und Konstruktionen<\/em>. Berlin, 313\u2013338.<\/li>\n<\/ul>\n<ul>\n<li>Cormack, R. 1981. \u2018The Classical Tradition in the Byzantine Provincial City. The Evidence of Thessalonike and Aphrodisias,\u2019 in M. Mullett and R. Scott (eds.), <em>Byzantium and the Classical Tradition: University of Birmingham, Thirteenth Spring Symposium of Byzantine Studies, 1979<\/em>. Birmingham, 103\u2013119.<\/li>\n<\/ul>\n<ul>\n<li>Erim, K. T. 1995. <em>Aphrodisias: a Guide to the Site and its Museum<\/em>. Istanbul.<\/li>\n<\/ul>\n<ul>\n<li>Jacobs, I. and H. Jeffery. 2022. \u2018Aegyptiaca Byzantina: Egyptian Imports in Aphrodisias, Deep History and Ancient Wisdom,\u2019 <em>Aegyptiaca: Journal of the History of the Reception of Ancient Egypt <\/em>6, 234\u2013261.<\/li>\n<\/ul>\n<ul>\n<li>Jacobs, I. Forthcoming. \u2018Resilience in Late Fifth-Century Aphrodisias: an Archaeological Perspective from the Tetrapylon Street,\u2019 in R. Raja and A. Wilson (eds.), <em>Catastrophes in Context: the Archaeology of Catastrophes from 1<sup>st<\/sup>\u20138<sup>th<\/sup> CE in the Mediterranean Region<\/em>. Oxford.<\/li>\n<\/ul>\n<ul>\n<li>Jeffery, H. G. 2023. \u2018Reliquary Crosses from Middle Byzantine Aphrodisias: Intimacy and Archaeology,\u2019 <em>Anatolian Studies: Journal of the British Institute at Ankara <\/em>73, 193\u2013218.<\/li>\n<\/ul>\n<ul>\n<li>Lenaghan, J. 2025. <em>Oxford Bibliographies in Classics <\/em>s. v. \u2018Aphrodisias.\u2019<\/li>\n<\/ul>\n<ul>\n<li>Nesbitt J. W. 1983. \u2018Byzantine Lead Seals from Aphrodisias,\u2019 <em>Dumbarton Oaks Papers<\/em> 37, 159\u2013164.<\/li>\n<\/ul>\n<ul>\n<li>Pattenden, P. 1981. \u2018A Late Sundial at Aphrodisias,\u2019 <em>Journal of Hellenic Studies<\/em> 101, 101\u2013112.<\/li>\n<\/ul>\n<ul>\n<li>Penn, T., Russell, B., and Wilson, A. 2021. \u2018On the Roman-Byzantine Adoption of the Stirrup Once More: A New Find from Seventh Century Aphrodisias,\u2019\u00a0<em>Anatolian Studies\u00a0<\/em>71, 129\u2013139.<\/li>\n<\/ul>\n<ul>\n<li>Pont, A-V. 2008. \u2018\u00c9verg\u00e8tes B\u00e2tisseurs \u00e0 Aphrodisias au Haut-Empire,\u2019 in A. D. Rizakis and F. Camia (eds.), <em>Pathways to Power: Civic Elites in the Eastern part of the Roman Empire: Proceedings of the International Workshop held at Athens, Scuola Archeologica Italiana di Atene, 19 December 2005<\/em>. Athens: Scuola Archeologica Italiana di Atene, 181\u2013208.<\/li>\n<\/ul>\n<ul>\n<li>Robinson, M. 2016. \u2018The Environmental Archaeology of the Pool\u2019 in R. R. R. Smith et al. (eds.), <em>Aphrodisias Papers <\/em>5<em>: Excavation and Research at Aphrodisias, 2006\u20132012<\/em>. Portsmouth, RI: <em>Journal of Roman Archaeology <\/em>Supplement 103, 91\u201399.<\/li>\n<\/ul>\n<ul>\n<li>Rowan, E. 2024. \u2018Archaeobotanical Evidence,\u2019 in B. Russell and A. Wilson (eds.), <em>The Place of Palms: an Urban Park at Aphrodisias<\/em>. Wiesbaden: Reichert, 105\u2013113, 208\u2013219.<\/li>\n<\/ul>\n<ul>\n<li>Russell, B. 2016. \u2018Mapping the Marble Quarries\u2019 in R. R. R. Smith et al. (eds.), <em>Aphrodisias Papers <\/em>5<em>: Excavation and Research at Aphrodisias, 2006\u20132012<\/em>. Portsmouth, RI: <em>Journal of Roman Archaeology <\/em>Supplement 103, 255\u2013268.<\/li>\n<\/ul>\n<ul>\n<li>Smith, R. R. R. 2008. \u2018Sarcophagi and Roman Citizenship,\u2019 in C. Ratt\u00e9 and R. R. R. Smith (eds.), <em>Aphrodisias Papers<\/em> 4: <em>New Research on the City and its Monuments<\/em>. Portsmouth, RI: <em>Journal of Roman Archaeology<\/em> Supplement 70, 347\u2013394.<\/li>\n<\/ul>\n<ul>\n<li>Smith, R. R. R. 2016. \u2018Aphrodisias\u2019 in R. R. R. Smith and B. Ward-Perkins (eds.), <em>The Last Statues of Antiquity<\/em>. Oxford: Oxford University Press, 145\u2013159.<\/li>\n<\/ul>\n<ul>\n<li>de Solla Price, D. J. 1969. \u2018Portable Sundials in Antiquity, Including an Account of a New Example from Aphrodisias,\u2019 <em>Centaurus<\/em> 14, 242\u2013266.<\/li>\n<\/ul>\n<ul>\n<li>Stinson, P. 2016. \u2018New Incised Architectural Drawings from the Basilica,\u2019 in R. R. R. Smith et al. (eds.), <em>Aphrodisias Papers <\/em>5<em>: Excavation and Research at Aphrodisias, 2006\u20132012<\/em>. Portsmouth, RI: <em>Journal of Roman Archaeology <\/em>Supplement 103, 225\u2013242.<\/li>\n<\/ul>\n<ul>\n<li>Y\u0131ld\u0131r\u0131m, B. 2004. \u2018Identities and Empire: Local Mythology and the Self-Representation of Aphrodisias,\u2019 in B. Borg (ed.), <em>Paideia: The World of the Second Sophistic<\/em>. New York, 23\u201352.<\/li>\n<\/ul>\n<\/div><div class=\"fusion-separator fusion-full-width-sep\" style=\"align-self: center;margin-left: auto;margin-right: auto;margin-top:0px;margin-bottom:0px;width:100%;\"><div class=\"fusion-separator-border sep-single sep-solid\" style=\"--awb-height:20px;--awb-amount:20px;border-color:var(--awb-color2);border-top-width:2px;\"><\/div><\/div><div class=\"fusion-separator fusion-full-width-sep\" style=\"align-self: center;margin-left: auto;margin-right: auto;margin-top:0px;margin-bottom:0px;width:100%;\"><div class=\"fusion-separator-border sep-single sep-solid\" style=\"--awb-height:20px;--awb-amount:20px;border-color:var(--awb-color2);border-top-width:2px;\"><\/div><\/div><div class=\"fusion-text fusion-text-2\" style=\"--awb-font-size:16px;\"><p><a href=\"https:\/\/aphrodisias-excavations.com\/wp-content\/uploads\/2025\/12\/Aphrodisias-2025-Bibliography.pdf\" target=\"_blank\" rel=\"noopener\">G\u00fcncel 2025 Aphrodisias Kaynak\u00e7as\u0131n\u0131 bilgisayar\u0131ma indir (.pdf)<\/a><\/p>\n<\/div><\/div><\/div><\/div><\/div><\/p>\n","protected":false},"excerpt":{"rendered":"","protected":false},"author":1,"featured_media":0,"parent":0,"menu_order":0,"comment_status":"closed","ping_status":"closed","template":"100-width.php","meta":{"_coblocks_attr":"","_coblocks_dimensions":"","_coblocks_responsive_height":"","_coblocks_accordion_ie_support":"","footnotes":""},"class_list":["post-8222","page","type-page","status-publish","hentry"],"_links":{"self":[{"href":"https:\/\/aphrodisias-excavations.com\/tr\/wp-json\/wp\/v2\/pages\/8222","targetHints":{"allow":["GET"]}}],"collection":[{"href":"https:\/\/aphrodisias-excavations.com\/tr\/wp-json\/wp\/v2\/pages"}],"about":[{"href":"https:\/\/aphrodisias-excavations.com\/tr\/wp-json\/wp\/v2\/types\/page"}],"author":[{"embeddable":true,"href":"https:\/\/aphrodisias-excavations.com\/tr\/wp-json\/wp\/v2\/users\/1"}],"replies":[{"embeddable":true,"href":"https:\/\/aphrodisias-excavations.com\/tr\/wp-json\/wp\/v2\/comments?post=8222"}],"version-history":[{"count":9,"href":"https:\/\/aphrodisias-excavations.com\/tr\/wp-json\/wp\/v2\/pages\/8222\/revisions"}],"predecessor-version":[{"id":9520,"href":"https:\/\/aphrodisias-excavations.com\/tr\/wp-json\/wp\/v2\/pages\/8222\/revisions\/9520"}],"wp:attachment":[{"href":"https:\/\/aphrodisias-excavations.com\/tr\/wp-json\/wp\/v2\/media?parent=8222"}],"curies":[{"name":"wp","href":"https:\/\/api.w.org\/{rel}","templated":true}]}}