{"id":8006,"date":"2022-08-26T16:10:45","date_gmt":"2022-08-26T13:10:45","guid":{"rendered":"https:\/\/aphrodisias-excavations.com\/yayinlar\/"},"modified":"2024-08-08T07:35:18","modified_gmt":"2024-08-08T04:35:18","slug":"yayinlar","status":"publish","type":"page","link":"https:\/\/aphrodisias-excavations.com\/tr\/yayinlar\/","title":{"rendered":"Yay\u0131nlar"},"content":{"rendered":"<p><div class=\"fusion-fullwidth fullwidth-box fusion-builder-row-1 fusion-flex-container nonhundred-percent-fullwidth non-hundred-percent-height-scrolling fusion-animated\" style=\"--awb-border-radius-top-left:0px;--awb-border-radius-top-right:0px;--awb-border-radius-bottom-right:0px;--awb-border-radius-bottom-left:0px;--awb-margin-bottom:0px;--awb-margin-bottom-medium:80px;--awb-margin-bottom-small:60px;--awb-flex-wrap:wrap;\" data-animationType=\"fadeInUp\" data-animationDuration=\"1.3\" data-animationOffset=\"top-into-view\" ><div class=\"fusion-builder-row fusion-row fusion-flex-align-items-center fusion-flex-content-wrap\" style=\"max-width:1216.8px;margin-left: calc(-4% \/ 2 );margin-right: calc(-4% \/ 2 );\"><div class=\"fusion-layout-column fusion_builder_column fusion-builder-column-0 fusion_builder_column_1_1 1_1 fusion-flex-column\" style=\"--awb-bg-blend:overlay;--awb-bg-size:cover;--awb-width-large:100%;--awb-margin-top-large:0px;--awb-spacing-right-large:1.92%;--awb-margin-bottom-large:0px;--awb-spacing-left-large:1.92%;--awb-width-medium:40%;--awb-spacing-right-medium:4.8%;--awb-spacing-left-medium:4.8%;--awb-width-small:100%;--awb-spacing-right-small:1.92%;--awb-margin-bottom-small:15px;--awb-spacing-left-small:1.92%;\"><div class=\"fusion-column-wrapper fusion-flex-justify-content-flex-start fusion-content-layout-column\"><div class=\"fusion-title title fusion-title-1 fusion-title-text fusion-title-size-two\" style=\"--awb-margin-bottom:0px;--awb-margin-top-small:0px;--awb-margin-bottom-small:20px;--awb-font-size:37px;\"><div class=\"title-sep-container title-sep-container-left fusion-no-large-visibility fusion-no-medium-visibility fusion-no-small-visibility\"><div class=\"title-sep sep- sep-solid\" style=\"border-color:var(--awb-color3);\"><\/div><\/div><span class=\"awb-title-spacer fusion-no-large-visibility fusion-no-medium-visibility fusion-no-small-visibility\"><\/span><h2 class=\"fusion-title-heading title-heading-left fusion-responsive-typography-calculated\" style=\"margin:0;text-transform:capitalize;font-size:1em;--fontSize:37;line-height:1.35;\"><h2>Yay\u0131nlar<\/h2><\/h2><span class=\"awb-title-spacer\"><\/span><div class=\"title-sep-container title-sep-container-right\"><div class=\"title-sep sep- sep-solid\" style=\"border-color:var(--awb-color3);\"><\/div><\/div><\/div><\/div><\/div><\/div><\/div><div class=\"fusion-fullwidth fullwidth-box fusion-builder-row-2 fusion-flex-container has-pattern-background has-mask-background nonhundred-percent-fullwidth non-hundred-percent-height-scrolling\" style=\"--awb-border-radius-top-left:0px;--awb-border-radius-top-right:0px;--awb-border-radius-bottom-right:0px;--awb-border-radius-bottom-left:0px;--awb-flex-wrap:wrap;\" ><div class=\"fusion-builder-row fusion-row fusion-flex-align-items-flex-start fusion-flex-content-wrap\" style=\"max-width:1216.8px;margin-left: calc(-4% \/ 2 );margin-right: calc(-4% \/ 2 );\"><div class=\"fusion-layout-column fusion_builder_column fusion-builder-column-1 fusion_builder_column_1_1 1_1 fusion-flex-column\" style=\"--awb-bg-size:cover;--awb-width-large:100%;--awb-margin-top-large:0px;--awb-spacing-right-large:1.92%;--awb-margin-bottom-large:20px;--awb-spacing-left-large:1.92%;--awb-width-medium:100%;--awb-order-medium:0;--awb-spacing-right-medium:1.92%;--awb-spacing-left-medium:1.92%;--awb-width-small:100%;--awb-order-small:0;--awb-spacing-right-small:1.92%;--awb-spacing-left-small:1.92%;\"><div class=\"fusion-column-wrapper fusion-column-has-shadow fusion-flex-justify-content-flex-start fusion-content-layout-column\"><div class=\"fusion-separator fusion-full-width-sep\" style=\"align-self: center;margin-left: auto;margin-right: auto;margin-top:0px;margin-bottom:0px;width:100%;\"><div class=\"fusion-separator-border sep-single sep-solid\" style=\"--awb-height:20px;--awb-amount:20px;border-color:var(--awb-color2);border-top-width:2px;\"><\/div><\/div><\/div><\/div><\/div><\/div><div class=\"fusion-fullwidth fullwidth-box fusion-builder-row-3 fusion-flex-container has-pattern-background has-mask-background nonhundred-percent-fullwidth non-hundred-percent-height-scrolling\" style=\"--awb-border-radius-top-left:0px;--awb-border-radius-top-right:0px;--awb-border-radius-bottom-right:0px;--awb-border-radius-bottom-left:0px;--awb-flex-wrap:wrap;\" ><div class=\"fusion-builder-row fusion-row fusion-flex-align-items-flex-start fusion-flex-content-wrap\" style=\"max-width:1216.8px;margin-left: calc(-4% \/ 2 );margin-right: calc(-4% \/ 2 );\"><div class=\"fusion-layout-column fusion_builder_column fusion-builder-column-2 fusion_builder_column_1_3 1_3 fusion-flex-column\" style=\"--awb-padding-top:19px;--awb-padding-right:22px;--awb-bg-size:cover;--awb-width-large:33.333333333333%;--awb-margin-top-large:21px;--awb-spacing-right-large:5.184%;--awb-margin-bottom-large:20px;--awb-spacing-left-large:5.76%;--awb-width-medium:100%;--awb-order-medium:0;--awb-spacing-right-medium:1.92%;--awb-spacing-left-medium:1.92%;--awb-width-small:100%;--awb-order-small:0;--awb-spacing-right-small:1.92%;--awb-spacing-left-small:1.92%;\"><div class=\"fusion-column-wrapper fusion-column-has-shadow fusion-flex-justify-content-flex-start fusion-content-layout-column\"><div class=\"fusion-image-element \" style=\"--awb-caption-title-font-family:var(--h2_typography-font-family);--awb-caption-title-font-weight:var(--h2_typography-font-weight);--awb-caption-title-font-style:var(--h2_typography-font-style);--awb-caption-title-size:var(--h2_typography-font-size);--awb-caption-title-transform:var(--h2_typography-text-transform);--awb-caption-title-line-height:var(--h2_typography-line-height);--awb-caption-title-letter-spacing:var(--h2_typography-letter-spacing);\"><span class=\" fusion-imageframe imageframe-glow imageframe-1 hover-type-none\" style=\"border:5px solid #e5e5e5;-webkit-box-shadow: 0 0 3px var(--awb-color8);box-shadow: 0 0 3px var(--awb-color8);\"><a href=\"https:\/\/aphrodisias-excavations.com\/wp-content\/uploads\/2022\/07\/Aphrodisias-VII_800-600x791.jpeg\" class=\"fusion-lightbox\" data-rel=\"iLightbox[1f817cc5b263482f55d]\" data-caption=\"Aphrodisias VII\" data-title=\"Aphrodisias VII\" title=\"Aphrodisias VII\"><img decoding=\"async\" width=\"600\" height=\"791\" src=\"https:\/\/aphrodisias-excavations.com\/wp-content\/uploads\/2022\/07\/Aphrodisias-VII_800.jpeg\" data-orig-src=\"https:\/\/aphrodisias-excavations.com\/wp-content\/uploads\/2022\/07\/Aphrodisias-VII_800-600x791.jpeg\" alt class=\"lazyload img-responsive wp-image-6893\" srcset=\"data:image\/svg+xml,%3Csvg%20xmlns%3D%27http%3A%2F%2Fwww.w3.org%2F2000%2Fsvg%27%20width%3D%27607%27%20height%3D%27800%27%20viewBox%3D%270%200%20607%20800%27%3E%3Crect%20width%3D%27607%27%20height%3D%27800%27%20fill-opacity%3D%220%22%2F%3E%3C%2Fsvg%3E\" data-srcset=\"https:\/\/aphrodisias-excavations.com\/wp-content\/uploads\/2022\/07\/Aphrodisias-VII_800-200x264.jpeg 200w, https:\/\/aphrodisias-excavations.com\/wp-content\/uploads\/2022\/07\/Aphrodisias-VII_800-400x527.jpeg 400w, https:\/\/aphrodisias-excavations.com\/wp-content\/uploads\/2022\/07\/Aphrodisias-VII_800-600x791.jpeg 600w, https:\/\/aphrodisias-excavations.com\/wp-content\/uploads\/2022\/07\/Aphrodisias-VII_800.jpeg 607w\" data-sizes=\"auto\" data-orig-sizes=\"(max-width: 1024px) 100vw, (max-width: 640px) 100vw, 400px\" \/><\/a><\/span><\/div><div class=\"fusion-separator fusion-full-width-sep\" style=\"align-self: center;margin-left: auto;margin-right: auto;margin-top:5px;margin-bottom:5px;width:100%;\"><div class=\"fusion-separator-border sep-double sep-solid\" style=\"--awb-height:20px;--awb-amount:20px;border-color:var(--awb-color2);border-top-width:0px;border-bottom-width:0px;\"><\/div><\/div><div class=\"fusion-image-element \" style=\"--awb-caption-title-font-family:var(--h2_typography-font-family);--awb-caption-title-font-weight:var(--h2_typography-font-weight);--awb-caption-title-font-style:var(--h2_typography-font-style);--awb-caption-title-size:var(--h2_typography-font-size);--awb-caption-title-transform:var(--h2_typography-text-transform);--awb-caption-title-line-height:var(--h2_typography-line-height);--awb-caption-title-letter-spacing:var(--h2_typography-letter-spacing);\"><span class=\" fusion-imageframe imageframe-glow imageframe-2 hover-type-none\" style=\"border:5px solid #e5e5e5;-webkit-box-shadow: 0 0 3px var(--awb-color8);box-shadow: 0 0 3px var(--awb-color8);\"><a href=\"https:\/\/aphrodisias-excavations.com\/wp-content\/uploads\/2022\/07\/Aphrodisias_VI_800-600x796.jpeg\" class=\"fusion-lightbox\" data-rel=\"iLightbox[e21c221664a4b634574]\" data-caption=\"Aphrodisias VI\" data-title=\"Aphrodisias VI\" title=\"Aphrodisias VI\"><img decoding=\"async\" width=\"600\" height=\"796\" src=\"https:\/\/aphrodisias-excavations.com\/wp-content\/uploads\/2022\/07\/Aphrodisias_VI_800.jpeg\" data-orig-src=\"https:\/\/aphrodisias-excavations.com\/wp-content\/uploads\/2022\/07\/Aphrodisias_VI_800-600x796.jpeg\" alt class=\"lazyload img-responsive wp-image-6892\" srcset=\"data:image\/svg+xml,%3Csvg%20xmlns%3D%27http%3A%2F%2Fwww.w3.org%2F2000%2Fsvg%27%20width%3D%27603%27%20height%3D%27800%27%20viewBox%3D%270%200%20603%20800%27%3E%3Crect%20width%3D%27603%27%20height%3D%27800%27%20fill-opacity%3D%220%22%2F%3E%3C%2Fsvg%3E\" data-srcset=\"https:\/\/aphrodisias-excavations.com\/wp-content\/uploads\/2022\/07\/Aphrodisias_VI_800-200x265.jpeg 200w, https:\/\/aphrodisias-excavations.com\/wp-content\/uploads\/2022\/07\/Aphrodisias_VI_800-400x531.jpeg 400w, https:\/\/aphrodisias-excavations.com\/wp-content\/uploads\/2022\/07\/Aphrodisias_VI_800-600x796.jpeg 600w, https:\/\/aphrodisias-excavations.com\/wp-content\/uploads\/2022\/07\/Aphrodisias_VI_800.jpeg 603w\" data-sizes=\"auto\" data-orig-sizes=\"(max-width: 1024px) 100vw, (max-width: 640px) 100vw, 400px\" \/><\/a><\/span><\/div><div class=\"fusion-separator fusion-full-width-sep\" style=\"align-self: center;margin-left: auto;margin-right: auto;margin-top:5px;margin-bottom:5px;width:100%;\"><div class=\"fusion-separator-border sep-double sep-solid\" style=\"--awb-height:20px;--awb-amount:20px;border-color:var(--awb-color2);border-top-width:0px;border-bottom-width:0px;\"><\/div><\/div><div class=\"fusion-image-element \" style=\"--awb-caption-title-font-family:var(--h2_typography-font-family);--awb-caption-title-font-weight:var(--h2_typography-font-weight);--awb-caption-title-font-style:var(--h2_typography-font-style);--awb-caption-title-size:var(--h2_typography-font-size);--awb-caption-title-transform:var(--h2_typography-text-transform);--awb-caption-title-line-height:var(--h2_typography-line-height);--awb-caption-title-letter-spacing:var(--h2_typography-letter-spacing);\"><span class=\" fusion-imageframe imageframe-glow imageframe-3 hover-type-none\" style=\"border:5px solid #e5e5e5;-webkit-box-shadow: 0 0 3px var(--awb-color8);box-shadow: 0 0 3px var(--awb-color8);\"><a href=\"https:\/\/aphrodisias-excavations.com\/wp-content\/uploads\/2022\/07\/Aphrodisias_II_800-600x754.jpg\" class=\"fusion-lightbox\" data-rel=\"iLightbox[a3e8af0e2a617d17aab]\" data-caption=\"Aphrodisias II\" data-title=\"Aphrodisias II\" title=\"Aphrodisias II\"><img decoding=\"async\" width=\"600\" height=\"754\" src=\"https:\/\/aphrodisias-excavations.com\/wp-content\/uploads\/2022\/07\/Aphrodisias_II_800.jpg\" data-orig-src=\"https:\/\/aphrodisias-excavations.com\/wp-content\/uploads\/2022\/07\/Aphrodisias_II_800-600x754.jpg\" alt class=\"lazyload img-responsive wp-image-7916\" srcset=\"data:image\/svg+xml,%3Csvg%20xmlns%3D%27http%3A%2F%2Fwww.w3.org%2F2000%2Fsvg%27%20width%3D%27637%27%20height%3D%27800%27%20viewBox%3D%270%200%20637%20800%27%3E%3Crect%20width%3D%27637%27%20height%3D%27800%27%20fill-opacity%3D%220%22%2F%3E%3C%2Fsvg%3E\" data-srcset=\"https:\/\/aphrodisias-excavations.com\/wp-content\/uploads\/2022\/07\/Aphrodisias_II_800-200x251.jpg 200w, https:\/\/aphrodisias-excavations.com\/wp-content\/uploads\/2022\/07\/Aphrodisias_II_800-400x502.jpg 400w, https:\/\/aphrodisias-excavations.com\/wp-content\/uploads\/2022\/07\/Aphrodisias_II_800-600x754.jpg 600w, https:\/\/aphrodisias-excavations.com\/wp-content\/uploads\/2022\/07\/Aphrodisias_II_800.jpg 637w\" data-sizes=\"auto\" data-orig-sizes=\"(max-width: 1024px) 100vw, (max-width: 640px) 100vw, 400px\" \/><\/a><\/span><\/div><\/div><\/div><div class=\"fusion-layout-column fusion_builder_column fusion-builder-column-3 fusion_builder_column_2_3 2_3 fusion-flex-column\" style=\"--awb-bg-size:cover;--awb-width-large:66.666666666667%;--awb-margin-top-large:0px;--awb-spacing-right-large:2.88%;--awb-margin-bottom-large:20px;--awb-spacing-left-large:0%;--awb-width-medium:100%;--awb-order-medium:0;--awb-spacing-right-medium:1.92%;--awb-spacing-left-medium:1.92%;--awb-width-small:100%;--awb-order-small:0;--awb-spacing-right-small:1.92%;--awb-spacing-left-small:1.92%;\"><div class=\"fusion-column-wrapper fusion-column-has-shadow fusion-flex-justify-content-flex-start fusion-content-layout-column\"><div class=\"fusion-separator fusion-full-width-sep\" style=\"align-self: center;margin-left: auto;margin-right: auto;margin-top:5px;margin-bottom:5px;width:100%;\"><div class=\"fusion-separator-border sep-double sep-solid\" style=\"--awb-height:20px;--awb-amount:20px;border-color:var(--awb-color2);border-top-width:0px;border-bottom-width:0px;\"><\/div><\/div><div class=\"fusion-text fusion-text-1\"><h4 class=\"fusion-responsive-typography-calculated\" style=\"text-align: justify; font-size: 16px; --fontsize: 16; line-height: 1.35; --minfontsize: 16;\" data-fusion-font=\"true\" data-fontsize=\"16\" data-lineheight=\"21.6px\"><b style=\"font-size: 20px;\" data-fusion-font=\"true\">Aphrodisias Monograflar\u0131<\/b><\/h4>\n<ul>\n<li><span style=\"font-size: 16px;\" data-fusion-font=\"true\">Smith, R.R.R. 1993. <\/span><em><span style=\"font-size: 16px;\" data-fusion-font=\"true\">Aphrodisias I: The Monument of C. Julius Zoilos.<\/span><\/em><span style=\"font-size: 16px;\" data-fusion-font=\"true\"> Mainz am Rhein: von Zabern.<\/span><\/li>\n<\/ul>\n<ul>\n<li><span style=\"font-size: 16px;\" data-fusion-font=\"true\">Smith, R.R.R, Dillon, S., Hallett, C., Lenaghan, J., and van Voorhis, J. 2006. <\/span><em><span style=\"font-size: 16px;\" data-fusion-font=\"true\">Aphrodisias II: Roman Portrait Sculpture from Aphrodisias.<\/span><\/em><span style=\"font-size: 16px;\" data-fusion-font=\"true\"> Mainz am Rhein: von Zabern.<\/span><\/li>\n<\/ul>\n<ul>\n<li><span style=\"font-size: 16px;\" data-fusion-font=\"true\">Brody, L. 2007. <\/span><em><span style=\"font-size: 16px;\" data-fusion-font=\"true\">Aphrodisias III: The Aphrodite of Aphrodisias.<\/span><\/em><span style=\"font-size: 16px;\" data-fusion-font=\"true\"> Mainz am Rhein: von Zabern.<\/span><\/li>\n<\/ul>\n<ul>\n<li><span style=\"font-size: 16px;\" data-fusion-font=\"true\">Linant de Bellefonds, P. 2009. <\/span><em><span style=\"font-size: 16px;\" data-fusion-font=\"true\">Aphrodisias IV: The Mythological Reliefs from the Agora Gate.<\/span><\/em><span style=\"font-size: 16px;\" data-fusion-font=\"true\"> Mainz am Rhein: von Zabern.<\/span><\/li>\n<\/ul>\n<ul>\n<li><span style=\"font-size: 16px;\" data-fusion-font=\"true\">Ratt\u00e9, C. and De Staebler, P. D. (eds.) 2012. <\/span><em><span style=\"font-size: 16px;\" data-fusion-font=\"true\">Aphrodisias V. The Aphrodisias Regional Survey.<\/span><\/em><span style=\"font-size: 16px;\" data-fusion-font=\"true\"> Darmstadt\/Mainz am Rhein: von Zabern.<\/span><\/li>\n<\/ul>\n<ul>\n<li><span style=\"font-size: 16px;\" data-fusion-font=\"true\">Smith, R.R.R. 2013. <\/span><em><span style=\"font-size: 16px;\" data-fusion-font=\"true\">Aphrodisias VI. The marble reliefs from the Julio-Claudian Sebasteion at Aphrodisias.<\/span><\/em><span style=\"font-size: 16px;\" data-fusion-font=\"true\"> Darmstadt: von Zabern.<\/span><\/li>\n<\/ul>\n<ul>\n<li><span style=\"font-size: 16px;\" data-fusion-font=\"true\">Stinson, P. 2016. <\/span><em><span style=\"font-size: 16px;\" data-fusion-font=\"true\">Aphrodisias VII. The Civil Basilica.<\/span><\/em><span style=\"font-size: 16px;\" data-fusion-font=\"true\"> Wiesbaden: Reichert.\n<p><\/span><\/li>\n<\/ul>\n<ul>\n<li><span style=\"font-size: 16px;\" data-fusion-font=\"true\">De Chaisemartin, N. and Theodorescu, D. 2017. <\/span><em><span style=\"font-size: 16px;\" data-fusion-font=\"true\">Aphrodisias VIII. Le Theatre d\u2019Aphrodisias: les structures sceniques.<\/span><\/em><span style=\"font-size: 16px;\" data-fusion-font=\"true\"> Wiesbaden: Reichert.\n<p><\/span><\/li>\n<li><span style=\"font-size: 16px;\" data-fusion-font=\"true\">Ogus, E. 2018. Aphrodisias IX. Columnar Sarcophagi from Aphrodisias, Reichert, Weisbaden.\n<p><\/span><\/li>\n<li><span style=\"background-color: var(--awb-bg-color-hover); color: var(--awb-text-color); font-family: var(--awb-text-font-family); font-size: 16px; font-style: var(--awb-text-font-style); font-weight: var(--awb-text-font-weight); letter-spacing: var(--awb-letter-spacing); text-align: var(--awb-content-alignment); text-transform: var(--awb-text-transform);\" data-fusion-font=\"true\">Van Voorhis, J. 2018. Aphrodisias X. The Sculptor\u2019s Workshop, Reichert, Weisbaden 2018.\n<p><\/span><\/li>\n<li><span style=\"font-size: 16px;\" data-fusion-font=\"true\">Berenfeld, M. 2019. Aphrodisias XI. The Triconch House, Reichert, Weisbaden 2019.\n<p><\/span><\/li>\n<li><span style=\"font-size: 16px;\" data-fusion-font=\"true\">Crawford, M. H. and Stinson, P. (in press). Aphrodisias XIII. Diocletian\u2019s Edict of Maximum Prices at the Civil Basilica in Aphrodisias.\n<p><\/span><\/li>\n<li><span style=\"font-size: 16px;\" data-fusion-font=\"true\">Wilson, A. I. and Russell, B. (forthcoming). Aphrodisias XIV. The Place of Palms: An Urban Park at Aphrodisias.\n<p><\/span><\/li>\n<li><span style=\"font-size: 16px;\" data-fusion-font=\"true\">De Staebler, P. (forthcoming). Aphrodisias XV. The City Walls of Aphrodisias.\n<\/p>\n<p><\/span><\/li>\n<li><span style=\"font-size: 16px;\" data-fusion-font=\"true\">Yildirim, B. (forthcoming). Aphrodisias XVI. The Reliefs from the Civil Basilica<\/span><\/li>\n<\/ul>\n<\/div><div class=\"fusion-separator fusion-full-width-sep\" style=\"align-self: center;margin-left: auto;margin-right: auto;margin-top:0px;margin-bottom:0px;width:100%;\"><div class=\"fusion-separator-border sep-single sep-solid\" style=\"--awb-height:20px;--awb-amount:20px;border-color:var(--awb-color2);border-top-width:2px;\"><\/div><\/div><div class=\"fusion-separator fusion-full-width-sep\" style=\"align-self: center;margin-left: auto;margin-right: auto;margin-top:0px;margin-bottom:0px;width:100%;\"><div class=\"fusion-separator-border sep-single sep-solid\" style=\"--awb-height:20px;--awb-amount:20px;border-color:var(--awb-color2);border-top-width:2px;\"><\/div><\/div><div class=\"fusion-text fusion-text-2\"><p style=\"text-align: justify; font-size: 16px;\" data-fusion-font=\"true\"><a style=\"background-color: rgba(255, 255, 255, 0); font-family: var(--body_typography-font-family); font-style: var(--body_typography-font-style,normal); font-weight: var(--body_typography-font-weight); letter-spacing: var(--body_typography-letter-spacing);\" href=\"https:\/\/aphrodisias-excavations.com\/wp-content\/uploads\/2023\/08\/Aphrodisias_Bibliography_2023.pdf\" target=\"_blank\" rel=\"noopener\" data-fusion-font=\"true\">G\u00fcncel 2023 Aphrodisias Kaynak\u00e7as\u0131n\u0131 bilgisayar\u0131ma indir (.pdf)<\/a><\/p>\n<\/div><\/div><\/div><\/div><\/div><\/p>\n","protected":false},"excerpt":{"rendered":"","protected":false},"author":1,"featured_media":0,"parent":0,"menu_order":0,"comment_status":"closed","ping_status":"closed","template":"100-width.php","meta":{"_coblocks_attr":"","_coblocks_dimensions":"","_coblocks_responsive_height":"","_coblocks_accordion_ie_support":"","footnotes":""},"class_list":["post-8006","page","type-page","status-publish","hentry"],"_links":{"self":[{"href":"https:\/\/aphrodisias-excavations.com\/tr\/wp-json\/wp\/v2\/pages\/8006","targetHints":{"allow":["GET"]}}],"collection":[{"href":"https:\/\/aphrodisias-excavations.com\/tr\/wp-json\/wp\/v2\/pages"}],"about":[{"href":"https:\/\/aphrodisias-excavations.com\/tr\/wp-json\/wp\/v2\/types\/page"}],"author":[{"embeddable":true,"href":"https:\/\/aphrodisias-excavations.com\/tr\/wp-json\/wp\/v2\/users\/1"}],"replies":[{"embeddable":true,"href":"https:\/\/aphrodisias-excavations.com\/tr\/wp-json\/wp\/v2\/comments?post=8006"}],"version-history":[{"count":7,"href":"https:\/\/aphrodisias-excavations.com\/tr\/wp-json\/wp\/v2\/pages\/8006\/revisions"}],"predecessor-version":[{"id":9105,"href":"https:\/\/aphrodisias-excavations.com\/tr\/wp-json\/wp\/v2\/pages\/8006\/revisions\/9105"}],"wp:attachment":[{"href":"https:\/\/aphrodisias-excavations.com\/tr\/wp-json\/wp\/v2\/media?parent=8006"}],"curies":[{"name":"wp","href":"https:\/\/api.w.org\/{rel}","templated":true}]}}