{"id":7692,"date":"2022-07-24T20:04:49","date_gmt":"2022-07-24T17:04:49","guid":{"rendered":"https:\/\/aphrodisias-excavations.com\/zoilos-frizi\/"},"modified":"2024-08-08T10:18:57","modified_gmt":"2024-08-08T07:18:57","slug":"zoilos-frizi","status":"publish","type":"page","link":"https:\/\/aphrodisias-excavations.com\/tr\/zoilos-frizi\/","title":{"rendered":"Zoilos Frizi"},"content":{"rendered":"<p><div class=\"fusion-fullwidth fullwidth-box fusion-builder-row-1 fusion-flex-container nonhundred-percent-fullwidth non-hundred-percent-height-scrolling fusion-animated\" style=\"--awb-border-radius-top-left:0px;--awb-border-radius-top-right:0px;--awb-border-radius-bottom-right:0px;--awb-border-radius-bottom-left:0px;--awb-margin-bottom:0px;--awb-margin-bottom-medium:80px;--awb-margin-bottom-small:60px;--awb-flex-wrap:wrap;\" data-animationType=\"fadeInUp\" data-animationDuration=\"1.3\" data-animationOffset=\"top-into-view\" ><div class=\"fusion-builder-row fusion-row fusion-flex-align-items-center fusion-flex-content-wrap\" style=\"max-width:1216.8px;margin-left: calc(-4% \/ 2 );margin-right: calc(-4% \/ 2 );\"><div class=\"fusion-layout-column fusion_builder_column fusion-builder-column-0 fusion_builder_column_1_1 1_1 fusion-flex-column\" style=\"--awb-bg-blend:overlay;--awb-bg-size:cover;--awb-width-large:100%;--awb-margin-top-large:0px;--awb-spacing-right-large:1.92%;--awb-margin-bottom-large:0px;--awb-spacing-left-large:1.92%;--awb-width-medium:40%;--awb-spacing-right-medium:4.8%;--awb-spacing-left-medium:4.8%;--awb-width-small:100%;--awb-spacing-right-small:1.92%;--awb-margin-bottom-small:15px;--awb-spacing-left-small:1.92%;\"><div class=\"fusion-column-wrapper fusion-flex-justify-content-flex-start fusion-content-layout-column\"><div class=\"fusion-title title fusion-title-1 fusion-title-text fusion-title-size-two\" style=\"--awb-margin-bottom:0px;--awb-margin-top-small:0px;--awb-margin-bottom-small:20px;--awb-font-size:37px;\"><div class=\"title-sep-container title-sep-container-left fusion-no-large-visibility fusion-no-medium-visibility fusion-no-small-visibility\"><div class=\"title-sep sep- sep-solid\" style=\"border-color:var(--awb-color3);\"><\/div><\/div><span class=\"awb-title-spacer fusion-no-large-visibility fusion-no-medium-visibility fusion-no-small-visibility\"><\/span><h2 class=\"fusion-title-heading title-heading-left fusion-responsive-typography-calculated\" style=\"margin:0;text-transform:capitalize;font-size:1em;--fontSize:37;line-height:1.35;\"><h2><strong>Zoilos Frizi<\/strong><\/h2><\/h2><span class=\"awb-title-spacer\"><\/span><div class=\"title-sep-container title-sep-container-right\"><div class=\"title-sep sep- sep-solid\" style=\"border-color:var(--awb-color3);\"><\/div><\/div><\/div><\/div><\/div><\/div><\/div><div class=\"fusion-fullwidth fullwidth-box fusion-builder-row-2 fusion-flex-container has-pattern-background has-mask-background nonhundred-percent-fullwidth non-hundred-percent-height-scrolling\" style=\"--awb-border-radius-top-left:0px;--awb-border-radius-top-right:0px;--awb-border-radius-bottom-right:0px;--awb-border-radius-bottom-left:0px;--awb-flex-wrap:wrap;\" ><div class=\"fusion-builder-row fusion-row fusion-flex-align-items-flex-start fusion-flex-content-wrap\" style=\"max-width:1216.8px;margin-left: calc(-4% \/ 2 );margin-right: calc(-4% \/ 2 );\"><div class=\"fusion-layout-column fusion_builder_column fusion-builder-column-1 fusion_builder_column_1_1 1_1 fusion-flex-column\" style=\"--awb-bg-size:cover;--awb-width-large:100%;--awb-margin-top-large:0px;--awb-spacing-right-large:1.92%;--awb-margin-bottom-large:20px;--awb-spacing-left-large:1.92%;--awb-width-medium:100%;--awb-order-medium:0;--awb-spacing-right-medium:1.92%;--awb-spacing-left-medium:1.92%;--awb-width-small:100%;--awb-order-small:0;--awb-spacing-right-small:1.92%;--awb-spacing-left-small:1.92%;\"><div class=\"fusion-column-wrapper fusion-column-has-shadow fusion-flex-justify-content-flex-start fusion-content-layout-column\"><div class=\"fusion-separator fusion-full-width-sep\" style=\"align-self: center;margin-left: auto;margin-right: auto;margin-top:0px;margin-bottom:0px;width:100%;\"><div class=\"fusion-separator-border sep-single sep-solid\" style=\"--awb-height:20px;--awb-amount:20px;border-color:var(--awb-color2);border-top-width:2px;\"><\/div><\/div><\/div><\/div><\/div><\/div><div class=\"fusion-fullwidth fullwidth-box fusion-builder-row-3 fusion-flex-container has-pattern-background has-mask-background nonhundred-percent-fullwidth non-hundred-percent-height-scrolling\" style=\"--awb-border-radius-top-left:0px;--awb-border-radius-top-right:0px;--awb-border-radius-bottom-right:0px;--awb-border-radius-bottom-left:0px;--awb-flex-wrap:wrap;\" ><div class=\"fusion-builder-row fusion-row fusion-flex-align-items-flex-start fusion-flex-content-wrap\" style=\"max-width:1216.8px;margin-left: calc(-4% \/ 2 );margin-right: calc(-4% \/ 2 );\"><div class=\"fusion-layout-column fusion_builder_column fusion-builder-column-2 fusion_builder_column_1_3 1_3 fusion-flex-column\" style=\"--awb-padding-right:22px;--awb-bg-size:cover;--awb-width-large:33.333333333333%;--awb-margin-top-large:23px;--awb-spacing-right-large:5.184%;--awb-margin-bottom-large:20px;--awb-spacing-left-large:5.76%;--awb-width-medium:100%;--awb-order-medium:0;--awb-spacing-right-medium:1.92%;--awb-spacing-left-medium:1.92%;--awb-width-small:100%;--awb-order-small:0;--awb-spacing-right-small:1.92%;--awb-spacing-left-small:1.92%;\"><div class=\"fusion-column-wrapper fusion-column-has-shadow fusion-flex-justify-content-flex-start fusion-content-layout-column\"><div class=\"fusion-image-element \" style=\"--awb-caption-title-font-family:var(--h2_typography-font-family);--awb-caption-title-font-weight:var(--h2_typography-font-weight);--awb-caption-title-font-style:var(--h2_typography-font-style);--awb-caption-title-size:var(--h2_typography-font-size);--awb-caption-title-transform:var(--h2_typography-text-transform);--awb-caption-title-line-height:var(--h2_typography-line-height);--awb-caption-title-letter-spacing:var(--h2_typography-letter-spacing);\"><span class=\" fusion-imageframe imageframe-glow imageframe-1 hover-type-none\" style=\"border:5px solid #e5e5e5;-webkit-box-shadow: 0 0 3px var(--awb-color8);box-shadow: 0 0 3px var(--awb-color8);\"><a href=\"https:\/\/aphrodisias-excavations.com\/wp-content\/uploads\/2022\/07\/zoilosfrieze_800-1-600x450.jpeg\" class=\"fusion-lightbox\" data-rel=\"iLightbox[6c1ed3e7a2edc639f7c]\" data-caption=\"Zoilos Frieze\" data-title=\"Zoilos Frieze\" title=\"Zoilos Frieze\"><img decoding=\"async\" width=\"600\" height=\"450\" src=\"https:\/\/aphrodisias-excavations.com\/wp-content\/uploads\/2022\/07\/zoilosfrieze_800-1.jpeg\" data-orig-src=\"https:\/\/aphrodisias-excavations.com\/wp-content\/uploads\/2022\/07\/zoilosfrieze_800-1-600x450.jpeg\" alt class=\"lazyload img-responsive wp-image-6712\" srcset=\"data:image\/svg+xml,%3Csvg%20xmlns%3D%27http%3A%2F%2Fwww.w3.org%2F2000%2Fsvg%27%20width%3D%27800%27%20height%3D%27600%27%20viewBox%3D%270%200%20800%20600%27%3E%3Crect%20width%3D%27800%27%20height%3D%27600%27%20fill-opacity%3D%220%22%2F%3E%3C%2Fsvg%3E\" data-srcset=\"https:\/\/aphrodisias-excavations.com\/wp-content\/uploads\/2022\/07\/zoilosfrieze_800-1-200x150.jpeg 200w, https:\/\/aphrodisias-excavations.com\/wp-content\/uploads\/2022\/07\/zoilosfrieze_800-1-400x300.jpeg 400w, https:\/\/aphrodisias-excavations.com\/wp-content\/uploads\/2022\/07\/zoilosfrieze_800-1-600x450.jpeg 600w, https:\/\/aphrodisias-excavations.com\/wp-content\/uploads\/2022\/07\/zoilosfrieze_800-1.jpeg 800w\" data-sizes=\"auto\" data-orig-sizes=\"(max-width: 1024px) 100vw, (max-width: 640px) 100vw, 400px\" \/><\/a><\/span><\/div><div class=\"fusion-separator fusion-full-width-sep\" style=\"align-self: center;margin-left: auto;margin-right: auto;margin-top:5px;margin-bottom:5px;width:100%;\"><div class=\"fusion-separator-border sep-double sep-solid\" style=\"--awb-height:20px;--awb-amount:20px;border-color:var(--awb-color2);border-top-width:0px;border-bottom-width:0px;\"><\/div><\/div><div class=\"fusion-image-element \" style=\"--awb-caption-title-font-family:var(--h2_typography-font-family);--awb-caption-title-font-weight:var(--h2_typography-font-weight);--awb-caption-title-font-style:var(--h2_typography-font-style);--awb-caption-title-size:var(--h2_typography-font-size);--awb-caption-title-transform:var(--h2_typography-text-transform);--awb-caption-title-line-height:var(--h2_typography-line-height);--awb-caption-title-letter-spacing:var(--h2_typography-letter-spacing);\"><span class=\" fusion-imageframe imageframe-glow imageframe-2 hover-type-none\" style=\"border:5px solid #e5e5e5;-webkit-box-shadow: 0 0 3px var(--awb-color8);box-shadow: 0 0 3px var(--awb-color8);\"><a href=\"https:\/\/aphrodisias-excavations.com\/wp-content\/uploads\/2022\/07\/zoilosfrieze2_800-1-600x450.jpeg\" class=\"fusion-lightbox\" data-rel=\"iLightbox[f162df4823d5fd596ab]\" data-caption=\"Zoilos Frieze\" data-title=\"Zoilos Frieze\" title=\"Zoilos Frieze\"><img decoding=\"async\" width=\"600\" height=\"450\" src=\"https:\/\/aphrodisias-excavations.com\/wp-content\/uploads\/2022\/07\/zoilosfrieze2_800-1.jpeg\" data-orig-src=\"https:\/\/aphrodisias-excavations.com\/wp-content\/uploads\/2022\/07\/zoilosfrieze2_800-1-600x450.jpeg\" alt class=\"lazyload img-responsive wp-image-6713\" srcset=\"data:image\/svg+xml,%3Csvg%20xmlns%3D%27http%3A%2F%2Fwww.w3.org%2F2000%2Fsvg%27%20width%3D%27800%27%20height%3D%27600%27%20viewBox%3D%270%200%20800%20600%27%3E%3Crect%20width%3D%27800%27%20height%3D%27600%27%20fill-opacity%3D%220%22%2F%3E%3C%2Fsvg%3E\" data-srcset=\"https:\/\/aphrodisias-excavations.com\/wp-content\/uploads\/2022\/07\/zoilosfrieze2_800-1-200x150.jpeg 200w, https:\/\/aphrodisias-excavations.com\/wp-content\/uploads\/2022\/07\/zoilosfrieze2_800-1-400x300.jpeg 400w, https:\/\/aphrodisias-excavations.com\/wp-content\/uploads\/2022\/07\/zoilosfrieze2_800-1-600x450.jpeg 600w, https:\/\/aphrodisias-excavations.com\/wp-content\/uploads\/2022\/07\/zoilosfrieze2_800-1.jpeg 800w\" data-sizes=\"auto\" data-orig-sizes=\"(max-width: 1024px) 100vw, (max-width: 640px) 100vw, 400px\" \/><\/a><\/span><\/div><div class=\"fusion-separator fusion-full-width-sep\" style=\"align-self: center;margin-left: auto;margin-right: auto;margin-top:5px;margin-bottom:5px;width:100%;\"><div class=\"fusion-separator-border sep-double sep-solid\" style=\"--awb-height:20px;--awb-amount:20px;border-color:var(--awb-color2);border-top-width:0px;border-bottom-width:0px;\"><\/div><\/div><div class=\"fusion-image-element \" style=\"--awb-caption-title-font-family:var(--h2_typography-font-family);--awb-caption-title-font-weight:var(--h2_typography-font-weight);--awb-caption-title-font-style:var(--h2_typography-font-style);--awb-caption-title-size:var(--h2_typography-font-size);--awb-caption-title-transform:var(--h2_typography-text-transform);--awb-caption-title-line-height:var(--h2_typography-line-height);--awb-caption-title-letter-spacing:var(--h2_typography-letter-spacing);\"><span class=\" fusion-imageframe imageframe-glow imageframe-3 hover-type-none\" style=\"border:5px solid #e5e5e5;-webkit-box-shadow: 0 0 3px var(--awb-color8);box-shadow: 0 0 3px var(--awb-color8);\"><a href=\"https:\/\/aphrodisias-excavations.com\/wp-content\/uploads\/2022\/07\/zoilosfrieze3_800-600x255.jpeg\" class=\"fusion-lightbox\" data-rel=\"iLightbox[4466aa07feea4da9a74]\" data-caption=\"Zoilos Frizi \u00e7izimi\" data-title=\"Zoilos Frizi \u00e7izimi\" title=\"Zoilos Frizi \u00e7izimi\"><img decoding=\"async\" width=\"600\" height=\"255\" src=\"https:\/\/aphrodisias-excavations.com\/wp-content\/uploads\/2022\/07\/zoilosfrieze3_800.jpeg\" data-orig-src=\"https:\/\/aphrodisias-excavations.com\/wp-content\/uploads\/2022\/07\/zoilosfrieze3_800-600x255.jpeg\" alt class=\"lazyload img-responsive wp-image-7904\" srcset=\"data:image\/svg+xml,%3Csvg%20xmlns%3D%27http%3A%2F%2Fwww.w3.org%2F2000%2Fsvg%27%20width%3D%27633%27%20height%3D%27269%27%20viewBox%3D%270%200%20633%20269%27%3E%3Crect%20width%3D%27633%27%20height%3D%27269%27%20fill-opacity%3D%220%22%2F%3E%3C%2Fsvg%3E\" data-srcset=\"https:\/\/aphrodisias-excavations.com\/wp-content\/uploads\/2022\/07\/zoilosfrieze3_800-200x85.jpeg 200w, https:\/\/aphrodisias-excavations.com\/wp-content\/uploads\/2022\/07\/zoilosfrieze3_800-400x170.jpeg 400w, https:\/\/aphrodisias-excavations.com\/wp-content\/uploads\/2022\/07\/zoilosfrieze3_800-600x255.jpeg 600w, https:\/\/aphrodisias-excavations.com\/wp-content\/uploads\/2022\/07\/zoilosfrieze3_800.jpeg 633w\" data-sizes=\"auto\" data-orig-sizes=\"(max-width: 1024px) 100vw, (max-width: 640px) 100vw, 400px\" \/><\/a><\/span><\/div><\/div><\/div><div class=\"fusion-layout-column fusion_builder_column fusion-builder-column-3 fusion_builder_column_2_3 2_3 fusion-flex-column\" style=\"--awb-bg-size:cover;--awb-width-large:66.666666666667%;--awb-margin-top-large:0px;--awb-spacing-right-large:2.88%;--awb-margin-bottom-large:20px;--awb-spacing-left-large:0%;--awb-width-medium:100%;--awb-order-medium:0;--awb-spacing-right-medium:1.92%;--awb-spacing-left-medium:1.92%;--awb-width-small:100%;--awb-order-small:0;--awb-spacing-right-small:1.92%;--awb-spacing-left-small:1.92%;\"><div class=\"fusion-column-wrapper fusion-column-has-shadow fusion-flex-justify-content-flex-start fusion-content-layout-column\"><div class=\"fusion-separator fusion-full-width-sep\" style=\"align-self: center;margin-left: auto;margin-right: auto;margin-top:5px;margin-bottom:5px;width:100%;\"><div class=\"fusion-separator-border sep-double sep-solid\" style=\"--awb-height:20px;--awb-amount:20px;border-color:var(--awb-color2);border-top-width:0px;border-bottom-width:0px;\"><\/div><\/div><div class=\"fusion-text fusion-text-1\"><p style=\"text-align: justify; font-size: 16px;\" data-fusion-font=\"true\">Julius Caesar ve Augustus d\u00f6neminde ya\u015fam\u0131\u015f, Aphrodisias\u2019\u0131n en \u00f6nemli hay\u0131rseverlerinden biri olan C. Julius Zoilos\u2019a ithafen yap\u0131lm\u0131\u015f bir mezar an\u0131t\u0131na ait bu fig\u00fcrl\u00fc b\u00fcy\u00fck kabartmalar 1956 ve takip eden y\u0131llarda g\u00fcn y\u00fcz\u00fcne \u00e7\u0131kar\u0131lm\u0131\u015ft\u0131r. \u0130lk defa 1979 y\u0131l\u0131nda restorasyon g\u00f6ren kabartmalar 1993-1994 y\u0131llar\u0131nda tekrar restore edilerek Afrodisias M\u00fczesi&#8217;nde yeni bir sergi alan\u0131nda, do\u011fru s\u0131ralamayla yerle\u015ftirilmi\u015ftir. Friz, \u015fehirdeki en erken fig\u00fcrl\u00fc mermer an\u0131t olma \u00f6zelli\u011fini ta\u015f\u0131maktad\u0131r.<\/p>\n<p style=\"text-align: justify; font-size: 16px;\" data-fusion-font=\"true\">C. Julius Zoilos\u2019un \u00e7ok s\u0131ra d\u0131\u015f\u0131 bir hayat\u0131 olmu\u015ftur. Aphrodisias\u2019\u0131n yerlisi olan Zoilos esir d\u00fc\u015fm\u00fc\u015f ve hayat\u0131n\u0131n b\u00fcy\u00fck bir b\u00f6l\u00fcm\u00fcn\u00fc \u015fehirden uzak yerlerde ge\u00e7irmi\u015ftir. Daha sonralar\u0131 Zoilos azat edilmi\u015f ve \u00f6zg\u00fcrl\u00fc\u011f\u00fcn\u00fc kazanm\u0131\u015f ve Roma\u2019n\u0131n ilk imparatoru Octavianus\u2019un (Augustus) sad\u0131k temsilcilerinden biri olmu\u015ftur. Zoilos, M\u00d6 40 dolaylar\u0131nda Aphrodisias\u2019a \u00e7ok zengin bir adam olarak geri d\u00f6nm\u00fc\u015f ve \u015fehir hayat\u0131nda \u00f6nemli g\u00f6revler \u00fcstlenmi\u015ftir.  Aphrodite\u2019nin rahiplerinden biri olan Zoilos en az\u0131ndan \u00fc\u00e7 b\u00fcy\u00fck mermer yap\u0131 yapt\u0131rm\u0131\u015ft\u0131r. Bu yap\u0131lar Aphrodite tap\u0131na\u011f\u0131n\u0131n ilk safhas\u0131, tiyatronun ihti\u015faml\u0131 sahne binas\u0131 ve \u015fehir merkezindeki Agora\u2019n\u0131n kuzey stoas\u0131d\u0131r. Aphrodisias\u2019ta en az\u0131ndan iki kamusal heykel ile onurland\u0131r\u0131lm\u0131\u015f ve M\u00d6 28\u2019den sonraki bir tarihte \u00f6lm\u00fc\u015ft\u00fcr. Ayn\u0131 zamanda bu frizlerin s\u00fcsledi\u011fi bir an\u0131t mezarla da onurland\u0131r\u0131lm\u0131\u015ft\u0131r.<\/p>\n<p style=\"text-align: justify;\"><span style=\"font-size: 16px;\" data-fusion-font=\"true\">Mezar yap\u0131s\u0131n\u0131n herhangi bir par\u00e7as\u0131 bulunamam\u0131\u015ft\u0131r fakat frizlerin kare formlu bir mozolenin yan duvarlar\u0131n\u0131 s\u00fcsledi\u011fi sonucu \u00e7\u0131kar\u0131labilir. Frizler Zoilos\u2019un hayat\u0131n\u0131 ve erdemlerini sembolik bir bi\u00e7imde anlatmaktad\u0131r. \u0130yi durumda korunmu\u015f olan ana friz, her biri yaz\u0131tlarla tan\u0131mlanan \u00fc\u00e7er fig\u00fcre sahip iki gruptan olu\u015fmaktad\u0131r. Zoilos\u2019un kendisi her bir grubun merkezinde iki farkl\u0131 k\u0131yafet giymi\u015f halde g\u00f6r\u00fclmektedir. Soldaki grupta Cesaret (<\/span><em><span style=\"font-size: 16px;\" data-fusion-font=\"true\">ANDREIA <\/span><\/em><span style=\"font-size: 16px;\" data-fusion-font=\"true\">Roma togas\u0131 giymi\u015f olan Zoilos\u2019a bir kalkan takdim ederken, Onur (<\/span><em><span style=\"font-size: 16px;\" data-fusion-font=\"true\">TIM\u0112<\/span><\/em><span style=\"font-size: 16px;\" data-fusion-font=\"true\">) onu sa\u011f eliyle ta\u00e7land\u0131rmaktad\u0131r. Sahne Zoilos\u2019un askeri cesaretini ve bir Roma vatanda\u015f\u0131 olarak stat\u00fcs\u00fcn\u00fc kutlamaktad\u0131r. Sa\u011fdaki grupta Halk\u0131 (<\/span><em><span style=\"font-size: 16px;\" data-fusion-font=\"true\">D\u0112MOS <\/span><\/em><span style=\"font-size: 16px;\" data-fusion-font=\"true\">simgeleyen fig\u00fcr, \u00fczerinde uzun bir seyahat pelerini ve ba\u015fl\u0131\u011f\u0131 giymekte olan Zoilos\u2019u kar\u015f\u0131lamak \u00fczere elini uzat\u0131rken \u015eehir (<\/span><em><span style=\"font-size: 16px;\" data-fusion-font=\"true\">POLIS<\/span><\/em><span style=\"font-size: 16px;\" data-fusion-font=\"true\">) onu arkadan ta\u00e7land\u0131rmaktad\u0131r. Sahne Zoilos\u2019un Roma\u2019dan eve d\u00f6n\u00fc\u015f\u00fcn\u00fcn y\u00fcceltilmi\u015f bir tasviridir. G\u00fcn\u00fcm\u00fcze ula\u015fan di\u011fer panolarda temsil edilen \u00f6geler aras\u0131nda Sonsuzluk<\/span><em><span style=\"font-size: 16px;\" data-fusion-font=\"true\"> AI\u014cN<\/span><\/em><span style=\"font-size: 16px;\" data-fusion-font=\"true\">), Roma (yaz\u0131t\u0131 korunmam\u0131\u015f), Hat\u0131ra (<\/span><em><span style=\"font-size: 16px;\" data-fusion-font=\"true\">MN\u0112M\u0112<\/span><\/em><span style=\"font-size: 16px;\" data-fusion-font=\"true\">), yeralt\u0131 d\u00fcnyas\u0131n\u0131n hakimi Minos (<\/span><em><span style=\"font-size: 16px;\" data-fusion-font=\"true\">MEIN\u014cS<\/span><\/em><span style=\"font-size: 16px;\" data-fusion-font=\"true\">), Erdem (<\/span><em><span style=\"font-size: 16px;\" data-fusion-font=\"true\">ARET\u0112<\/span><\/em><span style=\"font-size: 16px;\" data-fusion-font=\"true\">) ve Sadakat (<\/span><em><span style=\"font-size: 16px;\" data-fusion-font=\"true\">PISTIS<\/span><\/em><span style=\"font-size: 16px;\" data-fusion-font=\"true\">) vard\u0131r.<\/span><\/p>\n<\/div><div class=\"fusion-text fusion-text-2\"><p style=\"text-align: justify; font-size: 16px; line-height: 27.52px;\" data-fusion-font=\"true\">Buluntu yeri: <a href=\"https:\/\/aphrodisias-excavations.com\/tr\/sehir-surlari\/\">\u015eehir Surlar\u0131<\/a><\/p>\n<\/div><\/div><\/div><\/div><\/div><\/p>\n","protected":false},"excerpt":{"rendered":"","protected":false},"author":1,"featured_media":0,"parent":0,"menu_order":0,"comment_status":"closed","ping_status":"closed","template":"100-width.php","meta":{"_coblocks_attr":"","_coblocks_dimensions":"","_coblocks_responsive_height":"","_coblocks_accordion_ie_support":"","footnotes":""},"class_list":["post-7692","page","type-page","status-publish","hentry"],"_links":{"self":[{"href":"https:\/\/aphrodisias-excavations.com\/tr\/wp-json\/wp\/v2\/pages\/7692","targetHints":{"allow":["GET"]}}],"collection":[{"href":"https:\/\/aphrodisias-excavations.com\/tr\/wp-json\/wp\/v2\/pages"}],"about":[{"href":"https:\/\/aphrodisias-excavations.com\/tr\/wp-json\/wp\/v2\/types\/page"}],"author":[{"embeddable":true,"href":"https:\/\/aphrodisias-excavations.com\/tr\/wp-json\/wp\/v2\/users\/1"}],"replies":[{"embeddable":true,"href":"https:\/\/aphrodisias-excavations.com\/tr\/wp-json\/wp\/v2\/comments?post=7692"}],"version-history":[{"count":13,"href":"https:\/\/aphrodisias-excavations.com\/tr\/wp-json\/wp\/v2\/pages\/7692\/revisions"}],"predecessor-version":[{"id":9195,"href":"https:\/\/aphrodisias-excavations.com\/tr\/wp-json\/wp\/v2\/pages\/7692\/revisions\/9195"}],"wp:attachment":[{"href":"https:\/\/aphrodisias-excavations.com\/tr\/wp-json\/wp\/v2\/media?parent=7692"}],"curies":[{"name":"wp","href":"https:\/\/api.w.org\/{rel}","templated":true}]}}