{"id":7684,"date":"2022-07-28T09:28:03","date_gmt":"2022-07-28T06:28:03","guid":{"rendered":"https:\/\/aphrodisias-excavations.com\/internet-siteleri\/"},"modified":"2024-08-08T10:12:47","modified_gmt":"2024-08-08T07:12:47","slug":"internet-siteleri","status":"publish","type":"page","link":"https:\/\/aphrodisias-excavations.com\/tr\/internet-siteleri\/","title":{"rendered":"\u0130nternet siteleri"},"content":{"rendered":"<p><div class=\"fusion-fullwidth fullwidth-box fusion-builder-row-1 fusion-flex-container nonhundred-percent-fullwidth non-hundred-percent-height-scrolling fusion-animated\" style=\"--awb-border-radius-top-left:0px;--awb-border-radius-top-right:0px;--awb-border-radius-bottom-right:0px;--awb-border-radius-bottom-left:0px;--awb-margin-bottom:0px;--awb-margin-bottom-medium:80px;--awb-margin-bottom-small:60px;--awb-flex-wrap:wrap;\" data-animationType=\"fadeInUp\" data-animationDuration=\"1.3\" data-animationOffset=\"top-into-view\" ><div class=\"fusion-builder-row fusion-row fusion-flex-align-items-center fusion-flex-content-wrap\" style=\"max-width:1216.8px;margin-left: calc(-4% \/ 2 );margin-right: calc(-4% \/ 2 );\"><div class=\"fusion-layout-column fusion_builder_column fusion-builder-column-0 fusion_builder_column_1_1 1_1 fusion-flex-column\" style=\"--awb-bg-blend:overlay;--awb-bg-size:cover;--awb-width-large:100%;--awb-margin-top-large:0px;--awb-spacing-right-large:1.92%;--awb-margin-bottom-large:0px;--awb-spacing-left-large:1.92%;--awb-width-medium:40%;--awb-spacing-right-medium:4.8%;--awb-spacing-left-medium:4.8%;--awb-width-small:100%;--awb-spacing-right-small:1.92%;--awb-margin-bottom-small:15px;--awb-spacing-left-small:1.92%;\"><div class=\"fusion-column-wrapper fusion-flex-justify-content-flex-start fusion-content-layout-column\"><div class=\"fusion-title title fusion-title-1 fusion-title-text fusion-title-size-two\" style=\"--awb-margin-bottom:0px;--awb-margin-top-small:0px;--awb-margin-bottom-small:20px;--awb-font-size:37px;\"><div class=\"title-sep-container title-sep-container-left fusion-no-large-visibility fusion-no-medium-visibility fusion-no-small-visibility\"><div class=\"title-sep sep- sep-solid\" style=\"border-color:var(--awb-color3);\"><\/div><\/div><span class=\"awb-title-spacer fusion-no-large-visibility fusion-no-medium-visibility fusion-no-small-visibility\"><\/span><h2 class=\"fusion-title-heading title-heading-left fusion-responsive-typography-calculated\" style=\"margin:0;text-transform:capitalize;font-size:1em;--fontSize:37;line-height:1.35;\"><h2>Yay\u0131nlar<\/h2><\/h2><span class=\"awb-title-spacer\"><\/span><div class=\"title-sep-container title-sep-container-right\"><div class=\"title-sep sep- sep-solid\" style=\"border-color:var(--awb-color3);\"><\/div><\/div><\/div><\/div><\/div><\/div><\/div><div class=\"fusion-fullwidth fullwidth-box fusion-builder-row-2 fusion-flex-container has-pattern-background has-mask-background nonhundred-percent-fullwidth non-hundred-percent-height-scrolling\" style=\"--awb-border-radius-top-left:0px;--awb-border-radius-top-right:0px;--awb-border-radius-bottom-right:0px;--awb-border-radius-bottom-left:0px;--awb-flex-wrap:wrap;\" ><div class=\"fusion-builder-row fusion-row fusion-flex-align-items-flex-start fusion-flex-content-wrap\" style=\"max-width:1216.8px;margin-left: calc(-4% \/ 2 );margin-right: calc(-4% \/ 2 );\"><div class=\"fusion-layout-column fusion_builder_column fusion-builder-column-1 fusion_builder_column_1_1 1_1 fusion-flex-column\" style=\"--awb-bg-size:cover;--awb-width-large:100%;--awb-margin-top-large:0px;--awb-spacing-right-large:1.92%;--awb-margin-bottom-large:20px;--awb-spacing-left-large:1.92%;--awb-width-medium:100%;--awb-order-medium:0;--awb-spacing-right-medium:1.92%;--awb-spacing-left-medium:1.92%;--awb-width-small:100%;--awb-order-small:0;--awb-spacing-right-small:1.92%;--awb-spacing-left-small:1.92%;\"><div class=\"fusion-column-wrapper fusion-column-has-shadow fusion-flex-justify-content-flex-start fusion-content-layout-column\"><div class=\"fusion-separator fusion-full-width-sep\" style=\"align-self: center;margin-left: auto;margin-right: auto;margin-top:0px;margin-bottom:0px;width:100%;\"><div class=\"fusion-separator-border sep-single sep-solid\" style=\"--awb-height:20px;--awb-amount:20px;border-color:var(--awb-color2);border-top-width:2px;\"><\/div><\/div><\/div><\/div><\/div><\/div><div class=\"fusion-fullwidth fullwidth-box fusion-builder-row-3 fusion-flex-container has-pattern-background has-mask-background nonhundred-percent-fullwidth non-hundred-percent-height-scrolling\" style=\"--awb-border-radius-top-left:0px;--awb-border-radius-top-right:0px;--awb-border-radius-bottom-right:0px;--awb-border-radius-bottom-left:0px;--awb-flex-wrap:wrap;\" ><div class=\"fusion-builder-row fusion-row fusion-flex-align-items-flex-start fusion-flex-content-wrap\" style=\"max-width:1216.8px;margin-left: calc(-4% \/ 2 );margin-right: calc(-4% \/ 2 );\"><div class=\"fusion-layout-column fusion_builder_column fusion-builder-column-2 fusion_builder_column_1_3 1_3 fusion-flex-column\" style=\"--awb-padding-top:19px;--awb-padding-right:22px;--awb-bg-size:cover;--awb-width-large:33.333333333333%;--awb-margin-top-large:21px;--awb-spacing-right-large:5.184%;--awb-margin-bottom-large:20px;--awb-spacing-left-large:5.76%;--awb-width-medium:100%;--awb-order-medium:0;--awb-spacing-right-medium:1.92%;--awb-spacing-left-medium:1.92%;--awb-width-small:100%;--awb-order-small:0;--awb-spacing-right-small:1.92%;--awb-spacing-left-small:1.92%;\"><div class=\"fusion-column-wrapper fusion-column-has-shadow fusion-flex-justify-content-flex-start fusion-content-layout-column\"><div class=\"fusion-image-element \" style=\"--awb-caption-title-font-family:var(--h2_typography-font-family);--awb-caption-title-font-weight:var(--h2_typography-font-weight);--awb-caption-title-font-style:var(--h2_typography-font-style);--awb-caption-title-size:var(--h2_typography-font-size);--awb-caption-title-transform:var(--h2_typography-text-transform);--awb-caption-title-line-height:var(--h2_typography-line-height);--awb-caption-title-letter-spacing:var(--h2_typography-letter-spacing);\"><span class=\" fusion-imageframe imageframe-glow imageframe-1 hover-type-none\" style=\"border:5px solid #e5e5e5;-webkit-box-shadow: 0 0 3px var(--awb-color8);box-shadow: 0 0 3px var(--awb-color8);\"><a class=\"fusion-no-lightbox\" href=\"https:\/\/www.ktb.gov.tr\/EN-114059\/aphrodisias-museum.html\" target=\"_blank\" aria-label=\"ministryofcultureandtourism kopya\" rel=\"noopener noreferrer\"><img decoding=\"async\" width=\"600\" height=\"479\" src=\"https:\/\/aphrodisias-excavations.com\/wp-content\/uploads\/2022\/07\/ministryofcultureandtourism-kopya.jpg\" data-orig-src=\"https:\/\/aphrodisias-excavations.com\/wp-content\/uploads\/2022\/07\/ministryofcultureandtourism-kopya-600x479.jpg\" alt class=\"lazyload img-responsive wp-image-7000\" srcset=\"data:image\/svg+xml,%3Csvg%20xmlns%3D%27http%3A%2F%2Fwww.w3.org%2F2000%2Fsvg%27%20width%3D%27800%27%20height%3D%27639%27%20viewBox%3D%270%200%20800%20639%27%3E%3Crect%20width%3D%27800%27%20height%3D%27639%27%20fill-opacity%3D%220%22%2F%3E%3C%2Fsvg%3E\" data-srcset=\"https:\/\/aphrodisias-excavations.com\/wp-content\/uploads\/2022\/07\/ministryofcultureandtourism-kopya-200x160.jpg 200w, https:\/\/aphrodisias-excavations.com\/wp-content\/uploads\/2022\/07\/ministryofcultureandtourism-kopya-400x320.jpg 400w, https:\/\/aphrodisias-excavations.com\/wp-content\/uploads\/2022\/07\/ministryofcultureandtourism-kopya-600x479.jpg 600w, https:\/\/aphrodisias-excavations.com\/wp-content\/uploads\/2022\/07\/ministryofcultureandtourism-kopya.jpg 800w\" data-sizes=\"auto\" data-orig-sizes=\"(max-width: 1024px) 100vw, (max-width: 640px) 100vw, 400px\" \/><\/a><\/span><\/div><div class=\"fusion-separator fusion-full-width-sep\" style=\"align-self: center;margin-left: auto;margin-right: auto;margin-top:5px;margin-bottom:5px;width:100%;\"><div class=\"fusion-separator-border sep-double sep-solid\" style=\"--awb-height:20px;--awb-amount:20px;border-color:var(--awb-color2);border-top-width:0px;border-bottom-width:0px;\"><\/div><\/div><div class=\"fusion-image-element \" style=\"--awb-caption-title-font-family:var(--h2_typography-font-family);--awb-caption-title-font-weight:var(--h2_typography-font-weight);--awb-caption-title-font-style:var(--h2_typography-font-style);--awb-caption-title-size:var(--h2_typography-font-size);--awb-caption-title-transform:var(--h2_typography-text-transform);--awb-caption-title-line-height:var(--h2_typography-line-height);--awb-caption-title-letter-spacing:var(--h2_typography-letter-spacing);\"><span class=\" fusion-imageframe imageframe-glow imageframe-2 hover-type-none\" style=\"border:5px solid #e5e5e5;-webkit-box-shadow: 0 0 3px var(--awb-color8);box-shadow: 0 0 3px var(--awb-color8);\"><a class=\"fusion-no-lightbox\" href=\"http:\/\/www.aphrodisias.org.uk\/\" target=\"_blank\" aria-label=\"friendsofaphrodisias\" rel=\"noopener noreferrer\"><img decoding=\"async\" width=\"600\" height=\"590\" src=\"https:\/\/aphrodisias-excavations.com\/wp-content\/uploads\/2022\/07\/friendsofaphrodisias.jpg\" data-orig-src=\"https:\/\/aphrodisias-excavations.com\/wp-content\/uploads\/2022\/07\/friendsofaphrodisias-600x590.jpg\" alt class=\"lazyload img-responsive wp-image-6985\" srcset=\"data:image\/svg+xml,%3Csvg%20xmlns%3D%27http%3A%2F%2Fwww.w3.org%2F2000%2Fsvg%27%20width%3D%27772%27%20height%3D%27759%27%20viewBox%3D%270%200%20772%20759%27%3E%3Crect%20width%3D%27772%27%20height%3D%27759%27%20fill-opacity%3D%220%22%2F%3E%3C%2Fsvg%3E\" data-srcset=\"https:\/\/aphrodisias-excavations.com\/wp-content\/uploads\/2022\/07\/friendsofaphrodisias-200x197.jpg 200w, https:\/\/aphrodisias-excavations.com\/wp-content\/uploads\/2022\/07\/friendsofaphrodisias-400x393.jpg 400w, https:\/\/aphrodisias-excavations.com\/wp-content\/uploads\/2022\/07\/friendsofaphrodisias-600x590.jpg 600w, https:\/\/aphrodisias-excavations.com\/wp-content\/uploads\/2022\/07\/friendsofaphrodisias.jpg 772w\" data-sizes=\"auto\" data-orig-sizes=\"(max-width: 1024px) 100vw, (max-width: 640px) 100vw, 400px\" \/><\/a><\/span><\/div><div class=\"fusion-separator fusion-full-width-sep\" style=\"align-self: center;margin-left: auto;margin-right: auto;margin-top:5px;margin-bottom:5px;width:100%;\"><div class=\"fusion-separator-border sep-double sep-solid\" style=\"--awb-height:20px;--awb-amount:20px;border-color:var(--awb-color2);border-top-width:0px;border-bottom-width:0px;\"><\/div><\/div><div class=\"fusion-image-element \" style=\"--awb-caption-title-font-family:var(--h2_typography-font-family);--awb-caption-title-font-weight:var(--h2_typography-font-weight);--awb-caption-title-font-style:var(--h2_typography-font-style);--awb-caption-title-size:var(--h2_typography-font-size);--awb-caption-title-transform:var(--h2_typography-text-transform);--awb-caption-title-line-height:var(--h2_typography-line-height);--awb-caption-title-letter-spacing:var(--h2_typography-letter-spacing);\"><span class=\" fusion-imageframe imageframe-glow imageframe-3 hover-type-none\" style=\"border:5px solid #e5e5e5;-webkit-box-shadow: 0 0 3px var(--awb-color8);box-shadow: 0 0 3px var(--awb-color8);\"><a class=\"fusion-no-lightbox\" href=\"https:\/\/geyrevakfi.org\/\" target=\"_blank\" aria-label=\"geyrevakfi\" rel=\"noopener noreferrer\"><img decoding=\"async\" width=\"600\" height=\"328\" src=\"https:\/\/aphrodisias-excavations.com\/wp-content\/uploads\/2022\/07\/geyrevakfi.jpg\" data-orig-src=\"https:\/\/aphrodisias-excavations.com\/wp-content\/uploads\/2022\/07\/geyrevakfi-600x328.jpg\" alt class=\"lazyload img-responsive wp-image-6986\" srcset=\"data:image\/svg+xml,%3Csvg%20xmlns%3D%27http%3A%2F%2Fwww.w3.org%2F2000%2Fsvg%27%20width%3D%27800%27%20height%3D%27437%27%20viewBox%3D%270%200%20800%20437%27%3E%3Crect%20width%3D%27800%27%20height%3D%27437%27%20fill-opacity%3D%220%22%2F%3E%3C%2Fsvg%3E\" data-srcset=\"https:\/\/aphrodisias-excavations.com\/wp-content\/uploads\/2022\/07\/geyrevakfi-200x109.jpg 200w, https:\/\/aphrodisias-excavations.com\/wp-content\/uploads\/2022\/07\/geyrevakfi-400x219.jpg 400w, https:\/\/aphrodisias-excavations.com\/wp-content\/uploads\/2022\/07\/geyrevakfi-600x328.jpg 600w, https:\/\/aphrodisias-excavations.com\/wp-content\/uploads\/2022\/07\/geyrevakfi.jpg 800w\" data-sizes=\"auto\" data-orig-sizes=\"(max-width: 1024px) 100vw, (max-width: 640px) 100vw, 400px\" \/><\/a><\/span><\/div><\/div><\/div><div class=\"fusion-layout-column fusion_builder_column fusion-builder-column-3 fusion_builder_column_2_3 2_3 fusion-flex-column\" style=\"--awb-bg-size:cover;--awb-width-large:66.666666666667%;--awb-margin-top-large:0px;--awb-spacing-right-large:2.88%;--awb-margin-bottom-large:20px;--awb-spacing-left-large:0%;--awb-width-medium:100%;--awb-order-medium:0;--awb-spacing-right-medium:1.92%;--awb-spacing-left-medium:1.92%;--awb-width-small:100%;--awb-order-small:0;--awb-spacing-right-small:1.92%;--awb-spacing-left-small:1.92%;\"><div class=\"fusion-column-wrapper fusion-column-has-shadow fusion-flex-justify-content-flex-start fusion-content-layout-column\"><div class=\"fusion-separator fusion-full-width-sep\" style=\"align-self: center;margin-left: auto;margin-right: auto;margin-top:5px;margin-bottom:5px;width:100%;\"><div class=\"fusion-separator-border sep-double sep-solid\" style=\"--awb-height:20px;--awb-amount:20px;border-color:var(--awb-color2);border-top-width:0px;border-bottom-width:0px;\"><\/div><\/div><div class=\"fusion-text fusion-text-1\"><h4 class=\"\" style=\"text-align: justify; font-size: 16px; --fontsize: 16; line-height: 1.35; --minfontsize: 16;\" data-fusion-font=\"true\" data-fontsize=\"16\" data-lineheight=\"21.6px\"><b style=\"font-size: 20px;\" data-fusion-font=\"true\">\u0130nternet siteleri<\/b><\/h4>\n<p style=\"font-size: 16px;\" data-fusion-font=\"true\">T\u00fcrkiye Cumhuriyeti K\u00fclt\u00fcr ve Turizm Bakanl\u0131\u011f\u0131, K\u00fclt\u00fcr Varl\u0131klar\u0131 ve M\u00fczeler Genel M\u00fcd\u00fcrl\u00fc\u011f\u00fc, Ankara<\/p>\n<p><span style=\"font-size: 16px;\"><a href=\"https:\/\/www.kultur.gov.tr\/EN,114059\/aphrodisias-museum.html\" target=\"_blank\" rel=\"noopener noreferrer\">https:\/\/www.kultur.gov.tr\/EN,114059\/aphrodisias-museum.html<\/a><\/span><\/p>\n<\/div><div class=\"fusion-separator fusion-full-width-sep\" style=\"align-self: center;margin-left: auto;margin-right: auto;margin-top:0px;margin-bottom:0px;width:100%;\"><div class=\"fusion-separator-border sep-single sep-solid\" style=\"--awb-height:20px;--awb-amount:20px;border-color:var(--awb-color2);border-top-width:2px;\"><\/div><\/div><div class=\"fusion-text fusion-text-2\"><h4 class=\"\" style=\"text-align: justify; font-size: 16px; --fontsize: 16; line-height: 1.35; --minfontsize: 16;\" data-fusion-font=\"true\" data-fontsize=\"16\" data-lineheight=\"21.6px\">\n<\/h4>\n<p>New York \u00dcniversitesi G\u00fczel Sanatlar Enstit\u00fcs\u00fc<\/p>\n<p><a href=\"https:\/\/www.nyu.edu\/academics\/academic-programs\/archaeology.html\" target=\"_blank\" rel=\"noopener noreferrer\">https:\/\/www.nyu.edu\/academics\/academic-programs\/archaeology.html<\/a><\/p>\n<\/div><div class=\"fusion-separator fusion-full-width-sep\" style=\"align-self: center;margin-left: auto;margin-right: auto;margin-top:0px;margin-bottom:0px;width:100%;\"><div class=\"fusion-separator-border sep-single sep-solid\" style=\"--awb-height:20px;--awb-amount:20px;border-color:var(--awb-color2);border-top-width:2px;\"><\/div><\/div><div class=\"fusion-text fusion-text-3\"><h4 class=\"\" style=\"text-align: justify; font-size: 16px; --fontsize: 16; line-height: 1.35; --minfontsize: 16;\" data-fusion-font=\"true\" data-fontsize=\"16\" data-lineheight=\"21.6px\">\n<\/h4>\n<p>The Friends of Aphrodisias Trust (Aphrodisias Dostlar\u0131 Vakf\u0131, Londra)<\/p>\n<p><a href=\"http:\/\/www.aphrodisias.org.uk\" target=\"_blank\" rel=\"noopener noreferrer\">http:\/\/www.aphrodisias.org.uk<\/a><\/p>\n<\/div><div class=\"fusion-separator fusion-full-width-sep\" style=\"align-self: center;margin-left: auto;margin-right: auto;margin-top:0px;margin-bottom:0px;width:100%;\"><div class=\"fusion-separator-border sep-single sep-solid\" style=\"--awb-height:20px;--awb-amount:20px;border-color:var(--awb-color2);border-top-width:2px;\"><\/div><\/div><div class=\"fusion-text fusion-text-4\"><h4 class=\"\" style=\"text-align: justify; font-size: 16px; --fontsize: 16; line-height: 1.35; --minfontsize: 16;\" data-fusion-font=\"true\" data-fontsize=\"16\" data-lineheight=\"21.6px\">\n<\/h4>\n<p>Geyre Vakfi<\/p>\n<p><a href=\"http:\/\/www.geyrevakfi.org\" target=\"_blank\" rel=\"noopener noreferrer\">http:\/\/www.geyrevakfi.org<\/a><\/p>\n<\/div><div class=\"fusion-separator fusion-full-width-sep\" style=\"align-self: center;margin-left: auto;margin-right: auto;margin-top:0px;margin-bottom:0px;width:100%;\"><div class=\"fusion-separator-border sep-single sep-solid\" style=\"--awb-height:20px;--awb-amount:20px;border-color:var(--awb-color2);border-top-width:2px;\"><\/div><\/div><div class=\"fusion-text fusion-text-5\"><h4 class=\"\" style=\"text-align: justify; font-size: 16px; --fontsize: 16; line-height: 1.35; --minfontsize: 16;\" data-fusion-font=\"true\" data-fontsize=\"16\" data-lineheight=\"21.6px\">\n<\/h4>\n<p>Antik D\u00f6nemin Son Heykelleri<\/p>\n<p><a href=\"http:\/\/laststatues.classics.ox.ac.uk\" target=\"_blank\" rel=\"noopener noreferrer\">http:\/\/laststatues.classics.ox.ac.uk<\/a><\/p>\n<\/div><div class=\"fusion-separator fusion-full-width-sep\" style=\"align-self: center;margin-left: auto;margin-right: auto;margin-top:0px;margin-bottom:0px;width:100%;\"><div class=\"fusion-separator-border sep-single sep-solid\" style=\"--awb-height:20px;--awb-amount:20px;border-color:var(--awb-color2);border-top-width:2px;\"><\/div><\/div><div class=\"fusion-text fusion-text-6\"><h4 class=\"\" style=\"text-align: justify; font-size: 16px; --fontsize: 16; line-height: 1.35; --minfontsize: 16;\" data-fusion-font=\"true\" data-fontsize=\"16\" data-lineheight=\"21.6px\">\n<\/h4>\n<p>Ge\u00e7 Antik \u00c7a\u011f\u2019da Aphrodisias (e-ALA)<\/p>\n<p><a href=\"https:\/\/insaph.kcl.ac.uk\/ala2004\" target=\"_blank\" rel=\"noopener noreferrer\">https:\/\/insaph.kcl.ac.uk\/ala2004<\/a><\/p>\n<\/div><div class=\"fusion-separator fusion-full-width-sep\" style=\"align-self: center;margin-left: auto;margin-right: auto;margin-top:0px;margin-bottom:0px;width:100%;\"><div class=\"fusion-separator-border sep-single sep-solid\" style=\"--awb-height:20px;--awb-amount:20px;border-color:var(--awb-color2);border-top-width:2px;\"><\/div><\/div><div class=\"fusion-text fusion-text-7\"><h4 class=\"\" style=\"text-align: justify; font-size: 16px; --fontsize: 16; line-height: 1.35; --minfontsize: 16;\" data-fusion-font=\"true\" data-fontsize=\"16\" data-lineheight=\"21.6px\">\n<\/h4>\n<p>Aphrodisias Yaz\u0131tlar\u0131 (InsAph)<\/p>\n<p><a href=\"https:\/\/insaph.kcl.ac.uk\/insaph\/\" target=\"_blank\" rel=\"noopener noreferrer\">https:\/\/insaph.kcl.ac.uk\/insaph<\/a><\/p>\n<\/div><div class=\"fusion-separator fusion-full-width-sep\" style=\"align-self: center;margin-left: auto;margin-right: auto;margin-top:0px;margin-bottom:0px;width:100%;\"><div class=\"fusion-separator-border sep-single sep-solid\" style=\"--awb-height:20px;--awb-amount:20px;border-color:var(--awb-color2);border-top-width:2px;\"><\/div><\/div><div class=\"fusion-text fusion-text-8\"><h4 class=\"\" style=\"text-align: justify; font-size: 16px; --fontsize: 16; line-height: 1.35; --minfontsize: 16;\" data-fusion-font=\"true\" data-fontsize=\"16\" data-lineheight=\"21.6px\">\n<\/h4>\n<p>Aphrodisias\u2019ta B\u00f6lgesel Ara\u015ft\u0131rmalar<\/p>\n<p><a href=\"https:\/\/deepblue.lib.umich.edu\/handle\/2027.42\/89592\" target=\"_blank\" rel=\"noopener noreferrer\">https:\/\/deepblue.lib.umich.edu\/handle\/2027.42\/89592<\/a><\/p>\n<\/div><\/div><\/div><\/div><\/div><\/p>\n","protected":false},"excerpt":{"rendered":"","protected":false},"author":1,"featured_media":0,"parent":0,"menu_order":0,"comment_status":"closed","ping_status":"closed","template":"100-width.php","meta":{"_coblocks_attr":"","_coblocks_dimensions":"","_coblocks_responsive_height":"","_coblocks_accordion_ie_support":"","footnotes":""},"class_list":["post-7684","page","type-page","status-publish","hentry"],"_links":{"self":[{"href":"https:\/\/aphrodisias-excavations.com\/tr\/wp-json\/wp\/v2\/pages\/7684","targetHints":{"allow":["GET"]}}],"collection":[{"href":"https:\/\/aphrodisias-excavations.com\/tr\/wp-json\/wp\/v2\/pages"}],"about":[{"href":"https:\/\/aphrodisias-excavations.com\/tr\/wp-json\/wp\/v2\/types\/page"}],"author":[{"embeddable":true,"href":"https:\/\/aphrodisias-excavations.com\/tr\/wp-json\/wp\/v2\/users\/1"}],"replies":[{"embeddable":true,"href":"https:\/\/aphrodisias-excavations.com\/tr\/wp-json\/wp\/v2\/comments?post=7684"}],"version-history":[{"count":10,"href":"https:\/\/aphrodisias-excavations.com\/tr\/wp-json\/wp\/v2\/pages\/7684\/revisions"}],"predecessor-version":[{"id":9186,"href":"https:\/\/aphrodisias-excavations.com\/tr\/wp-json\/wp\/v2\/pages\/7684\/revisions\/9186"}],"wp:attachment":[{"href":"https:\/\/aphrodisias-excavations.com\/tr\/wp-json\/wp\/v2\/media?parent=7684"}],"curies":[{"name":"wp","href":"https:\/\/api.w.org\/{rel}","templated":true}]}}