{"id":7672,"date":"2022-07-24T08:12:31","date_gmt":"2022-07-24T05:12:31","guid":{"rendered":"https:\/\/aphrodisias-excavations.com\/tiyatro\/"},"modified":"2024-08-08T10:00:34","modified_gmt":"2024-08-08T07:00:34","slug":"tiyatro","status":"publish","type":"page","link":"https:\/\/aphrodisias-excavations.com\/tr\/tiyatro\/","title":{"rendered":"Tiyatro"},"content":{"rendered":"<p><div class=\"fusion-fullwidth fullwidth-box fusion-builder-row-1 fusion-flex-container nonhundred-percent-fullwidth non-hundred-percent-height-scrolling fusion-animated\" style=\"--awb-border-radius-top-left:0px;--awb-border-radius-top-right:0px;--awb-border-radius-bottom-right:0px;--awb-border-radius-bottom-left:0px;--awb-margin-bottom:0px;--awb-margin-bottom-medium:80px;--awb-margin-bottom-small:60px;--awb-flex-wrap:wrap;\" data-animationType=\"fadeInUp\" data-animationDuration=\"1.3\" data-animationOffset=\"top-into-view\" ><div class=\"fusion-builder-row fusion-row fusion-flex-align-items-center fusion-flex-content-wrap\" style=\"max-width:1216.8px;margin-left: calc(-4% \/ 2 );margin-right: calc(-4% \/ 2 );\"><div class=\"fusion-layout-column fusion_builder_column fusion-builder-column-0 fusion_builder_column_1_1 1_1 fusion-flex-column\" style=\"--awb-bg-blend:overlay;--awb-bg-size:cover;--awb-width-large:100%;--awb-margin-top-large:0px;--awb-spacing-right-large:1.92%;--awb-margin-bottom-large:0px;--awb-spacing-left-large:1.92%;--awb-width-medium:40%;--awb-spacing-right-medium:4.8%;--awb-spacing-left-medium:4.8%;--awb-width-small:100%;--awb-spacing-right-small:1.92%;--awb-margin-bottom-small:15px;--awb-spacing-left-small:1.92%;\"><div class=\"fusion-column-wrapper fusion-flex-justify-content-flex-start fusion-content-layout-column\"><div class=\"fusion-title title fusion-title-1 fusion-title-text fusion-title-size-two\" style=\"--awb-margin-bottom:0px;--awb-margin-top-small:0px;--awb-margin-bottom-small:20px;--awb-font-size:37px;\"><div class=\"title-sep-container title-sep-container-left fusion-no-large-visibility fusion-no-medium-visibility fusion-no-small-visibility\"><div class=\"title-sep sep- sep-solid\" style=\"border-color:var(--awb-color3);\"><\/div><\/div><span class=\"awb-title-spacer fusion-no-large-visibility fusion-no-medium-visibility fusion-no-small-visibility\"><\/span><h2 class=\"fusion-title-heading title-heading-left fusion-responsive-typography-calculated\" style=\"margin:0;text-transform:capitalize;font-size:1em;--fontSize:37;line-height:1.35;\"><h2><strong>Tiyatro<\/strong><\/h2><\/h2><span class=\"awb-title-spacer\"><\/span><div class=\"title-sep-container title-sep-container-right\"><div class=\"title-sep sep- sep-solid\" style=\"border-color:var(--awb-color3);\"><\/div><\/div><\/div><\/div><\/div><\/div><\/div><div class=\"fusion-fullwidth fullwidth-box fusion-builder-row-2 fusion-flex-container has-pattern-background has-mask-background nonhundred-percent-fullwidth non-hundred-percent-height-scrolling\" style=\"--awb-border-radius-top-left:0px;--awb-border-radius-top-right:0px;--awb-border-radius-bottom-right:0px;--awb-border-radius-bottom-left:0px;--awb-flex-wrap:wrap;\" ><div class=\"fusion-builder-row fusion-row fusion-flex-align-items-flex-start fusion-flex-content-wrap\" style=\"max-width:1216.8px;margin-left: calc(-4% \/ 2 );margin-right: calc(-4% \/ 2 );\"><div class=\"fusion-layout-column fusion_builder_column fusion-builder-column-1 fusion_builder_column_1_1 1_1 fusion-flex-column\" style=\"--awb-bg-size:cover;--awb-width-large:100%;--awb-margin-top-large:0px;--awb-spacing-right-large:1.92%;--awb-margin-bottom-large:20px;--awb-spacing-left-large:1.92%;--awb-width-medium:100%;--awb-order-medium:0;--awb-spacing-right-medium:1.92%;--awb-spacing-left-medium:1.92%;--awb-width-small:100%;--awb-order-small:0;--awb-spacing-right-small:1.92%;--awb-spacing-left-small:1.92%;\"><div class=\"fusion-column-wrapper fusion-column-has-shadow fusion-flex-justify-content-flex-start fusion-content-layout-column\"><div class=\"fusion-separator fusion-full-width-sep\" style=\"align-self: center;margin-left: auto;margin-right: auto;margin-top:0px;margin-bottom:0px;width:100%;\"><div class=\"fusion-separator-border sep-single sep-solid\" style=\"--awb-height:20px;--awb-amount:20px;border-color:var(--awb-color2);border-top-width:2px;\"><\/div><\/div><\/div><\/div><\/div><\/div><div class=\"fusion-fullwidth fullwidth-box fusion-builder-row-3 fusion-flex-container has-pattern-background has-mask-background nonhundred-percent-fullwidth non-hundred-percent-height-scrolling\" style=\"--awb-border-radius-top-left:0px;--awb-border-radius-top-right:0px;--awb-border-radius-bottom-right:0px;--awb-border-radius-bottom-left:0px;--awb-flex-wrap:wrap;\" ><div class=\"fusion-builder-row fusion-row fusion-flex-align-items-flex-start fusion-flex-content-wrap\" style=\"max-width:1216.8px;margin-left: calc(-4% \/ 2 );margin-right: calc(-4% \/ 2 );\"><div class=\"fusion-layout-column fusion_builder_column fusion-builder-column-2 fusion_builder_column_1_3 1_3 fusion-flex-column\" style=\"--awb-padding-right:22px;--awb-bg-size:cover;--awb-width-large:33.333333333333%;--awb-margin-top-large:23px;--awb-spacing-right-large:5.184%;--awb-margin-bottom-large:20px;--awb-spacing-left-large:5.76%;--awb-width-medium:100%;--awb-order-medium:0;--awb-spacing-right-medium:1.92%;--awb-spacing-left-medium:1.92%;--awb-width-small:100%;--awb-order-small:0;--awb-spacing-right-small:1.92%;--awb-spacing-left-small:1.92%;\"><div class=\"fusion-column-wrapper fusion-column-has-shadow fusion-flex-justify-content-flex-start fusion-content-layout-column\"><div class=\"fusion-image-element \" style=\"--awb-caption-title-font-family:var(--h2_typography-font-family);--awb-caption-title-font-weight:var(--h2_typography-font-weight);--awb-caption-title-font-style:var(--h2_typography-font-style);--awb-caption-title-size:var(--h2_typography-font-size);--awb-caption-title-transform:var(--h2_typography-text-transform);--awb-caption-title-line-height:var(--h2_typography-line-height);--awb-caption-title-letter-spacing:var(--h2_typography-letter-spacing);\"><span class=\" fusion-imageframe imageframe-glow imageframe-1 hover-type-none\" style=\"border:5px solid #e5e5e5;-webkit-box-shadow: 0 0 3px var(--awb-color8);box-shadow: 0 0 3px var(--awb-color8);\"><a href=\"https:\/\/aphrodisias-excavations.com\/wp-content\/uploads\/2022\/07\/theatre_800-1-600x400.jpeg\" class=\"fusion-lightbox\" data-rel=\"iLightbox[d9b93b375c7812394e2]\" data-caption=\"Theatre\" data-title=\"Theatre\" title=\"Theatre\"><img decoding=\"async\" width=\"600\" height=\"400\" src=\"https:\/\/aphrodisias-excavations.com\/wp-content\/uploads\/2022\/07\/theatre_800-1.jpeg\" data-orig-src=\"https:\/\/aphrodisias-excavations.com\/wp-content\/uploads\/2022\/07\/theatre_800-1-600x400.jpeg\" alt class=\"lazyload img-responsive wp-image-6427\" srcset=\"data:image\/svg+xml,%3Csvg%20xmlns%3D%27http%3A%2F%2Fwww.w3.org%2F2000%2Fsvg%27%20width%3D%27800%27%20height%3D%27533%27%20viewBox%3D%270%200%20800%20533%27%3E%3Crect%20width%3D%27800%27%20height%3D%27533%27%20fill-opacity%3D%220%22%2F%3E%3C%2Fsvg%3E\" data-srcset=\"https:\/\/aphrodisias-excavations.com\/wp-content\/uploads\/2022\/07\/theatre_800-1-200x133.jpeg 200w, https:\/\/aphrodisias-excavations.com\/wp-content\/uploads\/2022\/07\/theatre_800-1-400x267.jpeg 400w, https:\/\/aphrodisias-excavations.com\/wp-content\/uploads\/2022\/07\/theatre_800-1-600x400.jpeg 600w, https:\/\/aphrodisias-excavations.com\/wp-content\/uploads\/2022\/07\/theatre_800-1.jpeg 800w\" data-sizes=\"auto\" data-orig-sizes=\"(max-width: 1024px) 100vw, (max-width: 640px) 100vw, 400px\" \/><\/a><\/span><\/div><div class=\"fusion-separator fusion-full-width-sep\" style=\"align-self: center;margin-left: auto;margin-right: auto;margin-top:5px;margin-bottom:5px;width:100%;\"><div class=\"fusion-separator-border sep-double sep-solid\" style=\"--awb-height:20px;--awb-amount:20px;border-color:var(--awb-color2);border-top-width:0px;border-bottom-width:0px;\"><\/div><\/div><div class=\"fusion-image-element \" style=\"--awb-caption-title-font-family:var(--h2_typography-font-family);--awb-caption-title-font-weight:var(--h2_typography-font-weight);--awb-caption-title-font-style:var(--h2_typography-font-style);--awb-caption-title-size:var(--h2_typography-font-size);--awb-caption-title-transform:var(--h2_typography-text-transform);--awb-caption-title-line-height:var(--h2_typography-line-height);--awb-caption-title-letter-spacing:var(--h2_typography-letter-spacing);\"><span class=\" fusion-imageframe imageframe-glow imageframe-2 hover-type-none\" style=\"border:5px solid #e5e5e5;-webkit-box-shadow: 0 0 3px var(--awb-color8);box-shadow: 0 0 3px var(--awb-color8);\"><a href=\"https:\/\/aphrodisias-excavations.com\/wp-content\/uploads\/2022\/07\/theatre2_800-600x450.jpeg\" class=\"fusion-lightbox\" data-rel=\"iLightbox[5062fd233febcc447c5]\" data-caption=\"Theatre\" data-title=\"Theatre\" title=\"Theatre\"><img decoding=\"async\" width=\"600\" height=\"450\" src=\"https:\/\/aphrodisias-excavations.com\/wp-content\/uploads\/2022\/07\/theatre2_800.jpeg\" data-orig-src=\"https:\/\/aphrodisias-excavations.com\/wp-content\/uploads\/2022\/07\/theatre2_800-600x450.jpeg\" alt class=\"lazyload img-responsive wp-image-6420\" srcset=\"data:image\/svg+xml,%3Csvg%20xmlns%3D%27http%3A%2F%2Fwww.w3.org%2F2000%2Fsvg%27%20width%3D%27800%27%20height%3D%27600%27%20viewBox%3D%270%200%20800%20600%27%3E%3Crect%20width%3D%27800%27%20height%3D%27600%27%20fill-opacity%3D%220%22%2F%3E%3C%2Fsvg%3E\" data-srcset=\"https:\/\/aphrodisias-excavations.com\/wp-content\/uploads\/2022\/07\/theatre2_800-200x150.jpeg 200w, https:\/\/aphrodisias-excavations.com\/wp-content\/uploads\/2022\/07\/theatre2_800-400x300.jpeg 400w, https:\/\/aphrodisias-excavations.com\/wp-content\/uploads\/2022\/07\/theatre2_800-600x450.jpeg 600w, https:\/\/aphrodisias-excavations.com\/wp-content\/uploads\/2022\/07\/theatre2_800.jpeg 800w\" data-sizes=\"auto\" data-orig-sizes=\"(max-width: 1024px) 100vw, (max-width: 640px) 100vw, 400px\" \/><\/a><\/span><\/div><div class=\"fusion-separator fusion-full-width-sep\" style=\"align-self: center;margin-left: auto;margin-right: auto;margin-top:5px;margin-bottom:5px;width:100%;\"><div class=\"fusion-separator-border sep-double sep-solid\" style=\"--awb-height:20px;--awb-amount:20px;border-color:var(--awb-color2);border-top-width:0px;border-bottom-width:0px;\"><\/div><\/div><div class=\"fusion-image-element \" style=\"--awb-caption-title-font-family:var(--h2_typography-font-family);--awb-caption-title-font-weight:var(--h2_typography-font-weight);--awb-caption-title-font-style:var(--h2_typography-font-style);--awb-caption-title-size:var(--h2_typography-font-size);--awb-caption-title-transform:var(--h2_typography-text-transform);--awb-caption-title-line-height:var(--h2_typography-line-height);--awb-caption-title-letter-spacing:var(--h2_typography-letter-spacing);\"><span class=\" fusion-imageframe imageframe-glow imageframe-3 hover-type-none\" style=\"border:5px solid #e5e5e5;-webkit-box-shadow: 0 0 3px var(--awb-color8);box-shadow: 0 0 3px var(--awb-color8);\"><a href=\"https:\/\/aphrodisias-excavations.com\/wp-content\/uploads\/2022\/07\/theatre3_800-600x450.jpeg\" class=\"fusion-lightbox\" data-rel=\"iLightbox[5aad069c486bb0c55cb]\" data-caption=\"Theatre stage building restored\" data-title=\"Theatre stage building restored\" title=\"Theatre stage building restored\"><img decoding=\"async\" width=\"600\" height=\"450\" src=\"https:\/\/aphrodisias-excavations.com\/wp-content\/uploads\/2022\/07\/theatre3_800.jpeg\" data-orig-src=\"https:\/\/aphrodisias-excavations.com\/wp-content\/uploads\/2022\/07\/theatre3_800-600x450.jpeg\" alt class=\"lazyload img-responsive wp-image-6421\" srcset=\"data:image\/svg+xml,%3Csvg%20xmlns%3D%27http%3A%2F%2Fwww.w3.org%2F2000%2Fsvg%27%20width%3D%27800%27%20height%3D%27600%27%20viewBox%3D%270%200%20800%20600%27%3E%3Crect%20width%3D%27800%27%20height%3D%27600%27%20fill-opacity%3D%220%22%2F%3E%3C%2Fsvg%3E\" data-srcset=\"https:\/\/aphrodisias-excavations.com\/wp-content\/uploads\/2022\/07\/theatre3_800-200x150.jpeg 200w, https:\/\/aphrodisias-excavations.com\/wp-content\/uploads\/2022\/07\/theatre3_800-400x300.jpeg 400w, https:\/\/aphrodisias-excavations.com\/wp-content\/uploads\/2022\/07\/theatre3_800-600x450.jpeg 600w, https:\/\/aphrodisias-excavations.com\/wp-content\/uploads\/2022\/07\/theatre3_800.jpeg 800w\" data-sizes=\"auto\" data-orig-sizes=\"(max-width: 1024px) 100vw, (max-width: 640px) 100vw, 400px\" \/><\/a><\/span><\/div><div class=\"fusion-separator fusion-full-width-sep\" style=\"align-self: center;margin-left: auto;margin-right: auto;margin-top:5px;margin-bottom:5px;width:100%;\"><div class=\"fusion-separator-border sep-double sep-solid\" style=\"--awb-height:20px;--awb-amount:20px;border-color:var(--awb-color2);border-top-width:0px;border-bottom-width:0px;\"><\/div><\/div><div class=\"fusion-image-element \" style=\"--awb-caption-title-font-family:var(--h2_typography-font-family);--awb-caption-title-font-weight:var(--h2_typography-font-weight);--awb-caption-title-font-style:var(--h2_typography-font-style);--awb-caption-title-size:var(--h2_typography-font-size);--awb-caption-title-transform:var(--h2_typography-text-transform);--awb-caption-title-line-height:var(--h2_typography-line-height);--awb-caption-title-letter-spacing:var(--h2_typography-letter-spacing);\"><span class=\" fusion-imageframe imageframe-glow imageframe-4 hover-type-none\" style=\"border:5px solid #e5e5e5;-webkit-box-shadow: 0 0 3px var(--awb-color8);box-shadow: 0 0 3px var(--awb-color8);\"><a href=\"https:\/\/aphrodisias-excavations.com\/wp-content\/uploads\/2022\/07\/theatreplan4_800-600x644.jpeg\" class=\"fusion-lightbox\" data-rel=\"iLightbox[de70004a639a7d25fc6]\" data-caption=\"Tiyatro sahne binas\u0131n\u0131n restore edilmi\u015f g\u00f6r\u00fcn\u00fcm\u00fc\" data-title=\"Tiyatro sahne binas\u0131n\u0131n restore edilmi\u015f g\u00f6r\u00fcn\u00fcm\u00fc\" title=\"Tiyatro sahne binas\u0131n\u0131n restore edilmi\u015f g\u00f6r\u00fcn\u00fcm\u00fc\"><img decoding=\"async\" width=\"600\" height=\"644\" src=\"https:\/\/aphrodisias-excavations.com\/wp-content\/uploads\/2022\/07\/theatreplan4_800.jpeg\" data-orig-src=\"https:\/\/aphrodisias-excavations.com\/wp-content\/uploads\/2022\/07\/theatreplan4_800-600x644.jpeg\" alt class=\"lazyload img-responsive wp-image-7858\" srcset=\"data:image\/svg+xml,%3Csvg%20xmlns%3D%27http%3A%2F%2Fwww.w3.org%2F2000%2Fsvg%27%20width%3D%27636%27%20height%3D%27683%27%20viewBox%3D%270%200%20636%20683%27%3E%3Crect%20width%3D%27636%27%20height%3D%27683%27%20fill-opacity%3D%220%22%2F%3E%3C%2Fsvg%3E\" data-srcset=\"https:\/\/aphrodisias-excavations.com\/wp-content\/uploads\/2022\/07\/theatreplan4_800-200x215.jpeg 200w, https:\/\/aphrodisias-excavations.com\/wp-content\/uploads\/2022\/07\/theatreplan4_800-400x430.jpeg 400w, https:\/\/aphrodisias-excavations.com\/wp-content\/uploads\/2022\/07\/theatreplan4_800-600x644.jpeg 600w, https:\/\/aphrodisias-excavations.com\/wp-content\/uploads\/2022\/07\/theatreplan4_800.jpeg 636w\" data-sizes=\"auto\" data-orig-sizes=\"(max-width: 1024px) 100vw, (max-width: 640px) 100vw, 400px\" \/><\/a><\/span><\/div><\/div><\/div><div class=\"fusion-layout-column fusion_builder_column fusion-builder-column-3 fusion_builder_column_2_3 2_3 fusion-flex-column\" style=\"--awb-bg-size:cover;--awb-width-large:66.666666666667%;--awb-margin-top-large:0px;--awb-spacing-right-large:2.88%;--awb-margin-bottom-large:20px;--awb-spacing-left-large:0%;--awb-width-medium:100%;--awb-order-medium:0;--awb-spacing-right-medium:1.92%;--awb-spacing-left-medium:1.92%;--awb-width-small:100%;--awb-order-small:0;--awb-spacing-right-small:1.92%;--awb-spacing-left-small:1.92%;\"><div class=\"fusion-column-wrapper fusion-column-has-shadow fusion-flex-justify-content-flex-start fusion-content-layout-column\"><div class=\"fusion-separator fusion-full-width-sep\" style=\"align-self: center;margin-left: auto;margin-right: auto;margin-top:5px;margin-bottom:5px;width:100%;\"><div class=\"fusion-separator-border sep-double sep-solid\" style=\"--awb-height:20px;--awb-amount:20px;border-color:var(--awb-color2);border-top-width:0px;border-bottom-width:0px;\"><\/div><\/div><div class=\"fusion-text fusion-text-1\"><p style=\"text-align: justify;\"><span style=\"font-size: 16px;\" data-fusion-font=\"true\">Tiyatro, geli\u015fmi\u015f bir Yunan \u015fehir devletinin oda\u011f\u0131ndaki bina ve kurumdu. Ba\u015fta drama olmak \u00fczere farkl\u0131 e\u011flence ve etkinliklere ev sahipli\u011fi yapman\u0131n yan\u0131 s\u0131ra halk\u0131n ( <\/span><em><span style=\"font-size: 16px;\" data-fusion-font=\"true\">demos<\/span><\/em><span style=\"font-size: 16px;\" data-fusion-font=\"true\">) bir araya gelip topland\u0131\u011f\u0131 bir mekand\u0131. Aphrodisias tiyatrosunda sahne mimarisinin b\u00fcy\u00fck \u00e7o\u011funlu\u011fu korunmu\u015ftur. Bunun yan\u0131 s\u0131ra auditoriumdaki (oturma yeri) y\u00fcr\u00fcme yolunun (<\/span><em><span style=\"font-size: 16px;\" data-fusion-font=\"true\">diaz\u014dma<\/span><\/em><span style=\"font-size: 16px;\" data-fusion-font=\"true\">) alt\u0131ndaki yirmi yedi oturma s\u0131ras\u0131 ile diaz\u014dman\u0131n \u00fcst\u00fcndeki bir ka\u00e7 oturma s\u0131ras\u0131 g\u00fcn\u00fcm\u00fcze iyi durumda ula\u015fm\u0131\u015ft\u0131r. \u00d6zg\u00fcn haliyle kapasitesi 7000 ki\u015filikti. <\/span><\/p>\n<p style=\"text-align: justify;\"><span style=\"font-size: 16px;\" data-fusion-font=\"true\">The auditorium (<\/span><em><span style=\"font-size: 16px;\" data-fusion-font=\"true\">cavea<\/span><\/em><span style=\"font-size: 16px;\" data-fusion-font=\"true\">\u2013 seyirci oturma yeri), prehistorik yerle\u015fimin bulundu\u011fu h\u00f6y\u00fc\u011fe yaslanacak \u015fekilde Ge\u00e7 Helenistik d\u00f6nemde in\u015fa edilmi\u015ftir. \u00d6zenle i\u015flenmi\u015f \u00fc\u00e7 katl\u0131 mermer sahne binas\u0131 ise MS 28 y\u0131l\u0131ndan daha erken bir tarihte Zoilos taraf\u0131ndan yapt\u0131r\u0131lm\u0131\u015ft\u0131r. Bu yeni cephe, \u0131\u015f\u0131k kullan\u0131m\u0131, aediculal\u0131 (s\u00fctunlu ni\u015f) tasar\u0131m\u0131n\u0131n yan\u0131 s\u0131ra \u00fcst\u00fcn kaliteli ve \u00e7ok \u00e7e\u015fitli s\u00fcslemeleriyle \u00f6ne \u00e7\u0131kmaktad\u0131r. Sahnenin Dor d\u00fczenindeki ar\u015fitrav\u0131nda ve tekrar ikinci katta b\u00fcy\u00fck boyutlu harflerle yaz\u0131lan yaz\u0131ta g\u00f6re &#8220;sahne binas\u0131n\u0131n (<\/span><em><span style=\"font-size: 16px;\" data-fusion-font=\"true\">sk\u0113n\u0113<\/span><\/em><span style=\"font-size: 16px;\" data-fusion-font=\"true\">) onun \u00f6n\u00fcndeki platformun(<\/span><em><span style=\"font-size: 16px;\" data-fusion-font=\"true\">prosk\u0113nion<\/span><\/em><span style=\"font-size: 16px;\" data-fusion-font=\"true\">), ve \u00fczerindeki t\u00fcm s\u00fcslemelerin (<\/span><em><span style=\"font-size: 16px;\" data-fusion-font=\"true\">proskosm\u0113mata<\/span><\/em><span style=\"font-size: 16px;\" data-fusion-font=\"true\">)&#8221; maliyeti ilk Roma \u0130mparatoru Augustus\u2019un azad edilmi\u015f k\u00f6lesi oldu\u011fu anla\u015f\u0131lan Gaius Julius Zoilos taraf\u0131ndan kar\u015f\u0131lanm\u0131\u015ft\u0131r. Olduk\u00e7a \u00f6nemli bir grup heykel, sahneye ve orkestran\u0131n i\u00e7ine d\u00fc\u015fm\u00fc\u015f \u015fekilde ele ge\u00e7mi\u015ftir. Sahne binas\u0131nda bir Apollon, iki Mousa (esin perisi) heykeli, portre heykeller ve \u00e7e\u015fitli Victoria heykelleri vard\u0131r. \u0130ki boks\u00f6r heykeli ise auditoriumun istinat duvarlar\u0131n\u0131n (<\/span><em><span style=\"font-size: 16px;\" data-fusion-font=\"true\">analemma<\/span><\/em><span style=\"font-size: 16px;\" data-fusion-font=\"true\">) ucunda durmaktayd\u0131. <\/span><\/p>\n<p style=\"text-align: justify; font-size: 16px;\" data-fusion-font=\"true\">Auditoriumun oturma s\u0131ralar\u0131 MS 1. y\u00fczy\u0131lda bir altyap\u0131 in\u015fa edilerek yukar\u0131 do\u011fru uzat\u0131lm\u0131\u015f ve tamamen mermerle kaplanm\u0131\u015ft\u0131r. Kuzey tarafta bulunan kesme ta\u015ftan yap\u0131lm\u0131\u015f b\u00fcy\u00fck istinat duvar\u0131 tepenin alt seviyelerine kadar devam etmekte ve burada Kent Park\u0131\u2019ndaki g\u00fcney stoan\u0131n bir b\u00f6l\u00fcm\u00fcn\u00fcn arka duvar\u0131n\u0131 olu\u015fturmaktad\u0131r. Hemen alttaki bu stoadan, istinat duvar\u0131n\u0131n i\u00e7inden ge\u00e7en b\u00fcy\u00fck tonozlu bir merdiven ile do\u011frudan tiyatronun oturma yerlerine (cavea) eri\u015fim sa\u011flan\u0131yordu. MS 2. y\u00fczy\u0131lda Tiyatro i\u00e7indeki orkestran\u0131n seviyesi gladyat\u00f6r ve hayvan m\u00fcsabakalar\u0131 i\u00e7in daha g\u00fcvenli bir arena \u00e7ukuru olu\u015fturmak amac\u0131yla d\u00fc\u015f\u00fcr\u00fclm\u00fc\u015ft\u00fcr. Son olarak, 7. y\u00fczy\u0131lda sahne binas\u0131n\u0131n arka cephesi boyunca ve giri\u015fleri kapatacak \u015fekilde dev\u015firme malzemelerle devasa bir duvar \u00f6r\u00fclm\u00fc\u015ft\u00fcr. Bu duvar Tiyatro tepesinin etraf\u0131n\u0131 tamamen \u00e7evreleyecek \u015fekilde uzat\u0131lm\u0131\u015f ve tepeyi g\u00fc\u00e7l\u00fc savunmas\u0131 olan bir kaleye, bir Erken Bizans kastrosuna d\u00f6n\u00fc\u015fm\u00fc\u015ft\u00fcr.<\/p>\n<\/div><div class=\"fusion-image-element \" style=\"--awb-caption-title-font-family:var(--h2_typography-font-family);--awb-caption-title-font-weight:var(--h2_typography-font-weight);--awb-caption-title-font-style:var(--h2_typography-font-style);--awb-caption-title-size:var(--h2_typography-font-size);--awb-caption-title-transform:var(--h2_typography-text-transform);--awb-caption-title-line-height:var(--h2_typography-line-height);--awb-caption-title-letter-spacing:var(--h2_typography-letter-spacing);\"><span class=\" fusion-imageframe imageframe-none imageframe-5 hover-type-none\"><a href=\"https:\/\/aphrodisias-excavations.com\/wp-content\/uploads\/2022\/07\/theatreplan_800-800x509.jpeg\" class=\"fusion-lightbox\" data-rel=\"iLightbox[5650df32c14059b36ef]\" data-caption=\"Theatre plan reconstruction - east elevation\" data-title=\"Theatre plan reconstruction &#8211; east elevation\" title=\"Theatre plan reconstruction &#8211; east elevation\"><img decoding=\"async\" width=\"800\" height=\"509\" src=\"https:\/\/aphrodisias-excavations.com\/wp-content\/uploads\/2022\/07\/theatreplan_800.jpeg\" data-orig-src=\"https:\/\/aphrodisias-excavations.com\/wp-content\/uploads\/2022\/07\/theatreplan_800-800x509.jpeg\" alt class=\"lazyload img-responsive wp-image-6423\" srcset=\"data:image\/svg+xml,%3Csvg%20xmlns%3D%27http%3A%2F%2Fwww.w3.org%2F2000%2Fsvg%27%20width%3D%271148%27%20height%3D%27730%27%20viewBox%3D%270%200%201148%20730%27%3E%3Crect%20width%3D%271148%27%20height%3D%27730%27%20fill-opacity%3D%220%22%2F%3E%3C%2Fsvg%3E\" data-srcset=\"https:\/\/aphrodisias-excavations.com\/wp-content\/uploads\/2022\/07\/theatreplan_800-200x127.jpeg 200w, https:\/\/aphrodisias-excavations.com\/wp-content\/uploads\/2022\/07\/theatreplan_800-400x254.jpeg 400w, https:\/\/aphrodisias-excavations.com\/wp-content\/uploads\/2022\/07\/theatreplan_800-600x382.jpeg 600w, https:\/\/aphrodisias-excavations.com\/wp-content\/uploads\/2022\/07\/theatreplan_800-800x509.jpeg 800w, https:\/\/aphrodisias-excavations.com\/wp-content\/uploads\/2022\/07\/theatreplan_800.jpeg 1148w\" data-sizes=\"auto\" data-orig-sizes=\"(max-width: 1024px) 100vw, (max-width: 640px) 100vw, 800px\" \/><\/a><\/span><\/div><div class=\"fusion-text fusion-text-2\"><p style=\"text-align: justify; font-size: 16px; line-height: 27.52px;\" data-fusion-font=\"true\">Buluntular:<br \/><a href=\"https:\/\/aphrodisias-excavations.com\/tr\/boksorler\/\">Boks\u00f6rler<\/a><br \/><a href=\"https:\/\/aphrodisias-excavations.com\/tr\/arsiv-duvari\/\">Ar\u015fiv Duvar\u0131<\/a><\/p>\n<\/div><\/div><\/div><\/div><\/div><\/p>\n","protected":false},"excerpt":{"rendered":"","protected":false},"author":1,"featured_media":0,"parent":0,"menu_order":0,"comment_status":"closed","ping_status":"closed","template":"100-width.php","meta":{"_coblocks_attr":"","_coblocks_dimensions":"","_coblocks_responsive_height":"","_coblocks_accordion_ie_support":"","footnotes":""},"class_list":["post-7672","page","type-page","status-publish","hentry"],"_links":{"self":[{"href":"https:\/\/aphrodisias-excavations.com\/tr\/wp-json\/wp\/v2\/pages\/7672","targetHints":{"allow":["GET"]}}],"collection":[{"href":"https:\/\/aphrodisias-excavations.com\/tr\/wp-json\/wp\/v2\/pages"}],"about":[{"href":"https:\/\/aphrodisias-excavations.com\/tr\/wp-json\/wp\/v2\/types\/page"}],"author":[{"embeddable":true,"href":"https:\/\/aphrodisias-excavations.com\/tr\/wp-json\/wp\/v2\/users\/1"}],"replies":[{"embeddable":true,"href":"https:\/\/aphrodisias-excavations.com\/tr\/wp-json\/wp\/v2\/comments?post=7672"}],"version-history":[{"count":7,"href":"https:\/\/aphrodisias-excavations.com\/tr\/wp-json\/wp\/v2\/pages\/7672\/revisions"}],"predecessor-version":[{"id":9169,"href":"https:\/\/aphrodisias-excavations.com\/tr\/wp-json\/wp\/v2\/pages\/7672\/revisions\/9169"}],"wp:attachment":[{"href":"https:\/\/aphrodisias-excavations.com\/tr\/wp-json\/wp\/v2\/media?parent=7672"}],"curies":[{"name":"wp","href":"https:\/\/api.w.org\/{rel}","templated":true}]}}