{"id":7666,"date":"2022-07-27T16:59:54","date_gmt":"2022-07-27T13:59:54","guid":{"rendered":"https:\/\/aphrodisias-excavations.com\/tetrapylon-caddesi\/"},"modified":"2024-08-08T09:56:34","modified_gmt":"2024-08-08T06:56:34","slug":"tetrapylon-caddesi","status":"publish","type":"page","link":"https:\/\/aphrodisias-excavations.com\/tr\/tetrapylon-caddesi\/","title":{"rendered":"Tetrapylon Caddesi"},"content":{"rendered":"<p><div class=\"fusion-fullwidth fullwidth-box fusion-builder-row-1 fusion-flex-container nonhundred-percent-fullwidth non-hundred-percent-height-scrolling fusion-animated\" style=\"--awb-border-radius-top-left:0px;--awb-border-radius-top-right:0px;--awb-border-radius-bottom-right:0px;--awb-border-radius-bottom-left:0px;--awb-margin-bottom:0px;--awb-margin-bottom-medium:80px;--awb-margin-bottom-small:60px;--awb-flex-wrap:wrap;\" data-animationType=\"fadeInUp\" data-animationDuration=\"1.3\" data-animationOffset=\"top-into-view\" ><div class=\"fusion-builder-row fusion-row fusion-flex-align-items-center fusion-flex-content-wrap\" style=\"max-width:1216.8px;margin-left: calc(-4% \/ 2 );margin-right: calc(-4% \/ 2 );\"><div class=\"fusion-layout-column fusion_builder_column fusion-builder-column-0 fusion_builder_column_1_1 1_1 fusion-flex-column\" style=\"--awb-bg-blend:overlay;--awb-bg-size:cover;--awb-width-large:100%;--awb-margin-top-large:0px;--awb-spacing-right-large:1.92%;--awb-margin-bottom-large:0px;--awb-spacing-left-large:1.92%;--awb-width-medium:40%;--awb-spacing-right-medium:4.8%;--awb-spacing-left-medium:4.8%;--awb-width-small:100%;--awb-spacing-right-small:1.92%;--awb-margin-bottom-small:15px;--awb-spacing-left-small:1.92%;\"><div class=\"fusion-column-wrapper fusion-flex-justify-content-flex-start fusion-content-layout-column\"><div class=\"fusion-title title fusion-title-1 fusion-title-text fusion-title-size-two\" style=\"--awb-margin-bottom:0px;--awb-margin-top-small:0px;--awb-margin-bottom-small:20px;--awb-font-size:37px;\"><div class=\"title-sep-container title-sep-container-left fusion-no-large-visibility fusion-no-medium-visibility fusion-no-small-visibility\"><div class=\"title-sep sep- sep-solid\" style=\"border-color:var(--awb-color3);\"><\/div><\/div><span class=\"awb-title-spacer fusion-no-large-visibility fusion-no-medium-visibility fusion-no-small-visibility\"><\/span><h2 class=\"fusion-title-heading title-heading-left fusion-responsive-typography-calculated\" style=\"margin:0;text-transform:capitalize;font-size:1em;--fontSize:37;line-height:1.35;\"><h2><strong>Tetrapylon Caddesi<\/strong><\/h2><\/h2><span class=\"awb-title-spacer\"><\/span><div class=\"title-sep-container title-sep-container-right\"><div class=\"title-sep sep- sep-solid\" style=\"border-color:var(--awb-color3);\"><\/div><\/div><\/div><\/div><\/div><\/div><\/div><div class=\"fusion-fullwidth fullwidth-box fusion-builder-row-2 fusion-flex-container has-pattern-background has-mask-background nonhundred-percent-fullwidth non-hundred-percent-height-scrolling\" style=\"--awb-border-radius-top-left:0px;--awb-border-radius-top-right:0px;--awb-border-radius-bottom-right:0px;--awb-border-radius-bottom-left:0px;--awb-flex-wrap:wrap;\" ><div class=\"fusion-builder-row fusion-row fusion-flex-align-items-flex-start fusion-flex-content-wrap\" style=\"max-width:1216.8px;margin-left: calc(-4% \/ 2 );margin-right: calc(-4% \/ 2 );\"><div class=\"fusion-layout-column fusion_builder_column fusion-builder-column-1 fusion_builder_column_1_1 1_1 fusion-flex-column\" style=\"--awb-bg-size:cover;--awb-width-large:100%;--awb-margin-top-large:0px;--awb-spacing-right-large:1.92%;--awb-margin-bottom-large:20px;--awb-spacing-left-large:1.92%;--awb-width-medium:100%;--awb-order-medium:0;--awb-spacing-right-medium:1.92%;--awb-spacing-left-medium:1.92%;--awb-width-small:100%;--awb-order-small:0;--awb-spacing-right-small:1.92%;--awb-spacing-left-small:1.92%;\"><div class=\"fusion-column-wrapper fusion-column-has-shadow fusion-flex-justify-content-flex-start fusion-content-layout-column\"><div class=\"fusion-separator fusion-full-width-sep\" style=\"align-self: center;margin-left: auto;margin-right: auto;margin-top:0px;margin-bottom:0px;width:100%;\"><div class=\"fusion-separator-border sep-single sep-solid\" style=\"--awb-height:20px;--awb-amount:20px;border-color:var(--awb-color2);border-top-width:2px;\"><\/div><\/div><\/div><\/div><\/div><\/div><div class=\"fusion-fullwidth fullwidth-box fusion-builder-row-3 fusion-flex-container has-pattern-background has-mask-background nonhundred-percent-fullwidth non-hundred-percent-height-scrolling\" style=\"--awb-border-radius-top-left:0px;--awb-border-radius-top-right:0px;--awb-border-radius-bottom-right:0px;--awb-border-radius-bottom-left:0px;--awb-flex-wrap:wrap;\" ><div class=\"fusion-builder-row fusion-row fusion-flex-align-items-flex-start fusion-flex-content-wrap\" style=\"max-width:1216.8px;margin-left: calc(-4% \/ 2 );margin-right: calc(-4% \/ 2 );\"><div class=\"fusion-layout-column fusion_builder_column fusion-builder-column-2 fusion_builder_column_1_3 1_3 fusion-flex-column\" style=\"--awb-padding-right:22px;--awb-bg-size:cover;--awb-width-large:33.333333333333%;--awb-margin-top-large:23px;--awb-spacing-right-large:5.184%;--awb-margin-bottom-large:20px;--awb-spacing-left-large:5.76%;--awb-width-medium:100%;--awb-order-medium:0;--awb-spacing-right-medium:1.92%;--awb-spacing-left-medium:1.92%;--awb-width-small:100%;--awb-order-small:0;--awb-spacing-right-small:1.92%;--awb-spacing-left-small:1.92%;\"><div class=\"fusion-column-wrapper fusion-column-has-shadow fusion-flex-justify-content-flex-start fusion-content-layout-column\"><div class=\"fusion-image-element \" style=\"--awb-caption-title-font-family:var(--h2_typography-font-family);--awb-caption-title-font-weight:var(--h2_typography-font-weight);--awb-caption-title-font-style:var(--h2_typography-font-style);--awb-caption-title-size:var(--h2_typography-font-size);--awb-caption-title-transform:var(--h2_typography-text-transform);--awb-caption-title-line-height:var(--h2_typography-line-height);--awb-caption-title-letter-spacing:var(--h2_typography-letter-spacing);\"><span class=\" fusion-imageframe imageframe-glow imageframe-1 hover-type-none\" style=\"border:5px solid #e5e5e5;-webkit-box-shadow: 0 0 3px var(--awb-color8);box-shadow: 0 0 3px var(--awb-color8);\"><a href=\"https:\/\/aphrodisias-excavations.com\/wp-content\/uploads\/2022\/07\/northavenue3_800-400x599.jpeg\" class=\"fusion-lightbox\" data-rel=\"iLightbox[0f771ebad8a1571d4da]\" data-caption=\"Tetrapylon Caddesi\" data-title=\"Tetrapylon Caddesi\" title=\"Tetrapylon Caddesi\"><img decoding=\"async\" width=\"400\" height=\"599\" src=\"https:\/\/aphrodisias-excavations.com\/wp-content\/uploads\/2022\/07\/northavenue3_800.jpeg\" data-orig-src=\"https:\/\/aphrodisias-excavations.com\/wp-content\/uploads\/2022\/07\/northavenue3_800-400x599.jpeg\" alt class=\"lazyload img-responsive wp-image-7914\" srcset=\"data:image\/svg+xml,%3Csvg%20xmlns%3D%27http%3A%2F%2Fwww.w3.org%2F2000%2Fsvg%27%20width%3D%27534%27%20height%3D%27800%27%20viewBox%3D%270%200%20534%20800%27%3E%3Crect%20width%3D%27534%27%20height%3D%27800%27%20fill-opacity%3D%220%22%2F%3E%3C%2Fsvg%3E\" data-srcset=\"https:\/\/aphrodisias-excavations.com\/wp-content\/uploads\/2022\/07\/northavenue3_800-200x300.jpeg 200w, https:\/\/aphrodisias-excavations.com\/wp-content\/uploads\/2022\/07\/northavenue3_800-400x599.jpeg 400w, https:\/\/aphrodisias-excavations.com\/wp-content\/uploads\/2022\/07\/northavenue3_800.jpeg 534w\" data-sizes=\"auto\" data-orig-sizes=\"(max-width: 1024px) 100vw, (max-width: 640px) 100vw, 400px\" \/><\/a><\/span><\/div><div class=\"fusion-separator fusion-full-width-sep\" style=\"align-self: center;margin-left: auto;margin-right: auto;margin-top:5px;margin-bottom:5px;width:100%;\"><div class=\"fusion-separator-border sep-double sep-solid\" style=\"--awb-height:20px;--awb-amount:20px;border-color:var(--awb-color2);border-top-width:0px;border-bottom-width:0px;\"><\/div><\/div><div class=\"fusion-image-element \" style=\"--awb-caption-title-font-family:var(--h2_typography-font-family);--awb-caption-title-font-weight:var(--h2_typography-font-weight);--awb-caption-title-font-style:var(--h2_typography-font-style);--awb-caption-title-size:var(--h2_typography-font-size);--awb-caption-title-transform:var(--h2_typography-text-transform);--awb-caption-title-line-height:var(--h2_typography-line-height);--awb-caption-title-letter-spacing:var(--h2_typography-letter-spacing);\"><span class=\" fusion-imageframe imageframe-glow imageframe-2 hover-type-none\" style=\"border:5px solid #e5e5e5;-webkit-box-shadow: 0 0 3px var(--awb-color8);box-shadow: 0 0 3px var(--awb-color8);\"><a href=\"https:\/\/aphrodisias-excavations.com\/wp-content\/uploads\/2023\/08\/Tetrapylon-Street-1200x1800.jpg\" class=\"fusion-lightbox\" data-rel=\"iLightbox[01404c9961ca080ea39]\" data-title=\"Tetrapylon Street\" title=\"Tetrapylon Street\"><img decoding=\"async\" width=\"1200\" height=\"1800\" src=\"https:\/\/aphrodisias-excavations.com\/wp-content\/uploads\/2023\/08\/Tetrapylon-Street.jpg\" data-orig-src=\"https:\/\/aphrodisias-excavations.com\/wp-content\/uploads\/2023\/08\/Tetrapylon-Street-1200x1800.jpg\" alt class=\"lazyload img-responsive wp-image-8339\" srcset=\"data:image\/svg+xml,%3Csvg%20xmlns%3D%27http%3A%2F%2Fwww.w3.org%2F2000%2Fsvg%27%20width%3D%271365%27%20height%3D%272048%27%20viewBox%3D%270%200%201365%202048%27%3E%3Crect%20width%3D%271365%27%20height%3D%272048%27%20fill-opacity%3D%220%22%2F%3E%3C%2Fsvg%3E\" data-srcset=\"https:\/\/aphrodisias-excavations.com\/wp-content\/uploads\/2023\/08\/Tetrapylon-Street-200x300.jpg 200w, https:\/\/aphrodisias-excavations.com\/wp-content\/uploads\/2023\/08\/Tetrapylon-Street-400x600.jpg 400w, https:\/\/aphrodisias-excavations.com\/wp-content\/uploads\/2023\/08\/Tetrapylon-Street-600x900.jpg 600w, https:\/\/aphrodisias-excavations.com\/wp-content\/uploads\/2023\/08\/Tetrapylon-Street-800x1200.jpg 800w, https:\/\/aphrodisias-excavations.com\/wp-content\/uploads\/2023\/08\/Tetrapylon-Street-1200x1800.jpg 1200w, https:\/\/aphrodisias-excavations.com\/wp-content\/uploads\/2023\/08\/Tetrapylon-Street.jpg 1365w\" data-sizes=\"auto\" data-orig-sizes=\"(max-width: 1024px) 100vw, (max-width: 640px) 100vw, 400px\" \/><\/a><\/span><\/div><div class=\"fusion-separator fusion-full-width-sep\" style=\"align-self: center;margin-left: auto;margin-right: auto;margin-top:5px;margin-bottom:5px;width:100%;\"><div class=\"fusion-separator-border sep-double sep-solid\" style=\"--awb-height:20px;--awb-amount:20px;border-color:var(--awb-color2);border-top-width:0px;border-bottom-width:0px;\"><\/div><\/div><div class=\"fusion-image-element \" style=\"--awb-caption-title-font-family:var(--h2_typography-font-family);--awb-caption-title-font-weight:var(--h2_typography-font-weight);--awb-caption-title-font-style:var(--h2_typography-font-style);--awb-caption-title-size:var(--h2_typography-font-size);--awb-caption-title-transform:var(--h2_typography-text-transform);--awb-caption-title-line-height:var(--h2_typography-line-height);--awb-caption-title-letter-spacing:var(--h2_typography-letter-spacing);\"><span class=\" fusion-imageframe imageframe-glow imageframe-3 hover-type-none\" style=\"border:5px solid #e5e5e5;-webkit-box-shadow: 0 0 3px var(--awb-color8);box-shadow: 0 0 3px var(--awb-color8);\"><a href=\"https:\/\/aphrodisias-excavations.com\/wp-content\/uploads\/2022\/07\/northavenue_800-600x338.jpeg\" class=\"fusion-lightbox\" data-rel=\"iLightbox[5e74f206a288aa26996]\" data-caption=\"Tetrapylon Caddesi\" data-title=\"Tetrapylon Caddesi\" title=\"Tetrapylon Caddesi\"><img decoding=\"async\" width=\"600\" height=\"338\" src=\"https:\/\/aphrodisias-excavations.com\/wp-content\/uploads\/2022\/07\/northavenue_800.jpeg\" data-orig-src=\"https:\/\/aphrodisias-excavations.com\/wp-content\/uploads\/2022\/07\/northavenue_800-600x338.jpeg\" alt class=\"lazyload img-responsive wp-image-7915\" srcset=\"data:image\/svg+xml,%3Csvg%20xmlns%3D%27http%3A%2F%2Fwww.w3.org%2F2000%2Fsvg%27%20width%3D%27800%27%20height%3D%27450%27%20viewBox%3D%270%200%20800%20450%27%3E%3Crect%20width%3D%27800%27%20height%3D%27450%27%20fill-opacity%3D%220%22%2F%3E%3C%2Fsvg%3E\" data-srcset=\"https:\/\/aphrodisias-excavations.com\/wp-content\/uploads\/2022\/07\/northavenue_800-200x113.jpeg 200w, https:\/\/aphrodisias-excavations.com\/wp-content\/uploads\/2022\/07\/northavenue_800-400x225.jpeg 400w, https:\/\/aphrodisias-excavations.com\/wp-content\/uploads\/2022\/07\/northavenue_800-600x338.jpeg 600w, https:\/\/aphrodisias-excavations.com\/wp-content\/uploads\/2022\/07\/northavenue_800.jpeg 800w\" data-sizes=\"auto\" data-orig-sizes=\"(max-width: 1024px) 100vw, (max-width: 640px) 100vw, 400px\" \/><\/a><\/span><\/div><div class=\"fusion-separator fusion-full-width-sep\" style=\"align-self: center;margin-left: auto;margin-right: auto;margin-top:5px;margin-bottom:5px;width:100%;\"><div class=\"fusion-separator-border sep-double sep-solid\" style=\"--awb-height:20px;--awb-amount:20px;border-color:var(--awb-color2);border-top-width:0px;border-bottom-width:0px;\"><\/div><\/div><div class=\"fusion-image-element \" style=\"--awb-caption-title-font-family:var(--h2_typography-font-family);--awb-caption-title-font-weight:var(--h2_typography-font-weight);--awb-caption-title-font-style:var(--h2_typography-font-style);--awb-caption-title-size:var(--h2_typography-font-size);--awb-caption-title-transform:var(--h2_typography-text-transform);--awb-caption-title-line-height:var(--h2_typography-line-height);--awb-caption-title-letter-spacing:var(--h2_typography-letter-spacing);\"><span class=\" fusion-imageframe imageframe-glow imageframe-4 hover-type-none\" style=\"border:5px solid #e5e5e5;-webkit-box-shadow: 0 0 3px var(--awb-color8);box-shadow: 0 0 3px var(--awb-color8);\"><a href=\"https:\/\/aphrodisias-excavations.com\/wp-content\/uploads\/2023\/08\/Tetrapylon-Street-2-1200x900.jpg\" class=\"fusion-lightbox\" data-rel=\"iLightbox[9c98cc111f0f7152ce4]\" data-title=\"Tetrapylon Street 2\" title=\"Tetrapylon Street 2\"><img decoding=\"async\" width=\"1200\" height=\"900\" src=\"https:\/\/aphrodisias-excavations.com\/wp-content\/uploads\/2023\/08\/Tetrapylon-Street-2-scaled.jpg\" data-orig-src=\"https:\/\/aphrodisias-excavations.com\/wp-content\/uploads\/2023\/08\/Tetrapylon-Street-2-1200x900.jpg\" alt class=\"lazyload img-responsive wp-image-8341\" srcset=\"data:image\/svg+xml,%3Csvg%20xmlns%3D%27http%3A%2F%2Fwww.w3.org%2F2000%2Fsvg%27%20width%3D%272560%27%20height%3D%271920%27%20viewBox%3D%270%200%202560%201920%27%3E%3Crect%20width%3D%272560%27%20height%3D%271920%27%20fill-opacity%3D%220%22%2F%3E%3C%2Fsvg%3E\" data-srcset=\"https:\/\/aphrodisias-excavations.com\/wp-content\/uploads\/2023\/08\/Tetrapylon-Street-2-200x150.jpg 200w, https:\/\/aphrodisias-excavations.com\/wp-content\/uploads\/2023\/08\/Tetrapylon-Street-2-400x300.jpg 400w, https:\/\/aphrodisias-excavations.com\/wp-content\/uploads\/2023\/08\/Tetrapylon-Street-2-600x450.jpg 600w, https:\/\/aphrodisias-excavations.com\/wp-content\/uploads\/2023\/08\/Tetrapylon-Street-2-800x600.jpg 800w, https:\/\/aphrodisias-excavations.com\/wp-content\/uploads\/2023\/08\/Tetrapylon-Street-2-1200x900.jpg 1200w\" data-sizes=\"auto\" data-orig-sizes=\"(max-width: 1024px) 100vw, (max-width: 640px) 100vw, 400px\" \/><\/a><\/span><\/div><div class=\"fusion-separator fusion-full-width-sep\" style=\"align-self: center;margin-left: auto;margin-right: auto;margin-top:5px;margin-bottom:5px;width:100%;\"><div class=\"fusion-separator-border sep-double sep-solid\" style=\"--awb-height:20px;--awb-amount:20px;border-color:var(--awb-color2);border-top-width:0px;border-bottom-width:0px;\"><\/div><\/div><div class=\"fusion-image-element \" style=\"--awb-caption-title-font-family:var(--h2_typography-font-family);--awb-caption-title-font-weight:var(--h2_typography-font-weight);--awb-caption-title-font-style:var(--h2_typography-font-style);--awb-caption-title-size:var(--h2_typography-font-size);--awb-caption-title-transform:var(--h2_typography-text-transform);--awb-caption-title-line-height:var(--h2_typography-line-height);--awb-caption-title-letter-spacing:var(--h2_typography-letter-spacing);\"><span class=\" fusion-imageframe imageframe-glow imageframe-5 hover-type-none\" style=\"border:5px solid #e5e5e5;-webkit-box-shadow: 0 0 3px var(--awb-color8);box-shadow: 0 0 3px var(--awb-color8);\"><a href=\"https:\/\/aphrodisias-excavations.com\/wp-content\/uploads\/2023\/08\/Tetrapylon-Street-find-800x531.jpg\" class=\"fusion-lightbox\" data-rel=\"iLightbox[dc96d10aa12a1ace54d]\" data-title=\"Tetrapylon Street find\" title=\"Tetrapylon Street find\"><img decoding=\"async\" width=\"800\" height=\"531\" src=\"https:\/\/aphrodisias-excavations.com\/wp-content\/uploads\/2023\/08\/Tetrapylon-Street-find.jpg\" data-orig-src=\"https:\/\/aphrodisias-excavations.com\/wp-content\/uploads\/2023\/08\/Tetrapylon-Street-find-800x531.jpg\" alt class=\"lazyload img-responsive wp-image-8343\" srcset=\"data:image\/svg+xml,%3Csvg%20xmlns%3D%27http%3A%2F%2Fwww.w3.org%2F2000%2Fsvg%27%20width%3D%271200%27%20height%3D%27797%27%20viewBox%3D%270%200%201200%20797%27%3E%3Crect%20width%3D%271200%27%20height%3D%27797%27%20fill-opacity%3D%220%22%2F%3E%3C%2Fsvg%3E\" data-srcset=\"https:\/\/aphrodisias-excavations.com\/wp-content\/uploads\/2023\/08\/Tetrapylon-Street-find-200x133.jpg 200w, https:\/\/aphrodisias-excavations.com\/wp-content\/uploads\/2023\/08\/Tetrapylon-Street-find-400x266.jpg 400w, https:\/\/aphrodisias-excavations.com\/wp-content\/uploads\/2023\/08\/Tetrapylon-Street-find-600x399.jpg 600w, https:\/\/aphrodisias-excavations.com\/wp-content\/uploads\/2023\/08\/Tetrapylon-Street-find-800x531.jpg 800w, https:\/\/aphrodisias-excavations.com\/wp-content\/uploads\/2023\/08\/Tetrapylon-Street-find.jpg 1200w\" data-sizes=\"auto\" data-orig-sizes=\"(max-width: 1024px) 100vw, (max-width: 640px) 100vw, 400px\" \/><\/a><\/span><\/div><\/div><\/div><div class=\"fusion-layout-column fusion_builder_column fusion-builder-column-3 fusion_builder_column_2_3 2_3 fusion-flex-column\" style=\"--awb-bg-size:cover;--awb-width-large:66.666666666667%;--awb-margin-top-large:0px;--awb-spacing-right-large:2.88%;--awb-margin-bottom-large:20px;--awb-spacing-left-large:0%;--awb-width-medium:100%;--awb-order-medium:0;--awb-spacing-right-medium:1.92%;--awb-spacing-left-medium:1.92%;--awb-width-small:100%;--awb-order-small:0;--awb-spacing-right-small:1.92%;--awb-spacing-left-small:1.92%;\"><div class=\"fusion-column-wrapper fusion-column-has-shadow fusion-flex-justify-content-flex-start fusion-content-layout-column\"><div class=\"fusion-separator fusion-full-width-sep\" style=\"align-self: center;margin-left: auto;margin-right: auto;margin-top:5px;margin-bottom:5px;width:100%;\"><div class=\"fusion-separator-border sep-double sep-solid\" style=\"--awb-height:20px;--awb-amount:20px;border-color:var(--awb-color2);border-top-width:0px;border-bottom-width:0px;\"><\/div><\/div><div class=\"fusion-text fusion-text-1\"><p style=\"text-align: justify; font-size: 16px;\" data-fusion-font=\"true\">Tetrapylon\u2019dan Tiyatro\u2019ya kadar kuzey-g\u00fcney do\u011frultusunda uzanan Tetrapylon Caddesi, \u015fehir merkezinin do\u011fu taraf\u0131ndaki ana cadde i\u015flevini g\u00f6r\u00fcyordu. Tetrapylon\u2019un hemen g\u00fcneyindeki caddenin bir k\u0131sm\u0131 1980&#8217;lerde kaz\u0131lm\u0131\u015f ve caddenin do\u011fusundaki alanda bir yerle\u015fim alan\u0131n\u0131n da bulundu\u011funu g\u00f6stermi\u015ftir. Cadde s\u00fctunlar\u0131nda \u00fczerlerinde \u00e7e\u015fitli k\u0131rsal faaliyetlerle u\u011fra\u015fan putti oymalar\u0131 olan yakla\u015f\u0131k yirmi kadar ge\u00e7 antik fig\u00fcrl\u00fc pilaster ba\u015fl\u0131\u011f\u0131 bulunmu\u015ftur. Bunlar\u0131n yukar\u0131daki zenginlerin ikamet etti\u011fi apartmanlarla ba\u011flant\u0131l\u0131 olmas\u0131 beklenir.<\/p>\n<p data-fusion-font=\"true\" style=\"text-align: justify; font-size: 16px;\">Caddenin g\u00fcneyinde, Sebasteion Propylon&#8217;a ve \u00f6tesine kadar uzanan bir k\u0131sm\u0131n\u0131n kaz\u0131 projesine 2008 y\u0131l\u0131nda ba\u015flanm\u0131\u015ft\u0131r. Projenin amac\u0131, caddenin bu b\u00f6l\u00fcm\u00fcn\u00fc ziyaret\u00e7ilere a\u00e7mak ve \u015fehrin detayl\u0131 arkeolojik tarihini Ge\u00e7 Antik, Bizans, Sel\u00e7uklu ve Osmanl\u0131 d\u00f6nemlerini kapsayacak \u015fekilde incelemektir. Tetrapylon&#8217;dan Tiyatro&#8217;ya kadar kuzey-g\u00fcney y\u00f6n\u00fcnde uzanan caddedeki kaz\u0131lar \u00f6nemli bir kentsel arteri ortaya \u00e7\u0131kararak, Roma&#8217;dan Osmanl\u0131 d\u00f6nemine kadar b\u00f6lgede kesintisiz insan faaliyetinin \u00f6zelliklerini ortaya koymu\u015ftur. MS 5. y\u00fczy\u0131l\u0131n sonlar\u0131na tarihlenen s\u00fctunlu cadde, 7. y\u00fczy\u0131l\u0131n ba\u015flar\u0131nda y\u0131k\u0131lm\u0131\u015f, ard\u0131ndan ya\u015fam caddenin kal\u0131nt\u0131lar\u0131 \u00fczerinde yeniden ba\u015flam\u0131\u015ft\u0131r.<\/p>\n<p data-fusion-font=\"true\" style=\"text-align: justify; font-size: 16px;\">Caddenin tek bir seferde mavi-gri mermer levhalarla kapland\u0131\u011f\u0131, ta\u015f ustalar\u0131n\u0131n levhalarda b\u0131rakt\u0131\u011f\u0131 \u00e7ok say\u0131daki i\u015faretlerden anla\u015f\u0131lmaktad\u0131r. \u0130ki katl\u0131 olan do\u011fu kolonadda yeni tu\u011fla ve ta\u015f payandalar aras\u0131nda yeni veya dev\u015firme s\u00fctunlar vard\u0131. Kemerli \u00fcst kat\u0131n baz\u0131 \u00e7ift yar\u0131m s\u00fctunlar\u0131 ve tu\u011fla kemerleri cadde y\u00fczeyinin \u00fczerine \u00e7\u00f6km\u00fc\u015f veya i\u00e7ine g\u00f6m\u00fclm\u00fc\u015f halde bulunmu\u015ftur. Alt katta d\u00fckkanlar vard\u0131. \u00dcst katlarda bulunan zengin buluntular aras\u0131nda pilaster ba\u015fl\u0131klar\u0131, renkli duvar mozaikleri, g\u00f6steri\u015fli bronz kap\u0131 topuzlar\u0131, bronz kaplar, de\u011ferli ta\u015flar ve bol miktarda pencere cam\u0131 vard\u0131r.<\/p>\n<p data-fusion-font=\"true\" style=\"text-align: justify; font-size: 16px;\">Caddenin kolonadlar\u0131 MS 7. y\u00fczy\u0131l\u0131n ba\u015flar\u0131nda b\u00fcy\u00fck bir yang\u0131n sonucu \u00e7\u00f6km\u00fc\u015ft\u00fcr (y\u0131k\u0131nt\u0131da kalan bir defineye g\u00f6re MS 616-617). Ard\u0131ndan k\u0131smen temizlenen y\u0131k\u0131nt\u0131lar\u0131n \u00fczerinde orta \u00e7a\u011f ya\u015fam\u0131 yeniden ba\u015flam\u0131\u015ft\u0131r. Daha g\u00fcneydeki ni\u015fli bina ile Sebasteion aras\u0131nda, i\u00e7inde b\u00fcy\u00fck miktarda ge\u00e7 Roma d\u00f6nemi k\u0131r\u0131k cam par\u00e7as\u0131 olan bir Bizans d\u00f6nemi cam at\u00f6lyesi ve olas\u0131l\u0131kla kuma\u015f boyayan bir Osmanl\u0131 tesisi bulunmu\u015ftur. <\/p>\n<p data-fusion-font=\"true\" style=\"text-align: justify; font-size: 16px;\">Caddenin g\u00fcney k\u0131sm\u0131nda, Sebasteion Propylon&#8217;un g\u00fcneyinde yap\u0131lan kaz\u0131larda, kuzeydo\u011fu k\u00f6\u015fesinde Kent Park\u0131&#8217;na eri\u015fimi sa\u011flayan Diogenes Propylonu&#8217;nun alt\u0131ndaki t\u00fcnele do\u011fru ilerleyen bir rampa ba\u011flant\u0131s\u0131 tespit edilmi\u015ftir. Kemerli iki katl\u0131 do\u011fu kolonad\u0131ndaki d\u00fczenlemelerin s\u0131ras\u0131 burada, 5. y\u00fczy\u0131l\u0131n sonlar\u0131ndan 7. y\u00fczy\u0131l\u0131n ba\u015flar\u0131na kadar iyi korunmu\u015f ve kapsaml\u0131 olarak belgelenmi\u015ftir. Cadde boyunca uzanan do\u011fu kolonad\u0131n bat\u0131ya do\u011fru h\u00e2l\u00e2 kullan\u0131mdayken caddeye \u00e7\u00f6kt\u00fc\u011f\u00fcne dair i\u015faretler kaz\u0131n\u0131n bu b\u00f6l\u00fcm\u00fcnde \u00f6zellikle belirgindir. <\/p>\n<p data-fusion-font=\"true\" style=\"text-align: justify; font-size: 16px;\">Cadde projesindeki mevcut \u00e7al\u0131\u015fmalar, caddenin konservasyonuna ve tarihi ile kaz\u0131lar\u0131n\u0131n bir monografi halinde yay\u0131nlanmas\u0131na odaklanmaktad\u0131r. <\/p>\n<\/div><div class=\"fusion-image-element \" style=\"--awb-caption-title-font-family:var(--h2_typography-font-family);--awb-caption-title-font-weight:var(--h2_typography-font-weight);--awb-caption-title-font-style:var(--h2_typography-font-style);--awb-caption-title-size:var(--h2_typography-font-size);--awb-caption-title-transform:var(--h2_typography-text-transform);--awb-caption-title-line-height:var(--h2_typography-line-height);--awb-caption-title-letter-spacing:var(--h2_typography-letter-spacing);\"><span class=\" fusion-imageframe imageframe-none imageframe-6 hover-type-none\"><img decoding=\"async\" width=\"600\" height=\"476\" title=\"Tetrapylon Caddesi\" src=\"https:\/\/aphrodisias-excavations.com\/wp-content\/uploads\/2022\/07\/northavenue2_800.jpeg\" data-orig-src=\"https:\/\/aphrodisias-excavations.com\/wp-content\/uploads\/2022\/07\/northavenue2_800-600x476.jpeg\" alt class=\"lazyload img-responsive wp-image-7913\" srcset=\"data:image\/svg+xml,%3Csvg%20xmlns%3D%27http%3A%2F%2Fwww.w3.org%2F2000%2Fsvg%27%20width%3D%27800%27%20height%3D%27635%27%20viewBox%3D%270%200%20800%20635%27%3E%3Crect%20width%3D%27800%27%20height%3D%27635%27%20fill-opacity%3D%220%22%2F%3E%3C%2Fsvg%3E\" data-srcset=\"https:\/\/aphrodisias-excavations.com\/wp-content\/uploads\/2022\/07\/northavenue2_800-200x159.jpeg 200w, https:\/\/aphrodisias-excavations.com\/wp-content\/uploads\/2022\/07\/northavenue2_800-400x318.jpeg 400w, https:\/\/aphrodisias-excavations.com\/wp-content\/uploads\/2022\/07\/northavenue2_800-600x476.jpeg 600w, https:\/\/aphrodisias-excavations.com\/wp-content\/uploads\/2022\/07\/northavenue2_800.jpeg 800w\" data-sizes=\"auto\" data-orig-sizes=\"(max-width: 1024px) 100vw, (max-width: 640px) 100vw, 600px\" \/><\/span><\/div><\/div><\/div><\/div><\/div><\/p>\n","protected":false},"excerpt":{"rendered":"","protected":false},"author":1,"featured_media":0,"parent":0,"menu_order":0,"comment_status":"closed","ping_status":"closed","template":"100-width.php","meta":{"_coblocks_attr":"","_coblocks_dimensions":"","_coblocks_responsive_height":"","_coblocks_accordion_ie_support":"","footnotes":""},"class_list":["post-7666","page","type-page","status-publish","hentry"],"_links":{"self":[{"href":"https:\/\/aphrodisias-excavations.com\/tr\/wp-json\/wp\/v2\/pages\/7666","targetHints":{"allow":["GET"]}}],"collection":[{"href":"https:\/\/aphrodisias-excavations.com\/tr\/wp-json\/wp\/v2\/pages"}],"about":[{"href":"https:\/\/aphrodisias-excavations.com\/tr\/wp-json\/wp\/v2\/types\/page"}],"author":[{"embeddable":true,"href":"https:\/\/aphrodisias-excavations.com\/tr\/wp-json\/wp\/v2\/users\/1"}],"replies":[{"embeddable":true,"href":"https:\/\/aphrodisias-excavations.com\/tr\/wp-json\/wp\/v2\/comments?post=7666"}],"version-history":[{"count":10,"href":"https:\/\/aphrodisias-excavations.com\/tr\/wp-json\/wp\/v2\/pages\/7666\/revisions"}],"predecessor-version":[{"id":9163,"href":"https:\/\/aphrodisias-excavations.com\/tr\/wp-json\/wp\/v2\/pages\/7666\/revisions\/9163"}],"wp:attachment":[{"href":"https:\/\/aphrodisias-excavations.com\/tr\/wp-json\/wp\/v2\/media?parent=7666"}],"curies":[{"name":"wp","href":"https:\/\/api.w.org\/{rel}","templated":true}]}}