{"id":7651,"date":"2022-07-27T10:05:16","date_gmt":"2022-07-27T07:05:16","guid":{"rendered":"https:\/\/aphrodisias-excavations.com\/heykel-kaideleri\/"},"modified":"2024-08-08T09:40:28","modified_gmt":"2024-08-08T06:40:28","slug":"heykel-kaideleri","status":"publish","type":"page","link":"https:\/\/aphrodisias-excavations.com\/tr\/heykel-kaideleri\/","title":{"rendered":"Heykel Kaideleri"},"content":{"rendered":"<p><div class=\"fusion-fullwidth fullwidth-box fusion-builder-row-1 fusion-flex-container nonhundred-percent-fullwidth non-hundred-percent-height-scrolling fusion-animated\" style=\"--awb-border-radius-top-left:0px;--awb-border-radius-top-right:0px;--awb-border-radius-bottom-right:0px;--awb-border-radius-bottom-left:0px;--awb-margin-bottom:0px;--awb-margin-bottom-medium:80px;--awb-margin-bottom-small:60px;--awb-flex-wrap:wrap;\" data-animationType=\"fadeInUp\" data-animationDuration=\"1.3\" data-animationOffset=\"top-into-view\" ><div class=\"fusion-builder-row fusion-row fusion-flex-align-items-center fusion-flex-content-wrap\" style=\"max-width:1216.8px;margin-left: calc(-4% \/ 2 );margin-right: calc(-4% \/ 2 );\"><div class=\"fusion-layout-column fusion_builder_column fusion-builder-column-0 fusion_builder_column_1_1 1_1 fusion-flex-column\" style=\"--awb-bg-blend:overlay;--awb-bg-size:cover;--awb-width-large:100%;--awb-margin-top-large:0px;--awb-spacing-right-large:1.92%;--awb-margin-bottom-large:0px;--awb-spacing-left-large:1.92%;--awb-width-medium:40%;--awb-spacing-right-medium:4.8%;--awb-spacing-left-medium:4.8%;--awb-width-small:100%;--awb-spacing-right-small:1.92%;--awb-margin-bottom-small:15px;--awb-spacing-left-small:1.92%;\"><div class=\"fusion-column-wrapper fusion-flex-justify-content-flex-start fusion-content-layout-column\"><div class=\"fusion-title title fusion-title-1 fusion-title-text fusion-title-size-two\" style=\"--awb-margin-bottom:0px;--awb-margin-top-small:0px;--awb-margin-bottom-small:20px;--awb-font-size:37px;\"><div class=\"title-sep-container title-sep-container-left fusion-no-large-visibility fusion-no-medium-visibility fusion-no-small-visibility\"><div class=\"title-sep sep- sep-solid\" style=\"border-color:var(--awb-color3);\"><\/div><\/div><span class=\"awb-title-spacer fusion-no-large-visibility fusion-no-medium-visibility fusion-no-small-visibility\"><\/span><h2 class=\"fusion-title-heading title-heading-left fusion-responsive-typography-calculated\" style=\"margin:0;text-transform:capitalize;font-size:1em;--fontSize:37;line-height:1.35;\"><h2><strong>Heykel kaideleri<\/strong><\/h2><\/h2><span class=\"awb-title-spacer\"><\/span><div class=\"title-sep-container title-sep-container-right\"><div class=\"title-sep sep- sep-solid\" style=\"border-color:var(--awb-color3);\"><\/div><\/div><\/div><\/div><\/div><\/div><\/div><div class=\"fusion-fullwidth fullwidth-box fusion-builder-row-2 fusion-flex-container has-pattern-background has-mask-background nonhundred-percent-fullwidth non-hundred-percent-height-scrolling\" style=\"--awb-border-radius-top-left:0px;--awb-border-radius-top-right:0px;--awb-border-radius-bottom-right:0px;--awb-border-radius-bottom-left:0px;--awb-flex-wrap:wrap;\" ><div class=\"fusion-builder-row fusion-row fusion-flex-align-items-flex-start fusion-flex-content-wrap\" style=\"max-width:1216.8px;margin-left: calc(-4% \/ 2 );margin-right: calc(-4% \/ 2 );\"><div class=\"fusion-layout-column fusion_builder_column fusion-builder-column-1 fusion_builder_column_1_1 1_1 fusion-flex-column\" style=\"--awb-bg-size:cover;--awb-width-large:100%;--awb-margin-top-large:0px;--awb-spacing-right-large:1.92%;--awb-margin-bottom-large:20px;--awb-spacing-left-large:1.92%;--awb-width-medium:100%;--awb-order-medium:0;--awb-spacing-right-medium:1.92%;--awb-spacing-left-medium:1.92%;--awb-width-small:100%;--awb-order-small:0;--awb-spacing-right-small:1.92%;--awb-spacing-left-small:1.92%;\"><div class=\"fusion-column-wrapper fusion-column-has-shadow fusion-flex-justify-content-flex-start fusion-content-layout-column\"><div class=\"fusion-separator fusion-full-width-sep\" style=\"align-self: center;margin-left: auto;margin-right: auto;margin-top:0px;margin-bottom:0px;width:100%;\"><div class=\"fusion-separator-border sep-single sep-solid\" style=\"--awb-height:20px;--awb-amount:20px;border-color:var(--awb-color2);border-top-width:2px;\"><\/div><\/div><\/div><\/div><\/div><\/div><div class=\"fusion-fullwidth fullwidth-box fusion-builder-row-3 fusion-flex-container has-pattern-background has-mask-background nonhundred-percent-fullwidth non-hundred-percent-height-scrolling\" style=\"--awb-border-radius-top-left:0px;--awb-border-radius-top-right:0px;--awb-border-radius-bottom-right:0px;--awb-border-radius-bottom-left:0px;--awb-flex-wrap:wrap;\" ><div class=\"fusion-builder-row fusion-row fusion-flex-align-items-flex-start fusion-flex-content-wrap\" style=\"max-width:1216.8px;margin-left: calc(-4% \/ 2 );margin-right: calc(-4% \/ 2 );\"><div class=\"fusion-layout-column fusion_builder_column fusion-builder-column-2 fusion_builder_column_1_3 1_3 fusion-flex-column\" style=\"--awb-padding-right:22px;--awb-bg-size:cover;--awb-width-large:33.333333333333%;--awb-margin-top-large:23px;--awb-spacing-right-large:5.184%;--awb-margin-bottom-large:20px;--awb-spacing-left-large:5.76%;--awb-width-medium:100%;--awb-order-medium:0;--awb-spacing-right-medium:1.92%;--awb-spacing-left-medium:1.92%;--awb-width-small:100%;--awb-order-small:0;--awb-spacing-right-small:1.92%;--awb-spacing-left-small:1.92%;\"><div class=\"fusion-column-wrapper fusion-column-has-shadow fusion-flex-justify-content-flex-start fusion-content-layout-column\"><div class=\"fusion-image-element \" style=\"--awb-caption-title-font-family:var(--h2_typography-font-family);--awb-caption-title-font-weight:var(--h2_typography-font-weight);--awb-caption-title-font-style:var(--h2_typography-font-style);--awb-caption-title-size:var(--h2_typography-font-size);--awb-caption-title-transform:var(--h2_typography-text-transform);--awb-caption-title-line-height:var(--h2_typography-line-height);--awb-caption-title-letter-spacing:var(--h2_typography-letter-spacing);\"><span class=\" fusion-imageframe imageframe-glow imageframe-1 hover-type-none\" style=\"border:5px solid #e5e5e5;-webkit-box-shadow: 0 0 3px var(--awb-color8);box-shadow: 0 0 3px var(--awb-color8);\"><a href=\"https:\/\/aphrodisias-excavations.com\/wp-content\/uploads\/2022\/07\/statuebases2_800-1-400x533.jpeg\" class=\"fusion-lightbox\" data-rel=\"iLightbox[c20d2cf44c5a3f10c22]\" data-caption=\"Statue bases\" data-title=\"Statue bases\" title=\"Statue bases\"><img decoding=\"async\" width=\"400\" height=\"533\" src=\"https:\/\/aphrodisias-excavations.com\/wp-content\/uploads\/2022\/07\/statuebases2_800-1.jpeg\" data-orig-src=\"https:\/\/aphrodisias-excavations.com\/wp-content\/uploads\/2022\/07\/statuebases2_800-1-400x533.jpeg\" alt class=\"lazyload img-responsive wp-image-6780\" srcset=\"data:image\/svg+xml,%3Csvg%20xmlns%3D%27http%3A%2F%2Fwww.w3.org%2F2000%2Fsvg%27%20width%3D%27600%27%20height%3D%27800%27%20viewBox%3D%270%200%20600%20800%27%3E%3Crect%20width%3D%27600%27%20height%3D%27800%27%20fill-opacity%3D%220%22%2F%3E%3C%2Fsvg%3E\" data-srcset=\"https:\/\/aphrodisias-excavations.com\/wp-content\/uploads\/2022\/07\/statuebases2_800-1-200x267.jpeg 200w, https:\/\/aphrodisias-excavations.com\/wp-content\/uploads\/2022\/07\/statuebases2_800-1-400x533.jpeg 400w, https:\/\/aphrodisias-excavations.com\/wp-content\/uploads\/2022\/07\/statuebases2_800-1.jpeg 600w\" data-sizes=\"auto\" data-orig-sizes=\"(max-width: 1024px) 100vw, (max-width: 640px) 100vw, 400px\" \/><\/a><\/span><\/div><div class=\"fusion-separator fusion-full-width-sep\" style=\"align-self: center;margin-left: auto;margin-right: auto;margin-top:5px;margin-bottom:5px;width:100%;\"><div class=\"fusion-separator-border sep-double sep-solid\" style=\"--awb-height:20px;--awb-amount:20px;border-color:var(--awb-color2);border-top-width:0px;border-bottom-width:0px;\"><\/div><\/div><div class=\"fusion-image-element \" style=\"--awb-caption-title-font-family:var(--h2_typography-font-family);--awb-caption-title-font-weight:var(--h2_typography-font-weight);--awb-caption-title-font-style:var(--h2_typography-font-style);--awb-caption-title-size:var(--h2_typography-font-size);--awb-caption-title-transform:var(--h2_typography-text-transform);--awb-caption-title-line-height:var(--h2_typography-line-height);--awb-caption-title-letter-spacing:var(--h2_typography-letter-spacing);\"><span class=\" fusion-imageframe imageframe-glow imageframe-2 hover-type-none\" style=\"border:5px solid #e5e5e5;-webkit-box-shadow: 0 0 3px var(--awb-color8);box-shadow: 0 0 3px var(--awb-color8);\"><a href=\"https:\/\/aphrodisias-excavations.com\/wp-content\/uploads\/2022\/07\/statuebases_800-400x581.jpeg\" class=\"fusion-lightbox\" data-rel=\"iLightbox[c4e86a98c3dc94e40ce]\" data-caption=\"Statue bases\" data-title=\"Statue bases\" title=\"Statue bases\"><img decoding=\"async\" width=\"400\" height=\"581\" src=\"https:\/\/aphrodisias-excavations.com\/wp-content\/uploads\/2022\/07\/statuebases_800.jpeg\" data-orig-src=\"https:\/\/aphrodisias-excavations.com\/wp-content\/uploads\/2022\/07\/statuebases_800-400x581.jpeg\" alt class=\"lazyload img-responsive wp-image-6779\" srcset=\"data:image\/svg+xml,%3Csvg%20xmlns%3D%27http%3A%2F%2Fwww.w3.org%2F2000%2Fsvg%27%20width%3D%27551%27%20height%3D%27800%27%20viewBox%3D%270%200%20551%20800%27%3E%3Crect%20width%3D%27551%27%20height%3D%27800%27%20fill-opacity%3D%220%22%2F%3E%3C%2Fsvg%3E\" data-srcset=\"https:\/\/aphrodisias-excavations.com\/wp-content\/uploads\/2022\/07\/statuebases_800-200x290.jpeg 200w, https:\/\/aphrodisias-excavations.com\/wp-content\/uploads\/2022\/07\/statuebases_800-400x581.jpeg 400w, https:\/\/aphrodisias-excavations.com\/wp-content\/uploads\/2022\/07\/statuebases_800.jpeg 551w\" data-sizes=\"auto\" data-orig-sizes=\"(max-width: 1024px) 100vw, (max-width: 640px) 100vw, 400px\" \/><\/a><\/span><\/div><\/div><\/div><div class=\"fusion-layout-column fusion_builder_column fusion-builder-column-3 fusion_builder_column_2_3 2_3 fusion-flex-column\" style=\"--awb-bg-size:cover;--awb-width-large:66.666666666667%;--awb-margin-top-large:0px;--awb-spacing-right-large:2.88%;--awb-margin-bottom-large:20px;--awb-spacing-left-large:0%;--awb-width-medium:100%;--awb-order-medium:0;--awb-spacing-right-medium:1.92%;--awb-spacing-left-medium:1.92%;--awb-width-small:100%;--awb-order-small:0;--awb-spacing-right-small:1.92%;--awb-spacing-left-small:1.92%;\"><div class=\"fusion-column-wrapper fusion-column-has-shadow fusion-flex-justify-content-flex-start fusion-content-layout-column\"><div class=\"fusion-separator fusion-full-width-sep\" style=\"align-self: center;margin-left: auto;margin-right: auto;margin-top:5px;margin-bottom:5px;width:100%;\"><div class=\"fusion-separator-border sep-double sep-solid\" style=\"--awb-height:20px;--awb-amount:20px;border-color:var(--awb-color2);border-top-width:0px;border-bottom-width:0px;\"><\/div><\/div><div class=\"fusion-text fusion-text-1\"><p style=\"text-align: justify; font-size: 16px;\" data-fusion-font=\"true\">Aphrodisias\u2019ta, \u015fehirde ya\u015fam\u0131\u015f insanlar\u0131 onurland\u0131rmak amac\u0131yla yap\u0131lan portre heykelleri ta\u015f\u0131yan 250\u2019den fazla yaz\u0131tl\u0131 kaide bulunmu\u015ftur. B\u00fcy\u00fck \u00e7o\u011funlu\u011fu MS 1. ve 2. y\u00fczy\u0131la tarihlendirilen yaz\u0131tlar, en \u00f6nemlisi kamusal heykel olan \u00e7e\u015fitli onurland\u0131rmalara kar\u015f\u0131l\u0131k, zengin yerlilerin kamu yarar\u0131na zaman ve para harcad\u0131klar\u0131 etkin bir onurland\u0131rma k\u00fclt\u00fcr\u00fcn\u00fcn varl\u0131\u011f\u0131na i\u015faret etmektedir.<\/p>\n<p style=\"text-align: justify;\"><strong style=\"font-size: 16px;\" data-fusion-font=\"true\">Alexandros.<\/strong><span style=\"font-size: 16px;\" data-fusion-font=\"true\">. \u0130lgin\u00e7 \u00f6rneklerden biri MS 150 dolaylar\u0131nda ya\u015fam\u0131\u015f yerel bir filozof aileden gelmektedir.  Yaz\u0131tl\u0131 ta\u015f, zaman\u0131nda T. Aurelius Alexandros ad\u0131nda yerel bir filozofun heykelini ta\u015f\u0131yan kaidenin bir par\u00e7as\u0131d\u0131r. Heykel ve kaidesi, g\u00fcn\u00fcm\u00fczde \u2018\u2019Aphrodisias\u2019l\u0131 Alexander\u2019\u2019 olarak bilinen ve kendisi de \u00fcnl\u00fc bir Aristocu filozof olan o\u011flu taraf\u0131ndan yapt\u0131r\u0131lm\u0131\u015ft\u0131r. Kaide \u00fczerinde:<\/span><\/p>\n<blockquote class=\"blockquote\">\n<p style=\"text-align: justify; font-size: 16px;\" data-fusion-font=\"true\">&#8220;Meclisin ve halk\u0131n ald\u0131\u011f\u0131 karar uyar\u0131nca, filozof ve Atinal\u0131 Diadochlardan biri (olan) Titus Aurelius Alexandros, babas\u0131 filozof Titus Aurelius Alexandros(\u2019u onurland\u0131rd\u0131)&#8221; yazmaktad\u0131r.<\/p>\n<\/blockquote>\n<p style=\"text-align: justify; font-size: 16px;\" data-fusion-font=\"true\">&#8220;Atinal\u0131 Diadochlardan biri&#8221; veya &#8220;Haleflerden&#8221; ibaresi, bu ki\u015finin Atina\u2019da Aristoteles taraf\u0131ndan kurulan ve Lyceum olarak bilinen okulda felsefe b\u00f6l\u00fcm\u00fcn\u00fcn ba\u015fkanl\u0131\u011f\u0131n\u0131 yapt\u0131\u011f\u0131 anlam\u0131na gelmektedir. Aphrodisias\u2019l\u0131 Alexander, do\u011fru ba\u011flant\u0131lar\u0131 kurarak babas\u0131n\u0131n ad\u0131na, memleketi Aphrodisias\u2019ta kamusal bir heykel yap\u0131lmas\u0131n\u0131 sa\u011flam\u0131\u015ft\u0131r ve Atina\u2019da \u00e7al\u0131\u015fmas\u0131na ra\u011fmen Asya\u2019daki memleketiyle yak\u0131n ili\u015fkiler i\u00e7erisinde oldu\u011fu anla\u015f\u0131lmaktad\u0131r.<\/p>\n<p style=\"text-align: justify; font-size: 16px;\" data-fusion-font=\"true\">Buluntu yeri: Karacasu<\/p>\n<p style=\"text-align: justify;\"><strong style=\"font-size: 16px;\" data-fusion-font=\"true\">Tatiane<\/strong><span style=\"font-size: 16px;\" data-fusion-font=\"true\">. Bir di\u011fer kaide, zengin kad\u0131nlar\u0131n da \u015fehrin onurland\u0131rma k\u00fclt\u00fcr\u00fcne dahil olduklar\u0131n\u0131n iyi bir \u00f6rne\u011fidir. Claudia Antonia Tatiana MS 200 dolaylar\u0131nda Meclis Binas\u0131n\u0131n giri\u015finde duran bir heykel ile onurland\u0131r\u0131lm\u0131\u015ft\u0131r. Kaidesi g\u00fcn\u00fcm\u00fczde in-situ halde (\u00f6zg\u00fcn yerinde) durmaktad\u0131r.  \u00dczerinde:<\/span><\/p>\n<blockquote class=\"blockquote\">\n<p style=\"text-align: justify; font-size: 16px;\" data-fusion-font=\"true\">&#8220;Meclis ve halk Claudia Antonia Tatiana(\u2019y\u0131 onurland\u0131rd\u0131), egregia femina, atalar\u0131 gibi hay\u0131rsever, Senat\u00f6rler Claudius Diogenes ve Claudius Attalos\u2019un kuzeni. Tib(erius) Cl(audius) Kapitoleinos (heykelin dikilmesi i\u015fine) nezaret etmi\u015ftir.&#8221; yazmaktad\u0131r.<\/p>\n<\/blockquote>\n<p style=\"text-align: justify; font-size: 16px;\" data-fusion-font=\"true\">Tatiane, serveti ve r\u00fctbesi (egregia femina, Romal\u0131 at binicisi), uzun y\u0131llara dayanan hay\u0131rsever kimli\u011fi ve en y\u00fcksek mertebe olarak g\u00f6r\u00fclen Roma Senatosu \u00fcyesi iki kuzeni gibi n\u00fcfuzlu aile fertleri nedeniyle onurland\u0131r\u0131lm\u0131\u015ft\u0131r. Metnin yaz\u0131m\u0131 \u00fcst\u00fcn kalitededir. Kaide 2.00 m y\u00fcksekli\u011fe sahiptir ve g\u00fcn\u00fcm\u00fcze ula\u015fan heykelin kendisiyle beraber an\u0131t\u0131n y\u00fcksekli\u011fi 4.50 m\u2019ye ula\u015fmaktad\u0131r. Eser \u015fehirdeki en itibarl\u0131 heykellerden biridir. Yerel vatanda\u015flar ad\u0131na dikilen bu tip onurland\u0131rma heykellerinin yakla\u015f\u0131k %15\u2019i kad\u0131nlara aittir.<\/p>\n<\/div><div class=\"fusion-text fusion-text-2\"><p><span style=\"font-size: 16px;\" data-fusion-font=\"true\">Buluntu Yeri:<\/span> <a style=\"font-size: 16px;\" href=\"https:\/\/aphrodisias-excavations.com\/tr\/meclis-binasi\/\" data-fusion-font=\"true\">Meclis Binas\u0131 (Bouleuterion)<\/a><\/p>\n<p><span style=\"font-size: 16px;\" data-fusion-font=\"true\">Ayr\u0131ca bak\u0131n\u0131z: <\/span><a style=\"font-size: 16px;\" href=\"https:\/\/aphrodisias-excavations.com\/tr\/dometeinos-ve-tatiana-heykelleri\/\" data-fusion-font=\"true\">Dometeinos and Tatiane<\/a><\/p>\n<\/div><\/div><\/div><\/div><\/div><\/p>\n","protected":false},"excerpt":{"rendered":"","protected":false},"author":1,"featured_media":0,"parent":0,"menu_order":0,"comment_status":"closed","ping_status":"closed","template":"100-width.php","meta":{"_coblocks_attr":"","_coblocks_dimensions":"","_coblocks_responsive_height":"","_coblocks_accordion_ie_support":"","footnotes":""},"class_list":["post-7651","page","type-page","status-publish","hentry"],"_links":{"self":[{"href":"https:\/\/aphrodisias-excavations.com\/tr\/wp-json\/wp\/v2\/pages\/7651","targetHints":{"allow":["GET"]}}],"collection":[{"href":"https:\/\/aphrodisias-excavations.com\/tr\/wp-json\/wp\/v2\/pages"}],"about":[{"href":"https:\/\/aphrodisias-excavations.com\/tr\/wp-json\/wp\/v2\/types\/page"}],"author":[{"embeddable":true,"href":"https:\/\/aphrodisias-excavations.com\/tr\/wp-json\/wp\/v2\/users\/1"}],"replies":[{"embeddable":true,"href":"https:\/\/aphrodisias-excavations.com\/tr\/wp-json\/wp\/v2\/comments?post=7651"}],"version-history":[{"count":7,"href":"https:\/\/aphrodisias-excavations.com\/tr\/wp-json\/wp\/v2\/pages\/7651\/revisions"}],"predecessor-version":[{"id":9151,"href":"https:\/\/aphrodisias-excavations.com\/tr\/wp-json\/wp\/v2\/pages\/7651\/revisions\/9151"}],"wp:attachment":[{"href":"https:\/\/aphrodisias-excavations.com\/tr\/wp-json\/wp\/v2\/media?parent=7651"}],"curies":[{"name":"wp","href":"https:\/\/api.w.org\/{rel}","templated":true}]}}