{"id":7645,"date":"2022-07-23T08:11:44","date_gmt":"2022-07-23T05:11:44","guid":{"rendered":"https:\/\/aphrodisias-excavations.com\/sponsorlar\/"},"modified":"2024-08-08T09:36:16","modified_gmt":"2024-08-08T06:36:16","slug":"sponsorlar","status":"publish","type":"page","link":"https:\/\/aphrodisias-excavations.com\/tr\/sponsorlar\/","title":{"rendered":"Sponsorlar"},"content":{"rendered":"<p><div class=\"fusion-fullwidth fullwidth-box fusion-builder-row-1 fusion-flex-container nonhundred-percent-fullwidth non-hundred-percent-height-scrolling fusion-animated\" style=\"--awb-border-radius-top-left:0px;--awb-border-radius-top-right:0px;--awb-border-radius-bottom-right:0px;--awb-border-radius-bottom-left:0px;--awb-margin-bottom:0px;--awb-margin-bottom-medium:80px;--awb-margin-bottom-small:60px;--awb-flex-wrap:wrap;\" data-animationType=\"fadeInUp\" data-animationDuration=\"1.3\" data-animationOffset=\"top-into-view\" ><div class=\"fusion-builder-row fusion-row fusion-flex-align-items-center fusion-flex-content-wrap\" style=\"max-width:1216.8px;margin-left: calc(-4% \/ 2 );margin-right: calc(-4% \/ 2 );\"><div class=\"fusion-layout-column fusion_builder_column fusion-builder-column-0 fusion_builder_column_1_1 1_1 fusion-flex-column\" style=\"--awb-bg-blend:overlay;--awb-bg-size:cover;--awb-width-large:100%;--awb-margin-top-large:0px;--awb-spacing-right-large:1.92%;--awb-margin-bottom-large:0px;--awb-spacing-left-large:1.92%;--awb-width-medium:40%;--awb-spacing-right-medium:4.8%;--awb-spacing-left-medium:4.8%;--awb-width-small:100%;--awb-spacing-right-small:1.92%;--awb-margin-bottom-small:15px;--awb-spacing-left-small:1.92%;\"><div class=\"fusion-column-wrapper fusion-flex-justify-content-flex-start fusion-content-layout-column\"><div class=\"fusion-title title fusion-title-1 fusion-title-text fusion-title-size-two\" style=\"--awb-margin-bottom:0px;--awb-margin-top-small:0px;--awb-margin-bottom-small:20px;--awb-font-size:37px;\"><div class=\"title-sep-container title-sep-container-left fusion-no-large-visibility fusion-no-medium-visibility fusion-no-small-visibility\"><div class=\"title-sep sep- sep-solid\" style=\"border-color:var(--awb-color3);\"><\/div><\/div><span class=\"awb-title-spacer fusion-no-large-visibility fusion-no-medium-visibility fusion-no-small-visibility\"><\/span><h2 class=\"fusion-title-heading title-heading-left fusion-responsive-typography-calculated\" style=\"margin:0;text-transform:capitalize;font-size:1em;--fontSize:37;line-height:1.35;\"><h2><strong>Sponsorlar<\/strong><\/h2><\/h2><span class=\"awb-title-spacer\"><\/span><div class=\"title-sep-container title-sep-container-right\"><div class=\"title-sep sep- sep-solid\" style=\"border-color:var(--awb-color3);\"><\/div><\/div><\/div><\/div><\/div><div class=\"fusion-layout-column fusion_builder_column fusion-builder-column-1 fusion-flex-column\" style=\"--awb-bg-size:cover;--awb-width-large:auto;--awb-margin-top-large:0px;--awb-spacing-right-large:0%;--awb-margin-bottom-large:20px;--awb-spacing-left-large:0%;--awb-width-medium:100%;--awb-order-medium:0;--awb-spacing-right-medium:1.92%;--awb-spacing-left-medium:1.92%;--awb-width-small:100%;--awb-order-small:0;--awb-spacing-right-small:1.92%;--awb-spacing-left-small:1.92%;\"><div class=\"fusion-column-wrapper fusion-column-has-shadow fusion-flex-justify-content-flex-start fusion-content-layout-column\"><\/div><\/div><div class=\"fusion-layout-column fusion_builder_column fusion-builder-column-2 fusion-flex-column\" style=\"--awb-bg-size:cover;--awb-width-large:auto;--awb-margin-top-large:0px;--awb-spacing-right-large:2.6%;--awb-margin-bottom-large:20px;--awb-spacing-left-large:0%;--awb-width-medium:100%;--awb-order-medium:0;--awb-spacing-right-medium:1.92%;--awb-spacing-left-medium:1.92%;--awb-width-small:100%;--awb-order-small:0;--awb-spacing-right-small:1.92%;--awb-spacing-left-small:1.92%;\"><div class=\"fusion-column-wrapper fusion-column-has-shadow fusion-flex-justify-content-flex-start fusion-content-layout-column\"><\/div><\/div><div class=\"fusion-layout-column fusion_builder_column fusion-builder-column-3 fusion-flex-column\" style=\"--awb-bg-size:cover;--awb-width-large:auto;--awb-margin-top-large:0px;--awb-spacing-right-large:3%;--awb-margin-bottom-large:20px;--awb-spacing-left-large:0%;--awb-width-medium:100%;--awb-order-medium:0;--awb-spacing-right-medium:1.92%;--awb-spacing-left-medium:1.92%;--awb-width-small:100%;--awb-order-small:0;--awb-spacing-right-small:1.92%;--awb-spacing-left-small:1.92%;\"><div class=\"fusion-column-wrapper fusion-column-has-shadow fusion-flex-justify-content-flex-start fusion-content-layout-column\"><\/div><\/div><div class=\"fusion-layout-column fusion_builder_column fusion-builder-column-4 fusion-flex-column\" style=\"--awb-bg-size:cover;--awb-width-large:auto;--awb-margin-top-large:0px;--awb-spacing-right-large:0.8%;--awb-margin-bottom-large:20px;--awb-spacing-left-large:2%;--awb-width-medium:16.666666666667%;--awb-order-medium:0;--awb-spacing-right-medium:4.608%;--awb-spacing-left-medium:11.52%;--awb-width-small:100%;--awb-order-small:0;--awb-spacing-right-small:1.92%;--awb-spacing-left-small:1.92%;\"><div class=\"fusion-column-wrapper fusion-column-has-shadow fusion-flex-justify-content-flex-start fusion-content-layout-column\"><\/div><\/div><div class=\"fusion-layout-column fusion_builder_column fusion-builder-column-5 fusion-flex-column\" style=\"--awb-bg-size:cover;--awb-width-large:auto;--awb-margin-top-large:0px;--awb-spacing-right-large:0%;--awb-margin-bottom-large:20px;--awb-spacing-left-large:0%;--awb-width-medium:100%;--awb-order-medium:0;--awb-spacing-right-medium:1.92%;--awb-spacing-left-medium:1.92%;--awb-width-small:100%;--awb-order-small:0;--awb-spacing-right-small:1.92%;--awb-spacing-left-small:1.92%;\"><div class=\"fusion-column-wrapper fusion-column-has-shadow fusion-flex-justify-content-flex-start fusion-content-layout-column\"><\/div><\/div><\/div><\/div><div class=\"fusion-fullwidth fullwidth-box fusion-builder-row-2 fusion-flex-container has-pattern-background has-mask-background nonhundred-percent-fullwidth non-hundred-percent-height-scrolling\" style=\"--awb-border-radius-top-left:0px;--awb-border-radius-top-right:0px;--awb-border-radius-bottom-right:0px;--awb-border-radius-bottom-left:0px;--awb-flex-wrap:wrap;\" ><div class=\"fusion-builder-row fusion-row fusion-flex-align-items-flex-start fusion-flex-content-wrap\" style=\"max-width:1216.8px;margin-left: calc(-4% \/ 2 );margin-right: calc(-4% \/ 2 );\"><div class=\"fusion-layout-column fusion_builder_column fusion-builder-column-6 fusion_builder_column_1_1 1_1 fusion-flex-column\" style=\"--awb-bg-size:cover;--awb-width-large:100%;--awb-margin-top-large:0px;--awb-spacing-right-large:1.92%;--awb-margin-bottom-large:20px;--awb-spacing-left-large:1.92%;--awb-width-medium:100%;--awb-order-medium:0;--awb-spacing-right-medium:1.92%;--awb-spacing-left-medium:1.92%;--awb-width-small:100%;--awb-order-small:0;--awb-spacing-right-small:1.92%;--awb-spacing-left-small:1.92%;\"><div class=\"fusion-column-wrapper fusion-column-has-shadow fusion-flex-justify-content-flex-start fusion-content-layout-column\"><div class=\"fusion-separator fusion-full-width-sep\" style=\"align-self: center;margin-left: auto;margin-right: auto;margin-top:0px;margin-bottom:0px;width:100%;\"><div class=\"fusion-separator-border sep-single sep-solid\" style=\"--awb-height:20px;--awb-amount:20px;border-color:var(--awb-color2);border-top-width:2px;\"><\/div><\/div><\/div><\/div><\/div><\/div><div class=\"fusion-fullwidth fullwidth-box fusion-builder-row-3 fusion-flex-container has-pattern-background has-mask-background nonhundred-percent-fullwidth non-hundred-percent-height-scrolling\" style=\"--awb-border-radius-top-left:0px;--awb-border-radius-top-right:0px;--awb-border-radius-bottom-right:0px;--awb-border-radius-bottom-left:0px;--awb-flex-wrap:wrap;\" ><div class=\"fusion-builder-row fusion-row fusion-flex-align-items-flex-start fusion-flex-content-wrap\" style=\"max-width:1216.8px;margin-left: calc(-4% \/ 2 );margin-right: calc(-4% \/ 2 );\"><div class=\"fusion-layout-column fusion_builder_column fusion-builder-column-7 fusion_builder_column_1_1 1_1 fusion-flex-column\" style=\"--awb-bg-size:cover;--awb-width-large:100%;--awb-margin-top-large:0px;--awb-spacing-right-large:1.92%;--awb-margin-bottom-large:20px;--awb-spacing-left-large:0%;--awb-width-medium:100%;--awb-order-medium:0;--awb-spacing-right-medium:1.92%;--awb-spacing-left-medium:1.92%;--awb-width-small:100%;--awb-order-small:0;--awb-spacing-right-small:1.92%;--awb-spacing-left-small:1.92%;\"><div class=\"fusion-column-wrapper fusion-column-has-shadow fusion-flex-justify-content-flex-start fusion-content-layout-column\"><div class=\"fusion-separator fusion-full-width-sep\" style=\"align-self: center;margin-left: auto;margin-right: auto;width:100%;\"><div class=\"fusion-separator-border sep-double\" style=\"--awb-height:20px;--awb-amount:20px;border-color:var(--awb-color2);border-top-width:1px;border-bottom-width:1px;\"><\/div><\/div><div class=\"fusion-text fusion-text-1\"><p style=\"text-align: justify;\"><span style=\"font-size: 16px;\" data-fusion-font=\"true\">Aphrodisias Projesi \u00e7e\u015fitli kurum, vak\u0131f, grup ve bireylerin deste\u011fine ba\u011fl\u0131 olarak ger\u00e7ekle\u015febilmektedir. Ola\u011fan\u00fcst\u00fc bir arkeolojik alan\u0131n kaz\u0131, konservasyon ve yay\u0131na haz\u0131rlama \u00e7al\u0131\u015fmalar\u0131na g\u00f6sterdikleri c\u00f6mert ve uzun vadeli yard\u0131mlar i\u00e7in proje ekibi olarak t\u00fcm sponsorlara te\u015fekk\u00fcr ederiz. Aphrodisias projesini y\u00fcr\u00fcten ekibimize burada faaliyet g\u00f6sterebilmek i\u00e7in gereken izinleri veren T\u00fcrkiye Cumhuriyeti K\u00fclt\u00fcr ve Turizm Bakanl\u0131\u011f\u0131 ile K\u00fclt\u00fcr Varl\u0131klar\u0131 ve M\u00fczeler Genel M\u00fcd\u00fcrl\u00fc\u011f\u00fc\u2019ne minnettar\u0131z. Sponsor ve destek\u00e7ilerin listesi a\u015fa\u011f\u0131da verilmi\u015ftir:  <\/span><\/p>\n<div class=\"well\">\n<ul>\n<li><span style=\"font-size: 16px;\" data-fusion-font=\"true\">T\u00fcrkiye Cumhuriyeti K\u00fclt\u00fcr ve Turizm Bakanl\u0131\u011f\u0131, K\u00fclt\u00fcr Varl\u0131klar\u0131 ve M\u00fczeler Genel M\u00fcd\u00fcrl\u00fc\u011f\u00fc, Ankara<\/span><\/li>\n<li><span style=\"font-size: 16px;\" data-fusion-font=\"true\">New York \u00dcniversitesi G\u00fczel Sanatlar Enstit\u00fcs\u00fc<\/span><\/li>\n<li><span style=\"font-size: 16px;\" data-fusion-font=\"true\">New York \u00dcniversitesi Sanat ve Bilim Fak\u00fcltesi<\/span><\/li>\n<li><span style=\"font-size: 16px;\" data-fusion-font=\"true\">Bilkent \u00dcniversitesi<br \/><\/span><\/li>\n<li><span style=\"font-size: 16px;\" data-fusion-font=\"true\">Geyre Vakf\u0131, \u0130stanbul<\/span><\/li>\n<li><span style=\"font-size: 16px;\" data-fusion-font=\"true\">Friends of Aphrodisias Trust, Londra<\/span><\/li>\n<li><span style=\"font-size: 16px;\" data-fusion-font=\"true\">Friends of Aphrodisias, New York<\/span><\/li>\n<li><span style=\"font-size: 16px;\" data-fusion-font=\"true\">Aphrodisias Sevenler Derne\u011fi, Izmir<\/span><\/li>\n<li><span style=\"font-size: 16px;\" data-fusion-font=\"true\">Mica ve Ahmet Erteg\u00fcn<\/span><\/li>\n<li><span style=\"font-size: 16px;\" data-fusion-font=\"true\">Aygaz<\/span><\/li>\n<li><span style=\"font-size: 16px;\" data-fusion-font=\"true\">\u00d6mer Ko\u00e7<\/span><\/li>\n<li><span style=\"font-size: 16px;\" data-fusion-font=\"true\">Caroline Ko\u00e7<\/span><\/li>\n<li><span style=\"font-size: 16px;\" data-fusion-font=\"true\">Murat \u00dclker ve pladis<\/span><\/li>\n<li><span style=\"font-size: 16px;\" data-fusion-font=\"true\">Lucien Arkas<\/span><\/li>\n<li><span style=\"font-size: 16px;\" data-fusion-font=\"true\">1984 Foundation<\/span><\/li>\n<li><span style=\"font-size: 16px;\" data-fusion-font=\"true\">Augustus Foundation<\/span><\/li>\n<li><span style=\"font-size: 16px;\" data-fusion-font=\"true\">J.M. Kaplan Foundation<\/span><\/li>\n<li><span style=\"font-size: 16px;\" data-fusion-font=\"true\">World Monuments Fund\u00ae Robert W. Wilson Challenge to Conserve Our Heritage<\/span><\/li>\n<li><span style=\"font-size: 16px;\" data-fusion-font=\"true\">Malcolm Hewitt Wiener Foundation<\/span><\/li>\n<li><span style=\"font-size: 16px;\" data-fusion-font=\"true\">Headley Trust<\/span><\/li>\n<li><span style=\"font-size: 16px;\" data-fusion-font=\"true\">Dumbarton Oaks<\/span><\/li>\n<li><span style=\"font-size: 16px;\" data-fusion-font=\"true\">The Oxford Centre for Byzantine Research<\/span><\/li>\n<li><span style=\"font-size: 16px;\" data-fusion-font=\"true\">The Wainright Fund<\/span><\/li>\n<li><span style=\"font-size: 16px;\" data-fusion-font=\"true\">The Society of Antiquaries, London<\/span><\/li>\n<li><span style=\"font-size: 16px;\" data-fusion-font=\"true\">Leon Levy Foundation<\/span><\/li>\n<li><span style=\"font-size: 16px;\" data-fusion-font=\"true\">Radford Klotz ve Shahnaz Batmanghelidj<\/span><\/li>\n<li><span style=\"font-size: 16px;\" data-fusion-font=\"true\">Merops Foundation<\/span><\/li>\n<li><span style=\"font-size: 16px;\" data-fusion-font=\"true\">Gilbert ve Ildiko Butler Family Foundation<\/span><\/li>\n<li><span style=\"font-size: 16px;\" data-fusion-font=\"true\">Institute for Aegean Prehistory (INSTAP)<\/span><\/li>\n<li><span style=\"font-size: 16px;\" data-fusion-font=\"true\">Kress Foundation<\/span><\/li>\n<li><span style=\"font-size: 16px;\" data-fusion-font=\"true\">Shelby White ve Leon Levy Program for Archaeological Publication<\/span><\/li>\n<li><span style=\"font-size: 16px;\" data-fusion-font=\"true\">Loeb Klasik Eserler K\u00fct\u00fcphanesi Foundation<\/span><\/li>\n<li><span style=\"font-size: 16px;\" data-fusion-font=\"true\">British Institute of Archaeology, Ankara (BIAA)<\/span><\/li>\n<li><span style=\"font-size: 16px;\" data-fusion-font=\"true\">Craven Fund, Klasik \u00c7a\u011f Ara\u015ft\u0131rmalar\u0131 Fak\u00fcltesi, Oxford \u00dcniversitesi<\/span><\/li>\n<li><span style=\"font-size: 16px;\" data-fusion-font=\"true\">Zilkha Fund, Lincoln Koleji, Oxford<\/span><\/li>\n<li><span style=\"font-size: 16px;\" data-fusion-font=\"true\">Shuffrey Fund, Lincoln Koleji, Oxford<\/span><\/li>\n<li><span style=\"font-size: 16px;\" data-fusion-font=\"true\">Zygmunt ve Audrey Wilf Foundation<\/span><\/li>\n<li><span style=\"font-size: 16px;\" data-fusion-font=\"true\">Jack Josephson ve Magda Saleh<\/span><\/li>\n<li><span style=\"font-size: 16px;\" data-fusion-font=\"true\">The Kontokosta Family Foundation<\/span><\/li>\n<\/ul>\n<\/div>\n<\/div><\/div><\/div><\/div><\/div><\/p>\n","protected":false},"excerpt":{"rendered":"","protected":false},"author":1,"featured_media":0,"parent":0,"menu_order":0,"comment_status":"closed","ping_status":"closed","template":"100-width.php","meta":{"_coblocks_attr":"","_coblocks_dimensions":"","_coblocks_responsive_height":"","_coblocks_accordion_ie_support":"","footnotes":""},"class_list":["post-7645","page","type-page","status-publish","hentry"],"_links":{"self":[{"href":"https:\/\/aphrodisias-excavations.com\/tr\/wp-json\/wp\/v2\/pages\/7645","targetHints":{"allow":["GET"]}}],"collection":[{"href":"https:\/\/aphrodisias-excavations.com\/tr\/wp-json\/wp\/v2\/pages"}],"about":[{"href":"https:\/\/aphrodisias-excavations.com\/tr\/wp-json\/wp\/v2\/types\/page"}],"author":[{"embeddable":true,"href":"https:\/\/aphrodisias-excavations.com\/tr\/wp-json\/wp\/v2\/users\/1"}],"replies":[{"embeddable":true,"href":"https:\/\/aphrodisias-excavations.com\/tr\/wp-json\/wp\/v2\/comments?post=7645"}],"version-history":[{"count":14,"href":"https:\/\/aphrodisias-excavations.com\/tr\/wp-json\/wp\/v2\/pages\/7645\/revisions"}],"predecessor-version":[{"id":9145,"href":"https:\/\/aphrodisias-excavations.com\/tr\/wp-json\/wp\/v2\/pages\/7645\/revisions\/9145"}],"wp:attachment":[{"href":"https:\/\/aphrodisias-excavations.com\/tr\/wp-json\/wp\/v2\/media?parent=7645"}],"curies":[{"name":"wp","href":"https:\/\/api.w.org\/{rel}","templated":true}]}}