{"id":7639,"date":"2022-07-24T07:12:49","date_gmt":"2022-07-24T04:12:49","guid":{"rendered":"https:\/\/aphrodisias-excavations.com\/guney-agora\/"},"modified":"2024-08-29T16:18:41","modified_gmt":"2024-08-29T13:18:41","slug":"kentparki","status":"publish","type":"page","link":"https:\/\/aphrodisias-excavations.com\/tr\/kentparki\/","title":{"rendered":"Kent Park\u0131"},"content":{"rendered":"<p><div class=\"fusion-fullwidth fullwidth-box fusion-builder-row-1 fusion-flex-container nonhundred-percent-fullwidth non-hundred-percent-height-scrolling fusion-animated\" style=\"--awb-border-radius-top-left:0px;--awb-border-radius-top-right:0px;--awb-border-radius-bottom-right:0px;--awb-border-radius-bottom-left:0px;--awb-margin-bottom:0px;--awb-margin-bottom-medium:80px;--awb-margin-bottom-small:60px;--awb-flex-wrap:wrap;\" data-animationType=\"fadeInUp\" data-animationDuration=\"1.3\" data-animationOffset=\"top-into-view\" ><div class=\"fusion-builder-row fusion-row fusion-flex-align-items-center fusion-flex-content-wrap\" style=\"max-width:1216.8px;margin-left: calc(-4% \/ 2 );margin-right: calc(-4% \/ 2 );\"><div class=\"fusion-layout-column fusion_builder_column fusion-builder-column-0 fusion_builder_column_1_1 1_1 fusion-flex-column\" style=\"--awb-bg-blend:overlay;--awb-bg-size:cover;--awb-width-large:100%;--awb-margin-top-large:0px;--awb-spacing-right-large:1.92%;--awb-margin-bottom-large:0px;--awb-spacing-left-large:1.92%;--awb-width-medium:40%;--awb-spacing-right-medium:4.8%;--awb-spacing-left-medium:4.8%;--awb-width-small:100%;--awb-spacing-right-small:1.92%;--awb-margin-bottom-small:15px;--awb-spacing-left-small:1.92%;\"><div class=\"fusion-column-wrapper fusion-flex-justify-content-flex-start fusion-content-layout-column\"><div class=\"fusion-title title fusion-title-1 fusion-title-text fusion-title-size-two\" style=\"--awb-margin-bottom:0px;--awb-margin-top-small:0px;--awb-margin-bottom-small:20px;--awb-font-size:37px;\"><div class=\"title-sep-container title-sep-container-left fusion-no-large-visibility fusion-no-medium-visibility fusion-no-small-visibility\"><div class=\"title-sep sep- sep-solid\" style=\"border-color:var(--awb-color3);\"><\/div><\/div><span class=\"awb-title-spacer fusion-no-large-visibility fusion-no-medium-visibility fusion-no-small-visibility\"><\/span><h2 class=\"fusion-title-heading title-heading-left fusion-responsive-typography-calculated\" style=\"margin:0;text-transform:capitalize;font-size:1em;--fontSize:37;line-height:1.35;\"><h2><strong>Kent Park\u0131<\/strong><\/h2><\/h2><span class=\"awb-title-spacer\"><\/span><div class=\"title-sep-container title-sep-container-right\"><div class=\"title-sep sep- sep-solid\" style=\"border-color:var(--awb-color3);\"><\/div><\/div><\/div><div class=\"fusion-text fusion-text-1\"><p><a style=\"font-size: 16px;\" href=\"https:\/\/aphrodisias-excavations.com\/tr\/mica-ve-ahmet-ertegun-guney-agora-havuz-projesi\/\" data-fusion-font=\"true\">Mica ve Ahmet Erteg\u00fcn G\u00fcney Agora Havuz Projesi<\/a><\/p>\n<\/div><\/div><\/div><\/div><\/div><div class=\"fusion-fullwidth fullwidth-box fusion-builder-row-2 fusion-flex-container has-pattern-background has-mask-background nonhundred-percent-fullwidth non-hundred-percent-height-scrolling\" style=\"--awb-border-radius-top-left:0px;--awb-border-radius-top-right:0px;--awb-border-radius-bottom-right:0px;--awb-border-radius-bottom-left:0px;--awb-flex-wrap:wrap;\" ><div class=\"fusion-builder-row fusion-row fusion-flex-align-items-flex-start fusion-flex-content-wrap\" style=\"max-width:1216.8px;margin-left: calc(-4% \/ 2 );margin-right: calc(-4% \/ 2 );\"><div class=\"fusion-layout-column fusion_builder_column fusion-builder-column-1 fusion_builder_column_1_1 1_1 fusion-flex-column\" style=\"--awb-bg-size:cover;--awb-width-large:100%;--awb-margin-top-large:0px;--awb-spacing-right-large:1.92%;--awb-margin-bottom-large:20px;--awb-spacing-left-large:1.92%;--awb-width-medium:100%;--awb-order-medium:0;--awb-spacing-right-medium:1.92%;--awb-spacing-left-medium:1.92%;--awb-width-small:100%;--awb-order-small:0;--awb-spacing-right-small:1.92%;--awb-spacing-left-small:1.92%;\"><div class=\"fusion-column-wrapper fusion-column-has-shadow fusion-flex-justify-content-flex-start fusion-content-layout-column\"><div class=\"fusion-separator fusion-full-width-sep\" style=\"align-self: center;margin-left: auto;margin-right: auto;margin-top:0px;margin-bottom:0px;width:100%;\"><div class=\"fusion-separator-border sep-single sep-solid\" style=\"--awb-height:20px;--awb-amount:20px;border-color:var(--awb-color2);border-top-width:2px;\"><\/div><\/div><\/div><\/div><\/div><\/div><div class=\"fusion-fullwidth fullwidth-box fusion-builder-row-3 fusion-flex-container has-pattern-background has-mask-background nonhundred-percent-fullwidth non-hundred-percent-height-scrolling\" style=\"--awb-border-radius-top-left:0px;--awb-border-radius-top-right:0px;--awb-border-radius-bottom-right:0px;--awb-border-radius-bottom-left:0px;--awb-flex-wrap:wrap;\" ><div class=\"fusion-builder-row fusion-row fusion-flex-align-items-flex-start fusion-flex-content-wrap\" style=\"max-width:1216.8px;margin-left: calc(-4% \/ 2 );margin-right: calc(-4% \/ 2 );\"><div class=\"fusion-layout-column fusion_builder_column fusion-builder-column-2 fusion_builder_column_1_3 1_3 fusion-flex-column\" style=\"--awb-padding-right:22px;--awb-bg-size:cover;--awb-width-large:33.333333333333%;--awb-margin-top-large:23px;--awb-spacing-right-large:5.184%;--awb-margin-bottom-large:20px;--awb-spacing-left-large:5.76%;--awb-width-medium:100%;--awb-order-medium:0;--awb-spacing-right-medium:1.92%;--awb-spacing-left-medium:1.92%;--awb-width-small:100%;--awb-order-small:0;--awb-spacing-right-small:1.92%;--awb-spacing-left-small:1.92%;\"><div class=\"fusion-column-wrapper fusion-column-has-shadow fusion-flex-justify-content-flex-start fusion-content-layout-column\"><div class=\"fusion-image-element \" style=\"--awb-caption-title-font-family:var(--h2_typography-font-family);--awb-caption-title-font-weight:var(--h2_typography-font-weight);--awb-caption-title-font-style:var(--h2_typography-font-style);--awb-caption-title-size:var(--h2_typography-font-size);--awb-caption-title-transform:var(--h2_typography-text-transform);--awb-caption-title-line-height:var(--h2_typography-line-height);--awb-caption-title-letter-spacing:var(--h2_typography-letter-spacing);\"><span class=\" fusion-imageframe imageframe-glow imageframe-1 hover-type-none\" style=\"border:5px solid #e5e5e5;-webkit-box-shadow: 0 0 3px var(--awb-color8);box-shadow: 0 0 3px var(--awb-color8);\"><a href=\"https:\/\/aphrodisias-excavations.com\/wp-content\/uploads\/2022\/07\/southagora_800-1-600x400.jpeg\" class=\"fusion-lightbox\" data-rel=\"iLightbox[775bc7a076fbda093a7]\" data-caption=\"South Agora\" data-title=\"South Agora\" title=\"South Agora\"><img decoding=\"async\" width=\"600\" height=\"400\" src=\"https:\/\/aphrodisias-excavations.com\/wp-content\/uploads\/2022\/07\/southagora_800-1.jpeg\" data-orig-src=\"https:\/\/aphrodisias-excavations.com\/wp-content\/uploads\/2022\/07\/southagora_800-1-600x400.jpeg\" alt class=\"lazyload img-responsive wp-image-6369\" srcset=\"data:image\/svg+xml,%3Csvg%20xmlns%3D%27http%3A%2F%2Fwww.w3.org%2F2000%2Fsvg%27%20width%3D%27800%27%20height%3D%27533%27%20viewBox%3D%270%200%20800%20533%27%3E%3Crect%20width%3D%27800%27%20height%3D%27533%27%20fill-opacity%3D%220%22%2F%3E%3C%2Fsvg%3E\" data-srcset=\"https:\/\/aphrodisias-excavations.com\/wp-content\/uploads\/2022\/07\/southagora_800-1-200x133.jpeg 200w, https:\/\/aphrodisias-excavations.com\/wp-content\/uploads\/2022\/07\/southagora_800-1-400x267.jpeg 400w, https:\/\/aphrodisias-excavations.com\/wp-content\/uploads\/2022\/07\/southagora_800-1-600x400.jpeg 600w, https:\/\/aphrodisias-excavations.com\/wp-content\/uploads\/2022\/07\/southagora_800-1.jpeg 800w\" data-sizes=\"auto\" data-orig-sizes=\"(max-width: 1024px) 100vw, (max-width: 640px) 100vw, 400px\" \/><\/a><\/span><\/div><div class=\"fusion-separator fusion-full-width-sep\" style=\"align-self: center;margin-left: auto;margin-right: auto;margin-top:5px;margin-bottom:5px;width:100%;\"><div class=\"fusion-separator-border sep-double sep-solid\" style=\"--awb-height:20px;--awb-amount:20px;border-color:var(--awb-color2);border-top-width:0px;border-bottom-width:0px;\"><\/div><\/div><div class=\"fusion-image-element \" style=\"--awb-caption-title-font-family:var(--h2_typography-font-family);--awb-caption-title-font-weight:var(--h2_typography-font-weight);--awb-caption-title-font-style:var(--h2_typography-font-style);--awb-caption-title-size:var(--h2_typography-font-size);--awb-caption-title-transform:var(--h2_typography-text-transform);--awb-caption-title-line-height:var(--h2_typography-line-height);--awb-caption-title-letter-spacing:var(--h2_typography-letter-spacing);\"><span class=\" fusion-imageframe imageframe-glow imageframe-2 hover-type-none\" style=\"border:5px solid #e5e5e5;-webkit-box-shadow: 0 0 3px var(--awb-color8);box-shadow: 0 0 3px var(--awb-color8);\"><a href=\"https:\/\/aphrodisias-excavations.com\/wp-content\/uploads\/2022\/07\/southagora2_800-600x326.jpeg\" class=\"fusion-lightbox\" data-rel=\"iLightbox[afa51b59ccd29fb1d9b]\" data-caption=\"South Agora\" data-title=\"South Agora\" title=\"South Agora\"><img decoding=\"async\" width=\"600\" height=\"326\" src=\"https:\/\/aphrodisias-excavations.com\/wp-content\/uploads\/2022\/07\/southagora2_800.jpeg\" data-orig-src=\"https:\/\/aphrodisias-excavations.com\/wp-content\/uploads\/2022\/07\/southagora2_800-600x326.jpeg\" alt class=\"lazyload img-responsive wp-image-6370\" srcset=\"data:image\/svg+xml,%3Csvg%20xmlns%3D%27http%3A%2F%2Fwww.w3.org%2F2000%2Fsvg%27%20width%3D%27789%27%20height%3D%27429%27%20viewBox%3D%270%200%20789%20429%27%3E%3Crect%20width%3D%27789%27%20height%3D%27429%27%20fill-opacity%3D%220%22%2F%3E%3C%2Fsvg%3E\" data-srcset=\"https:\/\/aphrodisias-excavations.com\/wp-content\/uploads\/2022\/07\/southagora2_800-200x109.jpeg 200w, https:\/\/aphrodisias-excavations.com\/wp-content\/uploads\/2022\/07\/southagora2_800-400x217.jpeg 400w, https:\/\/aphrodisias-excavations.com\/wp-content\/uploads\/2022\/07\/southagora2_800-600x326.jpeg 600w, https:\/\/aphrodisias-excavations.com\/wp-content\/uploads\/2022\/07\/southagora2_800.jpeg 789w\" data-sizes=\"auto\" data-orig-sizes=\"(max-width: 1024px) 100vw, (max-width: 640px) 100vw, 400px\" \/><\/a><\/span><\/div><div class=\"fusion-separator fusion-full-width-sep\" style=\"align-self: center;margin-left: auto;margin-right: auto;margin-top:5px;margin-bottom:5px;width:100%;\"><div class=\"fusion-separator-border sep-double sep-solid\" style=\"--awb-height:20px;--awb-amount:20px;border-color:var(--awb-color2);border-top-width:0px;border-bottom-width:0px;\"><\/div><\/div><div class=\"fusion-image-element \" style=\"--awb-caption-title-font-family:var(--h2_typography-font-family);--awb-caption-title-font-weight:var(--h2_typography-font-weight);--awb-caption-title-font-style:var(--h2_typography-font-style);--awb-caption-title-size:var(--h2_typography-font-size);--awb-caption-title-transform:var(--h2_typography-text-transform);--awb-caption-title-line-height:var(--h2_typography-line-height);--awb-caption-title-letter-spacing:var(--h2_typography-letter-spacing);\"><span class=\" fusion-imageframe imageframe-glow imageframe-3 hover-type-none\" style=\"border:5px solid #e5e5e5;-webkit-box-shadow: 0 0 3px var(--awb-color8);box-shadow: 0 0 3px var(--awb-color8);\"><a href=\"https:\/\/aphrodisias-excavations.com\/wp-content\/uploads\/2022\/07\/southagora3_800-600x276.jpeg\" class=\"fusion-lightbox\" data-rel=\"iLightbox[e37e94c395ce39236d7]\" data-caption=\"G\u00fcney Agora\" data-title=\"G\u00fcney Agora\" title=\"G\u00fcney Agora\"><img decoding=\"async\" width=\"600\" height=\"276\" src=\"https:\/\/aphrodisias-excavations.com\/wp-content\/uploads\/2022\/07\/southagora3_800.jpeg\" data-orig-src=\"https:\/\/aphrodisias-excavations.com\/wp-content\/uploads\/2022\/07\/southagora3_800-600x276.jpeg\" alt class=\"lazyload img-responsive wp-image-7853\" srcset=\"data:image\/svg+xml,%3Csvg%20xmlns%3D%27http%3A%2F%2Fwww.w3.org%2F2000%2Fsvg%27%20width%3D%27800%27%20height%3D%27368%27%20viewBox%3D%270%200%20800%20368%27%3E%3Crect%20width%3D%27800%27%20height%3D%27368%27%20fill-opacity%3D%220%22%2F%3E%3C%2Fsvg%3E\" data-srcset=\"https:\/\/aphrodisias-excavations.com\/wp-content\/uploads\/2022\/07\/southagora3_800-200x92.jpeg 200w, https:\/\/aphrodisias-excavations.com\/wp-content\/uploads\/2022\/07\/southagora3_800-400x184.jpeg 400w, https:\/\/aphrodisias-excavations.com\/wp-content\/uploads\/2022\/07\/southagora3_800-600x276.jpeg 600w, https:\/\/aphrodisias-excavations.com\/wp-content\/uploads\/2022\/07\/southagora3_800.jpeg 800w\" data-sizes=\"auto\" data-orig-sizes=\"(max-width: 1024px) 100vw, (max-width: 640px) 100vw, 400px\" \/><\/a><\/span><\/div><\/div><\/div><div class=\"fusion-layout-column fusion_builder_column fusion-builder-column-3 fusion_builder_column_2_3 2_3 fusion-flex-column\" style=\"--awb-bg-size:cover;--awb-width-large:66.666666666667%;--awb-margin-top-large:0px;--awb-spacing-right-large:2.88%;--awb-margin-bottom-large:20px;--awb-spacing-left-large:0%;--awb-width-medium:100%;--awb-order-medium:0;--awb-spacing-right-medium:1.92%;--awb-spacing-left-medium:1.92%;--awb-width-small:100%;--awb-order-small:0;--awb-spacing-right-small:1.92%;--awb-spacing-left-small:1.92%;\"><div class=\"fusion-column-wrapper fusion-column-has-shadow fusion-flex-justify-content-flex-start fusion-content-layout-column\"><div class=\"fusion-separator fusion-full-width-sep\" style=\"align-self: center;margin-left: auto;margin-right: auto;margin-top:5px;margin-bottom:5px;width:100%;\"><div class=\"fusion-separator-border sep-double sep-solid\" style=\"--awb-height:20px;--awb-amount:20px;border-color:var(--awb-color2);border-top-width:0px;border-bottom-width:0px;\"><\/div><\/div><div class=\"fusion-text fusion-text-2\"><p style=\"text-align: justify; font-size: 16px;\" data-fusion-font=\"true\">Kentin ikinci meydan\u0131 niteli\u011findeki Kent Park\u0131 Agora&#8217;ya biti\u015fik uzanmaktayd\u0131. Uzun ve s\u00fctunlarla \u00e7evrili bir meydan olan G\u00fcney Agora\u2019n\u0131n (215&#215;70 m) en erken yap\u0131lm\u0131\u015f b\u00f6l\u00fcm\u00fc olan kuzey stoa, yerli bir aristokrat olan Diogenes taraf\u0131ndan \u0130mparator Tiberius\u2019a (MS 14-37) ithafen yapt\u0131r\u0131lm\u0131\u015ft\u0131r. Bu stoan\u0131n frizi \u00e7ok \u00e7e\u015fitli maskelerin \u00fczerine sark\u0131t\u0131lm\u0131\u015f tekrar eden meyve girland\u0131 motifiyle s\u00fcslenmi\u015ftir.<\/p>\n<p style=\"text-align: justify; font-size: 16px;\" data-fusion-font=\"true\">G\u00fcney taraf\u0131n do\u011fu ucu Tiyatro&#8217;nun yakla\u015f\u0131k 20 m y\u00fcksekli\u011findeki ta\u015f istinat duvar\u0131 ile s\u0131n\u0131rland\u0131r\u0131lm\u0131\u015ft\u0131r Ba\u015flang\u0131\u00e7ta, Tiyatro tepesi olas\u0131l\u0131kla planlanan alan\u0131n yar\u0131s\u0131na i\u015fgal etti\u011finden b\u00fcy\u00fck bir i\u015f\u00e7ilik ve m\u00fchendislik ustal\u0131\u011f\u0131yla k\u0131salt\u0131lmas\u0131 gerekmi\u015fti. Bu hem tasarlanan Tiyatro oditoryumu hem de Kent Park\u0131 meydan\u0131 i\u00e7in gerekli olan kapsaml\u0131 bir pland\u0131. Meydan\u0131n g\u00fcney kenar\u0131n\u0131n bat\u0131 ucu Bazilika\u2019n\u0131n cephesiyle (ve \u00e7ok daha sonralar\u0131 \u00f6n\u00fcne in\u015fa edilen bir portiko) ile kapan\u0131r. Meydan\u0131n k\u0131sa bat\u0131 kenar\u0131 ise, Hadrian Hamam\u0131&#8217;na ge\u00e7i\u015fi sa\u011flamak \u00fczere 2. y\u00fczy\u0131l\u0131n ba\u015flar\u0131nda in\u015fa edilen yeni bir portiko ile tamamlanm\u0131\u015ft\u0131r. Do\u011fu ucu ise, MS 1. y\u00fczy\u0131l\u0131n sonuna do\u011fru Diogenes Propylonu olarak bilinen devasa s\u00fctunlu cephe taraf\u0131ndan kapat\u0131lm\u0131\u015ft\u0131r. Arkadaki Tetrapylon Caddesi&#8217;ne giri\u015f ve \u00e7\u0131k\u0131\u015f bu Propylon&#8217;un yan kulelerinin alt\u0131ndaki t\u00fcnellerle sa\u011flan\u0131yordu. G\u00fcney kenarda bulunan ve g\u00fcn\u00fcm\u00fcze ula\u015fan \u0130on d\u00fczenindeki stoa ise MS 6. y\u00fczy\u0131lda t\u00fcm kompleksi kapsayan b\u00fcy\u00fck yenileme \u00e7al\u0131\u015fmas\u0131 s\u0131ras\u0131nda eklenmi\u015ftir.<\/p>\n<p style=\"text-align: justify; font-size: 16px;\" data-fusion-font=\"true\">1980\u2019lerde yap\u0131lan kaz\u0131 \u00e7al\u0131\u015fmalar\u0131 s\u0131ras\u0131nda meydan\u0131n ortas\u0131nda e\u015fi g\u00f6r\u00fclmemi\u015f an\u0131tsal bir havuz (170&#215;30 m) g\u00fcn y\u00fcz\u00fcne \u00e7\u0131kar\u0131lm\u0131\u015ft\u0131r. Kompleksin asl\u0131nda bir agora olmad\u0131\u011f\u0131, ancak Diogenes&#8217;in Propylon&#8217;undaki bir yaz\u0131tta alt\u0131nc\u0131 y\u00fczy\u0131ldan bir hay\u0131rsever taraf\u0131ndan bahsedilen &#8216;palmiyelerin yeri&#8217; oldu\u011fu hipotezi, 2012 y\u0131l\u0131nda Mica Erteg\u00fcn&#8217;\u00fcn c\u00f6mert ba\u011f\u0131\u015f\u0131yla yap\u0131lan kaz\u0131larla test edilmi\u015ftir.<\/p>\n<p style=\"text-align: justify; font-size: 16px;\" data-fusion-font=\"true\">Bu, Say\u0131n Erteg\u00fcn taraf\u0131ndan finanse edilen Mica ve Ahmet Erteg\u00fcn G\u00fcney Agora Havuzu Projesi adl\u0131 be\u015f y\u0131ll\u0131k b\u00fcy\u00fck bir saha \u00e7al\u0131\u015fmas\u0131 projesine d\u00f6n\u00fc\u015ft\u00fc. Havuzun iki yan\u0131ndaki kaz\u0131larda, palmiye a\u011fa\u00e7lar\u0131n\u0131n dikim \u00e7ukurlar\u0131 bulunmu\u015ftur. Diogenes&#8217;in Propylon&#8217;u \u00fczerine yaz\u0131lm\u0131\u015f ge\u00e7 antik d\u00f6neme ait bir \u015fiir, t\u00fcm kompleksi &#8220;Palmiyelerin Yeri&#8221; olarak adland\u0131rmaktad\u0131r. Erken imparatorluk d\u00f6nemi Roma&#8217;s\u0131ndaki benzer kompleksler ya da porticolardan a\u015fina oldu\u011fumuz t\u00fcrden bir kent park\u0131yd\u0131.<\/p>\n<p style=\"text-align: justify;\"><span style=\"font-size: 16px;\" data-fusion-font=\"true\">Ayr\u0131ca Bak\u0131n\u0131z: <\/span><a style=\"font-size: 16px;\" href=\"https:\/\/aphrodisias-excavations.com\/tr\/mica-ve-ahmet-ertegun-guney-agora-havuz-projesi\/\" data-fusion-font=\"true\">Mica ve Ahmet Erteg\u00fcn G\u00fcney Agora Havuz Projesi<\/a><\/p>\n<\/div><div class=\"fusion-image-element \" style=\"--awb-caption-title-font-family:var(--h2_typography-font-family);--awb-caption-title-font-weight:var(--h2_typography-font-weight);--awb-caption-title-font-style:var(--h2_typography-font-style);--awb-caption-title-size:var(--h2_typography-font-size);--awb-caption-title-transform:var(--h2_typography-text-transform);--awb-caption-title-line-height:var(--h2_typography-line-height);--awb-caption-title-letter-spacing:var(--h2_typography-letter-spacing);\"><span class=\" fusion-imageframe imageframe-none imageframe-4 hover-type-none\"><img decoding=\"async\" width=\"600\" height=\"264\" title=\"South Agora, restored plan\" src=\"https:\/\/aphrodisias-excavations.com\/wp-content\/uploads\/2022\/07\/southagoraplan_800.jpeg\" data-orig-src=\"https:\/\/aphrodisias-excavations.com\/wp-content\/uploads\/2022\/07\/southagoraplan_800-600x264.jpeg\" alt class=\"lazyload img-responsive wp-image-6372\" srcset=\"data:image\/svg+xml,%3Csvg%20xmlns%3D%27http%3A%2F%2Fwww.w3.org%2F2000%2Fsvg%27%20width%3D%27616%27%20height%3D%27271%27%20viewBox%3D%270%200%20616%20271%27%3E%3Crect%20width%3D%27616%27%20height%3D%27271%27%20fill-opacity%3D%220%22%2F%3E%3C%2Fsvg%3E\" data-srcset=\"https:\/\/aphrodisias-excavations.com\/wp-content\/uploads\/2022\/07\/southagoraplan_800-200x88.jpeg 200w, https:\/\/aphrodisias-excavations.com\/wp-content\/uploads\/2022\/07\/southagoraplan_800-400x176.jpeg 400w, https:\/\/aphrodisias-excavations.com\/wp-content\/uploads\/2022\/07\/southagoraplan_800-600x264.jpeg 600w, https:\/\/aphrodisias-excavations.com\/wp-content\/uploads\/2022\/07\/southagoraplan_800.jpeg 616w\" data-sizes=\"auto\" data-orig-sizes=\"(max-width: 1024px) 100vw, (max-width: 640px) 100vw, 600px\" \/><\/span><\/div><div class=\"fusion-text fusion-text-3\"><p style=\"text-align: justify; font-size: 16px; line-height: 27.52px;\" data-fusion-font=\"true\">Buluntular: <a href=\"https:\/\/aphrodisias-excavations.com\/tr\/maske-ve-girlandli-friz-bloklari\/\">Maske ve Girland Friz Bloklar\u0131<\/a><\/p>\n<\/div><\/div><\/div><\/div><\/div><\/p>\n","protected":false},"excerpt":{"rendered":"","protected":false},"author":1,"featured_media":0,"parent":0,"menu_order":0,"comment_status":"closed","ping_status":"closed","template":"100-width.php","meta":{"_coblocks_attr":"","_coblocks_dimensions":"","_coblocks_responsive_height":"","_coblocks_accordion_ie_support":"","footnotes":""},"class_list":["post-7639","page","type-page","status-publish","hentry"],"_links":{"self":[{"href":"https:\/\/aphrodisias-excavations.com\/tr\/wp-json\/wp\/v2\/pages\/7639","targetHints":{"allow":["GET"]}}],"collection":[{"href":"https:\/\/aphrodisias-excavations.com\/tr\/wp-json\/wp\/v2\/pages"}],"about":[{"href":"https:\/\/aphrodisias-excavations.com\/tr\/wp-json\/wp\/v2\/types\/page"}],"author":[{"embeddable":true,"href":"https:\/\/aphrodisias-excavations.com\/tr\/wp-json\/wp\/v2\/users\/1"}],"replies":[{"embeddable":true,"href":"https:\/\/aphrodisias-excavations.com\/tr\/wp-json\/wp\/v2\/comments?post=7639"}],"version-history":[{"count":10,"href":"https:\/\/aphrodisias-excavations.com\/tr\/wp-json\/wp\/v2\/pages\/7639\/revisions"}],"predecessor-version":[{"id":9231,"href":"https:\/\/aphrodisias-excavations.com\/tr\/wp-json\/wp\/v2\/pages\/7639\/revisions\/9231"}],"wp:attachment":[{"href":"https:\/\/aphrodisias-excavations.com\/tr\/wp-json\/wp\/v2\/media?parent=7639"}],"curies":[{"name":"wp","href":"https:\/\/api.w.org\/{rel}","templated":true}]}}