{"id":7624,"date":"2022-07-23T19:43:47","date_gmt":"2022-07-23T16:43:47","guid":{"rendered":"https:\/\/aphrodisias-excavations.com\/sebasteion\/"},"modified":"2024-08-08T08:22:03","modified_gmt":"2024-08-08T05:22:03","slug":"sebasteion","status":"publish","type":"page","link":"https:\/\/aphrodisias-excavations.com\/tr\/sebasteion\/","title":{"rendered":"Sebasteion"},"content":{"rendered":"<p><div class=\"fusion-fullwidth fullwidth-box fusion-builder-row-1 fusion-flex-container nonhundred-percent-fullwidth non-hundred-percent-height-scrolling fusion-animated\" style=\"--awb-border-radius-top-left:0px;--awb-border-radius-top-right:0px;--awb-border-radius-bottom-right:0px;--awb-border-radius-bottom-left:0px;--awb-margin-bottom:0px;--awb-margin-bottom-medium:80px;--awb-margin-bottom-small:60px;--awb-flex-wrap:wrap;\" data-animationType=\"fadeInUp\" data-animationDuration=\"1.3\" data-animationOffset=\"top-into-view\" ><div class=\"fusion-builder-row fusion-row fusion-flex-align-items-center fusion-flex-content-wrap\" style=\"max-width:1216.8px;margin-left: calc(-4% \/ 2 );margin-right: calc(-4% \/ 2 );\"><div class=\"fusion-layout-column fusion_builder_column fusion-builder-column-0 fusion_builder_column_1_1 1_1 fusion-flex-column\" style=\"--awb-bg-blend:overlay;--awb-bg-size:cover;--awb-width-large:100%;--awb-margin-top-large:0px;--awb-spacing-right-large:1.92%;--awb-margin-bottom-large:0px;--awb-spacing-left-large:1.92%;--awb-width-medium:40%;--awb-spacing-right-medium:4.8%;--awb-spacing-left-medium:4.8%;--awb-width-small:100%;--awb-spacing-right-small:1.92%;--awb-margin-bottom-small:15px;--awb-spacing-left-small:1.92%;\"><div class=\"fusion-column-wrapper fusion-flex-justify-content-flex-start fusion-content-layout-column\"><div class=\"fusion-title title fusion-title-1 fusion-title-text fusion-title-size-two\" style=\"--awb-margin-bottom:0px;--awb-margin-top-small:0px;--awb-margin-bottom-small:20px;--awb-font-size:37px;\"><div class=\"title-sep-container title-sep-container-left fusion-no-large-visibility fusion-no-medium-visibility fusion-no-small-visibility\"><div class=\"title-sep sep- sep-solid\" style=\"border-color:var(--awb-color3);\"><\/div><\/div><span class=\"awb-title-spacer fusion-no-large-visibility fusion-no-medium-visibility fusion-no-small-visibility\"><\/span><h2 class=\"fusion-title-heading title-heading-left fusion-responsive-typography-calculated\" style=\"margin:0;text-transform:capitalize;font-size:1em;--fontSize:37;line-height:1.35;\"><h2><strong>Sebasteion<\/strong><\/h2><\/h2><span class=\"awb-title-spacer\"><\/span><div class=\"title-sep-container title-sep-container-right\"><div class=\"title-sep sep- sep-solid\" style=\"border-color:var(--awb-color3);\"><\/div><\/div><\/div><\/div><\/div><\/div><\/div><div class=\"fusion-fullwidth fullwidth-box fusion-builder-row-2 fusion-flex-container has-pattern-background has-mask-background nonhundred-percent-fullwidth non-hundred-percent-height-scrolling\" style=\"--awb-border-radius-top-left:0px;--awb-border-radius-top-right:0px;--awb-border-radius-bottom-right:0px;--awb-border-radius-bottom-left:0px;--awb-flex-wrap:wrap;\" ><div class=\"fusion-builder-row fusion-row fusion-flex-align-items-flex-start fusion-flex-content-wrap\" style=\"max-width:1216.8px;margin-left: calc(-4% \/ 2 );margin-right: calc(-4% \/ 2 );\"><div class=\"fusion-layout-column fusion_builder_column fusion-builder-column-1 fusion_builder_column_1_1 1_1 fusion-flex-column\" style=\"--awb-bg-size:cover;--awb-width-large:100%;--awb-margin-top-large:0px;--awb-spacing-right-large:1.92%;--awb-margin-bottom-large:20px;--awb-spacing-left-large:1.92%;--awb-width-medium:100%;--awb-order-medium:0;--awb-spacing-right-medium:1.92%;--awb-spacing-left-medium:1.92%;--awb-width-small:100%;--awb-order-small:0;--awb-spacing-right-small:1.92%;--awb-spacing-left-small:1.92%;\"><div class=\"fusion-column-wrapper fusion-column-has-shadow fusion-flex-justify-content-flex-start fusion-content-layout-column\"><div class=\"fusion-separator fusion-full-width-sep\" style=\"align-self: center;margin-left: auto;margin-right: auto;margin-top:0px;margin-bottom:0px;width:100%;\"><div class=\"fusion-separator-border sep-single sep-solid\" style=\"--awb-height:20px;--awb-amount:20px;border-color:var(--awb-color2);border-top-width:2px;\"><\/div><\/div><\/div><\/div><\/div><\/div><div class=\"fusion-fullwidth fullwidth-box fusion-builder-row-3 fusion-flex-container has-pattern-background has-mask-background nonhundred-percent-fullwidth non-hundred-percent-height-scrolling\" style=\"--awb-border-radius-top-left:0px;--awb-border-radius-top-right:0px;--awb-border-radius-bottom-right:0px;--awb-border-radius-bottom-left:0px;--awb-flex-wrap:wrap;\" ><div class=\"fusion-builder-row fusion-row fusion-flex-align-items-flex-start fusion-flex-content-wrap\" style=\"max-width:1216.8px;margin-left: calc(-4% \/ 2 );margin-right: calc(-4% \/ 2 );\"><div class=\"fusion-layout-column fusion_builder_column fusion-builder-column-2 fusion_builder_column_1_3 1_3 fusion-flex-column\" style=\"--awb-padding-right:22px;--awb-bg-size:cover;--awb-width-large:33.333333333333%;--awb-margin-top-large:23px;--awb-spacing-right-large:5.184%;--awb-margin-bottom-large:20px;--awb-spacing-left-large:5.76%;--awb-width-medium:100%;--awb-order-medium:0;--awb-spacing-right-medium:1.92%;--awb-spacing-left-medium:1.92%;--awb-width-small:100%;--awb-order-small:0;--awb-spacing-right-small:1.92%;--awb-spacing-left-small:1.92%;\"><div class=\"fusion-column-wrapper fusion-column-has-shadow fusion-flex-justify-content-flex-start fusion-content-layout-column\"><div class=\"fusion-image-element \" style=\"--awb-caption-title-font-family:var(--h2_typography-font-family);--awb-caption-title-font-weight:var(--h2_typography-font-weight);--awb-caption-title-font-style:var(--h2_typography-font-style);--awb-caption-title-size:var(--h2_typography-font-size);--awb-caption-title-transform:var(--h2_typography-text-transform);--awb-caption-title-line-height:var(--h2_typography-line-height);--awb-caption-title-letter-spacing:var(--h2_typography-letter-spacing);\"><span class=\" fusion-imageframe imageframe-glow imageframe-1 hover-type-none\" style=\"border:5px solid #e5e5e5;-webkit-box-shadow: 0 0 3px var(--awb-color8);box-shadow: 0 0 3px var(--awb-color8);\"><a href=\"https:\/\/aphrodisias-excavations.com\/wp-content\/uploads\/2022\/07\/sebast_800-1-600x450.jpeg\" class=\"fusion-lightbox\" data-rel=\"iLightbox[88cf9921242d759ebe1]\" data-caption=\"Sebasteion\" data-title=\"Sebasteion\" title=\"Sebasteion\"><img decoding=\"async\" width=\"600\" height=\"450\" src=\"https:\/\/aphrodisias-excavations.com\/wp-content\/uploads\/2022\/07\/sebast_800-1.jpeg\" data-orig-src=\"https:\/\/aphrodisias-excavations.com\/wp-content\/uploads\/2022\/07\/sebast_800-1-600x450.jpeg\" alt class=\"lazyload img-responsive wp-image-6353\" srcset=\"data:image\/svg+xml,%3Csvg%20xmlns%3D%27http%3A%2F%2Fwww.w3.org%2F2000%2Fsvg%27%20width%3D%27800%27%20height%3D%27600%27%20viewBox%3D%270%200%20800%20600%27%3E%3Crect%20width%3D%27800%27%20height%3D%27600%27%20fill-opacity%3D%220%22%2F%3E%3C%2Fsvg%3E\" data-srcset=\"https:\/\/aphrodisias-excavations.com\/wp-content\/uploads\/2022\/07\/sebast_800-1-200x150.jpeg 200w, https:\/\/aphrodisias-excavations.com\/wp-content\/uploads\/2022\/07\/sebast_800-1-400x300.jpeg 400w, https:\/\/aphrodisias-excavations.com\/wp-content\/uploads\/2022\/07\/sebast_800-1-600x450.jpeg 600w, https:\/\/aphrodisias-excavations.com\/wp-content\/uploads\/2022\/07\/sebast_800-1.jpeg 800w\" data-sizes=\"auto\" data-orig-sizes=\"(max-width: 1024px) 100vw, (max-width: 640px) 100vw, 400px\" \/><\/a><\/span><\/div><div class=\"fusion-separator fusion-full-width-sep\" style=\"align-self: center;margin-left: auto;margin-right: auto;margin-top:5px;margin-bottom:5px;width:100%;\"><div class=\"fusion-separator-border sep-double sep-solid\" style=\"--awb-height:20px;--awb-amount:20px;border-color:var(--awb-color2);border-top-width:0px;border-bottom-width:0px;\"><\/div><\/div><div class=\"fusion-image-element \" style=\"--awb-caption-title-font-family:var(--h2_typography-font-family);--awb-caption-title-font-weight:var(--h2_typography-font-weight);--awb-caption-title-font-style:var(--h2_typography-font-style);--awb-caption-title-size:var(--h2_typography-font-size);--awb-caption-title-transform:var(--h2_typography-text-transform);--awb-caption-title-line-height:var(--h2_typography-line-height);--awb-caption-title-letter-spacing:var(--h2_typography-letter-spacing);\"><span class=\" fusion-imageframe imageframe-glow imageframe-2 hover-type-none\" style=\"border:5px solid #e5e5e5;-webkit-box-shadow: 0 0 3px var(--awb-color8);box-shadow: 0 0 3px var(--awb-color8);\"><a href=\"https:\/\/aphrodisias-excavations.com\/wp-content\/uploads\/2022\/07\/sebast2_800-1-400x400.jpeg\" class=\"fusion-lightbox\" data-rel=\"iLightbox[bb8fce17db76bc3b1a5]\" data-caption=\"Sebasteion\" data-title=\"Sebasteion\" title=\"Sebasteion\"><img decoding=\"async\" width=\"400\" height=\"400\" src=\"https:\/\/aphrodisias-excavations.com\/wp-content\/uploads\/2022\/07\/sebast2_800-1.jpeg\" data-orig-src=\"https:\/\/aphrodisias-excavations.com\/wp-content\/uploads\/2022\/07\/sebast2_800-1-400x400.jpeg\" alt class=\"lazyload img-responsive wp-image-6352\" srcset=\"data:image\/svg+xml,%3Csvg%20xmlns%3D%27http%3A%2F%2Fwww.w3.org%2F2000%2Fsvg%27%20width%3D%27600%27%20height%3D%27600%27%20viewBox%3D%270%200%20600%20600%27%3E%3Crect%20width%3D%27600%27%20height%3D%27600%27%20fill-opacity%3D%220%22%2F%3E%3C%2Fsvg%3E\" data-srcset=\"https:\/\/aphrodisias-excavations.com\/wp-content\/uploads\/2022\/07\/sebast2_800-1-200x200.jpeg 200w, https:\/\/aphrodisias-excavations.com\/wp-content\/uploads\/2022\/07\/sebast2_800-1-400x400.jpeg 400w, https:\/\/aphrodisias-excavations.com\/wp-content\/uploads\/2022\/07\/sebast2_800-1.jpeg 600w\" data-sizes=\"auto\" data-orig-sizes=\"(max-width: 1024px) 100vw, (max-width: 640px) 100vw, 400px\" \/><\/a><\/span><\/div><div class=\"fusion-separator fusion-full-width-sep\" style=\"align-self: center;margin-left: auto;margin-right: auto;margin-top:5px;margin-bottom:5px;width:100%;\"><div class=\"fusion-separator-border sep-double sep-solid\" style=\"--awb-height:20px;--awb-amount:20px;border-color:var(--awb-color2);border-top-width:0px;border-bottom-width:0px;\"><\/div><\/div><div class=\"fusion-image-element \" style=\"--awb-caption-title-font-family:var(--h2_typography-font-family);--awb-caption-title-font-weight:var(--h2_typography-font-weight);--awb-caption-title-font-style:var(--h2_typography-font-style);--awb-caption-title-size:var(--h2_typography-font-size);--awb-caption-title-transform:var(--h2_typography-text-transform);--awb-caption-title-line-height:var(--h2_typography-line-height);--awb-caption-title-letter-spacing:var(--h2_typography-letter-spacing);\"><span class=\" fusion-imageframe imageframe-glow imageframe-3 hover-type-none\" style=\"border:5px solid #e5e5e5;-webkit-box-shadow: 0 0 3px var(--awb-color8);box-shadow: 0 0 3px var(--awb-color8);\"><a href=\"https:\/\/aphrodisias-excavations.com\/wp-content\/uploads\/2022\/07\/sebast3_800-600x450.jpeg\" class=\"fusion-lightbox\" data-rel=\"iLightbox[0b1e54e4ea0a86584ca]\" data-caption=\"Sebasteion\" data-title=\"Sebasteion\" title=\"Sebasteion\"><img decoding=\"async\" width=\"600\" height=\"450\" src=\"https:\/\/aphrodisias-excavations.com\/wp-content\/uploads\/2022\/07\/sebast3_800.jpeg\" data-orig-src=\"https:\/\/aphrodisias-excavations.com\/wp-content\/uploads\/2022\/07\/sebast3_800-600x450.jpeg\" alt class=\"lazyload img-responsive wp-image-6351\" srcset=\"data:image\/svg+xml,%3Csvg%20xmlns%3D%27http%3A%2F%2Fwww.w3.org%2F2000%2Fsvg%27%20width%3D%27800%27%20height%3D%27600%27%20viewBox%3D%270%200%20800%20600%27%3E%3Crect%20width%3D%27800%27%20height%3D%27600%27%20fill-opacity%3D%220%22%2F%3E%3C%2Fsvg%3E\" data-srcset=\"https:\/\/aphrodisias-excavations.com\/wp-content\/uploads\/2022\/07\/sebast3_800-200x150.jpeg 200w, https:\/\/aphrodisias-excavations.com\/wp-content\/uploads\/2022\/07\/sebast3_800-400x300.jpeg 400w, https:\/\/aphrodisias-excavations.com\/wp-content\/uploads\/2022\/07\/sebast3_800-600x450.jpeg 600w, https:\/\/aphrodisias-excavations.com\/wp-content\/uploads\/2022\/07\/sebast3_800.jpeg 800w\" data-sizes=\"auto\" data-orig-sizes=\"(max-width: 1024px) 100vw, (max-width: 640px) 100vw, 400px\" \/><\/a><\/span><\/div><div class=\"fusion-separator fusion-full-width-sep\" style=\"align-self: center;margin-left: auto;margin-right: auto;margin-top:5px;margin-bottom:5px;width:100%;\"><div class=\"fusion-separator-border sep-double sep-solid\" style=\"--awb-height:20px;--awb-amount:20px;border-color:var(--awb-color2);border-top-width:0px;border-bottom-width:0px;\"><\/div><\/div><div class=\"fusion-image-element \" style=\"--awb-caption-title-font-family:var(--h2_typography-font-family);--awb-caption-title-font-weight:var(--h2_typography-font-weight);--awb-caption-title-font-style:var(--h2_typography-font-style);--awb-caption-title-size:var(--h2_typography-font-size);--awb-caption-title-transform:var(--h2_typography-text-transform);--awb-caption-title-line-height:var(--h2_typography-line-height);--awb-caption-title-letter-spacing:var(--h2_typography-letter-spacing);\"><span class=\" fusion-imageframe imageframe-glow imageframe-4 hover-type-none\" style=\"border:5px solid #e5e5e5;-webkit-box-shadow: 0 0 3px var(--awb-color8);box-shadow: 0 0 3px var(--awb-color8);\"><a href=\"https:\/\/aphrodisias-excavations.com\/wp-content\/uploads\/2022\/07\/sebastrel_800-1-600x674.jpeg\" class=\"fusion-lightbox\" data-rel=\"iLightbox[3259ee9a70382974e3a]\" data-caption=\"Aineias&#039; flight from troy. Sebasteion, south building\" data-title=\"Aineias&#8217; flight from troy. Sebasteion, south building\" title=\"Aineias&#8217; flight from troy. Sebasteion, south building\"><img decoding=\"async\" width=\"600\" height=\"674\" src=\"https:\/\/aphrodisias-excavations.com\/wp-content\/uploads\/2022\/07\/sebastrel_800-1.jpeg\" data-orig-src=\"https:\/\/aphrodisias-excavations.com\/wp-content\/uploads\/2022\/07\/sebastrel_800-1-600x674.jpeg\" alt class=\"lazyload img-responsive wp-image-6350\" srcset=\"data:image\/svg+xml,%3Csvg%20xmlns%3D%27http%3A%2F%2Fwww.w3.org%2F2000%2Fsvg%27%20width%3D%27800%27%20height%3D%27899%27%20viewBox%3D%270%200%20800%20899%27%3E%3Crect%20width%3D%27800%27%20height%3D%27899%27%20fill-opacity%3D%220%22%2F%3E%3C%2Fsvg%3E\" data-srcset=\"https:\/\/aphrodisias-excavations.com\/wp-content\/uploads\/2022\/07\/sebastrel_800-1-200x225.jpeg 200w, https:\/\/aphrodisias-excavations.com\/wp-content\/uploads\/2022\/07\/sebastrel_800-1-400x450.jpeg 400w, https:\/\/aphrodisias-excavations.com\/wp-content\/uploads\/2022\/07\/sebastrel_800-1-600x674.jpeg 600w, https:\/\/aphrodisias-excavations.com\/wp-content\/uploads\/2022\/07\/sebastrel_800-1.jpeg 800w\" data-sizes=\"auto\" data-orig-sizes=\"(max-width: 1024px) 100vw, (max-width: 640px) 100vw, 400px\" \/><\/a><\/span><\/div><\/div><\/div><div class=\"fusion-layout-column fusion_builder_column fusion-builder-column-3 fusion_builder_column_2_3 2_3 fusion-flex-column\" style=\"--awb-bg-size:cover;--awb-width-large:66.666666666667%;--awb-margin-top-large:0px;--awb-spacing-right-large:2.88%;--awb-margin-bottom-large:20px;--awb-spacing-left-large:0%;--awb-width-medium:100%;--awb-order-medium:0;--awb-spacing-right-medium:1.92%;--awb-spacing-left-medium:1.92%;--awb-width-small:100%;--awb-order-small:0;--awb-spacing-right-small:1.92%;--awb-spacing-left-small:1.92%;\"><div class=\"fusion-column-wrapper fusion-column-has-shadow fusion-flex-justify-content-flex-start fusion-content-layout-column\"><div class=\"fusion-separator fusion-full-width-sep\" style=\"align-self: center;margin-left: auto;margin-right: auto;margin-top:5px;margin-bottom:5px;width:100%;\"><div class=\"fusion-separator-border sep-double sep-solid\" style=\"--awb-height:20px;--awb-amount:20px;border-color:var(--awb-color2);border-top-width:0px;border-bottom-width:0px;\"><\/div><\/div><div class=\"fusion-text fusion-text-1\"><p style=\"text-align: justify;\"><span style=\"font-size: 16px;\" data-fusion-font=\"true\">1979-81 y\u0131llar\u0131 aras\u0131nda kaz\u0131lan Sebasteion, Aphrodite ve Julio-Claudius hanedan\u0131n\u0131n imparatorlar\u0131na ithaf edilmi\u015f g\u00f6rkemli bir tap\u0131nak kompleksidir. \u0130n\u015fas\u0131 yakla\u015f\u0131k MS 20\u2019den 60\u2019a kadar, yani iki ku\u015fak boyunca \u2013 Tiberius\u2019un egemenli\u011finden Nero\u2019nunkine dek s\u00fcrm\u00fc\u015ft\u00fcr.  Kompleksin yap\u0131m masraflar\u0131 Aphrodisias\u2019\u0131n \u00f6nde gelen iki ailesi taraf\u0131ndan kar\u015f\u0131lanm\u0131\u015ft\u0131r. Kompleks, Korinth d\u00fczeninde bir tap\u0131nak, dar bir t\u00f6ren yolu (90&#215;14 m) ve bu yolun her iki taraf\u0131na yerle\u015ftirilmi\u015f, her biri a\u015fa\u011f\u0131dan yukar\u0131yla s\u0131ras\u0131yla Dor, \u0130on ve Korinth d\u00fczeninde olmak \u00fczere \u00fc\u00e7er katl\u0131 (12 m y\u00fckseklikte) iki adet portiko benzeri yap\u0131dan olu\u015fmaktad\u0131r. T\u00f6ren yolunu yanlardan s\u0131n\u0131rlayan bu Kuzey ve G\u00fcney Yap\u0131lar\u0131n \u00fcst katlar\u0131nda bina boyunca uzanan ve g\u00f6mme s\u00fctunlarla \u00e7er\u00e7evelenen mermer kabartmalar vard\u0131r ve resim sergileme duvarlar\u0131 izlenimi vermektedir.  Proje i\u00e7in 200\u2019e yak\u0131n kabartma gerekmi\u015ftir ve bunlardan 80 tanesi kaz\u0131lar s\u0131ras\u0131nda ele ge\u00e7irilmi\u015ftir. Bu eserlerin aras\u0131nda, Roma imparatorlar\u0131 tasvirleri ve Yunan mitolojisinden sahnelerin yan\u0131 s\u0131ra Do\u011fu Afrika\u2019da Etiyopya\u2019dan Bat\u0131 \u0130spanya\u2019da Callaeci\u2019lere dek Augustus\u2019un d\u00fcnya imparatorlu\u011fundaki &#8220;uluslar\u0131&#8221; <\/span><em><span style=\"font-size: 16px;\" data-fusion-font=\"true\">(ethne)<\/span><\/em><span style=\"font-size: 16px;\" data-fusion-font=\"true\"> ki\u015file\u015ftirerek temsil eden bir kabartma grubu vard\u0131r. Sebasteion kabartmalar\u0131, Roma \u0130mparatorlu\u011fu hakimiyetindeki Do\u011fu Yunan d\u00fcnyas\u0131n\u0131n g\u00f6rsel k\u00fclt\u00fcr\u00fcn\u00fc ve \u015fehir hayat\u0131n\u0131 anlamam\u0131z a\u00e7\u0131s\u0131ndan \u00f6nemlidirler. Sebasteion kabartmalar\u0131n\u0131n sergilendi\u011fi yeni bir salon 2008 y\u0131l\u0131nda Afrodisias M\u00fczesi b\u00fcnyesinde ziyaret\u00e7ilere a\u00e7\u0131lm\u0131\u015ft\u0131r.<\/span><\/p>\n<h5 style=\"text-align: justify; font-size: 16px;\" data-fusion-font=\"true\"><b style=\"font-size: 18px;\" data-fusion-font=\"true\">G\u00fcney Yap\u0131 kabartmalar\u0131: imparatorlar ve kahramanlar<\/b><\/h5>\n<p style=\"text-align: justify; font-size: 16px;\" data-fusion-font=\"true\">G\u00fcney Yap\u0131, Attalos &#8211; Diogenes karde\u015fler ve onlar\u0131n ailesi taraf\u0131ndan finanse edilmi\u015ftir. Yap\u0131daki kabartmalar\u0131n yakla\u015f\u0131k %80\u2019i g\u00fcn\u00fcm\u00fcze ula\u015fm\u0131\u015ft\u0131r ve yap\u0131m a\u015famas\u0131nda uygulanan plan, detayl\u0131 bir \u015fekilde takip edilebilmektedir. Yap\u0131n\u0131n \u00fc\u00e7\u00fcnc\u00fc kat\u0131nda, geleneksel tanr\u0131 fig\u00fcrleri ile Erken Roma D\u00f6nemi imparatorlar\u0131 ve elde ettikleri zaferlerden sahneler (Claudius\u2019un Britannia zaferi, Nero\u2019nun Ermenistan zaferi) yan yana sergilenmekteydi. \u0130mparatorlar burada geleneksel Olympos pantheonunun yeni ve faal \u00fcyeleri olarak betimlenmektedirler. Alt katta, aralar\u0131nda Yunan ve yerel kahramanlar\u0131 (Herakles, Telephos, Bellerophon, Akhilleus, Aineias) ve elde ettikleri ba\u015far\u0131lar\u0131 temsil eden s\u0131ra d\u0131\u015f\u0131 mitolojik sahneler serisi yer al\u0131r. \u0130nsanl\u0131\u011fa b\u00fcy\u00fck katk\u0131lar\u0131 olan kahramanlar ile \u00fcst kattaki imparatorlar kolayl\u0131kla birbirleriyle k\u0131yaslanabilir. Baz\u0131 kabartmalar ise yerel tanr\u0131\u00e7a Aphrodite, o\u011flu Aineias ve Roma\u2019daki Iulian imparatorlar\u0131 aras\u0131nda daha yak\u0131n ba\u011flant\u0131lar kurar. Kabartmalar\u0131n s\u0131ralamas\u0131 kaz\u0131larda bulunduklar\u0131 noktalar sayesinde anla\u015f\u0131lm\u0131\u015ft\u0131r.<\/p>\n<p style=\"text-align: justify; font-size: 16px;\" data-fusion-font=\"true\">\u00dc\u00e7\u00fcnc\u00fc kattaki kabartmalarda Roma imparatorlar\u0131, imparatorluk zaferleri ve Olympos tanr\u0131lar\u0131 betimlenmi\u015ftir. \u0130mparatorlar, g\u00fc\u00e7l\u00fc sava\u015f\u00e7\u0131 tanr\u0131lar olarak tasvir edilmi\u015f ve eski tanr\u0131lara ait kabartmalar ile birlikte onlarla e\u015fite yak\u0131n bir mertebede sergilenmi\u015flerdir. Yap\u0131daki yaz\u0131tlardan birine g\u00f6re bu imparatorlar Theoi Sebastoi Olympioi\u2019dur, yani &#8220;Olymposlu \u0130mparator Tanr\u0131lar&#8221;. D\u00fcnyaya h\u00fckmetme g\u00fcc\u00fc eski ve yeni tanr\u0131lardan olu\u015fan pantheondan geliyordu. Kabartmalar daha dar yap\u0131l\u0131 iki kabartman\u0131n ortas\u0131nda daha geni\u015f bir kabartma \u015feklinde \u00fc\u00e7l\u00fc gruplar halinde d\u00fczenlenmi\u015ftir. Geni\u015f olan kabartma, cephe arkas\u0131nda yer alan 15 adet odan\u0131n kap\u0131lar\u0131 \u00fczerine yerle\u015ftirilmi\u015ftir. Kabartmalarda ba\u015fl\u0131ca Erken Roma D\u00f6nemi \u0130mparatorlar\u0131 olan Augustus, Tiberius, Claudius ve Nero ile gen\u00e7 prensler ve imparatorluk ailesine mensup kad\u0131nlar g\u00f6r\u00fclmektedir. En \u00f6nemli faaliyetleri barbarlar kar\u015f\u0131s\u0131nda zaferle sonu\u00e7lanan sava\u015flard\u0131r ve tamam\u0131 Helenistik D\u00f6nem kahramanlar\u0131 stilinde betimlenmi\u015flerdir.<\/p>\n<h5 style=\"text-align: justify; font-size: 16px;\" data-fusion-font=\"true\"><b style=\"font-size: 18px;\" data-fusion-font=\"true\">Kuzey Yap\u0131 kabartmalar\u0131: imparatorluk halklar\u0131<\/b><\/h5>\n<p style=\"text-align: justify;\"><span style=\"font-size: 16px;\" data-fusion-font=\"true\">Kuzey Yap\u0131 Eusebes ve Menandros karde\u015fler ve onlar\u0131n ailesi taraf\u0131ndan yapt\u0131r\u0131lm\u0131\u015ft\u0131r. \u00dc\u00e7\u00fcnc\u00fc katta imparatorlu\u011fa ait sahneler (Nero ve annesi Agrippina) ile evrensel semboller serisi (G\u00fcnd\u00fcz, Okyanus) vard\u0131r. Bu seri kompleks i\u00e7erisinde en zarar g\u00f6rm\u00fc\u015f par\u00e7alar\u0131 te\u015fkil etmektedir. \u0130kinci katta Augustus d\u00f6nemi imparatorlu\u011funun ki\u015file\u015ftirilerek betimlenmi\u015f uluslar\u0131ndan olu\u015fan uzun bir seri vard\u0131r ve her biri ulus, s\u00fctunlar aras\u0131nda bir kabartma heykel olarak tasvir edilmi\u015ftir. Her fig\u00fcr bir yaz\u0131t ile isimlendirilmi\u015ftir \u2013 \u00f6rne\u011fin <\/span><em><span style=\"font-size: 16px;\" data-fusion-font=\"true\">\u201cethnous Dak\u014dn\u201d<\/span><\/em><span style=\"font-size: 16px;\" data-fusion-font=\"true\">: Da\u00e7yal\u0131lar. Bu betimlemeleri yapmaktaki ama\u00e7, Augustus d\u00f6nemindeki d\u00fcnya imparatorlu\u011funun g\u00f6rsel bir listesini haz\u0131rlamakt\u0131. Buradaki yerler ve halklar fethedilmi\u015f say\u0131lan veya Augustus h\u00fck\u00fcmdarl\u0131\u011f\u0131 alt\u0131nda imparatorlu\u011fa dahil edilenler aras\u0131ndan se\u00e7ilmi\u015ftir. Daha ziyade imparatorlu\u011fun u\u00e7 s\u0131n\u0131rlar\u0131nda ya\u015fayan, daha yabani ve uygarla\u015fmam\u0131\u015f halklar listeye eklenmi\u015ftir. Aphrodisias yerlilerinin \u00e7o\u011fu bu uzak diyarlar\u0131n ad\u0131n\u0131 bile duymam\u0131\u015f olmal\u0131d\u0131r. Yabanc\u0131 halklar\u0131n temsil edilmesi fikri, listenin kendisi ve kullan\u0131lan betimlemelerin Roma\u2019daki bir an\u0131ttan do\u011frudan \u00f6rnek al\u0131narak yap\u0131lm\u0131\u015f olmas\u0131 muhtemeldir.<\/span><\/p>\n<\/div><div class=\"fusion-image-element \" style=\"--awb-caption-title-font-family:var(--h2_typography-font-family);--awb-caption-title-font-weight:var(--h2_typography-font-weight);--awb-caption-title-font-style:var(--h2_typography-font-style);--awb-caption-title-size:var(--h2_typography-font-size);--awb-caption-title-transform:var(--h2_typography-text-transform);--awb-caption-title-line-height:var(--h2_typography-line-height);--awb-caption-title-letter-spacing:var(--h2_typography-letter-spacing);\"><span class=\" fusion-imageframe imageframe-none imageframe-5 hover-type-none\"><img decoding=\"async\" width=\"800\" height=\"376\" title=\"Sebasteion plan\" src=\"https:\/\/aphrodisias-excavations.com\/wp-content\/uploads\/2022\/07\/sebastplan_1200.jpeg\" data-orig-src=\"https:\/\/aphrodisias-excavations.com\/wp-content\/uploads\/2022\/07\/sebastplan_1200-800x376.jpeg\" alt class=\"lazyload img-responsive wp-image-6349\" srcset=\"data:image\/svg+xml,%3Csvg%20xmlns%3D%27http%3A%2F%2Fwww.w3.org%2F2000%2Fsvg%27%20width%3D%271200%27%20height%3D%27564%27%20viewBox%3D%270%200%201200%20564%27%3E%3Crect%20width%3D%271200%27%20height%3D%27564%27%20fill-opacity%3D%220%22%2F%3E%3C%2Fsvg%3E\" data-srcset=\"https:\/\/aphrodisias-excavations.com\/wp-content\/uploads\/2022\/07\/sebastplan_1200-200x94.jpeg 200w, https:\/\/aphrodisias-excavations.com\/wp-content\/uploads\/2022\/07\/sebastplan_1200-400x188.jpeg 400w, https:\/\/aphrodisias-excavations.com\/wp-content\/uploads\/2022\/07\/sebastplan_1200-600x282.jpeg 600w, https:\/\/aphrodisias-excavations.com\/wp-content\/uploads\/2022\/07\/sebastplan_1200-800x376.jpeg 800w, https:\/\/aphrodisias-excavations.com\/wp-content\/uploads\/2022\/07\/sebastplan_1200.jpeg 1200w\" data-sizes=\"auto\" data-orig-sizes=\"(max-width: 1024px) 100vw, (max-width: 640px) 100vw, 800px\" \/><\/span><\/div><div class=\"fusion-text fusion-text-2\"><p style=\"text-align: justify; font-size: 16px; line-height: 27.52px;\" data-fusion-font=\"true\">Buluntular: <a href=\"https:\/\/aphrodisias-excavations.com\/tr\/sebasteion-kabartmalari\/\">Sebasteion Kabartmalar\u0131<\/a><\/p>\n<\/div><\/div><\/div><\/div><\/div><\/p>\n","protected":false},"excerpt":{"rendered":"","protected":false},"author":1,"featured_media":0,"parent":0,"menu_order":0,"comment_status":"closed","ping_status":"closed","template":"100-width.php","meta":{"_coblocks_attr":"","_coblocks_dimensions":"","_coblocks_responsive_height":"","_coblocks_accordion_ie_support":"","footnotes":""},"class_list":["post-7624","page","type-page","status-publish","hentry"],"_links":{"self":[{"href":"https:\/\/aphrodisias-excavations.com\/tr\/wp-json\/wp\/v2\/pages\/7624","targetHints":{"allow":["GET"]}}],"collection":[{"href":"https:\/\/aphrodisias-excavations.com\/tr\/wp-json\/wp\/v2\/pages"}],"about":[{"href":"https:\/\/aphrodisias-excavations.com\/tr\/wp-json\/wp\/v2\/types\/page"}],"author":[{"embeddable":true,"href":"https:\/\/aphrodisias-excavations.com\/tr\/wp-json\/wp\/v2\/users\/1"}],"replies":[{"embeddable":true,"href":"https:\/\/aphrodisias-excavations.com\/tr\/wp-json\/wp\/v2\/comments?post=7624"}],"version-history":[{"count":8,"href":"https:\/\/aphrodisias-excavations.com\/tr\/wp-json\/wp\/v2\/pages\/7624\/revisions"}],"predecessor-version":[{"id":9122,"href":"https:\/\/aphrodisias-excavations.com\/tr\/wp-json\/wp\/v2\/pages\/7624\/revisions\/9122"}],"wp:attachment":[{"href":"https:\/\/aphrodisias-excavations.com\/tr\/wp-json\/wp\/v2\/media?parent=7624"}],"curies":[{"name":"wp","href":"https:\/\/api.w.org\/{rel}","templated":true}]}}