{"id":7615,"date":"2022-07-24T18:26:11","date_gmt":"2022-07-24T15:26:11","guid":{"rendered":"https:\/\/aphrodisias-excavations.com\/lahitler\/"},"modified":"2024-08-08T08:13:15","modified_gmt":"2024-08-08T05:13:15","slug":"lahitler","status":"publish","type":"page","link":"https:\/\/aphrodisias-excavations.com\/tr\/lahitler\/","title":{"rendered":"Lahitler"},"content":{"rendered":"<p><div class=\"fusion-fullwidth fullwidth-box fusion-builder-row-1 fusion-flex-container nonhundred-percent-fullwidth non-hundred-percent-height-scrolling fusion-animated\" style=\"--awb-border-radius-top-left:0px;--awb-border-radius-top-right:0px;--awb-border-radius-bottom-right:0px;--awb-border-radius-bottom-left:0px;--awb-margin-bottom:0px;--awb-margin-bottom-medium:80px;--awb-margin-bottom-small:60px;--awb-flex-wrap:wrap;\" data-animationType=\"fadeInUp\" data-animationDuration=\"1.3\" data-animationOffset=\"top-into-view\" ><div class=\"fusion-builder-row fusion-row fusion-flex-align-items-center fusion-flex-content-wrap\" style=\"max-width:1216.8px;margin-left: calc(-4% \/ 2 );margin-right: calc(-4% \/ 2 );\"><div class=\"fusion-layout-column fusion_builder_column fusion-builder-column-0 fusion_builder_column_1_1 1_1 fusion-flex-column\" style=\"--awb-bg-blend:overlay;--awb-bg-size:cover;--awb-width-large:100%;--awb-margin-top-large:0px;--awb-spacing-right-large:1.92%;--awb-margin-bottom-large:0px;--awb-spacing-left-large:1.92%;--awb-width-medium:40%;--awb-spacing-right-medium:4.8%;--awb-spacing-left-medium:4.8%;--awb-width-small:100%;--awb-spacing-right-small:1.92%;--awb-margin-bottom-small:15px;--awb-spacing-left-small:1.92%;\"><div class=\"fusion-column-wrapper fusion-flex-justify-content-flex-start fusion-content-layout-column\"><div class=\"fusion-title title fusion-title-1 fusion-title-text fusion-title-size-two\" style=\"--awb-margin-bottom:0px;--awb-margin-top-small:0px;--awb-margin-bottom-small:20px;--awb-font-size:37px;\"><div class=\"title-sep-container title-sep-container-left fusion-no-large-visibility fusion-no-medium-visibility fusion-no-small-visibility\"><div class=\"title-sep sep- sep-solid\" style=\"border-color:var(--awb-color3);\"><\/div><\/div><span class=\"awb-title-spacer fusion-no-large-visibility fusion-no-medium-visibility fusion-no-small-visibility\"><\/span><h2 class=\"fusion-title-heading title-heading-left fusion-responsive-typography-calculated\" style=\"margin:0;text-transform:capitalize;font-size:1em;--fontSize:37;line-height:1.35;\"><h2><strong>Lahitler<\/strong><\/h2><\/h2><span class=\"awb-title-spacer\"><\/span><div class=\"title-sep-container title-sep-container-right\"><div class=\"title-sep sep- sep-solid\" style=\"border-color:var(--awb-color3);\"><\/div><\/div><\/div><\/div><\/div><\/div><\/div><div class=\"fusion-fullwidth fullwidth-box fusion-builder-row-2 fusion-flex-container has-pattern-background has-mask-background nonhundred-percent-fullwidth non-hundred-percent-height-scrolling\" style=\"--awb-border-radius-top-left:0px;--awb-border-radius-top-right:0px;--awb-border-radius-bottom-right:0px;--awb-border-radius-bottom-left:0px;--awb-flex-wrap:wrap;\" ><div class=\"fusion-builder-row fusion-row fusion-flex-align-items-flex-start fusion-flex-content-wrap\" style=\"max-width:1216.8px;margin-left: calc(-4% \/ 2 );margin-right: calc(-4% \/ 2 );\"><div class=\"fusion-layout-column fusion_builder_column fusion-builder-column-1 fusion_builder_column_1_1 1_1 fusion-flex-column\" style=\"--awb-bg-size:cover;--awb-width-large:100%;--awb-margin-top-large:0px;--awb-spacing-right-large:1.92%;--awb-margin-bottom-large:20px;--awb-spacing-left-large:1.92%;--awb-width-medium:100%;--awb-order-medium:0;--awb-spacing-right-medium:1.92%;--awb-spacing-left-medium:1.92%;--awb-width-small:100%;--awb-order-small:0;--awb-spacing-right-small:1.92%;--awb-spacing-left-small:1.92%;\"><div class=\"fusion-column-wrapper fusion-column-has-shadow fusion-flex-justify-content-flex-start fusion-content-layout-column\"><div class=\"fusion-separator fusion-full-width-sep\" style=\"align-self: center;margin-left: auto;margin-right: auto;margin-top:0px;margin-bottom:0px;width:100%;\"><div class=\"fusion-separator-border sep-single sep-solid\" style=\"--awb-height:20px;--awb-amount:20px;border-color:var(--awb-color2);border-top-width:2px;\"><\/div><\/div><\/div><\/div><\/div><\/div><div class=\"fusion-fullwidth fullwidth-box fusion-builder-row-3 fusion-flex-container has-pattern-background has-mask-background nonhundred-percent-fullwidth non-hundred-percent-height-scrolling\" style=\"--awb-border-radius-top-left:0px;--awb-border-radius-top-right:0px;--awb-border-radius-bottom-right:0px;--awb-border-radius-bottom-left:0px;--awb-flex-wrap:wrap;\" ><div class=\"fusion-builder-row fusion-row fusion-flex-align-items-flex-start fusion-flex-content-wrap\" style=\"max-width:1216.8px;margin-left: calc(-4% \/ 2 );margin-right: calc(-4% \/ 2 );\"><div class=\"fusion-layout-column fusion_builder_column fusion-builder-column-2 fusion_builder_column_1_3 1_3 fusion-flex-column\" style=\"--awb-padding-top:19px;--awb-padding-right:22px;--awb-bg-size:cover;--awb-width-large:33.333333333333%;--awb-margin-top-large:3px;--awb-spacing-right-large:5.184%;--awb-margin-bottom-large:20px;--awb-spacing-left-large:5.76%;--awb-width-medium:100%;--awb-order-medium:0;--awb-spacing-right-medium:1.92%;--awb-spacing-left-medium:1.92%;--awb-width-small:100%;--awb-order-small:0;--awb-spacing-right-small:1.92%;--awb-spacing-left-small:1.92%;\"><div class=\"fusion-column-wrapper fusion-column-has-shadow fusion-flex-justify-content-flex-start fusion-content-layout-column\"><div class=\"fusion-image-element \" style=\"--awb-caption-title-font-family:var(--h2_typography-font-family);--awb-caption-title-font-weight:var(--h2_typography-font-weight);--awb-caption-title-font-style:var(--h2_typography-font-style);--awb-caption-title-size:var(--h2_typography-font-size);--awb-caption-title-transform:var(--h2_typography-text-transform);--awb-caption-title-line-height:var(--h2_typography-line-height);--awb-caption-title-letter-spacing:var(--h2_typography-letter-spacing);\"><span class=\" fusion-imageframe imageframe-glow imageframe-1 hover-type-none\" style=\"border:5px solid #e5e5e5;-webkit-box-shadow: 0 0 3px var(--awb-color8);box-shadow: 0 0 3px var(--awb-color8);\"><a href=\"https:\/\/aphrodisias-excavations.com\/wp-content\/uploads\/2022\/07\/sarcophagi_800-2-600x400.jpeg\" class=\"fusion-lightbox\" data-rel=\"iLightbox[3d9c3db5c747e57f14b]\" data-caption=\"Girlandl\u0131 lahit\" data-title=\"Girlandl\u0131 lahit\" title=\"Girlandl\u0131 lahit\"><img decoding=\"async\" width=\"600\" height=\"400\" src=\"https:\/\/aphrodisias-excavations.com\/wp-content\/uploads\/2022\/07\/sarcophagi_800-2.jpeg\" data-orig-src=\"https:\/\/aphrodisias-excavations.com\/wp-content\/uploads\/2022\/07\/sarcophagi_800-2-600x400.jpeg\" alt class=\"lazyload img-responsive wp-image-7896\" srcset=\"data:image\/svg+xml,%3Csvg%20xmlns%3D%27http%3A%2F%2Fwww.w3.org%2F2000%2Fsvg%27%20width%3D%27800%27%20height%3D%27533%27%20viewBox%3D%270%200%20800%20533%27%3E%3Crect%20width%3D%27800%27%20height%3D%27533%27%20fill-opacity%3D%220%22%2F%3E%3C%2Fsvg%3E\" data-srcset=\"https:\/\/aphrodisias-excavations.com\/wp-content\/uploads\/2022\/07\/sarcophagi_800-2-200x133.jpeg 200w, https:\/\/aphrodisias-excavations.com\/wp-content\/uploads\/2022\/07\/sarcophagi_800-2-400x267.jpeg 400w, https:\/\/aphrodisias-excavations.com\/wp-content\/uploads\/2022\/07\/sarcophagi_800-2-600x400.jpeg 600w, https:\/\/aphrodisias-excavations.com\/wp-content\/uploads\/2022\/07\/sarcophagi_800-2.jpeg 800w\" data-sizes=\"auto\" data-orig-sizes=\"(max-width: 1024px) 100vw, (max-width: 640px) 100vw, 400px\" \/><\/a><\/span><\/div><\/div><\/div><div class=\"fusion-layout-column fusion_builder_column fusion-builder-column-3 fusion_builder_column_2_3 2_3 fusion-flex-column\" style=\"--awb-bg-size:cover;--awb-width-large:66.666666666667%;--awb-margin-top-large:0px;--awb-spacing-right-large:2.88%;--awb-margin-bottom-large:20px;--awb-spacing-left-large:0%;--awb-width-medium:100%;--awb-order-medium:0;--awb-spacing-right-medium:1.92%;--awb-spacing-left-medium:1.92%;--awb-width-small:100%;--awb-order-small:0;--awb-spacing-right-small:1.92%;--awb-spacing-left-small:1.92%;\"><div class=\"fusion-column-wrapper fusion-column-has-shadow fusion-flex-justify-content-flex-start fusion-content-layout-column\"><div class=\"fusion-separator fusion-full-width-sep\" style=\"align-self: center;margin-left: auto;margin-right: auto;margin-top:5px;margin-bottom:5px;width:100%;\"><div class=\"fusion-separator-border sep-double sep-solid\" style=\"--awb-height:20px;--awb-amount:20px;border-color:var(--awb-color2);border-top-width:0px;border-bottom-width:0px;\"><\/div><\/div><div class=\"fusion-text fusion-text-1\"><p style=\"text-align: justify; font-size: 16px;\" data-fusion-font=\"true\">Aphrodisias, Roma d\u00f6neminin \u015fehir toplulu\u011funa ait b\u00fcy\u00fck bir lahit koleksiyonuna sahiptir. Toplam\u0131 700\u2019e ula\u015fan par\u00e7alar aras\u0131nda b\u00fct\u00fcn halinde lahitler, lahit kapaklar\u0131 ve k\u0131r\u0131k par\u00e7alar bulunur. Bunlardan en erken tarihli olanlar\u0131 M\u00d6 1. y\u00fczy\u0131la, en ge\u00e7 tarihli olanlar ise MS 4. y\u00fczy\u0131la tarihlenmektedir. Aralar\u0131ndan bir\u00e7o\u011fu Ge\u00e7 Antik \u00c7a\u011f\u2019da yeni g\u00f6m\u00fcler i\u00e7in tekrar kullan\u0131m g\u00f6rm\u00fc\u015ft\u00fcr. \u00c7o\u011funun \u00fczerinde kim taraf\u0131ndan yap\u0131ld\u0131klar\u0131, kime ait olduklar\u0131 ve i\u00e7erisinde kimin g\u00f6m\u00fclece\u011fiyle ilgili ayr\u0131nt\u0131l\u0131 yaz\u0131tlar bulunmaktad\u0131r. Bu buluntular, g\u00f6m\u00fc an\u0131tlar\u0131 ve \u00fczerlerindeki tasvirleri arac\u0131l\u0131\u011f\u0131yla yerel ve varl\u0131kl\u0131 bir toplumun incelenmesi i\u00e7in geni\u015f bir \u00e7al\u0131\u015fma alan\u0131 sunar.<\/p>\n<p style=\"text-align: justify; font-size: 16px;\" data-fusion-font=\"true\">Lahitler \u015fehrin d\u00f6rt taraf\u0131ndan, \u00f6zellikle \u015fehir i\u00e7ine giri\u015f \u00e7\u0131k\u0131\u015f\u0131 sa\u011flayan kuzeybat\u0131, do\u011fu ve g\u00fcneydo\u011fu y\u00f6nlerindeki ana yollar boyunca ele ge\u00e7mi\u015ftir. T\u00fcm kenarlar\u0131 i\u015flenmi\u015f baz\u0131 lahitler a\u00e7\u0131k havada, platformlar \u00fczerinde sergilenmekteydi. Yaln\u0131zca \u00fc\u00e7 kenar\u0131 i\u015flenmi\u015f olan b\u00fcy\u00fck \u00e7o\u011funlu\u011fu ise mezar yap\u0131lar\u0131na yerle\u015ftirilirdi. Lahitlerin \u00e7o\u011fu, s\u00fctunlu ve girlandl\u0131 olmak \u00fczere iki ana tipte yap\u0131lm\u0131\u015f, \u00f6l\u00e7ek, kalite ve s\u00fcsleme a\u00e7\u0131s\u0131ndan \u00e7ok b\u00fcy\u00fck \u00e7e\u015fitlilik g\u00f6steren yerel \u00fcretimlerdir. S\u00fctunlu sandukalarda iki s\u00fctun aras\u0131nda tek bir fig\u00fcr bulunmaktad\u0131r. Bu fig\u00fcrler kutsal fig\u00fcrler, portre fig\u00fcrleri veya ikisi birden olabilirdi. Bir \u00f6rnekte kar\u0131 koca ve Mousalar (Esin Perileri) tasvir edilmi\u015f, mezar sahibi kad\u0131n dokuzuncu Mousan\u0131n yerini alm\u0131\u015ft\u0131r. Girlandl\u0131 lahitlerde \u00e7e\u015fitlilik s\u0131n\u0131rl\u0131d\u0131r. Bu sandukalarda genellikle, merkezi bir tabula (yaz\u0131 levhas\u0131) olmaktad\u0131r. Bu levha her iki yanda iki\u015fer putto (k\u00fc\u00e7\u00fck \u00e7ocuk fig\u00fcr\u00fc) ve k\u00f6\u015felerinden Nike fig\u00fcrlerinin tuttu\u011fu birer girland ile desteklenir.<\/p>\n<\/div><\/div><\/div><\/div><\/div><div class=\"fusion-fullwidth fullwidth-box fusion-builder-row-4 fusion-flex-container has-pattern-background has-mask-background nonhundred-percent-fullwidth non-hundred-percent-height-scrolling\" style=\"--awb-border-radius-top-left:0px;--awb-border-radius-top-right:0px;--awb-border-radius-bottom-right:0px;--awb-border-radius-bottom-left:0px;--awb-flex-wrap:wrap;\" ><div class=\"fusion-builder-row fusion-row fusion-flex-align-items-flex-start fusion-flex-content-wrap\" style=\"max-width:1216.8px;margin-left: calc(-4% \/ 2 );margin-right: calc(-4% \/ 2 );\"><div class=\"fusion-layout-column fusion_builder_column fusion-builder-column-4 fusion_builder_column_1_3 1_3 fusion-flex-column\" style=\"--awb-padding-top:19px;--awb-padding-right:22px;--awb-bg-size:cover;--awb-width-large:33.333333333333%;--awb-margin-top-large:29px;--awb-spacing-right-large:5.184%;--awb-margin-bottom-large:20px;--awb-spacing-left-large:5.76%;--awb-width-medium:100%;--awb-order-medium:0;--awb-spacing-right-medium:1.92%;--awb-spacing-left-medium:1.92%;--awb-width-small:100%;--awb-order-small:0;--awb-spacing-right-small:1.92%;--awb-spacing-left-small:1.92%;\"><div class=\"fusion-column-wrapper fusion-column-has-shadow fusion-flex-justify-content-flex-start fusion-content-layout-column\"><div class=\"fusion-image-element \" style=\"--awb-caption-title-font-family:var(--h2_typography-font-family);--awb-caption-title-font-weight:var(--h2_typography-font-weight);--awb-caption-title-font-style:var(--h2_typography-font-style);--awb-caption-title-size:var(--h2_typography-font-size);--awb-caption-title-transform:var(--h2_typography-text-transform);--awb-caption-title-line-height:var(--h2_typography-line-height);--awb-caption-title-letter-spacing:var(--h2_typography-letter-spacing);\"><span class=\" fusion-imageframe imageframe-glow imageframe-2 hover-type-none\" style=\"border:5px solid #e5e5e5;-webkit-box-shadow: 0 0 3px var(--awb-color8);box-shadow: 0 0 3px var(--awb-color8);\"><a href=\"https:\/\/aphrodisias-excavations.com\/wp-content\/uploads\/2022\/07\/sarcophagi3_800-600x387.jpeg\" class=\"fusion-lightbox\" data-rel=\"iLightbox[3cd7cb8a3f2916533d6]\" data-caption=\"Mevsimleri temsil eden Eroslarla bezeli S\u00fctunlu Lahit\" data-title=\"Mevsimleri temsil eden Eroslarla bezeli S\u00fctunlu Lahit\" title=\"Mevsimleri temsil eden Eroslarla bezeli S\u00fctunlu Lahit\"><img decoding=\"async\" width=\"600\" height=\"387\" src=\"https:\/\/aphrodisias-excavations.com\/wp-content\/uploads\/2022\/07\/sarcophagi3_800.jpeg\" data-orig-src=\"https:\/\/aphrodisias-excavations.com\/wp-content\/uploads\/2022\/07\/sarcophagi3_800-600x387.jpeg\" alt class=\"lazyload img-responsive wp-image-7898\" srcset=\"data:image\/svg+xml,%3Csvg%20xmlns%3D%27http%3A%2F%2Fwww.w3.org%2F2000%2Fsvg%27%20width%3D%27800%27%20height%3D%27516%27%20viewBox%3D%270%200%20800%20516%27%3E%3Crect%20width%3D%27800%27%20height%3D%27516%27%20fill-opacity%3D%220%22%2F%3E%3C%2Fsvg%3E\" data-srcset=\"https:\/\/aphrodisias-excavations.com\/wp-content\/uploads\/2022\/07\/sarcophagi3_800-200x129.jpeg 200w, https:\/\/aphrodisias-excavations.com\/wp-content\/uploads\/2022\/07\/sarcophagi3_800-400x258.jpeg 400w, https:\/\/aphrodisias-excavations.com\/wp-content\/uploads\/2022\/07\/sarcophagi3_800-600x387.jpeg 600w, https:\/\/aphrodisias-excavations.com\/wp-content\/uploads\/2022\/07\/sarcophagi3_800.jpeg 800w\" data-sizes=\"auto\" data-orig-sizes=\"(max-width: 1024px) 100vw, (max-width: 640px) 100vw, 400px\" \/><\/a><\/span><\/div><\/div><\/div><div class=\"fusion-layout-column fusion_builder_column fusion-builder-column-5 fusion_builder_column_2_3 2_3 fusion-flex-column\" style=\"--awb-bg-size:cover;--awb-width-large:66.666666666667%;--awb-margin-top-large:0px;--awb-spacing-right-large:2.88%;--awb-margin-bottom-large:20px;--awb-spacing-left-large:0%;--awb-width-medium:100%;--awb-order-medium:0;--awb-spacing-right-medium:1.92%;--awb-spacing-left-medium:1.92%;--awb-width-small:100%;--awb-order-small:0;--awb-spacing-right-small:1.92%;--awb-spacing-left-small:1.92%;\"><div class=\"fusion-column-wrapper fusion-column-has-shadow fusion-flex-justify-content-flex-start fusion-content-layout-column\"><div class=\"fusion-separator fusion-full-width-sep\" style=\"align-self: center;margin-left: auto;margin-right: auto;margin-top:0px;margin-bottom:0px;width:100%;\"><div class=\"fusion-separator-border sep-single sep-solid\" style=\"--awb-height:20px;--awb-amount:20px;border-color:var(--awb-color2);border-top-width:2px;\"><\/div><\/div><div class=\"fusion-separator fusion-full-width-sep\" style=\"align-self: center;margin-left: auto;margin-right: auto;margin-top:5px;margin-bottom:5px;width:100%;\"><div class=\"fusion-separator-border sep-double sep-solid\" style=\"--awb-height:20px;--awb-amount:20px;border-color:var(--awb-color2);border-top-width:0px;border-bottom-width:0px;\"><\/div><\/div><div class=\"fusion-text fusion-text-2\"><h4><b>Mevsimleri temsil eden Eroslarla bezeli S\u00fctunlu Lahit<\/b><\/h4>\n<p style=\"text-align: justify; font-size: 16px;\" data-fusion-font=\"true\">\u0130\u015finin ehli bir ustan\u0131n elinden \u00e7\u0131km\u0131\u015f bu eser, altlar\u0131ndan sert\u00e7e budanm\u0131\u015f akanthus bitkilerinden y\u00fckselen d\u00f6rt Eros fig\u00fcr\u00fcyle s\u00fcsl\u00fcd\u00fcr. S\u00fctunlar spiral yivlidir ve kompozit ba\u015fl\u0131klar\u0131 vard\u0131r. Her bir kemerli b\u00f6lmede birer Eros ve akanthus kalyksi bulunmaktad\u0131r. Sonbahar\u0131 temsil eden Eros A\u2019n\u0131n boynunda chlamys, aln\u0131n\u0131n hemen \u00fcst\u00fcnde sa\u00e7lar\u0131n\u0131n aras\u0131nda sarma\u015f\u0131k yaprakl\u0131 iki demetten olu\u015fan bir bant vard\u0131r ve sa\u011f elinde bir asa, sol elinde ise bir sepet \u00fcz\u00fcm tutmaktad\u0131r. K\u0131\u015f mevsimini temsil eden Eros B dere sazlar\u0131yla bezeli bir \u00f6rt\u00fc takmakta ve \u00f6rt\u00fcs\u00fcn\u00fcn k\u0131vr\u0131mlar\u0131 i\u00e7inde meyve (incir ve nar) ta\u015f\u0131maktad\u0131r. \u0130lkbahar\u0131 simgeleyen Eros C chlamys giymi\u015f, sarma\u015f\u0131k demetlerinden olu\u015fan bir bant takm\u0131\u015ft\u0131r ve sol eliyle \u00e7e\u015fitli meyveler (nar ve \u00fcz\u00fcm) bar\u0131nd\u0131ran bir \u00f6rt\u00fc tutmaktad\u0131r. Yaz mevsimini simgeleyen Eros D, sa\u011f omzunu ve g\u00f6\u011fs\u00fcn\u00fc \u00f6rten bir ke\u00e7i postu giymi\u015ftir ve sa\u00e7\u0131nda bu\u011fday ba\u015faklar\u0131 vard\u0131r. Sa\u011f elinde budama b\u0131\u00e7a\u011f\u0131 ta\u015f\u0131maktad\u0131r. K\u0131smen korunmu\u015f lahit kapa\u011f\u0131nda ise uzanmakta olan Ganymedes\u2019in betimlendi\u011fi akroter vard\u0131r. Lahitin i\u015fleni\u015fi \u00fcst\u00fcn niteliktedir. Bu \u00f6rnek d\u0131\u015f\u0131nda Aphrodisias\u2019ta mevsim tasvirli lahit bilinmemektedir. Konu, Roma imparatorlu\u011funun ba\u015fka yerlerinde 3. y\u00fczy\u0131lda pop\u00fcler hale gelmi\u015ftir.<\/p>\n<\/div><\/div><\/div><\/div><\/div><div class=\"fusion-fullwidth fullwidth-box fusion-builder-row-5 fusion-flex-container has-pattern-background has-mask-background nonhundred-percent-fullwidth non-hundred-percent-height-scrolling\" style=\"--awb-border-radius-top-left:0px;--awb-border-radius-top-right:0px;--awb-border-radius-bottom-right:0px;--awb-border-radius-bottom-left:0px;--awb-flex-wrap:wrap;\" ><div class=\"fusion-builder-row fusion-row fusion-flex-align-items-flex-start fusion-flex-content-wrap\" style=\"max-width:1216.8px;margin-left: calc(-4% \/ 2 );margin-right: calc(-4% \/ 2 );\"><div class=\"fusion-layout-column fusion_builder_column fusion-builder-column-6 fusion_builder_column_1_3 1_3 fusion-flex-column\" style=\"--awb-padding-top:19px;--awb-padding-right:22px;--awb-bg-size:cover;--awb-width-large:33.333333333333%;--awb-margin-top-large:29px;--awb-spacing-right-large:5.184%;--awb-margin-bottom-large:20px;--awb-spacing-left-large:5.76%;--awb-width-medium:100%;--awb-order-medium:0;--awb-spacing-right-medium:1.92%;--awb-spacing-left-medium:1.92%;--awb-width-small:100%;--awb-order-small:0;--awb-spacing-right-small:1.92%;--awb-spacing-left-small:1.92%;\"><div class=\"fusion-column-wrapper fusion-column-has-shadow fusion-flex-justify-content-flex-start fusion-content-layout-column\"><div class=\"fusion-image-element \" style=\"--awb-caption-title-font-family:var(--h2_typography-font-family);--awb-caption-title-font-weight:var(--h2_typography-font-weight);--awb-caption-title-font-style:var(--h2_typography-font-style);--awb-caption-title-size:var(--h2_typography-font-size);--awb-caption-title-transform:var(--h2_typography-text-transform);--awb-caption-title-line-height:var(--h2_typography-line-height);--awb-caption-title-letter-spacing:var(--h2_typography-letter-spacing);\"><span class=\" fusion-imageframe imageframe-glow imageframe-3 hover-type-none\" style=\"border:5px solid #e5e5e5;-webkit-box-shadow: 0 0 3px var(--awb-color8);box-shadow: 0 0 3px var(--awb-color8);\"><a href=\"https:\/\/aphrodisias-excavations.com\/wp-content\/uploads\/2022\/07\/sarcophagi2_800-600x272.jpeg\" class=\"fusion-lightbox\" data-rel=\"iLightbox[833d1d444618839ab82]\" data-caption=\"E\u011fitim Lahti. Bak\u0131c\u0131, erkek bebek ve ebeveynleri\" data-title=\"E\u011fitim Lahti. Bak\u0131c\u0131, erkek bebek ve ebeveynleri\" title=\"E\u011fitim Lahti. Bak\u0131c\u0131, erkek bebek ve ebeveynleri\"><img decoding=\"async\" width=\"600\" height=\"272\" src=\"https:\/\/aphrodisias-excavations.com\/wp-content\/uploads\/2022\/07\/sarcophagi2_800.jpeg\" data-orig-src=\"https:\/\/aphrodisias-excavations.com\/wp-content\/uploads\/2022\/07\/sarcophagi2_800-600x272.jpeg\" alt class=\"lazyload img-responsive wp-image-7897\" srcset=\"data:image\/svg+xml,%3Csvg%20xmlns%3D%27http%3A%2F%2Fwww.w3.org%2F2000%2Fsvg%27%20width%3D%27800%27%20height%3D%27363%27%20viewBox%3D%270%200%20800%20363%27%3E%3Crect%20width%3D%27800%27%20height%3D%27363%27%20fill-opacity%3D%220%22%2F%3E%3C%2Fsvg%3E\" data-srcset=\"https:\/\/aphrodisias-excavations.com\/wp-content\/uploads\/2022\/07\/sarcophagi2_800-200x91.jpeg 200w, https:\/\/aphrodisias-excavations.com\/wp-content\/uploads\/2022\/07\/sarcophagi2_800-400x182.jpeg 400w, https:\/\/aphrodisias-excavations.com\/wp-content\/uploads\/2022\/07\/sarcophagi2_800-600x272.jpeg 600w, https:\/\/aphrodisias-excavations.com\/wp-content\/uploads\/2022\/07\/sarcophagi2_800.jpeg 800w\" data-sizes=\"auto\" data-orig-sizes=\"(max-width: 1024px) 100vw, (max-width: 640px) 100vw, 400px\" \/><\/a><\/span><\/div><\/div><\/div><div class=\"fusion-layout-column fusion_builder_column fusion-builder-column-7 fusion_builder_column_2_3 2_3 fusion-flex-column\" style=\"--awb-bg-size:cover;--awb-width-large:66.666666666667%;--awb-margin-top-large:0px;--awb-spacing-right-large:2.88%;--awb-margin-bottom-large:20px;--awb-spacing-left-large:0%;--awb-width-medium:100%;--awb-order-medium:0;--awb-spacing-right-medium:1.92%;--awb-spacing-left-medium:1.92%;--awb-width-small:100%;--awb-order-small:0;--awb-spacing-right-small:1.92%;--awb-spacing-left-small:1.92%;\"><div class=\"fusion-column-wrapper fusion-column-has-shadow fusion-flex-justify-content-flex-start fusion-content-layout-column\"><div class=\"fusion-separator fusion-full-width-sep\" style=\"align-self: center;margin-left: auto;margin-right: auto;margin-top:0px;margin-bottom:0px;width:100%;\"><div class=\"fusion-separator-border sep-single sep-solid\" style=\"--awb-height:20px;--awb-amount:20px;border-color:var(--awb-color2);border-top-width:2px;\"><\/div><\/div><div class=\"fusion-separator fusion-full-width-sep\" style=\"align-self: center;margin-left: auto;margin-right: auto;margin-top:5px;margin-bottom:5px;width:100%;\"><div class=\"fusion-separator-border sep-double sep-solid\" style=\"--awb-height:20px;--awb-amount:20px;border-color:var(--awb-color2);border-top-width:0px;border-bottom-width:0px;\"><\/div><\/div><div class=\"fusion-text fusion-text-3\"><h4><b>E\u011fitim Lahti. Bak\u0131c\u0131, erkek bebek ve ebeveynleri<\/b><\/h4>\n<p style=\"text-align: justify; font-size: 16px;\" data-fusion-font=\"true\">Lahdin d\u00f6rt y\u00fcz\u00fcnde de mezar sahibi ailenin ev hayat\u0131ndan ve dini ya\u015fam\u0131ndan \u00f6rnek sahneleri konu alan fig\u00fcrl\u00fc s\u00fcslemeler bulunmaktad\u0131r. Mevsim betimlemeleri k\u00f6\u015felerde yer almaktad\u0131r. Daha iyi korunmu\u015f durumda olan uzun kenarda \u00fc\u00e7 fig\u00fcr vard\u0131r: bir elinde kirmen tutan, di\u011fer elini uzatan bir kad\u0131na (muhtemelen anne) \u00e7\u0131plak bir erkek bebek veren bir ba\u015fka kad\u0131n (bak\u0131c\u0131?) ve sa\u011f tarafta, s\u0131rt\u0131 y\u00fcksek bir sandalyede oturan, chitonsuz himation giymi\u015f bir erkek (muhtemelen baba) g\u00f6r\u00fclmektedir.  Erkek fig\u00fcr elinde bir kitap rulosu tutmakta ve o da ilk fig\u00fcr gibi elini bebe\u011fe do\u011fru uzatmaktad\u0131r. Bu sahne, baban\u0131n yeni do\u011fan o\u011flunu kabullenmesi olarak yorumlanabilir.<\/p>\n<\/div><\/div><\/div><\/div><\/div><\/p>\n","protected":false},"excerpt":{"rendered":"","protected":false},"author":1,"featured_media":0,"parent":0,"menu_order":0,"comment_status":"closed","ping_status":"closed","template":"100-width.php","meta":{"_coblocks_attr":"","_coblocks_dimensions":"","_coblocks_responsive_height":"","_coblocks_accordion_ie_support":"","footnotes":""},"class_list":["post-7615","page","type-page","status-publish","hentry"],"_links":{"self":[{"href":"https:\/\/aphrodisias-excavations.com\/tr\/wp-json\/wp\/v2\/pages\/7615","targetHints":{"allow":["GET"]}}],"collection":[{"href":"https:\/\/aphrodisias-excavations.com\/tr\/wp-json\/wp\/v2\/pages"}],"about":[{"href":"https:\/\/aphrodisias-excavations.com\/tr\/wp-json\/wp\/v2\/types\/page"}],"author":[{"embeddable":true,"href":"https:\/\/aphrodisias-excavations.com\/tr\/wp-json\/wp\/v2\/users\/1"}],"replies":[{"embeddable":true,"href":"https:\/\/aphrodisias-excavations.com\/tr\/wp-json\/wp\/v2\/comments?post=7615"}],"version-history":[{"count":8,"href":"https:\/\/aphrodisias-excavations.com\/tr\/wp-json\/wp\/v2\/pages\/7615\/revisions"}],"predecessor-version":[{"id":9113,"href":"https:\/\/aphrodisias-excavations.com\/tr\/wp-json\/wp\/v2\/pages\/7615\/revisions\/9113"}],"wp:attachment":[{"href":"https:\/\/aphrodisias-excavations.com\/tr\/wp-json\/wp\/v2\/media?parent=7615"}],"curies":[{"name":"wp","href":"https:\/\/api.w.org\/{rel}","templated":true}]}}