{"id":7573,"date":"2022-07-23T19:26:22","date_gmt":"2022-07-23T16:26:22","guid":{"rendered":"https:\/\/aphrodisias-excavations.com\/kuzey-temenos-evi\/"},"modified":"2024-08-04T16:40:13","modified_gmt":"2024-08-04T13:40:13","slug":"kuzey-temenos-evi","status":"publish","type":"page","link":"https:\/\/aphrodisias-excavations.com\/tr\/kuzey-temenos-evi\/","title":{"rendered":"Kuzey Temenos Evi"},"content":{"rendered":"<p><div class=\"fusion-fullwidth fullwidth-box fusion-builder-row-1 fusion-flex-container nonhundred-percent-fullwidth non-hundred-percent-height-scrolling fusion-animated\" style=\"--awb-border-radius-top-left:0px;--awb-border-radius-top-right:0px;--awb-border-radius-bottom-right:0px;--awb-border-radius-bottom-left:0px;--awb-margin-bottom:0px;--awb-margin-bottom-medium:80px;--awb-margin-bottom-small:60px;--awb-flex-wrap:wrap;\" data-animationType=\"fadeInUp\" data-animationDuration=\"1.3\" data-animationOffset=\"top-into-view\" ><div class=\"fusion-builder-row fusion-row fusion-flex-align-items-center fusion-flex-content-wrap\" style=\"max-width:1216.8px;margin-left: calc(-4% \/ 2 );margin-right: calc(-4% \/ 2 );\"><div class=\"fusion-layout-column fusion_builder_column fusion-builder-column-0 fusion_builder_column_1_1 1_1 fusion-flex-column\" style=\"--awb-bg-blend:overlay;--awb-bg-size:cover;--awb-width-large:100%;--awb-margin-top-large:0px;--awb-spacing-right-large:1.92%;--awb-margin-bottom-large:0px;--awb-spacing-left-large:1.92%;--awb-width-medium:40%;--awb-spacing-right-medium:4.8%;--awb-spacing-left-medium:4.8%;--awb-width-small:100%;--awb-spacing-right-small:1.92%;--awb-margin-bottom-small:15px;--awb-spacing-left-small:1.92%;\"><div class=\"fusion-column-wrapper fusion-flex-justify-content-flex-start fusion-content-layout-column\"><div class=\"fusion-title title fusion-title-1 fusion-title-text fusion-title-size-two\" style=\"--awb-margin-bottom:0px;--awb-margin-top-small:0px;--awb-margin-bottom-small:20px;--awb-font-size:37px;\"><div class=\"title-sep-container title-sep-container-left fusion-no-large-visibility fusion-no-medium-visibility fusion-no-small-visibility\"><div class=\"title-sep sep- sep-solid\" style=\"border-color:var(--awb-color3);\"><\/div><\/div><span class=\"awb-title-spacer fusion-no-large-visibility fusion-no-medium-visibility fusion-no-small-visibility\"><\/span><h2 class=\"fusion-title-heading title-heading-left fusion-responsive-typography-calculated\" style=\"margin:0;text-transform:capitalize;font-size:1em;--fontSize:37;line-height:1.35;\"><h2><strong>Kuzey Temenos Evi<\/strong><\/h2><\/h2><span class=\"awb-title-spacer\"><\/span><div class=\"title-sep-container title-sep-container-right\"><div class=\"title-sep sep- sep-solid\" style=\"border-color:var(--awb-color3);\"><\/div><\/div><\/div><\/div><\/div><\/div><\/div><div class=\"fusion-fullwidth fullwidth-box fusion-builder-row-2 fusion-flex-container has-pattern-background has-mask-background nonhundred-percent-fullwidth non-hundred-percent-height-scrolling\" style=\"--awb-border-radius-top-left:0px;--awb-border-radius-top-right:0px;--awb-border-radius-bottom-right:0px;--awb-border-radius-bottom-left:0px;--awb-flex-wrap:wrap;\" ><div class=\"fusion-builder-row fusion-row fusion-flex-align-items-flex-start fusion-flex-content-wrap\" style=\"max-width:1216.8px;margin-left: calc(-4% \/ 2 );margin-right: calc(-4% \/ 2 );\"><div class=\"fusion-layout-column fusion_builder_column fusion-builder-column-1 fusion_builder_column_1_1 1_1 fusion-flex-column\" style=\"--awb-bg-size:cover;--awb-width-large:100%;--awb-margin-top-large:0px;--awb-spacing-right-large:1.92%;--awb-margin-bottom-large:20px;--awb-spacing-left-large:1.92%;--awb-width-medium:100%;--awb-order-medium:0;--awb-spacing-right-medium:1.92%;--awb-spacing-left-medium:1.92%;--awb-width-small:100%;--awb-order-small:0;--awb-spacing-right-small:1.92%;--awb-spacing-left-small:1.92%;\"><div class=\"fusion-column-wrapper fusion-column-has-shadow fusion-flex-justify-content-flex-start fusion-content-layout-column\"><div class=\"fusion-separator fusion-full-width-sep\" style=\"align-self: center;margin-left: auto;margin-right: auto;margin-top:0px;margin-bottom:0px;width:100%;\"><div class=\"fusion-separator-border sep-single sep-solid\" style=\"--awb-height:20px;--awb-amount:20px;border-color:var(--awb-color2);border-top-width:2px;\"><\/div><\/div><\/div><\/div><\/div><\/div><div class=\"fusion-fullwidth fullwidth-box fusion-builder-row-3 fusion-flex-container has-pattern-background has-mask-background nonhundred-percent-fullwidth non-hundred-percent-height-scrolling\" style=\"--awb-border-radius-top-left:0px;--awb-border-radius-top-right:0px;--awb-border-radius-bottom-right:0px;--awb-border-radius-bottom-left:0px;--awb-flex-wrap:wrap;\" ><div class=\"fusion-builder-row fusion-row fusion-flex-align-items-flex-start fusion-flex-content-wrap\" style=\"max-width:1216.8px;margin-left: calc(-4% \/ 2 );margin-right: calc(-4% \/ 2 );\"><div class=\"fusion-layout-column fusion_builder_column fusion-builder-column-2 fusion_builder_column_1_3 1_3 fusion-flex-column\" style=\"--awb-padding-right:22px;--awb-bg-size:cover;--awb-width-large:33.333333333333%;--awb-margin-top-large:23px;--awb-spacing-right-large:5.184%;--awb-margin-bottom-large:20px;--awb-spacing-left-large:5.76%;--awb-width-medium:100%;--awb-order-medium:0;--awb-spacing-right-medium:1.92%;--awb-spacing-left-medium:1.92%;--awb-width-small:100%;--awb-order-small:0;--awb-spacing-right-small:1.92%;--awb-spacing-left-small:1.92%;\"><div class=\"fusion-column-wrapper fusion-column-has-shadow fusion-flex-justify-content-flex-start fusion-content-layout-column\"><div class=\"fusion-image-element \" style=\"--awb-caption-title-font-family:var(--h2_typography-font-family);--awb-caption-title-font-weight:var(--h2_typography-font-weight);--awb-caption-title-font-style:var(--h2_typography-font-style);--awb-caption-title-size:var(--h2_typography-font-size);--awb-caption-title-transform:var(--h2_typography-text-transform);--awb-caption-title-line-height:var(--h2_typography-line-height);--awb-caption-title-letter-spacing:var(--h2_typography-letter-spacing);\"><span class=\" fusion-imageframe imageframe-glow imageframe-1 hover-type-none\" style=\"border:5px solid #e5e5e5;-webkit-box-shadow: 0 0 3px var(--awb-color8);box-shadow: 0 0 3px var(--awb-color8);\"><a href=\"https:\/\/aphrodisias-excavations.com\/wp-content\/uploads\/2023\/08\/North-Temenos-House-1200x800.jpg\" class=\"fusion-lightbox\" data-rel=\"iLightbox[afe365fd707e98afdd2]\" data-title=\"North Temenos House\" title=\"North Temenos House\"><img decoding=\"async\" width=\"1200\" height=\"800\" src=\"https:\/\/aphrodisias-excavations.com\/wp-content\/uploads\/2023\/08\/North-Temenos-House-scaled.jpg\" data-orig-src=\"https:\/\/aphrodisias-excavations.com\/wp-content\/uploads\/2023\/08\/North-Temenos-House-1200x800.jpg\" alt class=\"lazyload img-responsive wp-image-8336\" srcset=\"data:image\/svg+xml,%3Csvg%20xmlns%3D%27http%3A%2F%2Fwww.w3.org%2F2000%2Fsvg%27%20width%3D%272560%27%20height%3D%271707%27%20viewBox%3D%270%200%202560%201707%27%3E%3Crect%20width%3D%272560%27%20height%3D%271707%27%20fill-opacity%3D%220%22%2F%3E%3C%2Fsvg%3E\" data-srcset=\"https:\/\/aphrodisias-excavations.com\/wp-content\/uploads\/2023\/08\/North-Temenos-House-200x133.jpg 200w, https:\/\/aphrodisias-excavations.com\/wp-content\/uploads\/2023\/08\/North-Temenos-House-400x267.jpg 400w, https:\/\/aphrodisias-excavations.com\/wp-content\/uploads\/2023\/08\/North-Temenos-House-600x400.jpg 600w, https:\/\/aphrodisias-excavations.com\/wp-content\/uploads\/2023\/08\/North-Temenos-House-800x533.jpg 800w, https:\/\/aphrodisias-excavations.com\/wp-content\/uploads\/2023\/08\/North-Temenos-House-1200x800.jpg 1200w\" data-sizes=\"auto\" data-orig-sizes=\"(max-width: 1024px) 100vw, (max-width: 640px) 100vw, 400px\" \/><\/a><\/span><\/div><div class=\"fusion-separator fusion-full-width-sep\" style=\"align-self: center;margin-left: auto;margin-right: auto;margin-top:5px;margin-bottom:5px;width:100%;\"><div class=\"fusion-separator-border sep-double sep-solid\" style=\"--awb-height:20px;--awb-amount:20px;border-color:var(--awb-color2);border-top-width:0px;border-bottom-width:0px;\"><\/div><\/div><div class=\"fusion-image-element \" style=\"--awb-caption-title-font-family:var(--h2_typography-font-family);--awb-caption-title-font-weight:var(--h2_typography-font-weight);--awb-caption-title-font-style:var(--h2_typography-font-style);--awb-caption-title-size:var(--h2_typography-font-size);--awb-caption-title-transform:var(--h2_typography-text-transform);--awb-caption-title-line-height:var(--h2_typography-line-height);--awb-caption-title-letter-spacing:var(--h2_typography-letter-spacing);\"><span class=\" fusion-imageframe imageframe-glow imageframe-2 hover-type-none\" style=\"border:5px solid #e5e5e5;-webkit-box-shadow: 0 0 3px var(--awb-color8);box-shadow: 0 0 3px var(--awb-color8);\"><a href=\"https:\/\/aphrodisias-excavations.com\/wp-content\/uploads\/2022\/07\/northtemenoshouse_800-1-600x400.jpeg\" class=\"fusion-lightbox\" data-rel=\"iLightbox[d8defc1f53e22bc406a]\" data-caption=\"Kuzey Temenos Evi\" data-title=\"Kuzey Temenos Evi\" title=\"Kuzey Temenos Evi\"><img decoding=\"async\" width=\"600\" height=\"400\" src=\"https:\/\/aphrodisias-excavations.com\/wp-content\/uploads\/2022\/07\/northtemenoshouse_800-1.jpeg\" data-orig-src=\"https:\/\/aphrodisias-excavations.com\/wp-content\/uploads\/2022\/07\/northtemenoshouse_800-1-600x400.jpeg\" alt class=\"lazyload img-responsive wp-image-7847\" srcset=\"data:image\/svg+xml,%3Csvg%20xmlns%3D%27http%3A%2F%2Fwww.w3.org%2F2000%2Fsvg%27%20width%3D%27800%27%20height%3D%27533%27%20viewBox%3D%270%200%20800%20533%27%3E%3Crect%20width%3D%27800%27%20height%3D%27533%27%20fill-opacity%3D%220%22%2F%3E%3C%2Fsvg%3E\" data-srcset=\"https:\/\/aphrodisias-excavations.com\/wp-content\/uploads\/2022\/07\/northtemenoshouse_800-1-200x133.jpeg 200w, https:\/\/aphrodisias-excavations.com\/wp-content\/uploads\/2022\/07\/northtemenoshouse_800-1-400x267.jpeg 400w, https:\/\/aphrodisias-excavations.com\/wp-content\/uploads\/2022\/07\/northtemenoshouse_800-1-600x400.jpeg 600w, https:\/\/aphrodisias-excavations.com\/wp-content\/uploads\/2022\/07\/northtemenoshouse_800-1.jpeg 800w\" data-sizes=\"auto\" data-orig-sizes=\"(max-width: 1024px) 100vw, (max-width: 640px) 100vw, 400px\" \/><\/a><\/span><\/div><div class=\"fusion-separator fusion-full-width-sep\" style=\"align-self: center;margin-left: auto;margin-right: auto;margin-top:5px;margin-bottom:5px;width:100%;\"><div class=\"fusion-separator-border sep-double sep-solid\" style=\"--awb-height:20px;--awb-amount:20px;border-color:var(--awb-color2);border-top-width:0px;border-bottom-width:0px;\"><\/div><\/div><div class=\"fusion-image-element \" style=\"--awb-caption-title-font-family:var(--h2_typography-font-family);--awb-caption-title-font-weight:var(--h2_typography-font-weight);--awb-caption-title-font-style:var(--h2_typography-font-style);--awb-caption-title-size:var(--h2_typography-font-size);--awb-caption-title-transform:var(--h2_typography-text-transform);--awb-caption-title-line-height:var(--h2_typography-line-height);--awb-caption-title-letter-spacing:var(--h2_typography-letter-spacing);\"><span class=\" fusion-imageframe imageframe-glow imageframe-3 hover-type-none\" style=\"border:5px solid #e5e5e5;-webkit-box-shadow: 0 0 3px var(--awb-color8);box-shadow: 0 0 3px var(--awb-color8);\"><a href=\"https:\/\/aphrodisias-excavations.com\/wp-content\/uploads\/2023\/08\/North-Temenos-House-find-1200x934.jpg\" class=\"fusion-lightbox\" data-rel=\"iLightbox[b04889524536345d2d1]\" data-caption=\"????????????????????????????????????\" data-title=\"North Temenos House find\" title=\"North Temenos House find\"><img decoding=\"async\" width=\"1200\" height=\"934\" src=\"https:\/\/aphrodisias-excavations.com\/wp-content\/uploads\/2023\/08\/North-Temenos-House-find.jpg\" data-orig-src=\"https:\/\/aphrodisias-excavations.com\/wp-content\/uploads\/2023\/08\/North-Temenos-House-find-1200x934.jpg\" alt class=\"lazyload img-responsive wp-image-8334\" srcset=\"data:image\/svg+xml,%3Csvg%20xmlns%3D%27http%3A%2F%2Fwww.w3.org%2F2000%2Fsvg%27%20width%3D%272363%27%20height%3D%271839%27%20viewBox%3D%270%200%202363%201839%27%3E%3Crect%20width%3D%272363%27%20height%3D%271839%27%20fill-opacity%3D%220%22%2F%3E%3C%2Fsvg%3E\" data-srcset=\"https:\/\/aphrodisias-excavations.com\/wp-content\/uploads\/2023\/08\/North-Temenos-House-find-200x156.jpg 200w, https:\/\/aphrodisias-excavations.com\/wp-content\/uploads\/2023\/08\/North-Temenos-House-find-400x311.jpg 400w, https:\/\/aphrodisias-excavations.com\/wp-content\/uploads\/2023\/08\/North-Temenos-House-find-600x467.jpg 600w, https:\/\/aphrodisias-excavations.com\/wp-content\/uploads\/2023\/08\/North-Temenos-House-find-800x623.jpg 800w, https:\/\/aphrodisias-excavations.com\/wp-content\/uploads\/2023\/08\/North-Temenos-House-find-1200x934.jpg 1200w\" data-sizes=\"auto\" data-orig-sizes=\"(max-width: 1024px) 100vw, (max-width: 640px) 100vw, 400px\" \/><\/a><\/span><\/div><div class=\"fusion-separator fusion-full-width-sep\" style=\"align-self: center;margin-left: auto;margin-right: auto;margin-top:5px;margin-bottom:5px;width:100%;\"><div class=\"fusion-separator-border sep-double sep-solid\" style=\"--awb-height:20px;--awb-amount:20px;border-color:var(--awb-color2);border-top-width:0px;border-bottom-width:0px;\"><\/div><\/div><div class=\"fusion-image-element \" style=\"--awb-caption-title-font-family:var(--h2_typography-font-family);--awb-caption-title-font-weight:var(--h2_typography-font-weight);--awb-caption-title-font-style:var(--h2_typography-font-style);--awb-caption-title-size:var(--h2_typography-font-size);--awb-caption-title-transform:var(--h2_typography-text-transform);--awb-caption-title-line-height:var(--h2_typography-line-height);--awb-caption-title-letter-spacing:var(--h2_typography-letter-spacing);\"><span class=\" fusion-imageframe imageframe-glow imageframe-4 hover-type-none\" style=\"border:5px solid #e5e5e5;-webkit-box-shadow: 0 0 3px var(--awb-color8);box-shadow: 0 0 3px var(--awb-color8);\"><a href=\"https:\/\/aphrodisias-excavations.com\/wp-content\/uploads\/2022\/07\/northtemenoshouse2_800-600x661.jpeg\" class=\"fusion-lightbox\" data-rel=\"iLightbox[9f3ad0a700d59abe172]\" data-caption=\"North Temenos House\" data-title=\"North Temenos House\" title=\"North Temenos House\"><img decoding=\"async\" width=\"600\" height=\"661\" src=\"https:\/\/aphrodisias-excavations.com\/wp-content\/uploads\/2022\/07\/northtemenoshouse2_800.jpeg\" data-orig-src=\"https:\/\/aphrodisias-excavations.com\/wp-content\/uploads\/2022\/07\/northtemenoshouse2_800-600x661.jpeg\" alt class=\"lazyload img-responsive wp-image-6334\" srcset=\"data:image\/svg+xml,%3Csvg%20xmlns%3D%27http%3A%2F%2Fwww.w3.org%2F2000%2Fsvg%27%20width%3D%27726%27%20height%3D%27800%27%20viewBox%3D%270%200%20726%20800%27%3E%3Crect%20width%3D%27726%27%20height%3D%27800%27%20fill-opacity%3D%220%22%2F%3E%3C%2Fsvg%3E\" data-srcset=\"https:\/\/aphrodisias-excavations.com\/wp-content\/uploads\/2022\/07\/northtemenoshouse2_800-200x220.jpeg 200w, https:\/\/aphrodisias-excavations.com\/wp-content\/uploads\/2022\/07\/northtemenoshouse2_800-400x441.jpeg 400w, https:\/\/aphrodisias-excavations.com\/wp-content\/uploads\/2022\/07\/northtemenoshouse2_800-600x661.jpeg 600w, https:\/\/aphrodisias-excavations.com\/wp-content\/uploads\/2022\/07\/northtemenoshouse2_800.jpeg 726w\" data-sizes=\"auto\" data-orig-sizes=\"(max-width: 1024px) 100vw, (max-width: 640px) 100vw, 400px\" \/><\/a><\/span><\/div><\/div><\/div><div class=\"fusion-layout-column fusion_builder_column fusion-builder-column-3 fusion_builder_column_2_3 2_3 fusion-flex-column\" style=\"--awb-bg-size:cover;--awb-width-large:66.666666666667%;--awb-margin-top-large:0px;--awb-spacing-right-large:2.88%;--awb-margin-bottom-large:20px;--awb-spacing-left-large:0%;--awb-width-medium:100%;--awb-order-medium:0;--awb-spacing-right-medium:1.92%;--awb-spacing-left-medium:1.92%;--awb-width-small:100%;--awb-order-small:0;--awb-spacing-right-small:1.92%;--awb-spacing-left-small:1.92%;\"><div class=\"fusion-column-wrapper fusion-column-has-shadow fusion-flex-justify-content-flex-start fusion-content-layout-column\"><div class=\"fusion-separator fusion-full-width-sep\" style=\"align-self: center;margin-left: auto;margin-right: auto;margin-top:5px;margin-bottom:5px;width:100%;\"><div class=\"fusion-separator-border sep-double sep-solid\" style=\"--awb-height:20px;--awb-amount:20px;border-color:var(--awb-color2);border-top-width:0px;border-bottom-width:0px;\"><\/div><\/div><div class=\"fusion-text fusion-text-1\"><p data-fusion-font=\"true\" style=\"text-align: justify; font-size: 16px;\">Kuzey Temenos Evi Aphrodite Tap\u0131na\u011f\u0131\u2019n\u0131n tam kuzeyinde, \u00e7ok \u00f6nemli bir konumda yer almaktad\u0131r. G\u00fcn\u00fcm\u00fcze ula\u015fm\u0131\u015f ba\u015fl\u0131ca unsurlar\u0131 odalarla \u00e7evrili iki k\u00fc\u00e7\u00fck avlu ile b\u00fcy\u00fck boyutlu apsisli bir salondur. Apsisli salonun mermer zemini iyi korunmu\u015f durumdad\u0131r ve \u00f6zenle i\u015flenmi\u015f mermer duvar s\u00fcslemeleri kaz\u0131lar esnas\u0131nda ortaya \u00e7\u0131kar\u0131lm\u0131\u015ft\u0131r. Bunlar\u0131n aras\u0131nda y\u00fcksek kalitede fig\u00fcrl\u00fc pilaster ba\u015fl\u0131klar\u0131 da yer al\u0131r. Seramik buluntular, evin en az\u0131ndan MS 6. y\u00fczy\u0131la kadar kullan\u0131ld\u0131\u011f\u0131n\u0131, ya\u015fam\u0131n ise Orta \u00c7a\u011f\u2019\u0131n ba\u015f\u0131na kadar (7.-9. y\u00fczy\u0131llar) devam etti\u011fini g\u00f6stermektedir.<\/p>\n<p data-fusion-font=\"true\" style=\"text-align: justify; font-size: 16px;\">G\u00f6r\u00fcn\u00fcr kal\u0131nt\u0131lar aras\u0131nda bir koridor (planda I, eski bir peristil par\u00e7as\u0131), mozaik zeminli ve ortas\u0131nda s\u0131\u011f bir havuz bulunan bir giri\u015f avlusu (II), b\u00fcy\u00fck bir apsisli yemek ve misafir odas\u0131 (III) ve daha \u00f6zel, d\u00f6rt s\u00fctunlu avlu ve ona a\u00e7\u0131lan k\u00fc\u00e7\u00fck odalardan olu\u015fan bir alan (IV) vard\u0131r. Havuzlu avludan girilen misafir odas\u0131n\u0131n zemini mermer kapl\u0131 olup duvarlar\u0131 Aphrodite ve Apollon gibi fig\u00fcrlerle s\u00fcslenmi\u015f pilaster ba\u015fl\u0131klar\u0131 i\u00e7eren g\u00f6steri\u015fli mermer paneller ile dekore edilmi\u015ftir. <\/p>\n<p data-fusion-font=\"true\" style=\"text-align: justify; font-size: 16px;\">Evin kuzeyi ve do\u011fusunda yap\u0131lan yeni jeofizik ara\u015ft\u0131rmalar ve kaz\u0131lar, evin \u015fu anda a\u00e7\u0131\u011fa \u00e7\u0131kandan \u00e7ok daha b\u00fcy\u00fck oldu\u011funa i\u015faret etmektedir. Misafir odas\u0131n\u0131n do\u011fusunda ve kuzeyinde geni\u015f a\u00e7\u0131k kolonadl\u0131 alanlar vard\u0131. Giri\u015f avlusunun (II) kuzeydo\u011fu k\u00f6\u015fesine Ge\u00e7 Antik d\u00f6neme ait yuvarlak bir heykel kaidesi konmu\u015ftur. Kaidedeki yaz\u0131t Roma\u2019n\u0131n resmi dili olan Latince yaz\u0131ld\u0131\u011f\u0131ndan bu ev olas\u0131l\u0131kla ge\u00e7 d\u00f6nemde ya\u015fam\u0131\u015f bir Roma valisinin eviydi.<\/p>\n<p style=\"text-align: justify;  \"><span data-fusion-font=\"true\" style=\"font-size: 16px;\">Kuzey Temenos Evi&#8217;ndeki yeni \u00e7al\u0131\u015fmalar, evin net \u00f6l\u00e7\u00fclerini, evrelerini, kronolojisini ve i\u015flevini anlamay\u0131, yap\u0131y\u0131 ve buluntular\u0131n\u0131 inceleyip yay\u0131nlamay\u0131 ama\u00e7lamaktad\u0131r. 1965 ile 1967 y\u0131llar\u0131 aras\u0131nda evin b\u00fcy\u00fck bir k\u0131sm\u0131 kaz\u0131lm\u0131\u015f, 1995-1996 y\u0131llar\u0131nda daha fazla belgeleme \u00e7al\u0131\u015fmas\u0131 yap\u0131lm\u0131\u015ft\u0131r. Yeni proje, Ge\u00e7 Roma d\u00f6neminden Bizans d\u00f6nemine kadar Aphrodisias&#8217;taki konut ve ya\u015fam tarz\u0131na ili\u015fkin y\u00fcr\u00fct\u00fclen kapsaml\u0131 bir ara\u015ft\u0131rma projesinin par\u00e7as\u0131d\u0131r. B\u00fcy\u00fckl\u00fc\u011f\u00fcne ve g\u00f6ze \u00e7arpan konumuna ra\u011fmen ev yeterince incelenmemi\u015f ve yay\u0131nlanmam\u0131\u015ft\u0131r. G\u00fcncel bir jeofizik ara\u015ft\u0131rma program\u0131yla birlikte tasarlanan yeni kaz\u0131lara 2023 y\u0131l\u0131nda ba\u015flanm\u0131\u015ft\u0131r. <\/span><\/p>\n<\/div><div class=\"fusion-image-element \" style=\"--awb-caption-title-font-family:var(--h2_typography-font-family);--awb-caption-title-font-weight:var(--h2_typography-font-weight);--awb-caption-title-font-style:var(--h2_typography-font-style);--awb-caption-title-size:var(--h2_typography-font-size);--awb-caption-title-transform:var(--h2_typography-text-transform);--awb-caption-title-line-height:var(--h2_typography-line-height);--awb-caption-title-letter-spacing:var(--h2_typography-letter-spacing);\"><span class=\" fusion-imageframe imageframe-none imageframe-5 hover-type-none\"><img decoding=\"async\" width=\"600\" height=\"497\" title=\"Kuzey Temenos Evi plan\u0131\" src=\"https:\/\/aphrodisias-excavations.com\/wp-content\/uploads\/2022\/07\/northtemenoshouse_plan_800.jpeg\" data-orig-src=\"https:\/\/aphrodisias-excavations.com\/wp-content\/uploads\/2022\/07\/northtemenoshouse_plan_800-600x497.jpeg\" alt class=\"lazyload img-responsive wp-image-7849\" srcset=\"data:image\/svg+xml,%3Csvg%20xmlns%3D%27http%3A%2F%2Fwww.w3.org%2F2000%2Fsvg%27%20width%3D%27800%27%20height%3D%27663%27%20viewBox%3D%270%200%20800%20663%27%3E%3Crect%20width%3D%27800%27%20height%3D%27663%27%20fill-opacity%3D%220%22%2F%3E%3C%2Fsvg%3E\" data-srcset=\"https:\/\/aphrodisias-excavations.com\/wp-content\/uploads\/2022\/07\/northtemenoshouse_plan_800-200x166.jpeg 200w, https:\/\/aphrodisias-excavations.com\/wp-content\/uploads\/2022\/07\/northtemenoshouse_plan_800-400x332.jpeg 400w, https:\/\/aphrodisias-excavations.com\/wp-content\/uploads\/2022\/07\/northtemenoshouse_plan_800-600x497.jpeg 600w, https:\/\/aphrodisias-excavations.com\/wp-content\/uploads\/2022\/07\/northtemenoshouse_plan_800.jpeg 800w\" data-sizes=\"auto\" data-orig-sizes=\"(max-width: 1024px) 100vw, (max-width: 640px) 100vw, 600px\" \/><\/span><\/div><\/div><\/div><\/div><\/div><\/p>\n","protected":false},"excerpt":{"rendered":"","protected":false},"author":1,"featured_media":0,"parent":0,"menu_order":0,"comment_status":"closed","ping_status":"closed","template":"100-width.php","meta":{"_coblocks_attr":"","_coblocks_dimensions":"","_coblocks_responsive_height":"","_coblocks_accordion_ie_support":"","footnotes":""},"class_list":["post-7573","page","type-page","status-publish","hentry"],"_links":{"self":[{"href":"https:\/\/aphrodisias-excavations.com\/tr\/wp-json\/wp\/v2\/pages\/7573","targetHints":{"allow":["GET"]}}],"collection":[{"href":"https:\/\/aphrodisias-excavations.com\/tr\/wp-json\/wp\/v2\/pages"}],"about":[{"href":"https:\/\/aphrodisias-excavations.com\/tr\/wp-json\/wp\/v2\/types\/page"}],"author":[{"embeddable":true,"href":"https:\/\/aphrodisias-excavations.com\/tr\/wp-json\/wp\/v2\/users\/1"}],"replies":[{"embeddable":true,"href":"https:\/\/aphrodisias-excavations.com\/tr\/wp-json\/wp\/v2\/comments?post=7573"}],"version-history":[{"count":7,"href":"https:\/\/aphrodisias-excavations.com\/tr\/wp-json\/wp\/v2\/pages\/7573\/revisions"}],"predecessor-version":[{"id":9063,"href":"https:\/\/aphrodisias-excavations.com\/tr\/wp-json\/wp\/v2\/pages\/7573\/revisions\/9063"}],"wp:attachment":[{"href":"https:\/\/aphrodisias-excavations.com\/tr\/wp-json\/wp\/v2\/media?parent=7573"}],"curies":[{"name":"wp","href":"https:\/\/api.w.org\/{rel}","templated":true}]}}