{"id":7531,"date":"2022-07-23T07:24:56","date_gmt":"2022-07-23T04:24:56","guid":{"rendered":"https:\/\/aphrodisias-excavations.com\/orta-imparatorluk\/"},"modified":"2024-08-04T12:07:18","modified_gmt":"2024-08-04T09:07:18","slug":"orta-imparatorluk","status":"publish","type":"page","link":"https:\/\/aphrodisias-excavations.com\/tr\/orta-imparatorluk\/","title":{"rendered":"Orta \u0130mparatorluk"},"content":{"rendered":"<p><div class=\"fusion-fullwidth fullwidth-box fusion-builder-row-1 fusion-flex-container nonhundred-percent-fullwidth non-hundred-percent-height-scrolling fusion-animated\" style=\"--awb-border-radius-top-left:0px;--awb-border-radius-top-right:0px;--awb-border-radius-bottom-right:0px;--awb-border-radius-bottom-left:0px;--awb-margin-bottom:0px;--awb-margin-bottom-medium:80px;--awb-margin-bottom-small:60px;--awb-flex-wrap:wrap;\" data-animationType=\"fadeInUp\" data-animationDuration=\"1.3\" data-animationOffset=\"top-into-view\" ><div class=\"fusion-builder-row fusion-row fusion-flex-align-items-center fusion-flex-content-wrap\" style=\"max-width:1216.8px;margin-left: calc(-4% \/ 2 );margin-right: calc(-4% \/ 2 );\"><div class=\"fusion-layout-column fusion_builder_column fusion-builder-column-0 fusion_builder_column_1_6 1_6 fusion-flex-column\" style=\"--awb-bg-blend:overlay;--awb-bg-size:cover;--awb-width-large:16.666666666667%;--awb-margin-top-large:0px;--awb-spacing-right-large:11.52%;--awb-margin-bottom-large:0px;--awb-spacing-left-large:11.52%;--awb-width-medium:40%;--awb-spacing-right-medium:4.8%;--awb-spacing-left-medium:4.8%;--awb-width-small:100%;--awb-spacing-right-small:1.92%;--awb-margin-bottom-small:15px;--awb-spacing-left-small:1.92%;\"><div class=\"fusion-column-wrapper fusion-flex-justify-content-flex-start fusion-content-layout-column\"><div class=\"fusion-title title fusion-title-1 fusion-title-text fusion-title-size-two\" style=\"--awb-margin-bottom:0px;--awb-margin-top-small:0px;--awb-margin-bottom-small:20px;--awb-font-size:37px;\"><div class=\"title-sep-container title-sep-container-left fusion-no-large-visibility fusion-no-medium-visibility fusion-no-small-visibility\"><div class=\"title-sep sep- sep-solid\" style=\"border-color:var(--awb-color3);\"><\/div><\/div><span class=\"awb-title-spacer fusion-no-large-visibility fusion-no-medium-visibility fusion-no-small-visibility\"><\/span><h2 class=\"fusion-title-heading title-heading-left fusion-responsive-typography-calculated\" style=\"margin:0;text-transform:capitalize;font-size:1em;--fontSize:37;line-height:1.35;\"><h2><strong>Tarih\u00e7e<\/strong><\/h2><\/h2><span class=\"awb-title-spacer\"><\/span><div class=\"title-sep-container title-sep-container-right\"><div class=\"title-sep sep- sep-solid\" style=\"border-color:var(--awb-color3);\"><\/div><\/div><\/div><\/div><\/div><div class=\"fusion-layout-column fusion_builder_column fusion-builder-column-1 fusion-flex-column\" style=\"--awb-bg-size:cover;--awb-width-large:auto;--awb-margin-top-large:0px;--awb-spacing-right-large:2%;--awb-margin-bottom-large:20px;--awb-spacing-left-large:2%;--awb-width-medium:100%;--awb-order-medium:0;--awb-spacing-right-medium:1.92%;--awb-spacing-left-medium:1.92%;--awb-width-small:100%;--awb-order-small:0;--awb-spacing-right-small:1.92%;--awb-spacing-left-small:1.92%;\"><div class=\"fusion-column-wrapper fusion-column-has-shadow fusion-flex-justify-content-flex-start fusion-content-layout-column\"><\/div><\/div><div class=\"fusion-layout-column fusion_builder_column fusion-builder-column-2 fusion-flex-column\" style=\"--awb-bg-size:cover;--awb-width-large:auto;--awb-margin-top-large:0px;--awb-spacing-right-large:0%;--awb-margin-bottom-large:20px;--awb-spacing-left-large:0%;--awb-width-medium:100%;--awb-order-medium:0;--awb-spacing-right-medium:1.92%;--awb-spacing-left-medium:1.92%;--awb-width-small:100%;--awb-order-small:0;--awb-spacing-right-small:1.92%;--awb-spacing-left-small:1.92%;\"><div class=\"fusion-column-wrapper fusion-column-has-shadow fusion-flex-justify-content-flex-start fusion-content-layout-column\"><\/div><\/div><div class=\"fusion-layout-column fusion_builder_column fusion-builder-column-3 fusion-flex-column\" style=\"--awb-bg-size:cover;--awb-width-large:auto;--awb-margin-top-large:0px;--awb-spacing-right-large:2.6%;--awb-margin-bottom-large:20px;--awb-spacing-left-large:0%;--awb-width-medium:100%;--awb-order-medium:0;--awb-spacing-right-medium:1.92%;--awb-spacing-left-medium:1.92%;--awb-width-small:100%;--awb-order-small:0;--awb-spacing-right-small:1.92%;--awb-spacing-left-small:1.92%;\"><div class=\"fusion-column-wrapper fusion-column-has-shadow fusion-flex-justify-content-flex-start fusion-content-layout-column\"><\/div><\/div><div class=\"fusion-layout-column fusion_builder_column fusion-builder-column-4 fusion-flex-column\" style=\"--awb-bg-size:cover;--awb-width-large:auto;--awb-margin-top-large:0px;--awb-spacing-right-large:3%;--awb-margin-bottom-large:20px;--awb-spacing-left-large:0%;--awb-width-medium:100%;--awb-order-medium:0;--awb-spacing-right-medium:1.92%;--awb-spacing-left-medium:1.92%;--awb-width-small:100%;--awb-order-small:0;--awb-spacing-right-small:1.92%;--awb-spacing-left-small:1.92%;\"><div class=\"fusion-column-wrapper fusion-column-has-shadow fusion-flex-justify-content-flex-start fusion-content-layout-column\"><\/div><\/div><div class=\"fusion-layout-column fusion_builder_column fusion-builder-column-5 fusion-flex-column\" style=\"--awb-bg-size:cover;--awb-width-large:auto;--awb-margin-top-large:0px;--awb-spacing-right-large:0.8%;--awb-margin-bottom-large:20px;--awb-spacing-left-large:2%;--awb-width-medium:16.666666666667%;--awb-order-medium:0;--awb-spacing-right-medium:4.608%;--awb-spacing-left-medium:11.52%;--awb-width-small:100%;--awb-order-small:0;--awb-spacing-right-small:1.92%;--awb-spacing-left-small:1.92%;\"><div class=\"fusion-column-wrapper fusion-column-has-shadow fusion-flex-justify-content-flex-start fusion-content-layout-column\"><\/div><\/div><div class=\"fusion-layout-column fusion_builder_column fusion-builder-column-6 fusion-flex-column\" style=\"--awb-bg-size:cover;--awb-width-large:auto;--awb-margin-top-large:0px;--awb-spacing-right-large:0%;--awb-margin-bottom-large:20px;--awb-spacing-left-large:0%;--awb-width-medium:100%;--awb-order-medium:0;--awb-spacing-right-medium:1.92%;--awb-spacing-left-medium:1.92%;--awb-width-small:100%;--awb-order-small:0;--awb-spacing-right-small:1.92%;--awb-spacing-left-small:1.92%;\"><div class=\"fusion-column-wrapper fusion-column-has-shadow fusion-flex-justify-content-flex-start fusion-content-layout-column\"><\/div><\/div><div class=\"fusion-layout-column fusion_builder_column fusion-builder-column-7 fusion_builder_column_5_6 5_6 fusion-flex-column\" style=\"--awb-bg-size:cover;--awb-width-large:83.333333333333%;--awb-margin-top-large:0px;--awb-spacing-right-large:2.304%;--awb-margin-bottom-large:20px;--awb-spacing-left-large:2.304%;--awb-width-medium:100%;--awb-order-medium:0;--awb-spacing-right-medium:1.92%;--awb-spacing-left-medium:1.92%;--awb-width-small:100%;--awb-order-small:0;--awb-spacing-right-small:1.92%;--awb-spacing-left-small:1.92%;\"><div class=\"fusion-column-wrapper fusion-column-has-shadow fusion-flex-justify-content-flex-start fusion-content-layout-column\"><nav class=\"awb-menu awb-menu_row awb-menu_em-hover mobile-mode-collapse-to-button awb-menu_icons-left awb-menu_dc-yes mobile-trigger-fullwidth-off awb-menu_mobile-toggle awb-menu_indent-left mobile-size-full-absolute loading mega-menu-loading awb-menu_desktop awb-menu_dropdown awb-menu_expand-right awb-menu_transition-fade\" style=\"--awb-font-size:14px;--awb-justify-content:space-around;--awb-active-color:#f2a829;--awb-icons-size:14;--awb-main-justify-content:flex-start;--awb-mobile-justify:flex-start;--awb-mobile-caret-left:auto;--awb-mobile-caret-right:0;--awb-fusion-font-family-typography:inherit;--awb-fusion-font-style-typography:normal;--awb-fusion-font-weight-typography:400;--awb-fusion-font-family-submenu-typography:inherit;--awb-fusion-font-style-submenu-typography:normal;--awb-fusion-font-weight-submenu-typography:400;--awb-fusion-font-family-mobile-typography:inherit;--awb-fusion-font-style-mobile-typography:normal;--awb-fusion-font-weight-mobile-typography:400;\" aria-label=\"History Menu\" data-breakpoint=\"1024\" data-count=\"0\" data-transition-type=\"fade\" data-transition-time=\"300\" data-expand=\"right\"><button type=\"button\" class=\"awb-menu__m-toggle awb-menu__m-toggle_no-text\" aria-expanded=\"false\" aria-controls=\"menu-history-menu\"><span class=\"awb-menu__m-toggle-inner\"><span class=\"collapsed-nav-text\"><span class=\"screen-reader-text\">Toggle Navigation<\/span><\/span><span class=\"awb-menu__m-collapse-icon awb-menu__m-collapse-icon_no-text\"><span class=\"awb-menu__m-collapse-icon-open awb-menu__m-collapse-icon-open_no-text fa-bars fas\"><\/span><span class=\"awb-menu__m-collapse-icon-close awb-menu__m-collapse-icon-close_no-text fa-times fas\"><\/span><\/span><\/span><\/button><ul id=\"menu-history-menu-turkish\" class=\"fusion-menu awb-menu__main-ul awb-menu__main-ul_row\"><li  id=\"menu-item-7726\"  class=\"menu-item menu-item-type-post_type menu-item-object-page menu-item-7726 awb-menu__li awb-menu__main-li awb-menu__main-li_regular\"  data-item-id=\"7726\"><span class=\"awb-menu__main-background-default awb-menu__main-background-default_fade\"><\/span><span class=\"awb-menu__main-background-active awb-menu__main-background-active_fade\"><\/span><a  href=\"https:\/\/aphrodisias-excavations.com\/tr\/tarih-oncesi\/\" class=\"awb-menu__main-a awb-menu__main-a_regular\"><span class=\"menu-text\">Tarih \u00d6ncesi<\/span><\/a><\/li><li  id=\"menu-item-7727\"  class=\"menu-item menu-item-type-post_type menu-item-object-page menu-item-7727 awb-menu__li awb-menu__main-li awb-menu__main-li_regular\"  data-item-id=\"7727\"><span class=\"awb-menu__main-background-default awb-menu__main-background-default_fade\"><\/span><span class=\"awb-menu__main-background-active awb-menu__main-background-active_fade\"><\/span><a  href=\"https:\/\/aphrodisias-excavations.com\/tr\/helenistik\/\" class=\"awb-menu__main-a awb-menu__main-a_regular\"><span class=\"menu-text\">Helenistik ve Augustus<\/span><\/a><\/li><li  id=\"menu-item-7728\"  class=\"menu-item menu-item-type-post_type menu-item-object-page menu-item-7728 awb-menu__li awb-menu__main-li awb-menu__main-li_regular\"  data-item-id=\"7728\"><span class=\"awb-menu__main-background-default awb-menu__main-background-default_fade\"><\/span><span class=\"awb-menu__main-background-active awb-menu__main-background-active_fade\"><\/span><a  href=\"https:\/\/aphrodisias-excavations.com\/tr\/erken-imparatorluk-donemi\/\" class=\"awb-menu__main-a awb-menu__main-a_regular\"><span class=\"menu-text\">Erken \u0130mparatorluk<\/span><\/a><\/li><li  id=\"menu-item-7729\"  class=\"menu-item menu-item-type-post_type menu-item-object-page menu-item-7729 awb-menu__li awb-menu__main-li awb-menu__main-li_regular\"  data-item-id=\"7729\"><span class=\"awb-menu__main-background-default awb-menu__main-background-default_fade\"><\/span><span class=\"awb-menu__main-background-active awb-menu__main-background-active_fade\"><\/span><a  href=\"https:\/\/aphrodisias-excavations.com\/tr\/orta-imparatorluk\/\" class=\"awb-menu__main-a awb-menu__main-a_regular\"><span class=\"menu-text\">Orta \u0130mparatorluk<\/span><\/a><\/li><li  id=\"menu-item-7730\"  class=\"menu-item menu-item-type-post_type menu-item-object-page menu-item-7730 awb-menu__li awb-menu__main-li awb-menu__main-li_regular\"  data-item-id=\"7730\"><span class=\"awb-menu__main-background-default awb-menu__main-background-default_fade\"><\/span><span class=\"awb-menu__main-background-active awb-menu__main-background-active_fade\"><\/span><a  href=\"https:\/\/aphrodisias-excavations.com\/tr\/gec-antik-cag\/\" class=\"awb-menu__main-a awb-menu__main-a_regular\"><span class=\"menu-text\">Ge\u00e7 Antik \u00c7a\u011f<\/span><\/a><\/li><li  id=\"menu-item-7731\"  class=\"menu-item menu-item-type-post_type menu-item-object-page menu-item-7731 awb-menu__li awb-menu__main-li awb-menu__main-li_regular\"  data-item-id=\"7731\"><span class=\"awb-menu__main-background-default awb-menu__main-background-default_fade\"><\/span><span class=\"awb-menu__main-background-active awb-menu__main-background-active_fade\"><\/span><a  href=\"https:\/\/aphrodisias-excavations.com\/tr\/klasik-sehrin-sonu\/\" class=\"awb-menu__main-a awb-menu__main-a_regular\"><span class=\"menu-text\">Klasik \u015eehrin Sonu<\/span><\/a><\/li><\/ul><\/nav><\/div><\/div><\/div><\/div><div class=\"fusion-fullwidth fullwidth-box fusion-builder-row-2 fusion-flex-container has-pattern-background has-mask-background nonhundred-percent-fullwidth non-hundred-percent-height-scrolling\" style=\"--awb-border-radius-top-left:0px;--awb-border-radius-top-right:0px;--awb-border-radius-bottom-right:0px;--awb-border-radius-bottom-left:0px;--awb-flex-wrap:wrap;\" ><div class=\"fusion-builder-row fusion-row fusion-flex-align-items-flex-start fusion-flex-content-wrap\" style=\"max-width:1216.8px;margin-left: calc(-4% \/ 2 );margin-right: calc(-4% \/ 2 );\"><div class=\"fusion-layout-column fusion_builder_column fusion-builder-column-8 fusion_builder_column_1_1 1_1 fusion-flex-column\" style=\"--awb-bg-size:cover;--awb-width-large:100%;--awb-margin-top-large:0px;--awb-spacing-right-large:1.92%;--awb-margin-bottom-large:20px;--awb-spacing-left-large:1.92%;--awb-width-medium:100%;--awb-order-medium:0;--awb-spacing-right-medium:1.92%;--awb-spacing-left-medium:1.92%;--awb-width-small:100%;--awb-order-small:0;--awb-spacing-right-small:1.92%;--awb-spacing-left-small:1.92%;\"><div class=\"fusion-column-wrapper fusion-column-has-shadow fusion-flex-justify-content-flex-start fusion-content-layout-column\"><div class=\"fusion-separator fusion-full-width-sep\" style=\"align-self: center;margin-left: auto;margin-right: auto;margin-top:0px;margin-bottom:0px;width:100%;\"><div class=\"fusion-separator-border sep-single sep-solid\" style=\"--awb-height:20px;--awb-amount:20px;border-color:var(--awb-color2);border-top-width:2px;\"><\/div><\/div><\/div><\/div><\/div><\/div><div class=\"fusion-fullwidth fullwidth-box fusion-builder-row-3 fusion-flex-container has-pattern-background has-mask-background nonhundred-percent-fullwidth non-hundred-percent-height-scrolling\" style=\"--awb-border-radius-top-left:0px;--awb-border-radius-top-right:0px;--awb-border-radius-bottom-right:0px;--awb-border-radius-bottom-left:0px;--awb-flex-wrap:wrap;\" ><div class=\"fusion-builder-row fusion-row fusion-flex-align-items-flex-start fusion-flex-content-wrap\" style=\"max-width:1216.8px;margin-left: calc(-4% \/ 2 );margin-right: calc(-4% \/ 2 );\"><div class=\"fusion-layout-column fusion_builder_column fusion-builder-column-9 fusion_builder_column_1_3 1_3 fusion-flex-column\" style=\"--awb-padding-right:22px;--awb-bg-size:cover;--awb-width-large:33.333333333333%;--awb-margin-top-large:0px;--awb-spacing-right-large:5.184%;--awb-margin-bottom-large:20px;--awb-spacing-left-large:5.76%;--awb-width-medium:100%;--awb-order-medium:0;--awb-spacing-right-medium:1.92%;--awb-spacing-left-medium:1.92%;--awb-width-small:100%;--awb-order-small:0;--awb-spacing-right-small:1.92%;--awb-spacing-left-small:1.92%;\"><div class=\"fusion-column-wrapper fusion-column-has-shadow fusion-flex-justify-content-flex-start fusion-content-layout-column\"><div class=\"fusion-image-element \" style=\"--awb-caption-title-font-family:var(--h2_typography-font-family);--awb-caption-title-font-weight:var(--h2_typography-font-weight);--awb-caption-title-font-style:var(--h2_typography-font-style);--awb-caption-title-size:var(--h2_typography-font-size);--awb-caption-title-transform:var(--h2_typography-text-transform);--awb-caption-title-line-height:var(--h2_typography-line-height);--awb-caption-title-letter-spacing:var(--h2_typography-letter-spacing);\"><span class=\" fusion-imageframe imageframe-glow imageframe-1 hover-type-none\" style=\"border:5px solid #e5e5e5;-webkit-box-shadow: 0 0 3px var(--awb-color8);box-shadow: 0 0 3px var(--awb-color8);\"><a href=\"https:\/\/aphrodisias-excavations.com\/wp-content\/uploads\/2022\/07\/dometeinos_800-400x724.jpeg\" class=\"fusion-lightbox\" data-rel=\"iLightbox[65fbb8afdf28c2061ee]\" data-caption=\"Dometeinos\" data-title=\"Dometeinos\" title=\"Dometeinos\"><img decoding=\"async\" width=\"200\" height=\"362\" alt=\"Gaudin \u00c7e\u015fmesi\u2019nde Anastylosis \u00c7al\u0131\u015fmalar\u0131\" src=\"https:\/\/aphrodisias-excavations.com\/wp-content\/uploads\/2022\/07\/dometeinos_800.jpeg\" data-orig-src=\"https:\/\/aphrodisias-excavations.com\/wp-content\/uploads\/2022\/07\/dometeinos_800-200x362.jpeg\" class=\"lazyload img-responsive wp-image-6008\" srcset=\"data:image\/svg+xml,%3Csvg%20xmlns%3D%27http%3A%2F%2Fwww.w3.org%2F2000%2Fsvg%27%20width%3D%27442%27%20height%3D%27800%27%20viewBox%3D%270%200%20442%20800%27%3E%3Crect%20width%3D%27442%27%20height%3D%27800%27%20fill-opacity%3D%220%22%2F%3E%3C%2Fsvg%3E\" data-srcset=\"https:\/\/aphrodisias-excavations.com\/wp-content\/uploads\/2022\/07\/dometeinos_800-200x362.jpeg 200w, https:\/\/aphrodisias-excavations.com\/wp-content\/uploads\/2022\/07\/dometeinos_800-400x724.jpeg 400w, https:\/\/aphrodisias-excavations.com\/wp-content\/uploads\/2022\/07\/dometeinos_800.jpeg 442w\" data-sizes=\"auto\" data-orig-sizes=\"(max-width: 1024px) 100vw, (max-width: 640px) 100vw, 400px\" \/><\/a><\/span><\/div><div class=\"fusion-separator fusion-full-width-sep\" style=\"align-self: center;margin-left: auto;margin-right: auto;margin-top:5px;margin-bottom:5px;width:100%;\"><div class=\"fusion-separator-border sep-double sep-solid\" style=\"--awb-height:20px;--awb-amount:20px;border-color:var(--awb-color2);border-top-width:0px;border-bottom-width:0px;\"><\/div><\/div><div class=\"fusion-image-element \" style=\"--awb-caption-title-font-family:var(--h2_typography-font-family);--awb-caption-title-font-weight:var(--h2_typography-font-weight);--awb-caption-title-font-style:var(--h2_typography-font-style);--awb-caption-title-size:var(--h2_typography-font-size);--awb-caption-title-transform:var(--h2_typography-text-transform);--awb-caption-title-line-height:var(--h2_typography-line-height);--awb-caption-title-letter-spacing:var(--h2_typography-letter-spacing);\"><span class=\" fusion-imageframe imageframe-glow imageframe-2 hover-type-none\" style=\"border:5px solid #e5e5e5;-webkit-box-shadow: 0 0 3px var(--awb-color8);box-shadow: 0 0 3px var(--awb-color8);\"><a href=\"https:\/\/aphrodisias-excavations.com\/wp-content\/uploads\/2022\/07\/tatiana2_800-400x798.jpeg\" class=\"fusion-lightbox\" data-rel=\"iLightbox[050fbc24ce50c3fb957]\" data-caption=\"Tatiana\" data-title=\"Tatiana\" title=\"Tatiana\"><img decoding=\"async\" width=\"200\" height=\"399\" alt=\"Aphrodite Tap\u0131na\u011f\u0131\" src=\"https:\/\/aphrodisias-excavations.com\/wp-content\/uploads\/2022\/07\/tatiana2_800.jpeg\" data-orig-src=\"https:\/\/aphrodisias-excavations.com\/wp-content\/uploads\/2022\/07\/tatiana2_800-200x399.jpeg\" class=\"lazyload img-responsive wp-image-6007\" srcset=\"data:image\/svg+xml,%3Csvg%20xmlns%3D%27http%3A%2F%2Fwww.w3.org%2F2000%2Fsvg%27%20width%3D%27401%27%20height%3D%27800%27%20viewBox%3D%270%200%20401%20800%27%3E%3Crect%20width%3D%27401%27%20height%3D%27800%27%20fill-opacity%3D%220%22%2F%3E%3C%2Fsvg%3E\" data-srcset=\"https:\/\/aphrodisias-excavations.com\/wp-content\/uploads\/2022\/07\/tatiana2_800-200x399.jpeg 200w, https:\/\/aphrodisias-excavations.com\/wp-content\/uploads\/2022\/07\/tatiana2_800-400x798.jpeg 400w, https:\/\/aphrodisias-excavations.com\/wp-content\/uploads\/2022\/07\/tatiana2_800.jpeg 401w\" data-sizes=\"auto\" data-orig-sizes=\"(max-width: 1024px) 100vw, (max-width: 640px) 100vw, 400px\" \/><\/a><\/span><\/div><\/div><\/div><div class=\"fusion-layout-column fusion_builder_column fusion-builder-column-10 fusion_builder_column_2_3 2_3 fusion-flex-column\" style=\"--awb-bg-size:cover;--awb-width-large:66.666666666667%;--awb-margin-top-large:0px;--awb-spacing-right-large:2.88%;--awb-margin-bottom-large:20px;--awb-spacing-left-large:0%;--awb-width-medium:100%;--awb-order-medium:0;--awb-spacing-right-medium:1.92%;--awb-spacing-left-medium:1.92%;--awb-width-small:100%;--awb-order-small:0;--awb-spacing-right-small:1.92%;--awb-spacing-left-small:1.92%;\"><div class=\"fusion-column-wrapper fusion-column-has-shadow fusion-flex-justify-content-flex-start fusion-content-layout-column\"><div class=\"fusion-separator fusion-full-width-sep\" style=\"align-self: center;margin-left: auto;margin-right: auto;margin-top:5px;margin-bottom:5px;width:100%;\"><div class=\"fusion-separator-border sep-double sep-solid\" style=\"--awb-height:20px;--awb-amount:20px;border-color:var(--awb-color2);border-top-width:0px;border-bottom-width:0px;\"><\/div><\/div><div class=\"fusion-text fusion-text-1\" style=\"--awb-margin-top:-48px;\"><h3><strong>Orta \u0130mparatorluk D\u00f6nemi: MS 100-300<\/strong><\/h3>\n<\/div><div class=\"fusion-separator fusion-full-width-sep\" style=\"align-self: center;margin-left: auto;margin-right: auto;width:100%;\"><div class=\"fusion-separator-border sep-double\" style=\"--awb-height:20px;--awb-amount:20px;border-color:var(--awb-color2);border-top-width:1px;border-bottom-width:1px;\"><\/div><\/div><div class=\"fusion-text fusion-text-2\"><p style=\"text-align: justify;\"><span style=\"font-size: 16px;\" data-fusion-font=\"true\">Kentte b\u00fcy\u00fck in\u015faat projelerinin devam etti\u011fi MS 2. y\u00fczy\u0131l, Roma \u0130mparatorlu\u011fu\u2019nun Asya eyaleti \u015fehirlerinde yap\u0131la\u015fma rekabetinin en yo\u011fun \u015fekilde ya\u015fand\u0131\u011f\u0131 d\u00f6nemdir. Helenistik stildeki s\u00fctunlu kentsel peyzaj art\u0131k daha g\u00f6rkemli Roma tarz\u0131 yap\u0131larla donat\u0131lm\u0131\u015ft\u0131r. Dini alanda, Aphrodite Tap\u0131na\u011f\u0131\u2019n\u0131n etraf\u0131ndaki Kutsal Alan\u2019\u0131n giri\u015fi Tetrapylon ile belirgin hale getirilmi\u015f ve tap\u0131na\u011f\u0131n etraf\u0131, olduk\u00e7a s\u0131k\u0131\u015f\u0131k bir yap\u0131ya sahip revakl\u0131 bir avlu veya <\/span><em><span style=\"font-size: 16px;\" data-fusion-font=\"true\">temenos ile \u00e7evrelenmi\u015ftir<\/span><\/em><span style=\"font-size: 16px;\" data-fusion-font=\"true\">. Ayn\u0131 zamanda Kent Park\u0131\u2019n\u0131n bat\u0131 ucu, arkas\u0131nda muazzam bir hamam tesisi (Hadrianus Hamam\u0131) y\u00fckselen yeni bir stoa ile yeniden tasarlanm\u0131\u015ft\u0131r. 2. y\u00fczy\u0131l ortas\u0131nda Kent Park\u0131\u2019n\u0131n do\u011fu ucunu kapatmak amac\u0131yla Diogenes Propylonu diye adland\u0131r\u0131lan iki katl\u0131 bir s\u00fcs cephesi in\u015fa edilmi\u015ftir. 2. y\u00fczy\u0131l\u0131n sonlar\u0131nda ise, Agora ekseninde, \u00f6zenle i\u015flenmi\u015f, \u00e7at\u0131l\u0131 bir Bouleuterion veya Meclis Binas\u0131; Tiyatro&#8217;nun g\u00fcneydo\u011fusuna ise ba\u015fka bir hamam daha (Tiyatro Hamam\u0131) in\u015fa edilmi\u015ftir.<\/span><\/p>\n<p style=\"text-align: justify; font-size: 16px;\" data-fusion-font=\"true\">Aphrodisias\u2019taki b\u00fcy\u00fck \u00e7apl\u0131 mermer yap\u0131la\u015fma 2. y\u00fczy\u0131l\u0131n ortas\u0131nda ve sonlar\u0131nda kesintisiz olarak devam ederken Roma \u0130mparatorlu\u011fu\u2019nun ba\u015f\u0131nda Antoninler hanedan\u0131 vard\u0131 ve bu d\u00f6nem, eyaletlerde en b\u00fcy\u00fck ekonomik refah\u0131n ya\u015fand\u0131\u011f\u0131 zamand\u0131. Hay\u0131rsever faaliyetler ve onurland\u0131rmalar, takvimleri belirlenmi\u015f d\u00fczenli festivaller ve dikkat \u00e7ekici mermer yap\u0131lar\u0131yla kamusal k\u00fclt\u00fcr zirvedeydi.<\/p>\n<p style=\"text-align: justify; font-size: 16px;\" data-fusion-font=\"true\">MS 200 civar\u0131na gelindi\u011finde kent merkezi tamamen an\u0131tsal mermer mimariyle donat\u0131lm\u0131\u015f ve 3. y\u00fczy\u0131lda \u00e7ok az yeni yap\u0131 in\u015fa edilmi\u015ftir. Yaz\u0131tlara g\u00f6re, h\u0131z kesmeden devam eden onurland\u0131rmalar art\u0131k festivaller ve yar\u0131\u015fmalarla ba\u011flant\u0131l\u0131 hale gelmi\u015ftir. Epigrafik kay\u0131tlara g\u00f6re 3. y\u00fczy\u0131l\u0131n ilk yar\u0131s\u0131 yeni festivallerin ba\u015flad\u0131\u011f\u0131 ve onurland\u0131rma faaliyetlerinin t\u00fcm h\u0131z\u0131yla s\u00fcrd\u00fc\u011f\u00fc co\u015fkulu bir devirdir.<\/p>\n<p style=\"text-align: justify;\"><span style=\"font-size: 16px;\" data-fusion-font=\"true\">\u0130mparator Caracalla\u2019n\u0131n MS 212 y\u0131l\u0131nda, hen\u00fcz Roma vatanda\u015f\u0131 olmayan \u00f6zg\u00fcr do\u011fmu\u015f imparatorluk sakinlerinin tamam\u0131na yurtta\u015fl\u0131k hakk\u0131 vermesinin (<\/span><em><span style=\"font-size: 16px;\" data-fusion-font=\"true\">Constitutio Antoniniana<\/span><\/em><span style=\"font-size: 16px;\" data-fusion-font=\"true\">). ) g\u00fc\u00e7l\u00fc bir yerel etkisi olmu\u015ftur. Yeni yurtta\u015flar\u0131n imparatorun soyad\u0131 olan Aurelius\u2019u kullan\u0131lmas\u0131 yayg\u0131n hale gelmi\u015ftir ve bu durum, \u00e7ok say\u0131da kamusal yaz\u0131t\u0131n ve faaliyetin bu d\u00f6neme (3. y\u00fczy\u0131l ba\u015f\u0131 ve ortas\u0131) ait oldu\u011funu g\u00f6stermektedir. En \u00e7ok dikkati \u00e7eken durum ise 3. y\u00fczy\u0131l ba\u015flar\u0131nda mermer lahit \u00fcretimi ve kullan\u0131m\u0131nda ani bir art\u0131\u015f g\u00f6r\u00fclmesidir: Caracalla\u2019n\u0131n ferman\u0131yla vatanda\u015fl\u0131k hakk\u0131 alan yeni yurtta\u015flar\u0131n, geli\u015fmekte olan ve mermer yontu eserlerle temsil edilen kamusal hayat\u0131n bir par\u00e7as\u0131 olmaya hevesli olduklar\u0131 g\u00f6r\u00fclebilmektedir.<\/span><\/p>\n<\/div><\/div><\/div><\/div><\/div><\/p>\n","protected":false},"excerpt":{"rendered":"","protected":false},"author":1,"featured_media":0,"parent":0,"menu_order":0,"comment_status":"closed","ping_status":"closed","template":"100-width.php","meta":{"_coblocks_attr":"","_coblocks_dimensions":"","_coblocks_responsive_height":"","_coblocks_accordion_ie_support":"","footnotes":""},"class_list":["post-7531","page","type-page","status-publish","hentry"],"_links":{"self":[{"href":"https:\/\/aphrodisias-excavations.com\/tr\/wp-json\/wp\/v2\/pages\/7531","targetHints":{"allow":["GET"]}}],"collection":[{"href":"https:\/\/aphrodisias-excavations.com\/tr\/wp-json\/wp\/v2\/pages"}],"about":[{"href":"https:\/\/aphrodisias-excavations.com\/tr\/wp-json\/wp\/v2\/types\/page"}],"author":[{"embeddable":true,"href":"https:\/\/aphrodisias-excavations.com\/tr\/wp-json\/wp\/v2\/users\/1"}],"replies":[{"embeddable":true,"href":"https:\/\/aphrodisias-excavations.com\/tr\/wp-json\/wp\/v2\/comments?post=7531"}],"version-history":[{"count":22,"href":"https:\/\/aphrodisias-excavations.com\/tr\/wp-json\/wp\/v2\/pages\/7531\/revisions"}],"predecessor-version":[{"id":9018,"href":"https:\/\/aphrodisias-excavations.com\/tr\/wp-json\/wp\/v2\/pages\/7531\/revisions\/9018"}],"wp:attachment":[{"href":"https:\/\/aphrodisias-excavations.com\/tr\/wp-json\/wp\/v2\/media?parent=7531"}],"curies":[{"name":"wp","href":"https:\/\/api.w.org\/{rel}","templated":true}]}}