{"id":7528,"date":"2022-07-22T20:09:58","date_gmt":"2022-07-22T17:09:58","guid":{"rendered":"https:\/\/aphrodisias-excavations.com\/helenistik\/"},"modified":"2024-08-04T11:49:33","modified_gmt":"2024-08-04T08:49:33","slug":"helenistik","status":"publish","type":"page","link":"https:\/\/aphrodisias-excavations.com\/tr\/helenistik\/","title":{"rendered":"Helenistik"},"content":{"rendered":"<p><div class=\"fusion-fullwidth fullwidth-box fusion-builder-row-1 fusion-flex-container nonhundred-percent-fullwidth non-hundred-percent-height-scrolling fusion-animated\" style=\"--awb-border-radius-top-left:0px;--awb-border-radius-top-right:0px;--awb-border-radius-bottom-right:0px;--awb-border-radius-bottom-left:0px;--awb-margin-bottom:0px;--awb-margin-bottom-medium:80px;--awb-margin-bottom-small:60px;--awb-flex-wrap:wrap;\" data-animationType=\"fadeInUp\" data-animationDuration=\"1.3\" data-animationOffset=\"top-into-view\" ><div class=\"fusion-builder-row fusion-row fusion-flex-align-items-center fusion-flex-content-wrap\" style=\"max-width:1216.8px;margin-left: calc(-4% \/ 2 );margin-right: calc(-4% \/ 2 );\"><div class=\"fusion-layout-column fusion_builder_column fusion-builder-column-0 fusion_builder_column_1_6 1_6 fusion-flex-column\" style=\"--awb-bg-blend:overlay;--awb-bg-size:cover;--awb-width-large:16.666666666667%;--awb-margin-top-large:0px;--awb-spacing-right-large:11.52%;--awb-margin-bottom-large:0px;--awb-spacing-left-large:11.52%;--awb-width-medium:40%;--awb-spacing-right-medium:4.8%;--awb-spacing-left-medium:4.8%;--awb-width-small:100%;--awb-spacing-right-small:1.92%;--awb-margin-bottom-small:15px;--awb-spacing-left-small:1.92%;\"><div class=\"fusion-column-wrapper fusion-flex-justify-content-flex-start fusion-content-layout-column\"><div class=\"fusion-title title fusion-title-1 fusion-title-text fusion-title-size-two\" style=\"--awb-margin-bottom:0px;--awb-margin-top-small:0px;--awb-margin-bottom-small:20px;--awb-font-size:37px;\"><div class=\"title-sep-container title-sep-container-left fusion-no-large-visibility fusion-no-medium-visibility fusion-no-small-visibility\"><div class=\"title-sep sep- sep-solid\" style=\"border-color:var(--awb-color3);\"><\/div><\/div><span class=\"awb-title-spacer fusion-no-large-visibility fusion-no-medium-visibility fusion-no-small-visibility\"><\/span><h2 class=\"fusion-title-heading title-heading-left fusion-responsive-typography-calculated\" style=\"margin:0;text-transform:capitalize;font-size:1em;--fontSize:37;line-height:1.35;\"><h2><strong>Tarih\u00e7e<\/strong><\/h2><\/h2><span class=\"awb-title-spacer\"><\/span><div class=\"title-sep-container title-sep-container-right\"><div class=\"title-sep sep- sep-solid\" style=\"border-color:var(--awb-color3);\"><\/div><\/div><\/div><\/div><\/div><div class=\"fusion-layout-column fusion_builder_column fusion-builder-column-1 fusion-flex-column\" style=\"--awb-bg-size:cover;--awb-width-large:auto;--awb-margin-top-large:0px;--awb-spacing-right-large:2%;--awb-margin-bottom-large:20px;--awb-spacing-left-large:2%;--awb-width-medium:100%;--awb-order-medium:0;--awb-spacing-right-medium:1.92%;--awb-spacing-left-medium:1.92%;--awb-width-small:100%;--awb-order-small:0;--awb-spacing-right-small:1.92%;--awb-spacing-left-small:1.92%;\"><div class=\"fusion-column-wrapper fusion-column-has-shadow fusion-flex-justify-content-flex-start fusion-content-layout-column\"><\/div><\/div><div class=\"fusion-layout-column fusion_builder_column fusion-builder-column-2 fusion-flex-column\" style=\"--awb-bg-size:cover;--awb-width-large:auto;--awb-margin-top-large:0px;--awb-spacing-right-large:0%;--awb-margin-bottom-large:20px;--awb-spacing-left-large:0%;--awb-width-medium:100%;--awb-order-medium:0;--awb-spacing-right-medium:1.92%;--awb-spacing-left-medium:1.92%;--awb-width-small:100%;--awb-order-small:0;--awb-spacing-right-small:1.92%;--awb-spacing-left-small:1.92%;\"><div class=\"fusion-column-wrapper fusion-column-has-shadow fusion-flex-justify-content-flex-start fusion-content-layout-column\"><\/div><\/div><div class=\"fusion-layout-column fusion_builder_column fusion-builder-column-3 fusion-flex-column\" style=\"--awb-bg-size:cover;--awb-width-large:auto;--awb-margin-top-large:0px;--awb-spacing-right-large:2.6%;--awb-margin-bottom-large:20px;--awb-spacing-left-large:0%;--awb-width-medium:100%;--awb-order-medium:0;--awb-spacing-right-medium:1.92%;--awb-spacing-left-medium:1.92%;--awb-width-small:100%;--awb-order-small:0;--awb-spacing-right-small:1.92%;--awb-spacing-left-small:1.92%;\"><div class=\"fusion-column-wrapper fusion-column-has-shadow fusion-flex-justify-content-flex-start fusion-content-layout-column\"><\/div><\/div><div class=\"fusion-layout-column fusion_builder_column fusion-builder-column-4 fusion-flex-column\" style=\"--awb-bg-size:cover;--awb-width-large:auto;--awb-margin-top-large:0px;--awb-spacing-right-large:3%;--awb-margin-bottom-large:20px;--awb-spacing-left-large:0%;--awb-width-medium:100%;--awb-order-medium:0;--awb-spacing-right-medium:1.92%;--awb-spacing-left-medium:1.92%;--awb-width-small:100%;--awb-order-small:0;--awb-spacing-right-small:1.92%;--awb-spacing-left-small:1.92%;\"><div class=\"fusion-column-wrapper fusion-column-has-shadow fusion-flex-justify-content-flex-start fusion-content-layout-column\"><\/div><\/div><div class=\"fusion-layout-column fusion_builder_column fusion-builder-column-5 fusion-flex-column\" style=\"--awb-bg-size:cover;--awb-width-large:auto;--awb-margin-top-large:0px;--awb-spacing-right-large:0.8%;--awb-margin-bottom-large:20px;--awb-spacing-left-large:2%;--awb-width-medium:16.666666666667%;--awb-order-medium:0;--awb-spacing-right-medium:4.608%;--awb-spacing-left-medium:11.52%;--awb-width-small:100%;--awb-order-small:0;--awb-spacing-right-small:1.92%;--awb-spacing-left-small:1.92%;\"><div class=\"fusion-column-wrapper fusion-column-has-shadow fusion-flex-justify-content-flex-start fusion-content-layout-column\"><\/div><\/div><div class=\"fusion-layout-column fusion_builder_column fusion-builder-column-6 fusion-flex-column\" style=\"--awb-bg-size:cover;--awb-width-large:auto;--awb-margin-top-large:0px;--awb-spacing-right-large:0%;--awb-margin-bottom-large:20px;--awb-spacing-left-large:0%;--awb-width-medium:100%;--awb-order-medium:0;--awb-spacing-right-medium:1.92%;--awb-spacing-left-medium:1.92%;--awb-width-small:100%;--awb-order-small:0;--awb-spacing-right-small:1.92%;--awb-spacing-left-small:1.92%;\"><div class=\"fusion-column-wrapper fusion-column-has-shadow fusion-flex-justify-content-flex-start fusion-content-layout-column\"><\/div><\/div><div class=\"fusion-layout-column fusion_builder_column fusion-builder-column-7 fusion_builder_column_5_6 5_6 fusion-flex-column\" style=\"--awb-bg-size:cover;--awb-width-large:83.333333333333%;--awb-margin-top-large:0px;--awb-spacing-right-large:2.304%;--awb-margin-bottom-large:20px;--awb-spacing-left-large:2.304%;--awb-width-medium:100%;--awb-order-medium:0;--awb-spacing-right-medium:1.92%;--awb-spacing-left-medium:1.92%;--awb-width-small:100%;--awb-order-small:0;--awb-spacing-right-small:1.92%;--awb-spacing-left-small:1.92%;\"><div class=\"fusion-column-wrapper fusion-column-has-shadow fusion-flex-justify-content-flex-start fusion-content-layout-column\"><nav class=\"awb-menu awb-menu_row awb-menu_em-hover mobile-mode-collapse-to-button awb-menu_icons-left awb-menu_dc-yes mobile-trigger-fullwidth-off awb-menu_mobile-toggle awb-menu_indent-left mobile-size-full-absolute loading mega-menu-loading awb-menu_desktop awb-menu_dropdown awb-menu_expand-right awb-menu_transition-fade\" style=\"--awb-font-size:14px;--awb-justify-content:space-around;--awb-active-color:#f2a829;--awb-icons-size:14;--awb-main-justify-content:flex-start;--awb-mobile-justify:flex-start;--awb-mobile-caret-left:auto;--awb-mobile-caret-right:0;--awb-fusion-font-family-typography:inherit;--awb-fusion-font-style-typography:normal;--awb-fusion-font-weight-typography:400;--awb-fusion-font-family-submenu-typography:inherit;--awb-fusion-font-style-submenu-typography:normal;--awb-fusion-font-weight-submenu-typography:400;--awb-fusion-font-family-mobile-typography:inherit;--awb-fusion-font-style-mobile-typography:normal;--awb-fusion-font-weight-mobile-typography:400;\" aria-label=\"History Menu\" data-breakpoint=\"1024\" data-count=\"0\" data-transition-type=\"fade\" data-transition-time=\"300\" data-expand=\"right\"><button type=\"button\" class=\"awb-menu__m-toggle awb-menu__m-toggle_no-text\" aria-expanded=\"false\" aria-controls=\"menu-history-menu\"><span class=\"awb-menu__m-toggle-inner\"><span class=\"collapsed-nav-text\"><span class=\"screen-reader-text\">Toggle Navigation<\/span><\/span><span class=\"awb-menu__m-collapse-icon awb-menu__m-collapse-icon_no-text\"><span class=\"awb-menu__m-collapse-icon-open awb-menu__m-collapse-icon-open_no-text fa-bars fas\"><\/span><span class=\"awb-menu__m-collapse-icon-close awb-menu__m-collapse-icon-close_no-text fa-times fas\"><\/span><\/span><\/span><\/button><ul id=\"menu-history-menu-turkish\" class=\"fusion-menu awb-menu__main-ul awb-menu__main-ul_row\"><li  id=\"menu-item-7726\"  class=\"menu-item menu-item-type-post_type menu-item-object-page menu-item-7726 awb-menu__li awb-menu__main-li awb-menu__main-li_regular\"  data-item-id=\"7726\"><span class=\"awb-menu__main-background-default awb-menu__main-background-default_fade\"><\/span><span class=\"awb-menu__main-background-active awb-menu__main-background-active_fade\"><\/span><a  href=\"https:\/\/aphrodisias-excavations.com\/tr\/tarih-oncesi\/\" class=\"awb-menu__main-a awb-menu__main-a_regular\"><span class=\"menu-text\">Tarih \u00d6ncesi<\/span><\/a><\/li><li  id=\"menu-item-7727\"  class=\"menu-item menu-item-type-post_type menu-item-object-page menu-item-7727 awb-menu__li awb-menu__main-li awb-menu__main-li_regular\"  data-item-id=\"7727\"><span class=\"awb-menu__main-background-default awb-menu__main-background-default_fade\"><\/span><span class=\"awb-menu__main-background-active awb-menu__main-background-active_fade\"><\/span><a  href=\"https:\/\/aphrodisias-excavations.com\/tr\/helenistik\/\" class=\"awb-menu__main-a awb-menu__main-a_regular\"><span class=\"menu-text\">Helenistik ve Augustus<\/span><\/a><\/li><li  id=\"menu-item-7728\"  class=\"menu-item menu-item-type-post_type menu-item-object-page menu-item-7728 awb-menu__li awb-menu__main-li awb-menu__main-li_regular\"  data-item-id=\"7728\"><span class=\"awb-menu__main-background-default awb-menu__main-background-default_fade\"><\/span><span class=\"awb-menu__main-background-active awb-menu__main-background-active_fade\"><\/span><a  href=\"https:\/\/aphrodisias-excavations.com\/tr\/erken-imparatorluk-donemi\/\" class=\"awb-menu__main-a awb-menu__main-a_regular\"><span class=\"menu-text\">Erken \u0130mparatorluk<\/span><\/a><\/li><li  id=\"menu-item-7729\"  class=\"menu-item menu-item-type-post_type menu-item-object-page menu-item-7729 awb-menu__li awb-menu__main-li awb-menu__main-li_regular\"  data-item-id=\"7729\"><span class=\"awb-menu__main-background-default awb-menu__main-background-default_fade\"><\/span><span class=\"awb-menu__main-background-active awb-menu__main-background-active_fade\"><\/span><a  href=\"https:\/\/aphrodisias-excavations.com\/tr\/orta-imparatorluk\/\" class=\"awb-menu__main-a awb-menu__main-a_regular\"><span class=\"menu-text\">Orta \u0130mparatorluk<\/span><\/a><\/li><li  id=\"menu-item-7730\"  class=\"menu-item menu-item-type-post_type menu-item-object-page menu-item-7730 awb-menu__li awb-menu__main-li awb-menu__main-li_regular\"  data-item-id=\"7730\"><span class=\"awb-menu__main-background-default awb-menu__main-background-default_fade\"><\/span><span class=\"awb-menu__main-background-active awb-menu__main-background-active_fade\"><\/span><a  href=\"https:\/\/aphrodisias-excavations.com\/tr\/gec-antik-cag\/\" class=\"awb-menu__main-a awb-menu__main-a_regular\"><span class=\"menu-text\">Ge\u00e7 Antik \u00c7a\u011f<\/span><\/a><\/li><li  id=\"menu-item-7731\"  class=\"menu-item menu-item-type-post_type menu-item-object-page menu-item-7731 awb-menu__li awb-menu__main-li awb-menu__main-li_regular\"  data-item-id=\"7731\"><span class=\"awb-menu__main-background-default awb-menu__main-background-default_fade\"><\/span><span class=\"awb-menu__main-background-active awb-menu__main-background-active_fade\"><\/span><a  href=\"https:\/\/aphrodisias-excavations.com\/tr\/klasik-sehrin-sonu\/\" class=\"awb-menu__main-a awb-menu__main-a_regular\"><span class=\"menu-text\">Klasik \u015eehrin Sonu<\/span><\/a><\/li><\/ul><\/nav><\/div><\/div><\/div><\/div><div class=\"fusion-fullwidth fullwidth-box fusion-builder-row-2 fusion-flex-container has-pattern-background has-mask-background nonhundred-percent-fullwidth non-hundred-percent-height-scrolling\" style=\"--awb-border-radius-top-left:0px;--awb-border-radius-top-right:0px;--awb-border-radius-bottom-right:0px;--awb-border-radius-bottom-left:0px;--awb-flex-wrap:wrap;\" ><div class=\"fusion-builder-row fusion-row fusion-flex-align-items-flex-start fusion-flex-content-wrap\" style=\"max-width:1216.8px;margin-left: calc(-4% \/ 2 );margin-right: calc(-4% \/ 2 );\"><div class=\"fusion-layout-column fusion_builder_column fusion-builder-column-8 fusion_builder_column_1_1 1_1 fusion-flex-column\" style=\"--awb-bg-size:cover;--awb-width-large:100%;--awb-margin-top-large:0px;--awb-spacing-right-large:1.92%;--awb-margin-bottom-large:20px;--awb-spacing-left-large:1.92%;--awb-width-medium:100%;--awb-order-medium:0;--awb-spacing-right-medium:1.92%;--awb-spacing-left-medium:1.92%;--awb-width-small:100%;--awb-order-small:0;--awb-spacing-right-small:1.92%;--awb-spacing-left-small:1.92%;\"><div class=\"fusion-column-wrapper fusion-column-has-shadow fusion-flex-justify-content-flex-start fusion-content-layout-column\"><div class=\"fusion-separator fusion-full-width-sep\" style=\"align-self: center;margin-left: auto;margin-right: auto;margin-top:0px;margin-bottom:0px;width:100%;\"><div class=\"fusion-separator-border sep-single sep-solid\" style=\"--awb-height:20px;--awb-amount:20px;border-color:var(--awb-color2);border-top-width:2px;\"><\/div><\/div><\/div><\/div><\/div><\/div><div class=\"fusion-fullwidth fullwidth-box fusion-builder-row-3 fusion-flex-container has-pattern-background has-mask-background nonhundred-percent-fullwidth non-hundred-percent-height-scrolling\" style=\"--awb-border-radius-top-left:0px;--awb-border-radius-top-right:0px;--awb-border-radius-bottom-right:0px;--awb-border-radius-bottom-left:0px;--awb-flex-wrap:wrap;\" ><div class=\"fusion-builder-row fusion-row fusion-flex-align-items-flex-start fusion-flex-content-wrap\" style=\"max-width:1216.8px;margin-left: calc(-4% \/ 2 );margin-right: calc(-4% \/ 2 );\"><div class=\"fusion-layout-column fusion_builder_column fusion-builder-column-9 fusion_builder_column_1_3 1_3 fusion-flex-column\" style=\"--awb-padding-right:22px;--awb-bg-size:cover;--awb-width-large:33.333333333333%;--awb-margin-top-large:0px;--awb-spacing-right-large:5.184%;--awb-margin-bottom-large:20px;--awb-spacing-left-large:5.76%;--awb-width-medium:100%;--awb-order-medium:0;--awb-spacing-right-medium:1.92%;--awb-spacing-left-medium:1.92%;--awb-width-small:100%;--awb-order-small:0;--awb-spacing-right-small:1.92%;--awb-spacing-left-small:1.92%;\"><div class=\"fusion-column-wrapper fusion-column-has-shadow fusion-flex-justify-content-flex-start fusion-content-layout-column\"><div class=\"fusion-image-element \" style=\"--awb-caption-title-font-family:var(--h2_typography-font-family);--awb-caption-title-font-weight:var(--h2_typography-font-weight);--awb-caption-title-font-style:var(--h2_typography-font-style);--awb-caption-title-size:var(--h2_typography-font-size);--awb-caption-title-transform:var(--h2_typography-text-transform);--awb-caption-title-line-height:var(--h2_typography-line-height);--awb-caption-title-letter-spacing:var(--h2_typography-letter-spacing);\"><span class=\" fusion-imageframe imageframe-glow imageframe-1 hover-type-none\" style=\"border:5px solid #e5e5e5;-webkit-box-shadow: 0 0 3px var(--awb-color8);box-shadow: 0 0 3px var(--awb-color8);\"><a href=\"https:\/\/aphrodisias-excavations.com\/wp-content\/uploads\/2022\/07\/zoilosfrieze_800.jpeg\" class=\"fusion-lightbox\" data-rel=\"iLightbox[58bcf60a4a2fc9cf830]\" data-caption=\"Zoilos Frieze\" data-title=\"Zoilos Frieze\" title=\"Zoilos Frieze\"><img decoding=\"async\" width=\"600\" height=\"450\" alt=\"Gaudin \u00c7e\u015fmesi\u2019nde Anastylosis \u00c7al\u0131\u015fmalar\u0131\" src=\"https:\/\/aphrodisias-excavations.com\/wp-content\/uploads\/2022\/07\/zoilosfrieze_800.jpeg\" data-orig-src=\"https:\/\/aphrodisias-excavations.com\/wp-content\/uploads\/2022\/07\/zoilosfrieze_800-600x450.jpeg\" class=\"lazyload img-responsive wp-image-5988\" srcset=\"data:image\/svg+xml,%3Csvg%20xmlns%3D%27http%3A%2F%2Fwww.w3.org%2F2000%2Fsvg%27%20width%3D%27800%27%20height%3D%27600%27%20viewBox%3D%270%200%20800%20600%27%3E%3Crect%20width%3D%27800%27%20height%3D%27600%27%20fill-opacity%3D%220%22%2F%3E%3C%2Fsvg%3E\" data-srcset=\"https:\/\/aphrodisias-excavations.com\/wp-content\/uploads\/2022\/07\/zoilosfrieze_800-200x150.jpeg 200w, https:\/\/aphrodisias-excavations.com\/wp-content\/uploads\/2022\/07\/zoilosfrieze_800-400x300.jpeg 400w, https:\/\/aphrodisias-excavations.com\/wp-content\/uploads\/2022\/07\/zoilosfrieze_800-600x450.jpeg 600w, https:\/\/aphrodisias-excavations.com\/wp-content\/uploads\/2022\/07\/zoilosfrieze_800.jpeg 800w\" data-sizes=\"auto\" data-orig-sizes=\"(max-width: 1024px) 100vw, (max-width: 640px) 100vw, 400px\" \/><\/a><\/span><\/div><\/div><\/div><div class=\"fusion-layout-column fusion_builder_column fusion-builder-column-10 fusion_builder_column_2_3 2_3 fusion-flex-column\" style=\"--awb-bg-size:cover;--awb-width-large:66.666666666667%;--awb-margin-top-large:0px;--awb-spacing-right-large:2.88%;--awb-margin-bottom-large:20px;--awb-spacing-left-large:0%;--awb-width-medium:100%;--awb-order-medium:0;--awb-spacing-right-medium:1.92%;--awb-spacing-left-medium:1.92%;--awb-width-small:100%;--awb-order-small:0;--awb-spacing-right-small:1.92%;--awb-spacing-left-small:1.92%;\"><div class=\"fusion-column-wrapper fusion-column-has-shadow fusion-flex-justify-content-flex-start fusion-content-layout-column\"><div class=\"fusion-separator fusion-full-width-sep\" style=\"align-self: center;margin-left: auto;margin-right: auto;margin-top:5px;margin-bottom:5px;width:100%;\"><div class=\"fusion-separator-border sep-double sep-solid\" style=\"--awb-height:20px;--awb-amount:20px;border-color:var(--awb-color2);border-top-width:0px;border-bottom-width:0px;\"><\/div><\/div><div class=\"fusion-text fusion-text-1\" style=\"--awb-margin-top:-48px;\"><h3><strong>Helenistik ve Augustus D\u00f6nemleri<\/strong><\/h3>\n<\/div><div class=\"fusion-separator fusion-full-width-sep\" style=\"align-self: center;margin-left: auto;margin-right: auto;width:100%;\"><div class=\"fusion-separator-border sep-double\" style=\"--awb-height:20px;--awb-amount:20px;border-color:var(--awb-color2);border-top-width:1px;border-bottom-width:1px;\"><\/div><\/div><div class=\"fusion-text fusion-text-2\"><p style=\"text-align: justify; font-size: 16px;\" data-fusion-font=\"true\">Aphrodisias, Helenistik d\u00f6nem Syria (Suriye) merkezli Seleukos krallar\u0131 taraf\u0131ndan Menderes Vadisi b\u00f6lgesinde te\u015fvik edilen yo\u011fun kentle\u015fmenin ard\u0131ndan, M\u00d6 2. y\u00fczy\u0131l\u0131n ba\u015flar\u0131nda bir Yunan \u015fehir devleti olarak kurulmu\u015ftur. Buras\u0131, yak\u0131n\u0131nda bulunan Menderes Antiokhias\u0131\u2019ndan (Antiochia ad Maeandrum) farkl\u0131 olarak bir kraliyet kolonisi de\u011fildir. Varolu\u015funu muhtemelen \u015fehir stat\u00fcs\u00fcn\u00fcn getirdi\u011fi menfaatlerden yararlanmak isteyen \u00f6nde gelen yerel toprak sahiplerinin giri\u015fimlerine bor\u00e7ludur. Toplumsal kimli\u011fin \u00f6nemli yerel kaynaklar\u0131ndan biri olan ve eskilerden beri varl\u0131\u011f\u0131n\u0131 koruyan Aphrodite kutsal alan\u0131 yeni \u015fehrin konumu i\u00e7in reddedilemez bir se\u00e7enektir.<\/p>\n<p style=\"text-align: justify; font-size: 16px;\" data-fusion-font=\"true\">Aphrodisias, MS 1. y\u00fczy\u0131lda, &#8220;uluslararas\u0131&#8221; tarih sahnesinde Roma\u2019n\u0131n sad\u0131k dostu olarak birka\u00e7 kez boy g\u00f6stermi\u015ftir. M\u00d6 88 y\u0131l\u0131nda, yak\u0131nlardaki Laodikeia\u2019da Pontos kral\u0131 VI. Mithradates\u2019in ku\u015fatt\u0131\u011f\u0131 Roma komutan\u0131na yard\u0131m g\u00f6ndermi\u015ftir. Roma generali Cornelius Sulla, Aphrodite\u2019ye ithafen alt\u0131n bir ta\u00e7 ile bir balta g\u00f6ndermi\u015ftir. Julius Caesar da, muhtemelen M\u00d6 47 y\u0131l\u0131nda Anadolu\u2019da (Asia Minor) seferdeyken alt\u0131n bir Eros heykeli g\u00f6ndererek Aphrodite\u2019ye pahal\u0131 bir sunuda bulunmu\u015ftur. Caesar da, kendisinden \u00f6nceki Sulla gibi, Aphrodisiasl\u0131 Aphrodite ile Troial\u0131 Aineias\u2019\u0131n ve Julius soyunun annesi olan Romal\u0131 Venus-Aphrodite aras\u0131ndaki ili\u015fkiden faydalanmaktayd\u0131. Kent, M\u00d6 41\/40 y\u0131llar\u0131nda Parthia taraf\u0131ndan desteklenen Romal\u0131 hain komutan Labienus\u2019un i\u015fgaline \u015fiddetle direndikten sonra ola\u011fan\u00fcst\u00fc sadakati nedeniyle Roma Senatosunca M\u00d6 39\u2019da \u00e7e\u015fitli ayr\u0131cal\u0131klarla \u00f6d\u00fcllendirilmi\u015ftir. Roma\u2019n\u0131n Asya eyaleti dahilinde \u00f6zerklik (&#8220;\u00f6zg\u00fcrl\u00fck&#8221;); Roma\u2019ya \u00f6denmekte olan t\u00fcm vergilerden muafiyet ve kutsal alan\u0131nda s\u0131\u011f\u0131nma hakk\u0131ndan (eleutheria, ateleia, asylia) olu\u015fan bu ayr\u0131cal\u0131klar kentin gelecekteki refah\u0131n\u0131n temelini olu\u015fturmu\u015flard\u0131r.<\/p>\n<p style=\"text-align: justify; font-size: 16px;\" data-fusion-font=\"true\">Hat\u0131r\u0131 say\u0131l\u0131r ilk Aphrodisiasl\u0131, M\u00d6 39 y\u0131l\u0131nda kar\u015f\u0131m\u0131za \u00e7\u0131kan C. Julius Zoilos\u2019tur. Octavianus-Augustus\u2019un eski bir k\u00f6lesi olan Zoilos g\u0131pta edilen bu ayr\u0131cal\u0131klar\u0131n sa\u011flanmas\u0131nda b\u00fcy\u00fck olas\u0131l\u0131kla arac\u0131 g\u00f6revi \u00fcstlenmi\u015f ve i\u015fleri idare etmek \u00fczere memleketi Aphrodisias\u2019a g\u00f6nderilmi\u015ftir. \u015e\u00fcphesiz, M\u00d6 30\u2019lu y\u0131llar boyunca ve 20\u2019li y\u0131llar\u0131n sonlar\u0131na kadar \u015fehrin en n\u00fcfuzlu \u015fahsiyetidir. Aphrodisias\u2019\u0131n en erken mermer yap\u0131lar\u0131 bu d\u00f6neme aittir ve Zoilos\u2019un eserleridir. Tiyatro&#8217;nun mermer sahne binas\u0131n\u0131, Agora\u2019n\u0131n kuzey stoas\u0131n\u0131, ve ilk mermer Aphrodite Tap\u0131na\u011f\u0131&#8217;n\u0131 in\u015fa ettirmi\u015ftir. Kendi ad\u0131na da en az\u0131ndan iki adet onurland\u0131rma heykeli dikilmi\u015ftir. Aphrodisias\u2019ta kamusal yap\u0131lar\u0131n acil in\u015faat planlamas\u0131 Zoilos ile ba\u015flam\u0131\u015ft\u0131r. Ama\u00e7, \u00fcn salm\u0131\u015f tap\u0131na\u011f\u0131na odakl\u0131 bu k\u00fc\u00e7\u00fck polis toplulu\u011funu g\u00fcncelle\u015ftirerek \u015fehre d\u00fczg\u00fcn kentsel bir g\u00f6r\u00fcn\u00fcm vermektir. Bu d\u00f6neme ait g\u00fcn\u00fcm\u00fcze ula\u015fan tarihlenmi\u015f tek di\u011fer an\u0131t Zoilos\u2019un kendi mezar an\u0131t\u0131na ait b\u00fcy\u00fck frizdir.<\/p>\n<\/div><\/div><\/div><\/div><\/div><\/p>\n","protected":false},"excerpt":{"rendered":"","protected":false},"author":1,"featured_media":0,"parent":0,"menu_order":0,"comment_status":"closed","ping_status":"closed","template":"100-width.php","meta":{"_coblocks_attr":"","_coblocks_dimensions":"","_coblocks_responsive_height":"","_coblocks_accordion_ie_support":"","footnotes":""},"class_list":["post-7528","page","type-page","status-publish","hentry"],"_links":{"self":[{"href":"https:\/\/aphrodisias-excavations.com\/tr\/wp-json\/wp\/v2\/pages\/7528","targetHints":{"allow":["GET"]}}],"collection":[{"href":"https:\/\/aphrodisias-excavations.com\/tr\/wp-json\/wp\/v2\/pages"}],"about":[{"href":"https:\/\/aphrodisias-excavations.com\/tr\/wp-json\/wp\/v2\/types\/page"}],"author":[{"embeddable":true,"href":"https:\/\/aphrodisias-excavations.com\/tr\/wp-json\/wp\/v2\/users\/1"}],"replies":[{"embeddable":true,"href":"https:\/\/aphrodisias-excavations.com\/tr\/wp-json\/wp\/v2\/comments?post=7528"}],"version-history":[{"count":10,"href":"https:\/\/aphrodisias-excavations.com\/tr\/wp-json\/wp\/v2\/pages\/7528\/revisions"}],"predecessor-version":[{"id":9006,"href":"https:\/\/aphrodisias-excavations.com\/tr\/wp-json\/wp\/v2\/pages\/7528\/revisions\/9006"}],"wp:attachment":[{"href":"https:\/\/aphrodisias-excavations.com\/tr\/wp-json\/wp\/v2\/media?parent=7528"}],"curies":[{"name":"wp","href":"https:\/\/api.w.org\/{rel}","templated":true}]}}