{"id":7513,"date":"2022-07-23T18:35:00","date_gmt":"2022-07-23T15:35:00","guid":{"rendered":"https:\/\/aphrodisias-excavations.com\/gaudin-cesmesi\/"},"modified":"2024-08-03T16:45:23","modified_gmt":"2024-08-03T13:45:23","slug":"gaudin-cesmesi","status":"publish","type":"page","link":"https:\/\/aphrodisias-excavations.com\/tr\/gaudin-cesmesi\/","title":{"rendered":"Gaudin \u00c7e\u015fmesi"},"content":{"rendered":"<p><div class=\"fusion-fullwidth fullwidth-box fusion-builder-row-1 fusion-flex-container nonhundred-percent-fullwidth non-hundred-percent-height-scrolling fusion-animated\" style=\"--awb-border-radius-top-left:0px;--awb-border-radius-top-right:0px;--awb-border-radius-bottom-right:0px;--awb-border-radius-bottom-left:0px;--awb-margin-bottom:0px;--awb-margin-bottom-medium:80px;--awb-margin-bottom-small:60px;--awb-flex-wrap:wrap;\" data-animationType=\"fadeInUp\" data-animationDuration=\"1.3\" data-animationOffset=\"top-into-view\" ><div class=\"fusion-builder-row fusion-row fusion-flex-align-items-center fusion-flex-content-wrap\" style=\"max-width:1216.8px;margin-left: calc(-4% \/ 2 );margin-right: calc(-4% \/ 2 );\"><div class=\"fusion-layout-column fusion_builder_column fusion-builder-column-0 fusion_builder_column_1_1 1_1 fusion-flex-column\" style=\"--awb-bg-blend:overlay;--awb-bg-size:cover;--awb-width-large:100%;--awb-margin-top-large:0px;--awb-spacing-right-large:1.92%;--awb-margin-bottom-large:0px;--awb-spacing-left-large:1.92%;--awb-width-medium:40%;--awb-spacing-right-medium:4.8%;--awb-spacing-left-medium:4.8%;--awb-width-small:100%;--awb-spacing-right-small:1.92%;--awb-margin-bottom-small:15px;--awb-spacing-left-small:1.92%;\"><div class=\"fusion-column-wrapper fusion-flex-justify-content-flex-start fusion-content-layout-column\"><div class=\"fusion-title title fusion-title-1 fusion-title-text fusion-title-size-two\" style=\"--awb-margin-bottom:0px;--awb-margin-top-small:0px;--awb-margin-bottom-small:20px;--awb-font-size:37px;\"><div class=\"title-sep-container title-sep-container-left fusion-no-large-visibility fusion-no-medium-visibility fusion-no-small-visibility\"><div class=\"title-sep sep- sep-solid\" style=\"border-color:var(--awb-color3);\"><\/div><\/div><span class=\"awb-title-spacer fusion-no-large-visibility fusion-no-medium-visibility fusion-no-small-visibility\"><\/span><h2 class=\"fusion-title-heading title-heading-left fusion-responsive-typography-calculated\" style=\"margin:0;text-transform:capitalize;font-size:1em;--fontSize:37;line-height:1.35;\"><h2><strong>Gaudin \u00c7e\u015fmesi<\/strong><\/h2><\/h2><span class=\"awb-title-spacer\"><\/span><div class=\"title-sep-container title-sep-container-right\"><div class=\"title-sep sep- sep-solid\" style=\"border-color:var(--awb-color3);\"><\/div><\/div><\/div><\/div><\/div><\/div><\/div><div class=\"fusion-fullwidth fullwidth-box fusion-builder-row-2 fusion-flex-container has-pattern-background has-mask-background nonhundred-percent-fullwidth non-hundred-percent-height-scrolling\" style=\"--awb-border-radius-top-left:0px;--awb-border-radius-top-right:0px;--awb-border-radius-bottom-right:0px;--awb-border-radius-bottom-left:0px;--awb-flex-wrap:wrap;\" ><div class=\"fusion-builder-row fusion-row fusion-flex-align-items-flex-start fusion-flex-content-wrap\" style=\"max-width:1216.8px;margin-left: calc(-4% \/ 2 );margin-right: calc(-4% \/ 2 );\"><div class=\"fusion-layout-column fusion_builder_column fusion-builder-column-1 fusion_builder_column_1_1 1_1 fusion-flex-column\" style=\"--awb-bg-size:cover;--awb-width-large:100%;--awb-margin-top-large:0px;--awb-spacing-right-large:1.92%;--awb-margin-bottom-large:20px;--awb-spacing-left-large:1.92%;--awb-width-medium:100%;--awb-order-medium:0;--awb-spacing-right-medium:1.92%;--awb-spacing-left-medium:1.92%;--awb-width-small:100%;--awb-order-small:0;--awb-spacing-right-small:1.92%;--awb-spacing-left-small:1.92%;\"><div class=\"fusion-column-wrapper fusion-column-has-shadow fusion-flex-justify-content-flex-start fusion-content-layout-column\"><div class=\"fusion-separator fusion-full-width-sep\" style=\"align-self: center;margin-left: auto;margin-right: auto;margin-top:0px;margin-bottom:0px;width:100%;\"><div class=\"fusion-separator-border sep-single sep-solid\" style=\"--awb-height:20px;--awb-amount:20px;border-color:var(--awb-color2);border-top-width:2px;\"><\/div><\/div><\/div><\/div><\/div><\/div><div class=\"fusion-fullwidth fullwidth-box fusion-builder-row-3 fusion-flex-container has-pattern-background has-mask-background nonhundred-percent-fullwidth non-hundred-percent-height-scrolling\" style=\"--awb-border-radius-top-left:0px;--awb-border-radius-top-right:0px;--awb-border-radius-bottom-right:0px;--awb-border-radius-bottom-left:0px;--awb-flex-wrap:wrap;\" ><div class=\"fusion-builder-row fusion-row fusion-flex-align-items-flex-start fusion-flex-content-wrap\" style=\"max-width:1216.8px;margin-left: calc(-4% \/ 2 );margin-right: calc(-4% \/ 2 );\"><div class=\"fusion-layout-column fusion_builder_column fusion-builder-column-2 fusion_builder_column_1_3 1_3 fusion-flex-column\" style=\"--awb-padding-right:22px;--awb-bg-size:cover;--awb-width-large:33.333333333333%;--awb-margin-top-large:23px;--awb-spacing-right-large:5.184%;--awb-margin-bottom-large:20px;--awb-spacing-left-large:5.76%;--awb-width-medium:100%;--awb-order-medium:0;--awb-spacing-right-medium:1.92%;--awb-spacing-left-medium:1.92%;--awb-width-small:100%;--awb-order-small:0;--awb-spacing-right-small:1.92%;--awb-spacing-left-small:1.92%;\"><div class=\"fusion-column-wrapper fusion-column-has-shadow fusion-flex-justify-content-flex-start fusion-content-layout-column\"><div class=\"fusion-image-element \" style=\"--awb-caption-title-font-family:var(--h2_typography-font-family);--awb-caption-title-font-weight:var(--h2_typography-font-weight);--awb-caption-title-font-style:var(--h2_typography-font-style);--awb-caption-title-size:var(--h2_typography-font-size);--awb-caption-title-transform:var(--h2_typography-text-transform);--awb-caption-title-line-height:var(--h2_typography-line-height);--awb-caption-title-letter-spacing:var(--h2_typography-letter-spacing);\"><span class=\" fusion-imageframe imageframe-glow imageframe-1 hover-type-none\" style=\"border:5px solid #e5e5e5;-webkit-box-shadow: 0 0 3px var(--awb-color8);box-shadow: 0 0 3px var(--awb-color8);\"><a href=\"https:\/\/aphrodisias-excavations.com\/wp-content\/uploads\/2022\/07\/gaudinsfount_800-600x401.jpeg\" class=\"fusion-lightbox\" data-rel=\"iLightbox[0de97bff7dc0d602ef9]\" data-caption=\"Gaudin&#039;s Fountain\" data-title=\"Gaudin&#8217;s Fountain\" title=\"Gaudin&#8217;s Fountain\"><img decoding=\"async\" width=\"600\" height=\"401\" alt=\"Gaudin \u00c7e\u015fmesi\u2019nde Anastylosis \u00c7al\u0131\u015fmalar\u0131\" src=\"https:\/\/aphrodisias-excavations.com\/wp-content\/uploads\/2022\/07\/gaudinsfount_800.jpeg\" data-orig-src=\"https:\/\/aphrodisias-excavations.com\/wp-content\/uploads\/2022\/07\/gaudinsfount_800-600x401.jpeg\" class=\"lazyload img-responsive wp-image-6302\" srcset=\"data:image\/svg+xml,%3Csvg%20xmlns%3D%27http%3A%2F%2Fwww.w3.org%2F2000%2Fsvg%27%20width%3D%27800%27%20height%3D%27534%27%20viewBox%3D%270%200%20800%20534%27%3E%3Crect%20width%3D%27800%27%20height%3D%27534%27%20fill-opacity%3D%220%22%2F%3E%3C%2Fsvg%3E\" data-srcset=\"https:\/\/aphrodisias-excavations.com\/wp-content\/uploads\/2022\/07\/gaudinsfount_800-200x134.jpeg 200w, https:\/\/aphrodisias-excavations.com\/wp-content\/uploads\/2022\/07\/gaudinsfount_800-400x267.jpeg 400w, https:\/\/aphrodisias-excavations.com\/wp-content\/uploads\/2022\/07\/gaudinsfount_800-600x401.jpeg 600w, https:\/\/aphrodisias-excavations.com\/wp-content\/uploads\/2022\/07\/gaudinsfount_800.jpeg 800w\" data-sizes=\"auto\" data-orig-sizes=\"(max-width: 1024px) 100vw, (max-width: 640px) 100vw, 400px\" \/><\/a><\/span><\/div><div class=\"fusion-separator fusion-full-width-sep\" style=\"align-self: center;margin-left: auto;margin-right: auto;margin-top:5px;margin-bottom:5px;width:100%;\"><div class=\"fusion-separator-border sep-double sep-solid\" style=\"--awb-height:20px;--awb-amount:20px;border-color:var(--awb-color2);border-top-width:0px;border-bottom-width:0px;\"><\/div><\/div><div class=\"fusion-image-element \" style=\"--awb-caption-title-font-family:var(--h2_typography-font-family);--awb-caption-title-font-weight:var(--h2_typography-font-weight);--awb-caption-title-font-style:var(--h2_typography-font-style);--awb-caption-title-size:var(--h2_typography-font-size);--awb-caption-title-transform:var(--h2_typography-text-transform);--awb-caption-title-line-height:var(--h2_typography-line-height);--awb-caption-title-letter-spacing:var(--h2_typography-letter-spacing);\"><span class=\" fusion-imageframe imageframe-glow imageframe-2 hover-type-none\" style=\"border:5px solid #e5e5e5;-webkit-box-shadow: 0 0 3px var(--awb-color8);box-shadow: 0 0 3px var(--awb-color8);\"><a href=\"https:\/\/aphrodisias-excavations.com\/wp-content\/uploads\/2022\/07\/gaudinsfountain2_800-600x398.jpeg\" class=\"fusion-lightbox\" data-rel=\"iLightbox[b7e58985eb4e6a9672c]\" data-caption=\"Gaudin \u00c7e\u015fmesi\" data-title=\"Gaudin \u00c7e\u015fmesi\" title=\"Gaudin \u00c7e\u015fmesi\"><img decoding=\"async\" width=\"600\" height=\"398\" src=\"https:\/\/aphrodisias-excavations.com\/wp-content\/uploads\/2022\/07\/gaudinsfountain2_800.jpeg\" data-orig-src=\"https:\/\/aphrodisias-excavations.com\/wp-content\/uploads\/2022\/07\/gaudinsfountain2_800-600x398.jpeg\" alt class=\"lazyload img-responsive wp-image-7845\" srcset=\"data:image\/svg+xml,%3Csvg%20xmlns%3D%27http%3A%2F%2Fwww.w3.org%2F2000%2Fsvg%27%20width%3D%27800%27%20height%3D%27531%27%20viewBox%3D%270%200%20800%20531%27%3E%3Crect%20width%3D%27800%27%20height%3D%27531%27%20fill-opacity%3D%220%22%2F%3E%3C%2Fsvg%3E\" data-srcset=\"https:\/\/aphrodisias-excavations.com\/wp-content\/uploads\/2022\/07\/gaudinsfountain2_800-200x133.jpeg 200w, https:\/\/aphrodisias-excavations.com\/wp-content\/uploads\/2022\/07\/gaudinsfountain2_800-400x266.jpeg 400w, https:\/\/aphrodisias-excavations.com\/wp-content\/uploads\/2022\/07\/gaudinsfountain2_800-600x398.jpeg 600w, https:\/\/aphrodisias-excavations.com\/wp-content\/uploads\/2022\/07\/gaudinsfountain2_800.jpeg 800w\" data-sizes=\"auto\" data-orig-sizes=\"(max-width: 1024px) 100vw, (max-width: 640px) 100vw, 400px\" \/><\/a><\/span><\/div><\/div><\/div><div class=\"fusion-layout-column fusion_builder_column fusion-builder-column-3 fusion_builder_column_2_3 2_3 fusion-flex-column\" style=\"--awb-bg-size:cover;--awb-width-large:66.666666666667%;--awb-margin-top-large:0px;--awb-spacing-right-large:2.88%;--awb-margin-bottom-large:20px;--awb-spacing-left-large:0%;--awb-width-medium:100%;--awb-order-medium:0;--awb-spacing-right-medium:1.92%;--awb-spacing-left-medium:1.92%;--awb-width-small:100%;--awb-order-small:0;--awb-spacing-right-small:1.92%;--awb-spacing-left-small:1.92%;\"><div class=\"fusion-column-wrapper fusion-column-has-shadow fusion-flex-justify-content-flex-start fusion-content-layout-column\"><div class=\"fusion-separator fusion-full-width-sep\" style=\"align-self: center;margin-left: auto;margin-right: auto;margin-top:5px;margin-bottom:5px;width:100%;\"><div class=\"fusion-separator-border sep-double sep-solid\" style=\"--awb-height:20px;--awb-amount:20px;border-color:var(--awb-color2);border-top-width:0px;border-bottom-width:0px;\"><\/div><\/div><div class=\"fusion-text fusion-text-1\"><p style=\"text-align: justify; font-size: 16px;\" data-fusion-font=\"true\">Paul Gaudin 1904 y\u0131l\u0131nda \u015fehrin g\u00fcneydo\u011fu kesiminde bir yap\u0131 bulmu\u015ftur. Bu yap\u0131dan, bug\u00fcn \u0130stanbul Arkeoloji M\u00fczeleri&#8217;nde sergilenen \u00fc\u00e7 adet gigantomakhia (tanr\u0131larla devlerin sava\u015f\u0131) kabartma paneli ortaya \u00e7\u0131kartm\u0131\u015ft\u0131r. Yap\u0131n\u0131n bir b\u00f6l\u00fcm\u00fc 1989 y\u0131l\u0131nda kaz\u0131lm\u0131\u015f ve yap\u0131n\u0131n do\u011fu-bat\u0131 ekseninde uzanan ta\u015f d\u00f6\u015feli bir soka\u011fa bakan, mevcut konumunda bir \u00e7e\u015fme olarak ikinci kullan\u0131m g\u00f6rm\u00fc\u015f Korinth d\u00fczeninde tetrastylos bir cephe oldu\u011fu anla\u015f\u0131lm\u0131\u015ft\u0131r. Orijinal halinde bir tap\u0131nak cephesi olan bu yap\u0131, eski yerinden s\u00f6k\u00fclm\u00fc\u015f, ta\u015f\u0131nm\u0131\u015f ve bu konumda tekrar in\u015fa edilmi\u015ftir. Kabartmalar da Diogenes Propylonu&#8217;nda oldu\u011fu gibi ba\u015fka bir yerden al\u0131n\u0131p burada tekrar kullan\u0131lm\u0131\u015flard\u0131r. Bu kabartmalar s\u00fctunlar\u0131n kaideleri aras\u0131nda kalan bo\u015fluklar\u0131 kapatm\u0131\u015f ve \u00e7e\u015fme havuzunun duvarlar\u0131n\u0131 meydana getirmi\u015ftir. D\u00f6rt kaidenin her biri ilgin\u00e7 bir bi\u00e7imde \u00fcst \u00fcste yerle\u015ftirilen iki ayr\u0131 s\u00fctun kaidesinden olu\u015fmaktad\u0131r. Bu durum, d\u00fczenlemenin Ge\u00e7 Antik \u00c7a\u011f \u00f6zelliklerini teyit eder niteliktedir.<\/p>\n<p style=\"text-align: justify; font-size: 16px;\" data-fusion-font=\"true\">Cephenin Orta \u0130mparatorluk d\u00f6nemi mimarisi \u00e7ok iyi korunmu\u015f durumdad\u0131r. B\u00fcy\u00fck monolitik s\u00fctunlardan ikisi s\u00fct\u00fcn ba\u015fl\u0131klar\u0131yla birlikte yeniden aya\u011fa kald\u0131r\u0131lm\u0131\u015f, tamam\u0131 korunmu\u015f sa\u00e7akl\u0131k ve al\u0131nl\u0131\u011f\u0131n par\u00e7alar\u0131 ise birle\u015ftirilerek \u00e7izim ve \u00e7al\u0131\u015fma yapma amac\u0131yla yere, a\u00e7man\u0131n g\u00fcney k\u0131sm\u0131na konulmu\u015ftur. Al\u0131nl\u0131k orijinal halinde cepheden kabartma b\u00fcst i\u00e7eren k\u00fc\u00e7\u00fck boyutlu, kemerli ve \u00fcst k\u0131sm\u0131 deniz kabu\u011fu formunda bir ni\u015f ihtiva eder. B\u00fcst g\u00fcn\u00fcm\u00fcze kas\u0131tl\u0131 olarak kaz\u0131narak tahrip edilmi\u015f halde ula\u015fm\u0131\u015ft\u0131r. \u015e\u00fcphesiz, bu b\u00fcst bu mimari \u00f6\u011fenin aslen ait oldu\u011fu tap\u0131na\u011f\u0131n (veya propylonun) tanr\u0131(\u00e7a)s\u0131n\u0131 temsil etmekteydi. Ge\u00e7 Antik \u00c7a\u011f\u2019daki yeni yerinde bu yap\u0131 erken d\u00f6nem \u0131zgara plan\u0131n\u0131n kav\u015faklar\u0131ndan birine konumland\u0131r\u0131lm\u0131\u015f, Sebasteion tap\u0131na\u011f\u0131n\u0131n \u00f6n\u00fcnden g\u00fcneye do\u011fru giden kuzey-g\u00fcney do\u011frultulu caddenin en sonundan \u015fehre do\u011fru bakmaktad\u0131r.<\/p>\n<\/div><div class=\"fusion-image-element \" style=\"--awb-caption-title-font-family:var(--h2_typography-font-family);--awb-caption-title-font-weight:var(--h2_typography-font-weight);--awb-caption-title-font-style:var(--h2_typography-font-style);--awb-caption-title-size:var(--h2_typography-font-size);--awb-caption-title-transform:var(--h2_typography-text-transform);--awb-caption-title-line-height:var(--h2_typography-line-height);--awb-caption-title-letter-spacing:var(--h2_typography-letter-spacing);\"><span class=\" fusion-imageframe imageframe-none imageframe-3 hover-type-none\"><img decoding=\"async\" width=\"600\" height=\"413\" title=\"Gaudin&#8217;s Fountain plan\" src=\"https:\/\/aphrodisias-excavations.com\/wp-content\/uploads\/2022\/07\/gaudinsfountain_plan.jpeg\" data-orig-src=\"https:\/\/aphrodisias-excavations.com\/wp-content\/uploads\/2022\/07\/gaudinsfountain_plan-600x413.jpeg\" alt class=\"lazyload img-responsive wp-image-6300\" srcset=\"data:image\/svg+xml,%3Csvg%20xmlns%3D%27http%3A%2F%2Fwww.w3.org%2F2000%2Fsvg%27%20width%3D%271200%27%20height%3D%27825%27%20viewBox%3D%270%200%201200%20825%27%3E%3Crect%20width%3D%271200%27%20height%3D%27825%27%20fill-opacity%3D%220%22%2F%3E%3C%2Fsvg%3E\" data-srcset=\"https:\/\/aphrodisias-excavations.com\/wp-content\/uploads\/2022\/07\/gaudinsfountain_plan-200x138.jpeg 200w, https:\/\/aphrodisias-excavations.com\/wp-content\/uploads\/2022\/07\/gaudinsfountain_plan-400x275.jpeg 400w, https:\/\/aphrodisias-excavations.com\/wp-content\/uploads\/2022\/07\/gaudinsfountain_plan-600x413.jpeg 600w, https:\/\/aphrodisias-excavations.com\/wp-content\/uploads\/2022\/07\/gaudinsfountain_plan-800x550.jpeg 800w, https:\/\/aphrodisias-excavations.com\/wp-content\/uploads\/2022\/07\/gaudinsfountain_plan.jpeg 1200w\" data-sizes=\"auto\" data-orig-sizes=\"(max-width: 1024px) 100vw, (max-width: 640px) 100vw, 800px\" \/><\/span><\/div><\/div><\/div><\/div><\/div><\/p>\n","protected":false},"excerpt":{"rendered":"","protected":false},"author":1,"featured_media":0,"parent":0,"menu_order":0,"comment_status":"closed","ping_status":"closed","template":"100-width.php","meta":{"_coblocks_attr":"","_coblocks_dimensions":"","_coblocks_responsive_height":"","_coblocks_accordion_ie_support":"","footnotes":""},"class_list":["post-7513","page","type-page","status-publish","hentry"],"_links":{"self":[{"href":"https:\/\/aphrodisias-excavations.com\/tr\/wp-json\/wp\/v2\/pages\/7513","targetHints":{"allow":["GET"]}}],"collection":[{"href":"https:\/\/aphrodisias-excavations.com\/tr\/wp-json\/wp\/v2\/pages"}],"about":[{"href":"https:\/\/aphrodisias-excavations.com\/tr\/wp-json\/wp\/v2\/types\/page"}],"author":[{"embeddable":true,"href":"https:\/\/aphrodisias-excavations.com\/tr\/wp-json\/wp\/v2\/users\/1"}],"replies":[{"embeddable":true,"href":"https:\/\/aphrodisias-excavations.com\/tr\/wp-json\/wp\/v2\/comments?post=7513"}],"version-history":[{"count":7,"href":"https:\/\/aphrodisias-excavations.com\/tr\/wp-json\/wp\/v2\/pages\/7513\/revisions"}],"predecessor-version":[{"id":8985,"href":"https:\/\/aphrodisias-excavations.com\/tr\/wp-json\/wp\/v2\/pages\/7513\/revisions\/8985"}],"wp:attachment":[{"href":"https:\/\/aphrodisias-excavations.com\/tr\/wp-json\/wp\/v2\/media?parent=7513"}],"curies":[{"name":"wp","href":"https:\/\/api.w.org\/{rel}","templated":true}]}}