{"id":7510,"date":"2022-07-24T16:57:18","date_gmt":"2022-07-24T13:57:18","guid":{"rendered":"https:\/\/aphrodisias-excavations.com\/flavius-palmatus\/"},"modified":"2024-08-03T16:41:49","modified_gmt":"2024-08-03T13:41:49","slug":"flavius-palmatus","status":"publish","type":"page","link":"https:\/\/aphrodisias-excavations.com\/tr\/flavius-palmatus\/","title":{"rendered":"Flavius Palmatus"},"content":{"rendered":"<p><div class=\"fusion-fullwidth fullwidth-box fusion-builder-row-1 fusion-flex-container nonhundred-percent-fullwidth non-hundred-percent-height-scrolling fusion-animated\" style=\"--awb-border-radius-top-left:0px;--awb-border-radius-top-right:0px;--awb-border-radius-bottom-right:0px;--awb-border-radius-bottom-left:0px;--awb-margin-bottom:0px;--awb-margin-bottom-medium:80px;--awb-margin-bottom-small:60px;--awb-flex-wrap:wrap;\" data-animationType=\"fadeInUp\" data-animationDuration=\"1.3\" data-animationOffset=\"top-into-view\" ><div class=\"fusion-builder-row fusion-row fusion-flex-align-items-center fusion-flex-content-wrap\" style=\"max-width:1216.8px;margin-left: calc(-4% \/ 2 );margin-right: calc(-4% \/ 2 );\"><div class=\"fusion-layout-column fusion_builder_column fusion-builder-column-0 fusion_builder_column_1_1 1_1 fusion-flex-column\" style=\"--awb-bg-blend:overlay;--awb-bg-size:cover;--awb-width-large:100%;--awb-margin-top-large:0px;--awb-spacing-right-large:1.92%;--awb-margin-bottom-large:0px;--awb-spacing-left-large:1.92%;--awb-width-medium:40%;--awb-spacing-right-medium:4.8%;--awb-spacing-left-medium:4.8%;--awb-width-small:100%;--awb-spacing-right-small:1.92%;--awb-margin-bottom-small:15px;--awb-spacing-left-small:1.92%;\"><div class=\"fusion-column-wrapper fusion-flex-justify-content-flex-start fusion-content-layout-column\"><div class=\"fusion-title title fusion-title-1 fusion-title-text fusion-title-size-two\" style=\"--awb-margin-bottom:0px;--awb-margin-top-small:0px;--awb-margin-bottom-small:20px;--awb-font-size:37px;\"><div class=\"title-sep-container title-sep-container-left fusion-no-large-visibility fusion-no-medium-visibility fusion-no-small-visibility\"><div class=\"title-sep sep- sep-solid\" style=\"border-color:var(--awb-color3);\"><\/div><\/div><span class=\"awb-title-spacer fusion-no-large-visibility fusion-no-medium-visibility fusion-no-small-visibility\"><\/span><h2 class=\"fusion-title-heading title-heading-left fusion-responsive-typography-calculated\" style=\"margin:0;text-transform:capitalize;font-size:1em;--fontSize:37;line-height:1.35;\"><h2><strong>Flavius Palmatus<\/strong><\/h2><\/h2><span class=\"awb-title-spacer\"><\/span><div class=\"title-sep-container title-sep-container-right\"><div class=\"title-sep sep- sep-solid\" style=\"border-color:var(--awb-color3);\"><\/div><\/div><\/div><\/div><\/div><\/div><\/div><div class=\"fusion-fullwidth fullwidth-box fusion-builder-row-2 fusion-flex-container has-pattern-background has-mask-background nonhundred-percent-fullwidth non-hundred-percent-height-scrolling\" style=\"--awb-border-radius-top-left:0px;--awb-border-radius-top-right:0px;--awb-border-radius-bottom-right:0px;--awb-border-radius-bottom-left:0px;--awb-flex-wrap:wrap;\" ><div class=\"fusion-builder-row fusion-row fusion-flex-align-items-flex-start fusion-flex-content-wrap\" style=\"max-width:1216.8px;margin-left: calc(-4% \/ 2 );margin-right: calc(-4% \/ 2 );\"><div class=\"fusion-layout-column fusion_builder_column fusion-builder-column-1 fusion_builder_column_1_1 1_1 fusion-flex-column\" style=\"--awb-bg-size:cover;--awb-width-large:100%;--awb-margin-top-large:0px;--awb-spacing-right-large:1.92%;--awb-margin-bottom-large:20px;--awb-spacing-left-large:1.92%;--awb-width-medium:100%;--awb-order-medium:0;--awb-spacing-right-medium:1.92%;--awb-spacing-left-medium:1.92%;--awb-width-small:100%;--awb-order-small:0;--awb-spacing-right-small:1.92%;--awb-spacing-left-small:1.92%;\"><div class=\"fusion-column-wrapper fusion-column-has-shadow fusion-flex-justify-content-flex-start fusion-content-layout-column\"><div class=\"fusion-separator fusion-full-width-sep\" style=\"align-self: center;margin-left: auto;margin-right: auto;margin-top:0px;margin-bottom:0px;width:100%;\"><div class=\"fusion-separator-border sep-single sep-solid\" style=\"--awb-height:20px;--awb-amount:20px;border-color:var(--awb-color2);border-top-width:2px;\"><\/div><\/div><\/div><\/div><\/div><\/div><div class=\"fusion-fullwidth fullwidth-box fusion-builder-row-3 fusion-flex-container has-pattern-background has-mask-background nonhundred-percent-fullwidth non-hundred-percent-height-scrolling\" style=\"--awb-border-radius-top-left:0px;--awb-border-radius-top-right:0px;--awb-border-radius-bottom-right:0px;--awb-border-radius-bottom-left:0px;--awb-flex-wrap:wrap;\" ><div class=\"fusion-builder-row fusion-row fusion-flex-align-items-flex-start fusion-flex-content-wrap\" style=\"max-width:1216.8px;margin-left: calc(-4% \/ 2 );margin-right: calc(-4% \/ 2 );\"><div class=\"fusion-layout-column fusion_builder_column fusion-builder-column-2 fusion_builder_column_1_3 1_3 fusion-flex-column\" style=\"--awb-padding-right:22px;--awb-bg-size:cover;--awb-width-large:33.333333333333%;--awb-margin-top-large:23px;--awb-spacing-right-large:5.184%;--awb-margin-bottom-large:20px;--awb-spacing-left-large:5.76%;--awb-width-medium:100%;--awb-order-medium:0;--awb-spacing-right-medium:1.92%;--awb-spacing-left-medium:1.92%;--awb-width-small:100%;--awb-order-small:0;--awb-spacing-right-small:1.92%;--awb-spacing-left-small:1.92%;\"><div class=\"fusion-column-wrapper fusion-column-has-shadow fusion-flex-justify-content-flex-start fusion-content-layout-column\"><div class=\"fusion-image-element \" style=\"--awb-caption-title-font-family:var(--h2_typography-font-family);--awb-caption-title-font-weight:var(--h2_typography-font-weight);--awb-caption-title-font-style:var(--h2_typography-font-style);--awb-caption-title-size:var(--h2_typography-font-size);--awb-caption-title-transform:var(--h2_typography-text-transform);--awb-caption-title-line-height:var(--h2_typography-line-height);--awb-caption-title-letter-spacing:var(--h2_typography-letter-spacing);\"><span class=\" fusion-imageframe imageframe-glow imageframe-1 hover-type-none\" style=\"border:5px solid #e5e5e5;-webkit-box-shadow: 0 0 3px var(--awb-color8);box-shadow: 0 0 3px var(--awb-color8);\"><a href=\"https:\/\/aphrodisias-excavations.com\/wp-content\/uploads\/2022\/07\/flavius_800-1-400x792.jpeg\" class=\"fusion-lightbox\" data-rel=\"iLightbox[2b7ec04233358e773fd]\" data-caption=\"Flavius Palmatus\" data-title=\"Flavius Palmatus\" title=\"Flavius Palmatus\"><img decoding=\"async\" width=\"400\" height=\"792\" src=\"https:\/\/aphrodisias-excavations.com\/wp-content\/uploads\/2022\/07\/flavius_800-1.jpeg\" data-orig-src=\"https:\/\/aphrodisias-excavations.com\/wp-content\/uploads\/2022\/07\/flavius_800-1-400x792.jpeg\" alt class=\"lazyload img-responsive wp-image-7884\" srcset=\"data:image\/svg+xml,%3Csvg%20xmlns%3D%27http%3A%2F%2Fwww.w3.org%2F2000%2Fsvg%27%20width%3D%27404%27%20height%3D%27800%27%20viewBox%3D%270%200%20404%20800%27%3E%3Crect%20width%3D%27404%27%20height%3D%27800%27%20fill-opacity%3D%220%22%2F%3E%3C%2Fsvg%3E\" data-srcset=\"https:\/\/aphrodisias-excavations.com\/wp-content\/uploads\/2022\/07\/flavius_800-1-200x396.jpeg 200w, https:\/\/aphrodisias-excavations.com\/wp-content\/uploads\/2022\/07\/flavius_800-1-400x792.jpeg 400w, https:\/\/aphrodisias-excavations.com\/wp-content\/uploads\/2022\/07\/flavius_800-1.jpeg 404w\" data-sizes=\"auto\" data-orig-sizes=\"(max-width: 1024px) 100vw, (max-width: 640px) 100vw, 400px\" \/><\/a><\/span><\/div><div class=\"fusion-separator fusion-full-width-sep\" style=\"align-self: center;margin-left: auto;margin-right: auto;margin-top:5px;margin-bottom:5px;width:100%;\"><div class=\"fusion-separator-border sep-double sep-solid\" style=\"--awb-height:20px;--awb-amount:20px;border-color:var(--awb-color2);border-top-width:0px;border-bottom-width:0px;\"><\/div><\/div><div class=\"fusion-image-element \" style=\"--awb-margin-left:75px;--awb-caption-title-font-family:var(--h2_typography-font-family);--awb-caption-title-font-weight:var(--h2_typography-font-weight);--awb-caption-title-font-style:var(--h2_typography-font-style);--awb-caption-title-size:var(--h2_typography-font-size);--awb-caption-title-transform:var(--h2_typography-text-transform);--awb-caption-title-line-height:var(--h2_typography-line-height);--awb-caption-title-letter-spacing:var(--h2_typography-letter-spacing);\"><span class=\" fusion-imageframe imageframe-glow imageframe-2 hover-type-none\" style=\"border:5px solid #e5e5e5;-webkit-box-shadow: 0 0 3px var(--awb-color8);box-shadow: 0 0 3px var(--awb-color8);\"><a href=\"https:\/\/aphrodisias-excavations.com\/wp-content\/uploads\/2022\/07\/flavius2_800-200x626.jpeg\" class=\"fusion-lightbox\" data-rel=\"iLightbox[14f6abba3b2a8f7d2ae]\" data-caption=\"Flavius Palmatus\" data-title=\"Flavius Palmatus\" title=\"Flavius Palmatus\"><img decoding=\"async\" width=\"200\" height=\"626\" src=\"https:\/\/aphrodisias-excavations.com\/wp-content\/uploads\/2022\/07\/flavius2_800.jpeg\" data-orig-src=\"https:\/\/aphrodisias-excavations.com\/wp-content\/uploads\/2022\/07\/flavius2_800-200x626.jpeg\" alt class=\"lazyload img-responsive wp-image-7885\" srcset=\"data:image\/svg+xml,%3Csvg%20xmlns%3D%27http%3A%2F%2Fwww.w3.org%2F2000%2Fsvg%27%20width%3D%27375%27%20height%3D%271174%27%20viewBox%3D%270%200%20375%201174%27%3E%3Crect%20width%3D%27375%27%20height%3D%271174%27%20fill-opacity%3D%220%22%2F%3E%3C%2Fsvg%3E\" data-srcset=\"https:\/\/aphrodisias-excavations.com\/wp-content\/uploads\/2022\/07\/flavius2_800-200x626.jpeg 200w, https:\/\/aphrodisias-excavations.com\/wp-content\/uploads\/2022\/07\/flavius2_800.jpeg 375w\" data-sizes=\"auto\" data-orig-sizes=\"(max-width: 1024px) 100vw, (max-width: 640px) 100vw, 200px\" \/><\/a><\/span><\/div><\/div><\/div><div class=\"fusion-layout-column fusion_builder_column fusion-builder-column-3 fusion_builder_column_2_3 2_3 fusion-flex-column\" style=\"--awb-bg-size:cover;--awb-width-large:66.666666666667%;--awb-margin-top-large:0px;--awb-spacing-right-large:2.88%;--awb-margin-bottom-large:20px;--awb-spacing-left-large:0%;--awb-width-medium:100%;--awb-order-medium:0;--awb-spacing-right-medium:1.92%;--awb-spacing-left-medium:1.92%;--awb-width-small:100%;--awb-order-small:0;--awb-spacing-right-small:1.92%;--awb-spacing-left-small:1.92%;\"><div class=\"fusion-column-wrapper fusion-column-has-shadow fusion-flex-justify-content-flex-start fusion-content-layout-column\"><div class=\"fusion-separator fusion-full-width-sep\" style=\"align-self: center;margin-left: auto;margin-right: auto;margin-top:5px;margin-bottom:5px;width:100%;\"><div class=\"fusion-separator-border sep-double sep-solid\" style=\"--awb-height:20px;--awb-amount:20px;border-color:var(--awb-color2);border-top-width:0px;border-bottom-width:0px;\"><\/div><\/div><div class=\"fusion-text fusion-text-1\"><p style=\"text-align: justify; font-size: 16px;\" data-fusion-font=\"true\">Heykel, ba\u015f ve kaide bir arada bulunmu\u015ftur. Kaide dev\u015firmedir ancak heykel ve portresi, onuruna yap\u0131ld\u0131\u011f\u0131 ki\u015fi i\u00e7in ba\u015ftan \u00fcretilmi\u015ftir. Heykel, Flavius Palmatus ad\u0131nda y\u00fcksek r\u00fctbeli bir eyalet y\u00f6neticisine aittir. Ge\u00e7 Roma D\u00f6nemi senat\u00f6r togas\u0131 ve \u00e7apraz ba\u011fc\u0131kl\u0131 bilekli botlar giymektedir. Bir elinde mappa (mendil), di\u011ferinde kons\u00fcl asas\u0131 ta\u015f\u0131maktad\u0131r. Asan\u0131n \u00fcst k\u0131sm\u0131 eksiktir ancak orijinal haliyle ucunda y\u00f6netimdeki imparatorun b\u00fcst\u00fc olmal\u0131d\u0131r. Portre \u00e7arp\u0131c\u0131 ve ak\u0131lda kal\u0131c\u0131 hatlara sahiptir: bir noktaya odaklanm\u0131\u015f sabit g\u00f6zler, derin burun ve dudak k\u0131vr\u0131mlar\u0131n\u0131n ve g\u00f6zalt\u0131 torbalar\u0131n\u0131n yaratt\u0131\u011f\u0131 as\u0131k suratl\u0131 bir ifade ve kirli bir sakal. D\u00f6nemin y\u00f6neticilerinin olmas\u0131 gerekti\u011fi gibi sert, ahlakl\u0131, her \u015feye hakim ve \u00e7ok \u00e7al\u0131\u015fkan bir y\u00f6netici olarak betimlenmi\u015ftir. Sa\u00e7 stili MS 5. y\u00fczy\u0131l sonlar\u0131 ve 6. y\u00fczy\u0131lda imparatorlu\u011fun g\u00fc\u00e7 merkezlerindeki modaya uygundur.<\/p>\n<\/div><div class=\"fusion-text fusion-text-2\"><p style=\"text-align: justify; font-size: 16px; line-height: 27.52px;\" data-fusion-font=\"true\">Buluntu yeri: <a href=\"https:\/\/aphrodisias-excavations.com\/tr\/tetrastoon\/\">Tetrastoon<\/a><\/p>\n<\/div><\/div><\/div><\/div><\/div><\/p>\n","protected":false},"excerpt":{"rendered":"","protected":false},"author":1,"featured_media":0,"parent":0,"menu_order":0,"comment_status":"closed","ping_status":"closed","template":"100-width.php","meta":{"_coblocks_attr":"","_coblocks_dimensions":"","_coblocks_responsive_height":"","_coblocks_accordion_ie_support":"","footnotes":""},"class_list":["post-7510","page","type-page","status-publish","hentry"],"_links":{"self":[{"href":"https:\/\/aphrodisias-excavations.com\/tr\/wp-json\/wp\/v2\/pages\/7510","targetHints":{"allow":["GET"]}}],"collection":[{"href":"https:\/\/aphrodisias-excavations.com\/tr\/wp-json\/wp\/v2\/pages"}],"about":[{"href":"https:\/\/aphrodisias-excavations.com\/tr\/wp-json\/wp\/v2\/types\/page"}],"author":[{"embeddable":true,"href":"https:\/\/aphrodisias-excavations.com\/tr\/wp-json\/wp\/v2\/users\/1"}],"replies":[{"embeddable":true,"href":"https:\/\/aphrodisias-excavations.com\/tr\/wp-json\/wp\/v2\/comments?post=7510"}],"version-history":[{"count":8,"href":"https:\/\/aphrodisias-excavations.com\/tr\/wp-json\/wp\/v2\/pages\/7510\/revisions"}],"predecessor-version":[{"id":8982,"href":"https:\/\/aphrodisias-excavations.com\/tr\/wp-json\/wp\/v2\/pages\/7510\/revisions\/8982"}],"wp:attachment":[{"href":"https:\/\/aphrodisias-excavations.com\/tr\/wp-json\/wp\/v2\/media?parent=7510"}],"curies":[{"name":"wp","href":"https:\/\/api.w.org\/{rel}","templated":true}]}}