{"id":7495,"date":"2022-07-22T15:40:55","date_gmt":"2022-07-22T12:40:55","guid":{"rendered":"https:\/\/aphrodisias-excavations.com\/ilk-arastirmalar\/"},"modified":"2024-08-03T16:03:11","modified_gmt":"2024-08-03T13:03:11","slug":"ilk-arastirmalar","status":"publish","type":"page","link":"https:\/\/aphrodisias-excavations.com\/tr\/ilk-arastirmalar\/","title":{"rendered":"\u0130lk Ara\u015ft\u0131rmalar"},"content":{"rendered":"<p><div class=\"fusion-fullwidth fullwidth-box fusion-builder-row-1 fusion-flex-container nonhundred-percent-fullwidth non-hundred-percent-height-scrolling fusion-animated\" style=\"--awb-border-radius-top-left:0px;--awb-border-radius-top-right:0px;--awb-border-radius-bottom-right:0px;--awb-border-radius-bottom-left:0px;--awb-margin-bottom:0px;--awb-margin-bottom-medium:80px;--awb-margin-bottom-small:60px;--awb-flex-wrap:wrap;\" data-animationType=\"fadeInUp\" data-animationDuration=\"1.3\" data-animationOffset=\"top-into-view\" ><div class=\"fusion-builder-row fusion-row fusion-flex-align-items-center fusion-flex-content-wrap\" style=\"max-width:1216.8px;margin-left: calc(-4% \/ 2 );margin-right: calc(-4% \/ 2 );\"><div class=\"fusion-layout-column fusion_builder_column fusion-builder-column-0 fusion_builder_column_1_1 1_1 fusion-flex-column\" style=\"--awb-bg-blend:overlay;--awb-bg-size:cover;--awb-width-large:100%;--awb-margin-top-large:0px;--awb-spacing-right-large:1.92%;--awb-margin-bottom-large:0px;--awb-spacing-left-large:1.92%;--awb-width-medium:40%;--awb-spacing-right-medium:4.8%;--awb-spacing-left-medium:4.8%;--awb-width-small:100%;--awb-spacing-right-small:1.92%;--awb-margin-bottom-small:15px;--awb-spacing-left-small:1.92%;\"><div class=\"fusion-column-wrapper fusion-flex-justify-content-flex-start fusion-content-layout-column\"><div class=\"fusion-title title fusion-title-1 fusion-title-text fusion-title-size-two\" style=\"--awb-margin-bottom:0px;--awb-margin-top-small:0px;--awb-margin-bottom-small:20px;--awb-font-size:37px;\"><div class=\"title-sep-container title-sep-container-left fusion-no-large-visibility fusion-no-medium-visibility fusion-no-small-visibility\"><div class=\"title-sep sep- sep-solid\" style=\"border-color:var(--awb-color3);\"><\/div><\/div><span class=\"awb-title-spacer fusion-no-large-visibility fusion-no-medium-visibility fusion-no-small-visibility\"><\/span><h2 class=\"fusion-title-heading title-heading-left fusion-responsive-typography-calculated\" style=\"margin:0;text-transform:capitalize;font-size:1em;--fontSize:37;line-height:1.35;\"><h2><strong>\u0130lk Ara\u015ft\u0131rmalar<\/strong><\/h2><\/h2><span class=\"awb-title-spacer\"><\/span><div class=\"title-sep-container title-sep-container-right\"><div class=\"title-sep sep- sep-solid\" style=\"border-color:var(--awb-color3);\"><\/div><\/div><\/div><\/div><\/div><\/div><\/div><div class=\"fusion-fullwidth fullwidth-box fusion-builder-row-2 fusion-flex-container has-pattern-background has-mask-background nonhundred-percent-fullwidth non-hundred-percent-height-scrolling\" style=\"--awb-border-radius-top-left:0px;--awb-border-radius-top-right:0px;--awb-border-radius-bottom-right:0px;--awb-border-radius-bottom-left:0px;--awb-flex-wrap:wrap;\" ><div class=\"fusion-builder-row fusion-row fusion-flex-align-items-flex-start fusion-flex-content-wrap\" style=\"max-width:1216.8px;margin-left: calc(-4% \/ 2 );margin-right: calc(-4% \/ 2 );\"><div class=\"fusion-layout-column fusion_builder_column fusion-builder-column-1 fusion_builder_column_1_1 1_1 fusion-flex-column\" style=\"--awb-bg-size:cover;--awb-width-large:100%;--awb-margin-top-large:0px;--awb-spacing-right-large:1.92%;--awb-margin-bottom-large:20px;--awb-spacing-left-large:1.92%;--awb-width-medium:100%;--awb-order-medium:0;--awb-spacing-right-medium:1.92%;--awb-spacing-left-medium:1.92%;--awb-width-small:100%;--awb-order-small:0;--awb-spacing-right-small:1.92%;--awb-spacing-left-small:1.92%;\"><div class=\"fusion-column-wrapper fusion-column-has-shadow fusion-flex-justify-content-flex-start fusion-content-layout-column\"><div class=\"fusion-separator fusion-full-width-sep\" style=\"align-self: center;margin-left: auto;margin-right: auto;margin-top:0px;margin-bottom:0px;width:100%;\"><div class=\"fusion-separator-border sep-single sep-solid\" style=\"--awb-height:20px;--awb-amount:20px;border-color:var(--awb-color2);border-top-width:2px;\"><\/div><\/div><\/div><\/div><\/div><\/div><div class=\"fusion-fullwidth fullwidth-box fusion-builder-row-3 fusion-flex-container has-pattern-background has-mask-background nonhundred-percent-fullwidth non-hundred-percent-height-scrolling\" style=\"--awb-border-radius-top-left:0px;--awb-border-radius-top-right:0px;--awb-border-radius-bottom-right:0px;--awb-border-radius-bottom-left:0px;--awb-flex-wrap:wrap;\" ><div class=\"fusion-builder-row fusion-row fusion-flex-align-items-flex-start fusion-flex-content-wrap\" style=\"max-width:1216.8px;margin-left: calc(-4% \/ 2 );margin-right: calc(-4% \/ 2 );\"><div class=\"fusion-layout-column fusion_builder_column fusion-builder-column-2 fusion_builder_column_1_3 1_3 fusion-flex-column\" style=\"--awb-padding-right:22px;--awb-bg-size:cover;--awb-width-large:33.333333333333%;--awb-margin-top-large:0px;--awb-spacing-right-large:5.184%;--awb-margin-bottom-large:20px;--awb-spacing-left-large:5.76%;--awb-width-medium:100%;--awb-order-medium:0;--awb-spacing-right-medium:1.92%;--awb-spacing-left-medium:1.92%;--awb-width-small:100%;--awb-order-small:0;--awb-spacing-right-small:1.92%;--awb-spacing-left-small:1.92%;\"><div class=\"fusion-column-wrapper fusion-column-has-shadow fusion-flex-justify-content-flex-start fusion-content-layout-column\"><div class=\"fusion-image-element \" style=\"--awb-caption-title-font-family:var(--h2_typography-font-family);--awb-caption-title-font-weight:var(--h2_typography-font-weight);--awb-caption-title-font-style:var(--h2_typography-font-style);--awb-caption-title-size:var(--h2_typography-font-size);--awb-caption-title-transform:var(--h2_typography-text-transform);--awb-caption-title-line-height:var(--h2_typography-line-height);--awb-caption-title-letter-spacing:var(--h2_typography-letter-spacing);\"><span class=\" fusion-imageframe imageframe-glow imageframe-1 hover-type-none\" style=\"border:5px solid #e5e5e5;-webkit-box-shadow: 0 0 3px var(--awb-color8);box-shadow: 0 0 3px var(--awb-color8);\"><a href=\"https:\/\/aphrodisias-excavations.com\/wp-content\/uploads\/2022\/07\/exploration1_800.jpeg\" class=\"fusion-lightbox\" data-rel=\"iLightbox[c26bacfbcf85e5b90a0]\" data-caption=\"Dilettanti plan Aphrodisias 1840\" data-title=\"Dilettanti plan Aphrodisias 1840\" title=\"Dilettanti plan Aphrodisias 1840\"><img decoding=\"async\" width=\"300\" height=\"214\" alt=\"Gaudin \u00c7e\u015fmesi\u2019nde Anastylosis \u00c7al\u0131\u015fmalar\u0131\" src=\"https:\/\/aphrodisias-excavations.com\/wp-content\/uploads\/2022\/07\/exploration1_800.jpeg\" data-orig-src=\"https:\/\/aphrodisias-excavations.com\/wp-content\/uploads\/2022\/07\/exploration1_800-300x214.jpeg\" class=\"lazyload img-responsive wp-image-5941\" srcset=\"data:image\/svg+xml,%3Csvg%20xmlns%3D%27http%3A%2F%2Fwww.w3.org%2F2000%2Fsvg%27%20width%3D%27800%27%20height%3D%27571%27%20viewBox%3D%270%200%20800%20571%27%3E%3Crect%20width%3D%27800%27%20height%3D%27571%27%20fill-opacity%3D%220%22%2F%3E%3C%2Fsvg%3E\" data-srcset=\"https:\/\/aphrodisias-excavations.com\/wp-content\/uploads\/2022\/07\/exploration1_800-200x143.jpeg 200w, https:\/\/aphrodisias-excavations.com\/wp-content\/uploads\/2022\/07\/exploration1_800-400x286.jpeg 400w, https:\/\/aphrodisias-excavations.com\/wp-content\/uploads\/2022\/07\/exploration1_800-600x428.jpeg 600w, https:\/\/aphrodisias-excavations.com\/wp-content\/uploads\/2022\/07\/exploration1_800.jpeg 800w\" data-sizes=\"auto\" data-orig-sizes=\"(max-width: 1024px) 100vw, (max-width: 640px) 100vw, 400px\" \/><\/a><\/span><\/div><div class=\"fusion-separator fusion-full-width-sep\" style=\"align-self: center;margin-left: auto;margin-right: auto;margin-top:5px;margin-bottom:5px;width:100%;\"><div class=\"fusion-separator-border sep-double sep-solid\" style=\"--awb-height:20px;--awb-amount:20px;border-color:var(--awb-color2);border-top-width:0px;border-bottom-width:0px;\"><\/div><\/div><div class=\"fusion-image-element \" style=\"--awb-caption-title-font-family:var(--h2_typography-font-family);--awb-caption-title-font-weight:var(--h2_typography-font-weight);--awb-caption-title-font-style:var(--h2_typography-font-style);--awb-caption-title-size:var(--h2_typography-font-size);--awb-caption-title-transform:var(--h2_typography-text-transform);--awb-caption-title-line-height:var(--h2_typography-line-height);--awb-caption-title-letter-spacing:var(--h2_typography-letter-spacing);\"><span class=\" fusion-imageframe imageframe-glow imageframe-2 hover-type-none\" style=\"border:5px solid #e5e5e5;-webkit-box-shadow: 0 0 3px var(--awb-color8);box-shadow: 0 0 3px var(--awb-color8);\"><a href=\"https:\/\/aphrodisias-excavations.com\/wp-content\/uploads\/2022\/07\/exploration2_800.jpeg\" class=\"fusion-lightbox\" data-rel=\"iLightbox[40eec9e268bc397eb8f]\" data-caption=\"Tiyatro Kesitleri 1966\" data-title=\"Tiyatro Kesitleri 1966\" title=\"Tiyatro Kesitleri 1966\"><img decoding=\"async\" width=\"300\" height=\"203\" alt=\"Aphrodite Tap\u0131na\u011f\u0131\" src=\"https:\/\/aphrodisias-excavations.com\/wp-content\/uploads\/2022\/07\/exploration2_800.jpeg\" data-orig-src=\"https:\/\/aphrodisias-excavations.com\/wp-content\/uploads\/2022\/07\/exploration2_800-300x203.jpeg\" class=\"lazyload img-responsive wp-image-7820\" srcset=\"data:image\/svg+xml,%3Csvg%20xmlns%3D%27http%3A%2F%2Fwww.w3.org%2F2000%2Fsvg%27%20width%3D%27800%27%20height%3D%27540%27%20viewBox%3D%270%200%20800%20540%27%3E%3Crect%20width%3D%27800%27%20height%3D%27540%27%20fill-opacity%3D%220%22%2F%3E%3C%2Fsvg%3E\" data-srcset=\"https:\/\/aphrodisias-excavations.com\/wp-content\/uploads\/2022\/07\/exploration2_800-200x135.jpeg 200w, https:\/\/aphrodisias-excavations.com\/wp-content\/uploads\/2022\/07\/exploration2_800-400x270.jpeg 400w, https:\/\/aphrodisias-excavations.com\/wp-content\/uploads\/2022\/07\/exploration2_800-600x405.jpeg 600w, https:\/\/aphrodisias-excavations.com\/wp-content\/uploads\/2022\/07\/exploration2_800.jpeg 800w\" data-sizes=\"auto\" data-orig-sizes=\"(max-width: 1024px) 100vw, (max-width: 640px) 100vw, 400px\" \/><\/a><\/span><\/div><\/div><\/div><div class=\"fusion-layout-column fusion_builder_column fusion-builder-column-3 fusion_builder_column_2_3 2_3 fusion-flex-column\" style=\"--awb-bg-size:cover;--awb-width-large:66.666666666667%;--awb-margin-top-large:0px;--awb-spacing-right-large:2.88%;--awb-margin-bottom-large:20px;--awb-spacing-left-large:0%;--awb-width-medium:100%;--awb-order-medium:0;--awb-spacing-right-medium:1.92%;--awb-spacing-left-medium:1.92%;--awb-width-small:100%;--awb-order-small:0;--awb-spacing-right-small:1.92%;--awb-spacing-left-small:1.92%;\"><div class=\"fusion-column-wrapper fusion-column-has-shadow fusion-flex-justify-content-flex-start fusion-content-layout-column\"><div class=\"fusion-image-element \" style=\"--awb-bottom-shadow-color:var(--awb-color8);--awb-caption-title-font-family:var(--h2_typography-font-family);--awb-caption-title-font-weight:var(--h2_typography-font-weight);--awb-caption-title-font-style:var(--h2_typography-font-style);--awb-caption-title-size:var(--h2_typography-font-size);--awb-caption-title-transform:var(--h2_typography-text-transform);--awb-caption-title-line-height:var(--h2_typography-line-height);--awb-caption-title-letter-spacing:var(--h2_typography-letter-spacing);\"><div class=\"awb-image-frame awb-image-frame-3 awb-bottomshadow\"><span class=\" fusion-imageframe imageframe-bottomshadow imageframe-3 hover-type-none\"><img decoding=\"async\" width=\"900\" height=\"300\" title=\"exploration\" src=\"https:\/\/aphrodisias-excavations.com\/wp-content\/uploads\/2022\/07\/exploration.jpeg\" data-orig-src=\"https:\/\/aphrodisias-excavations.com\/wp-content\/uploads\/2022\/07\/exploration.jpeg\" alt class=\"lazyload img-responsive wp-image-5944\" srcset=\"data:image\/svg+xml,%3Csvg%20xmlns%3D%27http%3A%2F%2Fwww.w3.org%2F2000%2Fsvg%27%20width%3D%27900%27%20height%3D%27300%27%20viewBox%3D%270%200%20900%20300%27%3E%3Crect%20width%3D%27900%27%20height%3D%27300%27%20fill-opacity%3D%220%22%2F%3E%3C%2Fsvg%3E\" data-srcset=\"https:\/\/aphrodisias-excavations.com\/wp-content\/uploads\/2022\/07\/exploration-200x67.jpeg 200w, https:\/\/aphrodisias-excavations.com\/wp-content\/uploads\/2022\/07\/exploration-400x133.jpeg 400w, https:\/\/aphrodisias-excavations.com\/wp-content\/uploads\/2022\/07\/exploration-600x200.jpeg 600w, https:\/\/aphrodisias-excavations.com\/wp-content\/uploads\/2022\/07\/exploration-800x267.jpeg 800w, https:\/\/aphrodisias-excavations.com\/wp-content\/uploads\/2022\/07\/exploration.jpeg 900w\" data-sizes=\"auto\" data-orig-sizes=\"(max-width: 1024px) 100vw, (max-width: 640px) 100vw, 800px\" \/><\/span><svg xmlns=\"http:\/\/www.w3.org\/2000\/svg\" version=\"1.1\" width=\"100%\" viewBox=\"0 0 600 28\" preserveAspectRatio=\"none\"><g clip-path=\"url(#a)\"><mask id=\"b\" style=\"mask-type:luminance\" maskUnits=\"userSpaceOnUse\" x=\"0\" y=\"0\" width=\"600\" height=\"28\"><path d=\"M0 0h600v28H0V0Z\" fill=\"#fff\"\/><\/mask><g filter=\"url(#c)\" mask=\"url(#b)\"><path d=\"M16.439-18.667h567.123v30.8S438.961-8.4 300-8.4C161.04-8.4 16.438 12.133 16.438 12.133v-30.8Z\" fill=\"#000\"\/><\/g><\/g><defs><clipPath id=\"a\"><path fill=\"#fff\" d=\"M0 0h600v28H0z\"\/><\/clipPath><filter id=\"c\" x=\"5.438\" y=\"-29.667\" width=\"589.123\" height=\"52.8\" filterUnits=\"userSpaceOnUse\" color-interpolation-filters=\"sRGB\"><feFlood flood-opacity=\"0\" result=\"BackgroundImageFix\"\/><feBlend in=\"SourceGraphic\" in2=\"BackgroundImageFix\" result=\"shape\"\/><feGaussianBlur stdDeviation=\"5.5\" result=\"effect1_foregroundBlur_3983_183\"\/><\/filter><\/defs><\/svg><\/div><\/div><div class=\"fusion-separator fusion-full-width-sep\" style=\"align-self: center;margin-left: auto;margin-right: auto;margin-top:5px;margin-bottom:5px;width:100%;\"><div class=\"fusion-separator-border sep-double sep-solid\" style=\"--awb-height:20px;--awb-amount:20px;border-color:var(--awb-color2);border-top-width:0px;border-bottom-width:0px;\"><\/div><\/div><div class=\"fusion-text fusion-text-1\"><p style=\"text-align: justify; font-size: 14px; line-height: 20px; letter-spacing: 0.25px;\"><span style=\"font-size: 16px; line-height: 27.52px; letter-spacing: 0.285px;\" data-fusion-font=\"true\">Aphrodisias, Avrupal\u0131 gezginler taraf\u0131ndan 18. y\u00fczy\u0131ldan beri bilinmektedir. Bu d\u00f6nemde \u015fehir duvarlar\u0131na i\u015flenmi\u015f zengin yaz\u0131t koleksiyonunu kay\u0131t alt\u0131na almak \u00fczere antik kente bir\u00e7ok ke\u015fif gezisi d\u00fczenlenmi\u015ftir. \u0130lki ve en \u00f6nemlisi William Sherard\u2019\u0131n 1705 y\u0131l\u0131nda yapt\u0131\u011f\u0131 ziyarettir. \u015eehir ve an\u0131tlar\u0131 1812 y\u0131l\u0131nda Londra merkezli Society of Dilettanti sponsorlu\u011funda ger\u00e7ekle\u015fen bir ke\u015fif gezisi s\u0131ras\u0131nda \u00e7izilmi\u015f ve <\/span><em><span style=\"font-size: 16px; line-height: 27.52px; letter-spacing: 0.285px;\" data-fusion-font=\"true\">Antiquities of Ionia<\/span><\/em><span style=\"font-size: 16px; line-height: 27.52px; letter-spacing: 0.285px;\" data-fusion-font=\"true\"> III adl\u0131 eserde yay\u0131nlanm\u0131\u015ft\u0131r. 1835 y\u0131l\u0131nda C.-F.M Texier \u00f6nderli\u011finde Frans\u0131zlar\u0131n d\u00fczenledi\u011fi bir di\u011fer ke\u015fif gezisinde \u015fehirdeki baz\u0131 ba\u015fl\u0131ca an\u0131tlar kay\u0131t alt\u0131na al\u0131nm\u0131\u015f ve bunlar Texier\u2019in <\/span><em><span style=\"font-size: 16px; line-height: 27.52px; letter-spacing: 0.285px;\" data-fusion-font=\"true\">Description de l&#8217;Asie Mineure faite par ordre du Gouvernement Fran\u00e7ais<\/span><\/em><span style=\"font-size: 16px; line-height: 27.52px; letter-spacing: 0.285px;\" data-fusion-font=\"true\">, de 1833 \u00e0 1837 (Paris, 1839-49) adl\u0131 eserinin \u00fc\u00e7\u00fcnc\u00fc cildinde yay\u0131nlanm\u0131\u015ft\u0131r. Paul Gaudin ve Gustave Mendel liderli\u011findeki Frans\u0131z bir heyet taraf\u0131ndan 1904 ve 1905 y\u0131llar\u0131nda kaz\u0131 \u00e7al\u0131\u015fmalar\u0131 y\u00fcr\u00fct\u00fclm\u00fc\u015f ve bu kaz\u0131larda Aphrodite Tap\u0131na\u011f\u0131\u2019nda ve \u00f6zellikle Hadrian Hamam\u0131\u2019nda iyi korunmu\u015f durumda bir\u00e7ok portre heykel g\u00fcn y\u00fcz\u00fcne \u00e7\u0131kart\u0131lm\u0131\u015ft\u0131r. 1904 y\u0131l\u0131nda g\u00fcn \u0131\u015f\u0131\u011f\u0131na \u00e7\u0131kar\u0131lan buluntular alandan g\u00f6t\u00fcr\u00fclm\u00fc\u015f, \u0130zmir\u2019de ve \u00e7e\u015fitli Avrupa kentlerinde sat\u0131lm\u0131\u015ft\u0131r. Mendel\u2019in 1905\u2019teki \u00e7al\u0131\u015fmalar\u0131 s\u0131ras\u0131nda elde etti\u011fi buluntular ise, Osman Hamdi Bey\u2019in \u00f6nderli\u011finde \u0130stanbul Arkeoloji M\u00fczeleri\u2019ne g\u00f6nderilmi\u015ftir. 1913 y\u0131l\u0131nda Andr\u00e9 Boulanger ba\u015fkanl\u0131\u011f\u0131nda bir ba\u015fka Frans\u0131z ke\u015fif ekibi b\u00f6lgeye gelmi\u015f olsa da \u00e7al\u0131\u015fmalar Birinci D\u00fcnya Sava\u015f\u0131\u2019n\u0131n yaratt\u0131\u011f\u0131 kar\u0131\u015f\u0131kl\u0131k sebebiyle yar\u0131m kalm\u0131\u015ft\u0131r. G. Jacopi ba\u015fkanl\u0131\u011f\u0131ndaki \u0130talyan bir ekip 1937 y\u0131l\u0131nda bir seneli\u011fine b\u00f6lgeye gelmi\u015f ve zaman\u0131nda Tiberius Portikosu olarak bilinen Kent Park\u0131\u2019ndaki kuzey stoada yapt\u0131\u011f\u0131 kaz\u0131larda b\u00fcy\u00fck \u00f6neme sahip maske ve girland frizlerine ait bloklar\u0131 ortaya \u00e7\u0131karm\u0131\u015ft\u0131r.<\/span><\/p>\n<\/div><div class=\"fusion-image-element \" style=\"--awb-caption-title-font-family:var(--h2_typography-font-family);--awb-caption-title-font-weight:var(--h2_typography-font-weight);--awb-caption-title-font-style:var(--h2_typography-font-style);--awb-caption-title-size:var(--h2_typography-font-size);--awb-caption-title-transform:var(--h2_typography-text-transform);--awb-caption-title-line-height:var(--h2_typography-line-height);--awb-caption-title-letter-spacing:var(--h2_typography-letter-spacing);\"><span class=\" fusion-imageframe imageframe-none imageframe-4 hover-type-none\"><img decoding=\"async\" width=\"200\" height=\"147\" title=\"Kenan Erim\" src=\"data:image\/svg+xml,%3Csvg%20xmlns%3D%27http%3A%2F%2Fwww.w3.org%2F2000%2Fsvg%27%20width%3D%27200%27%20height%3D%27147%27%20viewBox%3D%270%200%20200%20147%27%3E%3Crect%20width%3D%27200%27%20height%3D%27147%27%20fill-opacity%3D%220%22%2F%3E%3C%2Fsvg%3E\" data-orig-src=\"https:\/\/aphrodisias-excavations.com\/wp-content\/uploads\/2022\/07\/Kenan_Erim.jpeg\" alt class=\"lazyload img-responsive wp-image-5946\"\/><\/span><\/div><div class=\"fusion-text fusion-text-2\"><h4 data-fusion-font=\"true\" style=\"text-align: justify; font-size: 16px; line-height: 1.72; --fontSize: 16; --minFontSize: 16;\" data-fontsize=\"16\" data-lineheight=\"27.52px\" class=\"fusion-responsive-typography-calculated\"><b data-fusion-font=\"true\" style=\"font-size: 20px;\">Kenan Erim<\/b><\/h4>\n<p data-fusion-font=\"true\" style=\"text-align: justify; font-size: 16px; line-height: 27.52px;\">Aphrodisias\u2019ta aral\u0131ks\u0131z olarak g\u00fcn\u00fcm\u00fcze kadar devam eden ilk sistematik kaz\u0131lar New York \u00dcniversitesi himayesi alt\u0131nda, 1961 y\u0131l\u0131nda ba\u015flam\u0131\u015f ve 1990\u2019daki vefat\u0131na dek Kenan Erim taraf\u0131ndan y\u00f6netilmi\u015ftir. Kentin merkezindeki an\u0131tlara yo\u011funla\u015fan bu kaz\u0131larda dikkat \u00e7ekici sonu\u00e7lara ula\u015f\u0131lm\u0131\u015ft\u0131r. Ba\u015fl\u0131ca kaz\u0131 alanlar\u0131 aras\u0131nda Aphrodite Tap\u0131na\u011f\u0131, Tiyatro, Kent Park\u0131, Meclis Binas\u0131, Bazilika ve Sebasteion bulunur. Bu kaz\u0131larda ortaya \u00e7\u0131kar\u0131lan en \u00f6nemli buluntular 1979 y\u0131l\u0131nda alanda kurulan Afrodisias M\u00fczesi\u2019nde sergilenmektedir. New York \u00dcniversitesi\u2019nden gelen ekibin 1990\u2019dan beri arazide yapt\u0131\u011f\u0131 \u00e7al\u0131\u015fmalar esnas\u0131nda \u015fehrin kentsel geli\u015fimi incelenmi\u015f ve Ge\u00e7 Helenistik d\u00f6nem yerle\u015fiminin \u00fczerine oturtuldu\u011fu \u0131zgara plan ortaya \u00e7\u0131kar\u0131lm\u0131\u015ft\u0131r. Ara\u015ft\u0131rmac\u0131lar ayr\u0131ca belgeleme, konservasyon, yay\u0131n ve \u00f6nemli buluntular\u0131n m\u00fczede sergilenmesi konusuna odaklanm\u0131\u015flard\u0131r. Sebasteion kabartmalar\u0131 i\u00e7in m\u00fczede 2008 y\u0131l\u0131nda yeni bir salon a\u00e7\u0131lm\u0131\u015ft\u0131r.<\/p>\n<\/div><\/div><\/div><\/div><\/div><\/p>\n","protected":false},"excerpt":{"rendered":"","protected":false},"author":1,"featured_media":0,"parent":0,"menu_order":0,"comment_status":"closed","ping_status":"closed","template":"100-width.php","meta":{"_coblocks_attr":"","_coblocks_dimensions":"","_coblocks_responsive_height":"","_coblocks_accordion_ie_support":"","footnotes":""},"class_list":["post-7495","page","type-page","status-publish","hentry"],"_links":{"self":[{"href":"https:\/\/aphrodisias-excavations.com\/tr\/wp-json\/wp\/v2\/pages\/7495","targetHints":{"allow":["GET"]}}],"collection":[{"href":"https:\/\/aphrodisias-excavations.com\/tr\/wp-json\/wp\/v2\/pages"}],"about":[{"href":"https:\/\/aphrodisias-excavations.com\/tr\/wp-json\/wp\/v2\/types\/page"}],"author":[{"embeddable":true,"href":"https:\/\/aphrodisias-excavations.com\/tr\/wp-json\/wp\/v2\/users\/1"}],"replies":[{"embeddable":true,"href":"https:\/\/aphrodisias-excavations.com\/tr\/wp-json\/wp\/v2\/comments?post=7495"}],"version-history":[{"count":9,"href":"https:\/\/aphrodisias-excavations.com\/tr\/wp-json\/wp\/v2\/pages\/7495\/revisions"}],"predecessor-version":[{"id":8961,"href":"https:\/\/aphrodisias-excavations.com\/tr\/wp-json\/wp\/v2\/pages\/7495\/revisions\/8961"}],"wp:attachment":[{"href":"https:\/\/aphrodisias-excavations.com\/tr\/wp-json\/wp\/v2\/media?parent=7495"}],"curies":[{"name":"wp","href":"https:\/\/api.w.org\/{rel}","templated":true}]}}