{"id":7471,"date":"2022-07-27T15:33:12","date_gmt":"2022-07-27T12:33:12","guid":{"rendered":"https:\/\/aphrodisias-excavations.com\/konservasyon\/"},"modified":"2024-08-03T15:24:59","modified_gmt":"2024-08-03T12:24:59","slug":"konservasyon","status":"publish","type":"page","link":"https:\/\/aphrodisias-excavations.com\/tr\/konservasyon\/","title":{"rendered":"Konservasyon"},"content":{"rendered":"<p><div class=\"fusion-fullwidth fullwidth-box fusion-builder-row-1 fusion-flex-container nonhundred-percent-fullwidth non-hundred-percent-height-scrolling fusion-animated\" style=\"--awb-border-radius-top-left:0px;--awb-border-radius-top-right:0px;--awb-border-radius-bottom-right:0px;--awb-border-radius-bottom-left:0px;--awb-margin-bottom:0px;--awb-margin-bottom-medium:80px;--awb-margin-bottom-small:60px;--awb-flex-wrap:wrap;\" data-animationType=\"fadeInUp\" data-animationDuration=\"1.3\" data-animationOffset=\"top-into-view\" ><div class=\"fusion-builder-row fusion-row fusion-flex-align-items-center fusion-flex-content-wrap\" style=\"max-width:1216.8px;margin-left: calc(-4% \/ 2 );margin-right: calc(-4% \/ 2 );\"><div class=\"fusion-layout-column fusion_builder_column fusion-builder-column-0 fusion_builder_column_1_1 1_1 fusion-flex-column\" style=\"--awb-bg-blend:overlay;--awb-bg-size:cover;--awb-width-large:100%;--awb-margin-top-large:0px;--awb-spacing-right-large:1.92%;--awb-margin-bottom-large:0px;--awb-spacing-left-large:1.92%;--awb-width-medium:40%;--awb-spacing-right-medium:4.8%;--awb-spacing-left-medium:4.8%;--awb-width-small:100%;--awb-spacing-right-small:1.92%;--awb-margin-bottom-small:15px;--awb-spacing-left-small:1.92%;\"><div class=\"fusion-column-wrapper fusion-flex-justify-content-flex-start fusion-content-layout-column\"><div class=\"fusion-title title fusion-title-1 fusion-title-text fusion-title-size-two\" style=\"--awb-margin-bottom:0px;--awb-margin-top-small:0px;--awb-margin-bottom-small:20px;--awb-font-size:37px;\"><div class=\"title-sep-container title-sep-container-left fusion-no-large-visibility fusion-no-medium-visibility fusion-no-small-visibility\"><div class=\"title-sep sep- sep-solid\" style=\"border-color:var(--awb-color3);\"><\/div><\/div><span class=\"awb-title-spacer fusion-no-large-visibility fusion-no-medium-visibility fusion-no-small-visibility\"><\/span><h2 class=\"fusion-title-heading title-heading-left fusion-responsive-typography-calculated\" style=\"margin:0;text-transform:capitalize;font-size:1em;--fontSize:37;line-height:1.35;\"><h2><strong>Konservasyon<\/strong><\/h2><\/h2><span class=\"awb-title-spacer\"><\/span><div class=\"title-sep-container title-sep-container-right\"><div class=\"title-sep sep- sep-solid\" style=\"border-color:var(--awb-color3);\"><\/div><\/div><\/div><\/div><\/div><\/div><\/div><div class=\"fusion-fullwidth fullwidth-box fusion-builder-row-2 fusion-flex-container has-pattern-background has-mask-background nonhundred-percent-fullwidth non-hundred-percent-height-scrolling\" style=\"--awb-border-radius-top-left:0px;--awb-border-radius-top-right:0px;--awb-border-radius-bottom-right:0px;--awb-border-radius-bottom-left:0px;--awb-flex-wrap:wrap;\" ><div class=\"fusion-builder-row fusion-row fusion-flex-align-items-flex-start fusion-flex-content-wrap\" style=\"max-width:1216.8px;margin-left: calc(-4% \/ 2 );margin-right: calc(-4% \/ 2 );\"><div class=\"fusion-layout-column fusion_builder_column fusion-builder-column-1 fusion_builder_column_1_1 1_1 fusion-flex-column\" style=\"--awb-bg-size:cover;--awb-width-large:100%;--awb-margin-top-large:0px;--awb-spacing-right-large:1.92%;--awb-margin-bottom-large:20px;--awb-spacing-left-large:1.92%;--awb-width-medium:100%;--awb-order-medium:0;--awb-spacing-right-medium:1.92%;--awb-spacing-left-medium:1.92%;--awb-width-small:100%;--awb-order-small:0;--awb-spacing-right-small:1.92%;--awb-spacing-left-small:1.92%;\"><div class=\"fusion-column-wrapper fusion-column-has-shadow fusion-flex-justify-content-flex-start fusion-content-layout-column\"><div class=\"fusion-separator fusion-full-width-sep\" style=\"align-self: center;margin-left: auto;margin-right: auto;margin-top:0px;margin-bottom:0px;width:100%;\"><div class=\"fusion-separator-border sep-single sep-solid\" style=\"--awb-height:20px;--awb-amount:20px;border-color:var(--awb-color2);border-top-width:2px;\"><\/div><\/div><\/div><\/div><\/div><\/div><div class=\"fusion-fullwidth fullwidth-box fusion-builder-row-3 fusion-flex-container has-pattern-background has-mask-background nonhundred-percent-fullwidth non-hundred-percent-height-scrolling\" style=\"--awb-border-radius-top-left:0px;--awb-border-radius-top-right:0px;--awb-border-radius-bottom-right:0px;--awb-border-radius-bottom-left:0px;--awb-flex-wrap:wrap;\" ><div class=\"fusion-builder-row fusion-row fusion-flex-align-items-flex-start fusion-flex-content-wrap\" style=\"max-width:1216.8px;margin-left: calc(-4% \/ 2 );margin-right: calc(-4% \/ 2 );\"><div class=\"fusion-layout-column fusion_builder_column fusion-builder-column-2 fusion_builder_column_1_3 1_3 fusion-flex-column\" style=\"--awb-padding-right:22px;--awb-bg-size:cover;--awb-width-large:33.333333333333%;--awb-margin-top-large:23px;--awb-spacing-right-large:5.184%;--awb-margin-bottom-large:20px;--awb-spacing-left-large:5.76%;--awb-width-medium:100%;--awb-order-medium:0;--awb-spacing-right-medium:1.92%;--awb-spacing-left-medium:1.92%;--awb-width-small:100%;--awb-order-small:0;--awb-spacing-right-small:1.92%;--awb-spacing-left-small:1.92%;\"><div class=\"fusion-column-wrapper fusion-column-has-shadow fusion-flex-justify-content-flex-start fusion-content-layout-column\"><div class=\"fusion-image-element \" style=\"--awb-caption-title-font-family:var(--h2_typography-font-family);--awb-caption-title-font-weight:var(--h2_typography-font-weight);--awb-caption-title-font-style:var(--h2_typography-font-style);--awb-caption-title-size:var(--h2_typography-font-size);--awb-caption-title-transform:var(--h2_typography-text-transform);--awb-caption-title-line-height:var(--h2_typography-line-height);--awb-caption-title-letter-spacing:var(--h2_typography-letter-spacing);\"><span class=\" fusion-imageframe imageframe-glow imageframe-1 hover-type-none\" style=\"border:5px solid #e5e5e5;-webkit-box-shadow: 0 0 3px var(--awb-color8);box-shadow: 0 0 3px var(--awb-color8);\"><a href=\"https:\/\/aphrodisias-excavations.com\/wp-content\/uploads\/2023\/08\/Hadrianic-Baths-conservation-1200x801.jpg\" class=\"fusion-lightbox\" data-rel=\"iLightbox[f9f9f46b800255437cf]\" data-title=\"Hadrianic Baths conservation\" title=\"Hadrianic Baths conservation\"><img decoding=\"async\" width=\"800\" height=\"534\" src=\"https:\/\/aphrodisias-excavations.com\/wp-content\/uploads\/2023\/08\/Hadrianic-Baths-conservation-scaled.jpg\" data-orig-src=\"https:\/\/aphrodisias-excavations.com\/wp-content\/uploads\/2023\/08\/Hadrianic-Baths-conservation-800x534.jpg\" alt class=\"lazyload img-responsive wp-image-8293\" srcset=\"data:image\/svg+xml,%3Csvg%20xmlns%3D%27http%3A%2F%2Fwww.w3.org%2F2000%2Fsvg%27%20width%3D%272560%27%20height%3D%271709%27%20viewBox%3D%270%200%202560%201709%27%3E%3Crect%20width%3D%272560%27%20height%3D%271709%27%20fill-opacity%3D%220%22%2F%3E%3C%2Fsvg%3E\" data-srcset=\"https:\/\/aphrodisias-excavations.com\/wp-content\/uploads\/2023\/08\/Hadrianic-Baths-conservation-200x133.jpg 200w, https:\/\/aphrodisias-excavations.com\/wp-content\/uploads\/2023\/08\/Hadrianic-Baths-conservation-400x267.jpg 400w, https:\/\/aphrodisias-excavations.com\/wp-content\/uploads\/2023\/08\/Hadrianic-Baths-conservation-600x400.jpg 600w, https:\/\/aphrodisias-excavations.com\/wp-content\/uploads\/2023\/08\/Hadrianic-Baths-conservation-800x534.jpg 800w, https:\/\/aphrodisias-excavations.com\/wp-content\/uploads\/2023\/08\/Hadrianic-Baths-conservation-1200x801.jpg 1200w\" data-sizes=\"auto\" data-orig-sizes=\"(max-width: 1024px) 100vw, (max-width: 640px) 100vw, 400px\" \/><\/a><\/span><\/div><div class=\"fusion-separator fusion-full-width-sep\" style=\"align-self: center;margin-left: auto;margin-right: auto;margin-top:5px;margin-bottom:5px;width:100%;\"><div class=\"fusion-separator-border sep-double sep-solid\" style=\"--awb-height:20px;--awb-amount:20px;border-color:var(--awb-color2);border-top-width:0px;border-bottom-width:0px;\"><\/div><\/div><div class=\"fusion-image-element \" style=\"--awb-caption-title-font-family:var(--h2_typography-font-family);--awb-caption-title-font-weight:var(--h2_typography-font-weight);--awb-caption-title-font-style:var(--h2_typography-font-style);--awb-caption-title-size:var(--h2_typography-font-size);--awb-caption-title-transform:var(--h2_typography-text-transform);--awb-caption-title-line-height:var(--h2_typography-line-height);--awb-caption-title-letter-spacing:var(--h2_typography-letter-spacing);\"><span class=\" fusion-imageframe imageframe-glow imageframe-2 hover-type-none\" style=\"border:5px solid #e5e5e5;-webkit-box-shadow: 0 0 3px var(--awb-color8);box-shadow: 0 0 3px var(--awb-color8);\"><a href=\"https:\/\/aphrodisias-excavations.com\/wp-content\/uploads\/2023\/08\/Pool-conservation-1200x1652.jpg\" class=\"fusion-lightbox\" data-rel=\"iLightbox[1e1c1d486baa8f6cfe9]\" data-title=\"Pool conservation\" title=\"Pool conservation\"><img decoding=\"async\" width=\"600\" height=\"826\" src=\"https:\/\/aphrodisias-excavations.com\/wp-content\/uploads\/2023\/08\/Pool-conservation.jpg\" data-orig-src=\"https:\/\/aphrodisias-excavations.com\/wp-content\/uploads\/2023\/08\/Pool-conservation-600x826.jpg\" alt class=\"lazyload img-responsive wp-image-8297\" srcset=\"data:image\/svg+xml,%3Csvg%20xmlns%3D%27http%3A%2F%2Fwww.w3.org%2F2000%2Fsvg%27%20width%3D%271488%27%20height%3D%272048%27%20viewBox%3D%270%200%201488%202048%27%3E%3Crect%20width%3D%271488%27%20height%3D%272048%27%20fill-opacity%3D%220%22%2F%3E%3C%2Fsvg%3E\" data-srcset=\"https:\/\/aphrodisias-excavations.com\/wp-content\/uploads\/2023\/08\/Pool-conservation-200x275.jpg 200w, https:\/\/aphrodisias-excavations.com\/wp-content\/uploads\/2023\/08\/Pool-conservation-400x551.jpg 400w, https:\/\/aphrodisias-excavations.com\/wp-content\/uploads\/2023\/08\/Pool-conservation-600x826.jpg 600w, https:\/\/aphrodisias-excavations.com\/wp-content\/uploads\/2023\/08\/Pool-conservation-800x1101.jpg 800w, https:\/\/aphrodisias-excavations.com\/wp-content\/uploads\/2023\/08\/Pool-conservation-1200x1652.jpg 1200w, https:\/\/aphrodisias-excavations.com\/wp-content\/uploads\/2023\/08\/Pool-conservation.jpg 1488w\" data-sizes=\"auto\" data-orig-sizes=\"(max-width: 1024px) 100vw, (max-width: 640px) 100vw, 400px\" \/><\/a><\/span><\/div><div class=\"fusion-separator fusion-full-width-sep\" style=\"align-self: center;margin-left: auto;margin-right: auto;margin-top:5px;margin-bottom:5px;width:100%;\"><div class=\"fusion-separator-border sep-double sep-solid\" style=\"--awb-height:20px;--awb-amount:20px;border-color:var(--awb-color2);border-top-width:0px;border-bottom-width:0px;\"><\/div><\/div><div class=\"fusion-image-element \" style=\"--awb-caption-title-font-family:var(--h2_typography-font-family);--awb-caption-title-font-weight:var(--h2_typography-font-weight);--awb-caption-title-font-style:var(--h2_typography-font-style);--awb-caption-title-size:var(--h2_typography-font-size);--awb-caption-title-transform:var(--h2_typography-text-transform);--awb-caption-title-line-height:var(--h2_typography-line-height);--awb-caption-title-letter-spacing:var(--h2_typography-letter-spacing);\"><span class=\" fusion-imageframe imageframe-glow imageframe-3 hover-type-none\" style=\"border:5px solid #e5e5e5;-webkit-box-shadow: 0 0 3px var(--awb-color8);box-shadow: 0 0 3px var(--awb-color8);\"><a href=\"https:\/\/aphrodisias-excavations.com\/wp-content\/uploads\/2023\/08\/Sculture-conservation-1200x1800.jpg\" class=\"fusion-lightbox\" data-rel=\"iLightbox[fd4c283bb4129ffac9f]\" data-title=\"Sculture conservation\" title=\"Sculture conservation\"><img decoding=\"async\" width=\"600\" height=\"900\" src=\"https:\/\/aphrodisias-excavations.com\/wp-content\/uploads\/2023\/08\/Sculture-conservation.jpg\" data-orig-src=\"https:\/\/aphrodisias-excavations.com\/wp-content\/uploads\/2023\/08\/Sculture-conservation-600x900.jpg\" alt class=\"lazyload img-responsive wp-image-8299\" srcset=\"data:image\/svg+xml,%3Csvg%20xmlns%3D%27http%3A%2F%2Fwww.w3.org%2F2000%2Fsvg%27%20width%3D%271600%27%20height%3D%272400%27%20viewBox%3D%270%200%201600%202400%27%3E%3Crect%20width%3D%271600%27%20height%3D%272400%27%20fill-opacity%3D%220%22%2F%3E%3C%2Fsvg%3E\" data-srcset=\"https:\/\/aphrodisias-excavations.com\/wp-content\/uploads\/2023\/08\/Sculture-conservation-200x300.jpg 200w, https:\/\/aphrodisias-excavations.com\/wp-content\/uploads\/2023\/08\/Sculture-conservation-400x600.jpg 400w, https:\/\/aphrodisias-excavations.com\/wp-content\/uploads\/2023\/08\/Sculture-conservation-600x900.jpg 600w, https:\/\/aphrodisias-excavations.com\/wp-content\/uploads\/2023\/08\/Sculture-conservation-800x1200.jpg 800w, https:\/\/aphrodisias-excavations.com\/wp-content\/uploads\/2023\/08\/Sculture-conservation-1200x1800.jpg 1200w, https:\/\/aphrodisias-excavations.com\/wp-content\/uploads\/2023\/08\/Sculture-conservation.jpg 1600w\" data-sizes=\"auto\" data-orig-sizes=\"(max-width: 1024px) 100vw, (max-width: 640px) 100vw, 400px\" \/><\/a><\/span><\/div><\/div><\/div><div class=\"fusion-layout-column fusion_builder_column fusion-builder-column-3 fusion_builder_column_2_3 2_3 fusion-flex-column\" style=\"--awb-bg-size:cover;--awb-width-large:66.666666666667%;--awb-margin-top-large:0px;--awb-spacing-right-large:2.88%;--awb-margin-bottom-large:20px;--awb-spacing-left-large:0%;--awb-width-medium:100%;--awb-order-medium:0;--awb-spacing-right-medium:1.92%;--awb-spacing-left-medium:1.92%;--awb-width-small:100%;--awb-order-small:0;--awb-spacing-right-small:1.92%;--awb-spacing-left-small:1.92%;\"><div class=\"fusion-column-wrapper fusion-column-has-shadow fusion-flex-justify-content-flex-start fusion-content-layout-column\"><div class=\"fusion-separator fusion-full-width-sep\" style=\"align-self: center;margin-left: auto;margin-right: auto;margin-top:5px;margin-bottom:5px;width:100%;\"><div class=\"fusion-separator-border sep-double sep-solid\" style=\"--awb-height:20px;--awb-amount:20px;border-color:var(--awb-color2);border-top-width:0px;border-bottom-width:0px;\"><\/div><\/div><div class=\"fusion-text fusion-text-1\"><p style=\"text-align: justify;\"><span style=\"font-size: 16px;\" data-fusion-font=\"true\">Son y\u0131llarda Bouleuterion, Tap\u0131nak-Kilise, Piskopos Saray\u0131, Stadyum ve en \u00f6nemlisi Hadrian Hamam\u0131 kompleksinde, The World Monuments Fund\u00ae Robert W. Wilson Challenge to Conserve our Heritage (2011-16) taraf\u0131ndan sa\u011flanan alt\u0131 y\u0131ll\u0131k bir \u00f6denek ile konservasyon projeleri ger\u00e7ekle\u015ftirilmi\u015ftir. <\/span><\/p>\n<p style=\"text-align: justify;\"><span style=\"font-size: 16px;\" data-fusion-font=\"true\">Mevcut saha konservasyon \u00e7al\u0131\u015fmalar\u0131, cadde d\u00f6\u015femesinin onar\u0131ld\u0131\u011f\u0131 Tetrapylon Caddesi ve kaz\u0131lan havuzun hassas mermer \u00e7eperinin korundu\u011fu Kent Park\u0131\u2019nda kapsaml\u0131 \u00e7al\u0131\u015fmalar\u0131 i\u00e7ermektedir (Bak\u0131n\u0131z: <a href=\"https:\/\/aphrodisias-excavations.com\/tr\/mica-ve-ahmet-ertegun-guney-agora-havuz-projesi\/\">Mica and Ahmet Erteg\u00fcn South Agora Pool Project<\/a>).<br \/><\/span><\/p>\n<p style=\"text-align: justify;\"><span style=\"font-size: 16px;\" data-fusion-font=\"true\">Mevcut mermer konservasyonu, Afrodisias M\u00fczesi\u2019nin avlusunda in\u015fa edilmesi planlanan yeni bir m\u00fcze te\u015fhirine yerle\u015ftirilecek olan bir dizi mitolojik kabartma, portre b\u00fcstler ve heykel ba\u015flar\u0131 ile imparatorluk portre heykellerine odaklanm\u0131\u015ft\u0131r. Kabartmalar Bazilika ve Diogenes Propylonu&#8217;nun \u00f6n\u00fcndeki su teknesinde bulunmu\u015ftur. Portre b\u00fcstler ve heykel ba\u015flar\u0131 MS 1.-6. y\u00fczy\u0131l aras\u0131na tarihlenmektedir. B\u00fcy\u00fck \u00f6l\u00e7\u00fcde par\u00e7alanm\u0131\u015f imparatorluk heykelleri ise Sebasteion Propylonu&#8217;nda bulunmu\u015ftur. Proje Lucien Arkas taraf\u0131ndan desteklenmektedir.<\/span><\/p>\n<\/div><div class=\"fusion-image-element \" style=\"--awb-caption-title-font-family:var(--h2_typography-font-family);--awb-caption-title-font-weight:var(--h2_typography-font-weight);--awb-caption-title-font-style:var(--h2_typography-font-style);--awb-caption-title-size:var(--h2_typography-font-size);--awb-caption-title-transform:var(--h2_typography-text-transform);--awb-caption-title-line-height:var(--h2_typography-line-height);--awb-caption-title-letter-spacing:var(--h2_typography-letter-spacing);\"><span class=\" fusion-imageframe imageframe-none imageframe-4 hover-type-none\"><img decoding=\"async\" width=\"800\" height=\"450\" title=\"Lucien Arkas project\" src=\"https:\/\/aphrodisias-excavations.com\/wp-content\/uploads\/2023\/08\/Lucien-Arkas-project-scaled.jpg\" data-orig-src=\"https:\/\/aphrodisias-excavations.com\/wp-content\/uploads\/2023\/08\/Lucien-Arkas-project-800x450.jpg\" alt class=\"lazyload img-responsive wp-image-8301\" srcset=\"data:image\/svg+xml,%3Csvg%20xmlns%3D%27http%3A%2F%2Fwww.w3.org%2F2000%2Fsvg%27%20width%3D%272560%27%20height%3D%271440%27%20viewBox%3D%270%200%202560%201440%27%3E%3Crect%20width%3D%272560%27%20height%3D%271440%27%20fill-opacity%3D%220%22%2F%3E%3C%2Fsvg%3E\" data-srcset=\"https:\/\/aphrodisias-excavations.com\/wp-content\/uploads\/2023\/08\/Lucien-Arkas-project-200x113.jpg 200w, https:\/\/aphrodisias-excavations.com\/wp-content\/uploads\/2023\/08\/Lucien-Arkas-project-400x225.jpg 400w, https:\/\/aphrodisias-excavations.com\/wp-content\/uploads\/2023\/08\/Lucien-Arkas-project-600x338.jpg 600w, https:\/\/aphrodisias-excavations.com\/wp-content\/uploads\/2023\/08\/Lucien-Arkas-project-800x450.jpg 800w, https:\/\/aphrodisias-excavations.com\/wp-content\/uploads\/2023\/08\/Lucien-Arkas-project-1200x675.jpg 1200w\" data-sizes=\"auto\" data-orig-sizes=\"(max-width: 1024px) 100vw, (max-width: 640px) 100vw, 800px\" \/><\/span><\/div><\/div><\/div><\/div><\/div><\/p>\n","protected":false},"excerpt":{"rendered":"","protected":false},"author":1,"featured_media":0,"parent":0,"menu_order":0,"comment_status":"closed","ping_status":"closed","template":"100-width.php","meta":{"_coblocks_attr":"","_coblocks_dimensions":"","_coblocks_responsive_height":"","_coblocks_accordion_ie_support":"","footnotes":""},"class_list":["post-7471","page","type-page","status-publish","hentry"],"_links":{"self":[{"href":"https:\/\/aphrodisias-excavations.com\/tr\/wp-json\/wp\/v2\/pages\/7471","targetHints":{"allow":["GET"]}}],"collection":[{"href":"https:\/\/aphrodisias-excavations.com\/tr\/wp-json\/wp\/v2\/pages"}],"about":[{"href":"https:\/\/aphrodisias-excavations.com\/tr\/wp-json\/wp\/v2\/types\/page"}],"author":[{"embeddable":true,"href":"https:\/\/aphrodisias-excavations.com\/tr\/wp-json\/wp\/v2\/users\/1"}],"replies":[{"embeddable":true,"href":"https:\/\/aphrodisias-excavations.com\/tr\/wp-json\/wp\/v2\/comments?post=7471"}],"version-history":[{"count":11,"href":"https:\/\/aphrodisias-excavations.com\/tr\/wp-json\/wp\/v2\/pages\/7471\/revisions"}],"predecessor-version":[{"id":8931,"href":"https:\/\/aphrodisias-excavations.com\/tr\/wp-json\/wp\/v2\/pages\/7471\/revisions\/8931"}],"wp:attachment":[{"href":"https:\/\/aphrodisias-excavations.com\/tr\/wp-json\/wp\/v2\/media?parent=7471"}],"curies":[{"name":"wp","href":"https:\/\/api.w.org\/{rel}","templated":true}]}}