{"id":7462,"date":"2022-07-23T17:48:05","date_gmt":"2022-07-23T14:48:05","guid":{"rendered":"https:\/\/aphrodisias-excavations.com\/bazilika\/"},"modified":"2024-08-03T15:17:08","modified_gmt":"2024-08-03T12:17:08","slug":"bazilika","status":"publish","type":"page","link":"https:\/\/aphrodisias-excavations.com\/tr\/bazilika\/","title":{"rendered":"Bazilika"},"content":{"rendered":"<p><div class=\"fusion-fullwidth fullwidth-box fusion-builder-row-1 fusion-flex-container nonhundred-percent-fullwidth non-hundred-percent-height-scrolling fusion-animated\" style=\"--awb-border-radius-top-left:0px;--awb-border-radius-top-right:0px;--awb-border-radius-bottom-right:0px;--awb-border-radius-bottom-left:0px;--awb-margin-bottom:0px;--awb-margin-bottom-medium:80px;--awb-margin-bottom-small:60px;--awb-flex-wrap:wrap;\" data-animationType=\"fadeInUp\" data-animationDuration=\"1.3\" data-animationOffset=\"top-into-view\" ><div class=\"fusion-builder-row fusion-row fusion-flex-align-items-center fusion-flex-content-wrap\" style=\"max-width:1216.8px;margin-left: calc(-4% \/ 2 );margin-right: calc(-4% \/ 2 );\"><div class=\"fusion-layout-column fusion_builder_column fusion-builder-column-0 fusion_builder_column_1_1 1_1 fusion-flex-column\" style=\"--awb-bg-blend:overlay;--awb-bg-size:cover;--awb-width-large:100%;--awb-margin-top-large:0px;--awb-spacing-right-large:1.92%;--awb-margin-bottom-large:0px;--awb-spacing-left-large:1.92%;--awb-width-medium:40%;--awb-spacing-right-medium:4.8%;--awb-spacing-left-medium:4.8%;--awb-width-small:100%;--awb-spacing-right-small:1.92%;--awb-margin-bottom-small:15px;--awb-spacing-left-small:1.92%;\"><div class=\"fusion-column-wrapper fusion-flex-justify-content-flex-start fusion-content-layout-column\"><div class=\"fusion-title title fusion-title-1 fusion-title-text fusion-title-size-two\" style=\"--awb-margin-bottom:0px;--awb-margin-top-small:0px;--awb-margin-bottom-small:20px;--awb-font-size:37px;\"><div class=\"title-sep-container title-sep-container-left fusion-no-large-visibility fusion-no-medium-visibility fusion-no-small-visibility\"><div class=\"title-sep sep- sep-solid\" style=\"border-color:var(--awb-color3);\"><\/div><\/div><span class=\"awb-title-spacer fusion-no-large-visibility fusion-no-medium-visibility fusion-no-small-visibility\"><\/span><h2 class=\"fusion-title-heading title-heading-left fusion-responsive-typography-calculated\" style=\"margin:0;text-transform:capitalize;font-size:1em;--fontSize:37;line-height:1.35;\"><h2><strong>Bazilika<\/strong><\/h2><\/h2><span class=\"awb-title-spacer\"><\/span><div class=\"title-sep-container title-sep-container-right\"><div class=\"title-sep sep- sep-solid\" style=\"border-color:var(--awb-color3);\"><\/div><\/div><\/div><\/div><\/div><\/div><\/div><div class=\"fusion-fullwidth fullwidth-box fusion-builder-row-2 fusion-flex-container has-pattern-background has-mask-background nonhundred-percent-fullwidth non-hundred-percent-height-scrolling\" style=\"--awb-border-radius-top-left:0px;--awb-border-radius-top-right:0px;--awb-border-radius-bottom-right:0px;--awb-border-radius-bottom-left:0px;--awb-flex-wrap:wrap;\" ><div class=\"fusion-builder-row fusion-row fusion-flex-align-items-flex-start fusion-flex-content-wrap\" style=\"max-width:1216.8px;margin-left: calc(-4% \/ 2 );margin-right: calc(-4% \/ 2 );\"><div class=\"fusion-layout-column fusion_builder_column fusion-builder-column-1 fusion_builder_column_1_1 1_1 fusion-flex-column\" style=\"--awb-bg-size:cover;--awb-width-large:100%;--awb-margin-top-large:0px;--awb-spacing-right-large:1.92%;--awb-margin-bottom-large:20px;--awb-spacing-left-large:1.92%;--awb-width-medium:100%;--awb-order-medium:0;--awb-spacing-right-medium:1.92%;--awb-spacing-left-medium:1.92%;--awb-width-small:100%;--awb-order-small:0;--awb-spacing-right-small:1.92%;--awb-spacing-left-small:1.92%;\"><div class=\"fusion-column-wrapper fusion-column-has-shadow fusion-flex-justify-content-flex-start fusion-content-layout-column\"><div class=\"fusion-separator fusion-full-width-sep\" style=\"align-self: center;margin-left: auto;margin-right: auto;margin-top:0px;margin-bottom:0px;width:100%;\"><div class=\"fusion-separator-border sep-single sep-solid\" style=\"--awb-height:20px;--awb-amount:20px;border-color:var(--awb-color2);border-top-width:2px;\"><\/div><\/div><\/div><\/div><\/div><\/div><div class=\"fusion-fullwidth fullwidth-box fusion-builder-row-3 fusion-flex-container has-pattern-background has-mask-background nonhundred-percent-fullwidth non-hundred-percent-height-scrolling\" style=\"--awb-border-radius-top-left:0px;--awb-border-radius-top-right:0px;--awb-border-radius-bottom-right:0px;--awb-border-radius-bottom-left:0px;--awb-flex-wrap:wrap;\" ><div class=\"fusion-builder-row fusion-row fusion-flex-align-items-flex-start fusion-flex-content-wrap\" style=\"max-width:1216.8px;margin-left: calc(-4% \/ 2 );margin-right: calc(-4% \/ 2 );\"><div class=\"fusion-layout-column fusion_builder_column fusion-builder-column-2 fusion_builder_column_1_3 1_3 fusion-flex-column\" style=\"--awb-padding-right:22px;--awb-bg-size:cover;--awb-width-large:33.333333333333%;--awb-margin-top-large:23px;--awb-spacing-right-large:5.184%;--awb-margin-bottom-large:20px;--awb-spacing-left-large:5.76%;--awb-width-medium:100%;--awb-order-medium:0;--awb-spacing-right-medium:1.92%;--awb-spacing-left-medium:1.92%;--awb-width-small:100%;--awb-order-small:0;--awb-spacing-right-small:1.92%;--awb-spacing-left-small:1.92%;\"><div class=\"fusion-column-wrapper fusion-column-has-shadow fusion-flex-justify-content-flex-start fusion-content-layout-column\"><div class=\"fusion-image-element \" style=\"--awb-caption-title-font-family:var(--h2_typography-font-family);--awb-caption-title-font-weight:var(--h2_typography-font-weight);--awb-caption-title-font-style:var(--h2_typography-font-style);--awb-caption-title-size:var(--h2_typography-font-size);--awb-caption-title-transform:var(--h2_typography-text-transform);--awb-caption-title-line-height:var(--h2_typography-line-height);--awb-caption-title-letter-spacing:var(--h2_typography-letter-spacing);\"><span class=\" fusion-imageframe imageframe-glow imageframe-1 hover-type-none\" style=\"border:5px solid #e5e5e5;-webkit-box-shadow: 0 0 3px var(--awb-color8);box-shadow: 0 0 3px var(--awb-color8);\"><a href=\"https:\/\/aphrodisias-excavations.com\/wp-content\/uploads\/2022\/07\/civilbas_800-1-600x400.jpeg\" class=\"fusion-lightbox\" data-rel=\"iLightbox[487a05e6561b823f681]\" data-caption=\"Civil Basilica\" data-title=\"Civil Basilica\" title=\"Civil Basilica\"><img decoding=\"async\" width=\"600\" height=\"400\" src=\"https:\/\/aphrodisias-excavations.com\/wp-content\/uploads\/2022\/07\/civilbas_800-1.jpeg\" data-orig-src=\"https:\/\/aphrodisias-excavations.com\/wp-content\/uploads\/2022\/07\/civilbas_800-1-600x400.jpeg\" alt class=\"lazyload img-responsive wp-image-6267\" srcset=\"data:image\/svg+xml,%3Csvg%20xmlns%3D%27http%3A%2F%2Fwww.w3.org%2F2000%2Fsvg%27%20width%3D%27800%27%20height%3D%27533%27%20viewBox%3D%270%200%20800%20533%27%3E%3Crect%20width%3D%27800%27%20height%3D%27533%27%20fill-opacity%3D%220%22%2F%3E%3C%2Fsvg%3E\" data-srcset=\"https:\/\/aphrodisias-excavations.com\/wp-content\/uploads\/2022\/07\/civilbas_800-1-200x133.jpeg 200w, https:\/\/aphrodisias-excavations.com\/wp-content\/uploads\/2022\/07\/civilbas_800-1-400x267.jpeg 400w, https:\/\/aphrodisias-excavations.com\/wp-content\/uploads\/2022\/07\/civilbas_800-1-600x400.jpeg 600w, https:\/\/aphrodisias-excavations.com\/wp-content\/uploads\/2022\/07\/civilbas_800-1.jpeg 800w\" data-sizes=\"auto\" data-orig-sizes=\"(max-width: 1024px) 100vw, (max-width: 640px) 100vw, 400px\" \/><\/a><\/span><\/div><div class=\"fusion-separator fusion-full-width-sep\" style=\"align-self: center;margin-left: auto;margin-right: auto;margin-top:5px;margin-bottom:5px;width:100%;\"><div class=\"fusion-separator-border sep-double sep-solid\" style=\"--awb-height:20px;--awb-amount:20px;border-color:var(--awb-color2);border-top-width:0px;border-bottom-width:0px;\"><\/div><\/div><div class=\"fusion-image-element \" style=\"--awb-caption-title-font-family:var(--h2_typography-font-family);--awb-caption-title-font-weight:var(--h2_typography-font-weight);--awb-caption-title-font-style:var(--h2_typography-font-style);--awb-caption-title-size:var(--h2_typography-font-size);--awb-caption-title-transform:var(--h2_typography-text-transform);--awb-caption-title-line-height:var(--h2_typography-line-height);--awb-caption-title-letter-spacing:var(--h2_typography-letter-spacing);\"><span class=\" fusion-imageframe imageframe-glow imageframe-2 hover-type-none\" style=\"border:5px solid #e5e5e5;-webkit-box-shadow: 0 0 3px var(--awb-color8);box-shadow: 0 0 3px var(--awb-color8);\"><a href=\"https:\/\/aphrodisias-excavations.com\/wp-content\/uploads\/2022\/07\/civilbasilica2_800-1-600x400.jpeg\" class=\"fusion-lightbox\" data-rel=\"iLightbox[2317f823735199f9228]\" data-caption=\"Civil Basilica\" data-title=\"Civil Basilica\" title=\"Civil Basilica\"><img decoding=\"async\" width=\"600\" height=\"400\" src=\"https:\/\/aphrodisias-excavations.com\/wp-content\/uploads\/2022\/07\/civilbasilica2_800-1.jpeg\" data-orig-src=\"https:\/\/aphrodisias-excavations.com\/wp-content\/uploads\/2022\/07\/civilbasilica2_800-1-600x400.jpeg\" alt class=\"lazyload img-responsive wp-image-6266\" srcset=\"data:image\/svg+xml,%3Csvg%20xmlns%3D%27http%3A%2F%2Fwww.w3.org%2F2000%2Fsvg%27%20width%3D%27640%27%20height%3D%27427%27%20viewBox%3D%270%200%20640%20427%27%3E%3Crect%20width%3D%27640%27%20height%3D%27427%27%20fill-opacity%3D%220%22%2F%3E%3C%2Fsvg%3E\" data-srcset=\"https:\/\/aphrodisias-excavations.com\/wp-content\/uploads\/2022\/07\/civilbasilica2_800-1-200x133.jpeg 200w, https:\/\/aphrodisias-excavations.com\/wp-content\/uploads\/2022\/07\/civilbasilica2_800-1-400x267.jpeg 400w, https:\/\/aphrodisias-excavations.com\/wp-content\/uploads\/2022\/07\/civilbasilica2_800-1-600x400.jpeg 600w, https:\/\/aphrodisias-excavations.com\/wp-content\/uploads\/2022\/07\/civilbasilica2_800-1.jpeg 640w\" data-sizes=\"auto\" data-orig-sizes=\"(max-width: 1024px) 100vw, (max-width: 640px) 100vw, 400px\" \/><\/a><\/span><\/div><div class=\"fusion-separator fusion-full-width-sep\" style=\"align-self: center;margin-left: auto;margin-right: auto;margin-top:5px;margin-bottom:5px;width:100%;\"><div class=\"fusion-separator-border sep-double sep-solid\" style=\"--awb-height:20px;--awb-amount:20px;border-color:var(--awb-color2);border-top-width:0px;border-bottom-width:0px;\"><\/div><\/div><div class=\"fusion-image-element \" style=\"--awb-caption-title-font-family:var(--h2_typography-font-family);--awb-caption-title-font-weight:var(--h2_typography-font-weight);--awb-caption-title-font-style:var(--h2_typography-font-style);--awb-caption-title-size:var(--h2_typography-font-size);--awb-caption-title-transform:var(--h2_typography-text-transform);--awb-caption-title-line-height:var(--h2_typography-line-height);--awb-caption-title-letter-spacing:var(--h2_typography-letter-spacing);\"><span class=\" fusion-imageframe imageframe-glow imageframe-3 hover-type-none\" style=\"border:5px solid #e5e5e5;-webkit-box-shadow: 0 0 3px var(--awb-color8);box-shadow: 0 0 3px var(--awb-color8);\"><a href=\"https:\/\/aphrodisias-excavations.com\/wp-content\/uploads\/2022\/07\/civilbasilica3_800-600x539.jpeg\" class=\"fusion-lightbox\" data-rel=\"iLightbox[20975b62822f8af72bf]\" data-caption=\"Bazilika\" data-title=\"Bazilika\" title=\"Bazilika\"><img decoding=\"async\" width=\"600\" height=\"539\" src=\"https:\/\/aphrodisias-excavations.com\/wp-content\/uploads\/2022\/07\/civilbasilica3_800.jpeg\" data-orig-src=\"https:\/\/aphrodisias-excavations.com\/wp-content\/uploads\/2022\/07\/civilbasilica3_800-600x539.jpeg\" alt class=\"lazyload img-responsive wp-image-7842\" srcset=\"data:image\/svg+xml,%3Csvg%20xmlns%3D%27http%3A%2F%2Fwww.w3.org%2F2000%2Fsvg%27%20width%3D%27800%27%20height%3D%27719%27%20viewBox%3D%270%200%20800%20719%27%3E%3Crect%20width%3D%27800%27%20height%3D%27719%27%20fill-opacity%3D%220%22%2F%3E%3C%2Fsvg%3E\" data-srcset=\"https:\/\/aphrodisias-excavations.com\/wp-content\/uploads\/2022\/07\/civilbasilica3_800-200x180.jpeg 200w, https:\/\/aphrodisias-excavations.com\/wp-content\/uploads\/2022\/07\/civilbasilica3_800-400x360.jpeg 400w, https:\/\/aphrodisias-excavations.com\/wp-content\/uploads\/2022\/07\/civilbasilica3_800-600x539.jpeg 600w, https:\/\/aphrodisias-excavations.com\/wp-content\/uploads\/2022\/07\/civilbasilica3_800.jpeg 800w\" data-sizes=\"auto\" data-orig-sizes=\"(max-width: 1024px) 100vw, (max-width: 640px) 100vw, 400px\" \/><\/a><\/span><\/div><div class=\"fusion-separator fusion-full-width-sep\" style=\"align-self: center;margin-left: auto;margin-right: auto;margin-top:5px;margin-bottom:5px;width:100%;\"><div class=\"fusion-separator-border sep-double sep-solid\" style=\"--awb-height:20px;--awb-amount:20px;border-color:var(--awb-color2);border-top-width:0px;border-bottom-width:0px;\"><\/div><\/div><div class=\"fusion-image-element \" style=\"--awb-caption-title-font-family:var(--h2_typography-font-family);--awb-caption-title-font-weight:var(--h2_typography-font-weight);--awb-caption-title-font-style:var(--h2_typography-font-style);--awb-caption-title-size:var(--h2_typography-font-size);--awb-caption-title-transform:var(--h2_typography-text-transform);--awb-caption-title-line-height:var(--h2_typography-line-height);--awb-caption-title-letter-spacing:var(--h2_typography-letter-spacing);\"><span class=\" fusion-imageframe imageframe-glow imageframe-4 hover-type-none\" style=\"border:5px solid #e5e5e5;-webkit-box-shadow: 0 0 3px var(--awb-color8);box-shadow: 0 0 3px var(--awb-color8);\"><a href=\"https:\/\/aphrodisias-excavations.com\/wp-content\/uploads\/2022\/07\/fullcivilbascilica_plan-800x1063.jpeg\" class=\"fusion-lightbox\" data-rel=\"iLightbox[e28ff723a19a349f28b]\" data-caption=\"Civil Basilica plan\" data-title=\"Civil Basilica plan\" title=\"Civil Basilica plan\"><img decoding=\"async\" width=\"600\" height=\"797\" src=\"https:\/\/aphrodisias-excavations.com\/wp-content\/uploads\/2022\/07\/fullcivilbascilica_plan.jpeg\" data-orig-src=\"https:\/\/aphrodisias-excavations.com\/wp-content\/uploads\/2022\/07\/fullcivilbascilica_plan-600x797.jpeg\" alt class=\"lazyload img-responsive wp-image-6264\" srcset=\"data:image\/svg+xml,%3Csvg%20xmlns%3D%27http%3A%2F%2Fwww.w3.org%2F2000%2Fsvg%27%20width%3D%27903%27%20height%3D%271200%27%20viewBox%3D%270%200%20903%201200%27%3E%3Crect%20width%3D%27903%27%20height%3D%271200%27%20fill-opacity%3D%220%22%2F%3E%3C%2Fsvg%3E\" data-srcset=\"https:\/\/aphrodisias-excavations.com\/wp-content\/uploads\/2022\/07\/fullcivilbascilica_plan-200x266.jpeg 200w, https:\/\/aphrodisias-excavations.com\/wp-content\/uploads\/2022\/07\/fullcivilbascilica_plan-400x532.jpeg 400w, https:\/\/aphrodisias-excavations.com\/wp-content\/uploads\/2022\/07\/fullcivilbascilica_plan-600x797.jpeg 600w, https:\/\/aphrodisias-excavations.com\/wp-content\/uploads\/2022\/07\/fullcivilbascilica_plan-800x1063.jpeg 800w, https:\/\/aphrodisias-excavations.com\/wp-content\/uploads\/2022\/07\/fullcivilbascilica_plan.jpeg 903w\" data-sizes=\"auto\" data-orig-sizes=\"(max-width: 1024px) 100vw, (max-width: 640px) 100vw, 400px\" \/><\/a><\/span><\/div><\/div><\/div><div class=\"fusion-layout-column fusion_builder_column fusion-builder-column-3 fusion_builder_column_2_3 2_3 fusion-flex-column\" style=\"--awb-bg-size:cover;--awb-width-large:66.666666666667%;--awb-margin-top-large:0px;--awb-spacing-right-large:2.88%;--awb-margin-bottom-large:20px;--awb-spacing-left-large:0%;--awb-width-medium:100%;--awb-order-medium:0;--awb-spacing-right-medium:1.92%;--awb-spacing-left-medium:1.92%;--awb-width-small:100%;--awb-order-small:0;--awb-spacing-right-small:1.92%;--awb-spacing-left-small:1.92%;\"><div class=\"fusion-column-wrapper fusion-column-has-shadow fusion-flex-justify-content-flex-start fusion-content-layout-column\"><div class=\"fusion-separator fusion-full-width-sep\" style=\"align-self: center;margin-left: auto;margin-right: auto;margin-top:5px;margin-bottom:5px;width:100%;\"><div class=\"fusion-separator-border sep-double sep-solid\" style=\"--awb-height:20px;--awb-amount:20px;border-color:var(--awb-color2);border-top-width:0px;border-bottom-width:0px;\"><\/div><\/div><div class=\"fusion-text fusion-text-1\"><p style=\"text-align: justify; font-size: 16px;\" data-fusion-font=\"true\"><span style=\"color: var(--awb-text-color); font-family: var(--awb-text-font-family); font-style: var(--awb-text-font-style); font-weight: var(--awb-text-font-weight); letter-spacing: var(--awb-letter-spacing); text-transform: var(--awb-text-transform); background-color: var(--awb-bg-color-hover);\">G\u00fcney Agora\u2019n\u0131n g\u00fcneybat\u0131 k\u00f6\u015fesinden giri\u015fi sa\u011flanan Bazilika, uzun, \u00fc\u00e7 koridorlu bir kamu binas\u0131d\u0131r (yak. 145&#215;30 m). Mimari s\u00fcslemeleri ve ithaf yaz\u0131t\u0131n\u0131n korunmu\u015f bir par\u00e7as\u0131 sayesinde MS 1. y\u00fczy\u0131l\u0131n sonlar\u0131nda tamamland\u0131\u011f\u0131 ve yeni hanedana adand\u0131\u011f\u0131 anla\u015f\u0131lmaktad\u0131r. Binaya Kent Park\u0131\u2019na a\u00e7\u0131lan k\u0131sa taraf\u0131ndan girilmektedir. Giri\u015f duvar\u0131, geni\u015f mermer panellerle kapl\u0131, g\u00f6mme s\u00fctunlu, g\u00f6steri\u015fli bir cephedir (bkz. attaki resim). Daha sonra, MS 301 y\u0131l\u0131nda, Diocletianus\u2019un \u00fcnl\u00fc Tavan Fiyatlar Ferman\u0131 ve Para Birimi Ferman\u0131 Latince olarak bu paneller \u00fczerine yaz\u0131lm\u0131\u015ft\u0131r.<\/span><\/p>\n<\/div><div class=\"fusion-text fusion-text-2\"><p data-fusion-font=\"true\" style=\"text-align: justify; font-size: 16px;\">\n<p data-fusion-font=\"true\" style=\"text-align: justify; font-size: 16px;\">Yap\u0131n\u0131n \u0130on ve Korinth d\u00fczeninde iki katl\u0131 portikolarla b\u00f6l\u00fcnm\u00fc\u015f olan i\u00e7 k\u0131sm\u0131, iki yan nef ve ta\u015f d\u00f6\u015feli bir orta neften olu\u015fmaktad\u0131r. \u0130\u00e7 k\u0131s\u0131m Aspendos\u2019daki bazilika gibi g\u00f6rkemli bir g\u00fcney salon ile son bulmaktad\u0131r (yakl. 20&#215;30 m boyutlar\u0131nda ve 10 m\u2019den y\u00fcksek). Bu g\u00fcney b\u00f6lmenin i\u00e7 duvarlar\u0131 g\u00f6steri\u015fli s\u00fctunlu mimari elemanlar ile s\u00fcslenmi\u015ftir. Nefteki portikolar\u0131n \u00fcst katlar\u0131 t\u0131rabzan g\u00f6revi g\u00f6ren kabartmalarla donat\u0131lm\u0131\u015ft\u0131r. Bu kabartmalar, \u00e7e\u015fitli dekoratif motiflerin yan\u0131 s\u0131ra Aphrodisias\u2019\u0131n efsanevi kurucusu Ninos ile ilgili bir hikaye de dahil olmak \u00fczere yerel mitolojiden sahneler i\u00e7ermektedir.<\/p>\n<p data-fusion-font=\"true\" style=\"text-align: justify; font-size: 16px;\">Bu yap\u0131, MS 4. y\u00fczy\u0131l\u0131n ortalar\u0131nda Flavius Constantius ad\u0131nda bir vali taraf\u0131ndan restore edilmi\u015ftir. Yan neflerin mozaikleri de ayn\u0131 d\u00f6nemde d\u00f6\u015fenmi\u015ftir. Olas\u0131l\u0131kla bu restorasyon s\u0131ras\u0131nda, daha erken d\u00f6neme ait iki adet g\u00f6rkemli heykel buraya ta\u015f\u0131n\u0131p binan\u0131n kuzey ucuna i\u00e7eriye bakacak bi\u00e7imde yerle\u015ftirilmi\u015ftir. Bunlardan biri, kolosal boyutlu drapeli bir tanr\u0131\u00e7a heykeli; di\u011feri ise tan\u0131nm\u0131\u015f Yunan kahraman\u0131 Akhilleus taraf\u0131ndan (mavi-gri mermerden yap\u0131lm\u0131\u015f) at\u0131ndan \u00e7ekilen Troia prensi Troilos&#8217;u temsil eden ola\u011fan\u00fcst\u00fc bir heykel grubudur.<\/p>\n<p data-fusion-font=\"true\" style=\"text-align: justify; font-size: 16px;\">Bazilika giri\u015findeki d\u00f6rt kolosal \u00e7ift s\u00fctunun ve bunlar\u0131n pervazlar\u0131n\u0131n anastylosisi, bu devasa kamu binas\u0131n\u0131n \u00f6n cephesini iyile\u015ftirmeye ve k\u0131smen restore etmeye y\u00f6nelik daha b\u00fcy\u00fck bir projenin par\u00e7as\u0131d\u0131r. Proje, Diocletianus&#8217;un Tavan Fiyat Ferman\u0131&#8217;n\u0131n tam metnini (Latince, T\u00fcrk\u00e7e ve \u0130ngilizce) binan\u0131n yan duvarlar\u0131 hizas\u0131na yerle\u015ftirilen panolarda sunulmas\u0131n\u0131 i\u00e7ermektedir. Proje Murat \u00dclker ve pladis taraf\u0131ndan desteklenmektedir.<\/p>\n<\/div><div class=\"fusion-image-element \" style=\"--awb-caption-title-font-family:var(--h2_typography-font-family);--awb-caption-title-font-weight:var(--h2_typography-font-weight);--awb-caption-title-font-style:var(--h2_typography-font-style);--awb-caption-title-size:var(--h2_typography-font-size);--awb-caption-title-transform:var(--h2_typography-text-transform);--awb-caption-title-line-height:var(--h2_typography-line-height);--awb-caption-title-letter-spacing:var(--h2_typography-letter-spacing);\"><span class=\" fusion-imageframe imageframe-none imageframe-5 hover-type-none\"><img decoding=\"async\" width=\"600\" height=\"453\" title=\"Basilica Fa\u00e7ade\" src=\"https:\/\/aphrodisias-excavations.com\/wp-content\/uploads\/2022\/07\/Basilica_Facade.jpeg\" data-orig-src=\"https:\/\/aphrodisias-excavations.com\/wp-content\/uploads\/2022\/07\/Basilica_Facade-600x453.jpeg\" alt class=\"lazyload img-responsive wp-image-6263\" srcset=\"data:image\/svg+xml,%3Csvg%20xmlns%3D%27http%3A%2F%2Fwww.w3.org%2F2000%2Fsvg%27%20width%3D%27800%27%20height%3D%27604%27%20viewBox%3D%270%200%20800%20604%27%3E%3Crect%20width%3D%27800%27%20height%3D%27604%27%20fill-opacity%3D%220%22%2F%3E%3C%2Fsvg%3E\" data-srcset=\"https:\/\/aphrodisias-excavations.com\/wp-content\/uploads\/2022\/07\/Basilica_Facade-200x151.jpeg 200w, https:\/\/aphrodisias-excavations.com\/wp-content\/uploads\/2022\/07\/Basilica_Facade-400x302.jpeg 400w, https:\/\/aphrodisias-excavations.com\/wp-content\/uploads\/2022\/07\/Basilica_Facade-600x453.jpeg 600w, https:\/\/aphrodisias-excavations.com\/wp-content\/uploads\/2022\/07\/Basilica_Facade.jpeg 800w\" data-sizes=\"auto\" data-orig-sizes=\"(max-width: 1024px) 100vw, (max-width: 640px) 100vw, 600px\" \/><\/span><\/div><div class=\"fusion-separator fusion-full-width-sep\" style=\"align-self: center;margin-left: auto;margin-right: auto;margin-top:5px;margin-bottom:5px;width:100%;\"><div class=\"fusion-separator-border sep-double sep-solid\" style=\"--awb-height:20px;--awb-amount:20px;border-color:var(--awb-color2);border-top-width:0px;border-bottom-width:0px;\"><\/div><\/div><div class=\"fusion-text fusion-text-3\"><p style=\"text-align: justify; font-size: 16px; line-height: 27.52px;\" data-fusion-font=\"true\">Buluntular:<br \/><a href=\"https:\/\/aphrodisias-excavations.com\/tr\/mavi-at\/\">Mavi At<\/a><br \/><a href=\"https:\/\/aphrodisias-excavations.com\/tr\/kolosal-tanrica-heykeli\/\">Kolosal Tanr\u0131\u00e7a Heykeli<\/a><br \/><a href=\"https:\/\/aphrodisias-excavations.com\/tr\/bazilika-kabartmalari\/\">Bazilika Kabartmalar\u0131<\/a><\/p>\n<\/div><\/div><\/div><\/div><\/div><\/p>\n","protected":false},"excerpt":{"rendered":"","protected":false},"author":1,"featured_media":0,"parent":0,"menu_order":0,"comment_status":"closed","ping_status":"closed","template":"100-width.php","meta":{"_coblocks_attr":"","_coblocks_dimensions":"","_coblocks_responsive_height":"","_coblocks_accordion_ie_support":"","footnotes":""},"class_list":["post-7462","page","type-page","status-publish","hentry"],"_links":{"self":[{"href":"https:\/\/aphrodisias-excavations.com\/tr\/wp-json\/wp\/v2\/pages\/7462","targetHints":{"allow":["GET"]}}],"collection":[{"href":"https:\/\/aphrodisias-excavations.com\/tr\/wp-json\/wp\/v2\/pages"}],"about":[{"href":"https:\/\/aphrodisias-excavations.com\/tr\/wp-json\/wp\/v2\/types\/page"}],"author":[{"embeddable":true,"href":"https:\/\/aphrodisias-excavations.com\/tr\/wp-json\/wp\/v2\/users\/1"}],"replies":[{"embeddable":true,"href":"https:\/\/aphrodisias-excavations.com\/tr\/wp-json\/wp\/v2\/comments?post=7462"}],"version-history":[{"count":7,"href":"https:\/\/aphrodisias-excavations.com\/tr\/wp-json\/wp\/v2\/pages\/7462\/revisions"}],"predecessor-version":[{"id":8919,"href":"https:\/\/aphrodisias-excavations.com\/tr\/wp-json\/wp\/v2\/pages\/7462\/revisions\/8919"}],"wp:attachment":[{"href":"https:\/\/aphrodisias-excavations.com\/tr\/wp-json\/wp\/v2\/media?parent=7462"}],"curies":[{"name":"wp","href":"https:\/\/api.w.org\/{rel}","templated":true}]}}