{"id":7447,"date":"2022-07-24T15:11:47","date_gmt":"2022-07-24T12:11:47","guid":{"rendered":"https:\/\/aphrodisias-excavations.com\/mavi-at\/"},"modified":"2024-08-01T11:48:54","modified_gmt":"2024-08-01T08:48:54","slug":"mavi-at","status":"publish","type":"page","link":"https:\/\/aphrodisias-excavations.com\/tr\/mavi-at\/","title":{"rendered":"Mavi At"},"content":{"rendered":"<p><div class=\"fusion-fullwidth fullwidth-box fusion-builder-row-1 fusion-flex-container nonhundred-percent-fullwidth non-hundred-percent-height-scrolling fusion-animated\" style=\"--awb-border-radius-top-left:0px;--awb-border-radius-top-right:0px;--awb-border-radius-bottom-right:0px;--awb-border-radius-bottom-left:0px;--awb-margin-bottom:0px;--awb-margin-bottom-medium:80px;--awb-margin-bottom-small:60px;--awb-flex-wrap:wrap;\" data-animationType=\"fadeInUp\" data-animationDuration=\"1.3\" data-animationOffset=\"top-into-view\" ><div class=\"fusion-builder-row fusion-row fusion-flex-align-items-center fusion-flex-content-wrap\" style=\"max-width:1216.8px;margin-left: calc(-4% \/ 2 );margin-right: calc(-4% \/ 2 );\"><div class=\"fusion-layout-column fusion_builder_column fusion-builder-column-0 fusion_builder_column_1_1 1_1 fusion-flex-column\" style=\"--awb-bg-blend:overlay;--awb-bg-size:cover;--awb-width-large:100%;--awb-margin-top-large:0px;--awb-spacing-right-large:1.92%;--awb-margin-bottom-large:0px;--awb-spacing-left-large:1.92%;--awb-width-medium:40%;--awb-spacing-right-medium:4.8%;--awb-spacing-left-medium:4.8%;--awb-width-small:100%;--awb-spacing-right-small:1.92%;--awb-margin-bottom-small:15px;--awb-spacing-left-small:1.92%;\"><div class=\"fusion-column-wrapper fusion-flex-justify-content-flex-start fusion-content-layout-column\"><div class=\"fusion-title title fusion-title-1 fusion-title-text fusion-title-size-two\" style=\"--awb-margin-bottom:0px;--awb-margin-top-small:0px;--awb-margin-bottom-small:20px;--awb-font-size:37px;\"><div class=\"title-sep-container title-sep-container-left fusion-no-large-visibility fusion-no-medium-visibility fusion-no-small-visibility\"><div class=\"title-sep sep- sep-solid\" style=\"border-color:var(--awb-color3);\"><\/div><\/div><span class=\"awb-title-spacer fusion-no-large-visibility fusion-no-medium-visibility fusion-no-small-visibility\"><\/span><h2 class=\"fusion-title-heading title-heading-left fusion-responsive-typography-calculated\" style=\"margin:0;text-transform:capitalize;font-size:1em;--fontSize:37;line-height:1.35;\"><h2><strong>Mavi At<\/strong><\/h2><\/h2><span class=\"awb-title-spacer\"><\/span><div class=\"title-sep-container title-sep-container-right\"><div class=\"title-sep sep- sep-solid\" style=\"border-color:var(--awb-color3);\"><\/div><\/div><\/div><\/div><\/div><\/div><\/div><div class=\"fusion-fullwidth fullwidth-box fusion-builder-row-2 fusion-flex-container has-pattern-background has-mask-background nonhundred-percent-fullwidth non-hundred-percent-height-scrolling\" style=\"--awb-border-radius-top-left:0px;--awb-border-radius-top-right:0px;--awb-border-radius-bottom-right:0px;--awb-border-radius-bottom-left:0px;--awb-flex-wrap:wrap;\" ><div class=\"fusion-builder-row fusion-row fusion-flex-align-items-flex-start fusion-flex-content-wrap\" style=\"max-width:1216.8px;margin-left: calc(-4% \/ 2 );margin-right: calc(-4% \/ 2 );\"><div class=\"fusion-layout-column fusion_builder_column fusion-builder-column-1 fusion_builder_column_1_1 1_1 fusion-flex-column\" style=\"--awb-bg-size:cover;--awb-width-large:100%;--awb-margin-top-large:0px;--awb-spacing-right-large:1.92%;--awb-margin-bottom-large:20px;--awb-spacing-left-large:1.92%;--awb-width-medium:100%;--awb-order-medium:0;--awb-spacing-right-medium:1.92%;--awb-spacing-left-medium:1.92%;--awb-width-small:100%;--awb-order-small:0;--awb-spacing-right-small:1.92%;--awb-spacing-left-small:1.92%;\"><div class=\"fusion-column-wrapper fusion-column-has-shadow fusion-flex-justify-content-flex-start fusion-content-layout-column\"><div class=\"fusion-separator fusion-full-width-sep\" style=\"align-self: center;margin-left: auto;margin-right: auto;margin-top:0px;margin-bottom:0px;width:100%;\"><div class=\"fusion-separator-border sep-single sep-solid\" style=\"--awb-height:20px;--awb-amount:20px;border-color:var(--awb-color2);border-top-width:2px;\"><\/div><\/div><\/div><\/div><\/div><\/div><div class=\"fusion-fullwidth fullwidth-box fusion-builder-row-3 fusion-flex-container has-pattern-background has-mask-background nonhundred-percent-fullwidth non-hundred-percent-height-scrolling\" style=\"--awb-border-radius-top-left:0px;--awb-border-radius-top-right:0px;--awb-border-radius-bottom-right:0px;--awb-border-radius-bottom-left:0px;--awb-flex-wrap:wrap;\" ><div class=\"fusion-builder-row fusion-row fusion-flex-align-items-flex-start fusion-flex-content-wrap\" style=\"max-width:1216.8px;margin-left: calc(-4% \/ 2 );margin-right: calc(-4% \/ 2 );\"><div class=\"fusion-layout-column fusion_builder_column fusion-builder-column-2 fusion_builder_column_1_3 1_3 fusion-flex-column\" style=\"--awb-padding-right:22px;--awb-bg-size:cover;--awb-width-large:33.333333333333%;--awb-margin-top-large:23px;--awb-spacing-right-large:5.184%;--awb-margin-bottom-large:20px;--awb-spacing-left-large:5.76%;--awb-width-medium:100%;--awb-order-medium:0;--awb-spacing-right-medium:1.92%;--awb-spacing-left-medium:1.92%;--awb-width-small:100%;--awb-order-small:0;--awb-spacing-right-small:1.92%;--awb-spacing-left-small:1.92%;\"><div class=\"fusion-column-wrapper fusion-column-has-shadow fusion-flex-justify-content-flex-start fusion-content-layout-column\"><div class=\"fusion-image-element \" style=\"--awb-caption-title-font-family:var(--h2_typography-font-family);--awb-caption-title-font-weight:var(--h2_typography-font-weight);--awb-caption-title-font-style:var(--h2_typography-font-style);--awb-caption-title-size:var(--h2_typography-font-size);--awb-caption-title-transform:var(--h2_typography-text-transform);--awb-caption-title-line-height:var(--h2_typography-line-height);--awb-caption-title-letter-spacing:var(--h2_typography-letter-spacing);\"><span class=\" fusion-imageframe imageframe-glow imageframe-1 hover-type-none\" style=\"border:5px solid #e5e5e5;-webkit-box-shadow: 0 0 3px var(--awb-color8);box-shadow: 0 0 3px var(--awb-color8);\"><a href=\"https:\/\/aphrodisias-excavations.com\/wp-content\/uploads\/2022\/07\/bluehorse_800-2-600x452.jpeg\" class=\"fusion-lightbox\" data-rel=\"iLightbox[42c747d4da3c2a4fe48]\" data-caption=\"Mavi At\" data-title=\"Mavi At\" title=\"Mavi At\"><img decoding=\"async\" width=\"600\" height=\"452\" src=\"https:\/\/aphrodisias-excavations.com\/wp-content\/uploads\/2022\/07\/bluehorse_800-2.jpeg\" data-orig-src=\"https:\/\/aphrodisias-excavations.com\/wp-content\/uploads\/2022\/07\/bluehorse_800-2-600x452.jpeg\" alt class=\"lazyload img-responsive wp-image-7872\" srcset=\"data:image\/svg+xml,%3Csvg%20xmlns%3D%27http%3A%2F%2Fwww.w3.org%2F2000%2Fsvg%27%20width%3D%27800%27%20height%3D%27603%27%20viewBox%3D%270%200%20800%20603%27%3E%3Crect%20width%3D%27800%27%20height%3D%27603%27%20fill-opacity%3D%220%22%2F%3E%3C%2Fsvg%3E\" data-srcset=\"https:\/\/aphrodisias-excavations.com\/wp-content\/uploads\/2022\/07\/bluehorse_800-2-200x151.jpeg 200w, https:\/\/aphrodisias-excavations.com\/wp-content\/uploads\/2022\/07\/bluehorse_800-2-400x302.jpeg 400w, https:\/\/aphrodisias-excavations.com\/wp-content\/uploads\/2022\/07\/bluehorse_800-2-600x452.jpeg 600w, https:\/\/aphrodisias-excavations.com\/wp-content\/uploads\/2022\/07\/bluehorse_800-2.jpeg 800w\" data-sizes=\"auto\" data-orig-sizes=\"(max-width: 1024px) 100vw, (max-width: 640px) 100vw, 400px\" \/><\/a><\/span><\/div><div class=\"fusion-separator fusion-full-width-sep\" style=\"align-self: center;margin-left: auto;margin-right: auto;margin-top:5px;margin-bottom:5px;width:100%;\"><div class=\"fusion-separator-border sep-double sep-solid\" style=\"--awb-height:20px;--awb-amount:20px;border-color:var(--awb-color2);border-top-width:0px;border-bottom-width:0px;\"><\/div><\/div><div class=\"fusion-image-element \" style=\"--awb-caption-title-font-family:var(--h2_typography-font-family);--awb-caption-title-font-weight:var(--h2_typography-font-weight);--awb-caption-title-font-style:var(--h2_typography-font-style);--awb-caption-title-size:var(--h2_typography-font-size);--awb-caption-title-transform:var(--h2_typography-text-transform);--awb-caption-title-line-height:var(--h2_typography-line-height);--awb-caption-title-letter-spacing:var(--h2_typography-letter-spacing);\"><span class=\" fusion-imageframe imageframe-glow imageframe-2 hover-type-none\" style=\"border:5px solid #e5e5e5;-webkit-box-shadow: 0 0 3px var(--awb-color8);box-shadow: 0 0 3px var(--awb-color8);\"><a href=\"https:\/\/aphrodisias-excavations.com\/wp-content\/uploads\/2022\/07\/bluehorse2_800-600x450.jpeg\" class=\"fusion-lightbox\" data-rel=\"iLightbox[72c854c9479db5d53e0]\" data-caption=\"Mavi At\" data-title=\"Mavi At\" title=\"Mavi At\"><img decoding=\"async\" width=\"600\" height=\"450\" src=\"https:\/\/aphrodisias-excavations.com\/wp-content\/uploads\/2022\/07\/bluehorse2_800.jpeg\" data-orig-src=\"https:\/\/aphrodisias-excavations.com\/wp-content\/uploads\/2022\/07\/bluehorse2_800-600x450.jpeg\" alt class=\"lazyload img-responsive wp-image-7871\" srcset=\"data:image\/svg+xml,%3Csvg%20xmlns%3D%27http%3A%2F%2Fwww.w3.org%2F2000%2Fsvg%27%20width%3D%27800%27%20height%3D%27600%27%20viewBox%3D%270%200%20800%20600%27%3E%3Crect%20width%3D%27800%27%20height%3D%27600%27%20fill-opacity%3D%220%22%2F%3E%3C%2Fsvg%3E\" data-srcset=\"https:\/\/aphrodisias-excavations.com\/wp-content\/uploads\/2022\/07\/bluehorse2_800-200x150.jpeg 200w, https:\/\/aphrodisias-excavations.com\/wp-content\/uploads\/2022\/07\/bluehorse2_800-400x300.jpeg 400w, https:\/\/aphrodisias-excavations.com\/wp-content\/uploads\/2022\/07\/bluehorse2_800-600x450.jpeg 600w, https:\/\/aphrodisias-excavations.com\/wp-content\/uploads\/2022\/07\/bluehorse2_800.jpeg 800w\" data-sizes=\"auto\" data-orig-sizes=\"(max-width: 1024px) 100vw, (max-width: 640px) 100vw, 400px\" \/><\/a><\/span><\/div><\/div><\/div><div class=\"fusion-layout-column fusion_builder_column fusion-builder-column-3 fusion_builder_column_2_3 2_3 fusion-flex-column\" style=\"--awb-bg-size:cover;--awb-width-large:66.666666666667%;--awb-margin-top-large:0px;--awb-spacing-right-large:2.88%;--awb-margin-bottom-large:20px;--awb-spacing-left-large:0%;--awb-width-medium:100%;--awb-order-medium:0;--awb-spacing-right-medium:1.92%;--awb-spacing-left-medium:1.92%;--awb-width-small:100%;--awb-order-small:0;--awb-spacing-right-small:1.92%;--awb-spacing-left-small:1.92%;\"><div class=\"fusion-column-wrapper fusion-column-has-shadow fusion-flex-justify-content-flex-start fusion-content-layout-column\"><div class=\"fusion-separator fusion-full-width-sep\" style=\"align-self: center;margin-left: auto;margin-right: auto;margin-top:5px;margin-bottom:5px;width:100%;\"><div class=\"fusion-separator-border sep-double sep-solid\" style=\"--awb-height:20px;--awb-amount:20px;border-color:var(--awb-color2);border-top-width:0px;border-bottom-width:0px;\"><\/div><\/div><div class=\"fusion-text fusion-text-1\"><p style=\"text-align: justify; font-size: 16px;\" data-fusion-font=\"true\">Koyu mavi-gri mermerden yap\u0131lm\u0131\u015f d\u00f6rtnala ko\u015fan bu at 1970 y\u0131l\u0131nda Bazilika\u2019n\u0131n i\u00e7inde, kaidesinin kal\u0131nt\u0131lar\u0131 yan\u0131nda bulunmu\u015ftur. Bu heykel antik d\u00f6nemde restorasyon g\u00f6rm\u00fc\u015f olan cesur bir kompozisyondur. At\u0131n \u00fczerinde, k\u00fc\u00e7\u00fck demir i\u011fnelerle at\u0131n s\u0131rt\u0131na tutturulmu\u015f, kedigil derisi \u015feklinde alt\u0131n kaplama bronz bir e\u011ferin izleri g\u00f6r\u00fcl\u00fcr. At, kahraman gibi betimlenmi\u015f \u00e7\u0131plak bir gen\u00e7 taraf\u0131ndan s\u00fcr\u00fclmektedir. Beyaz mermerden yap\u0131lm\u0131\u015f bu gen\u00e7 erkek fig\u00fcr\u00fcn\u00fcn sadece tek bir bald\u0131r\u0131 g\u00fcn\u00fcm\u00fcze ula\u015fm\u0131\u015ft\u0131r. Kal\u00e7as\u0131ndaki kenet yerinden anla\u015f\u0131ld\u0131\u011f\u0131 \u00fczere bu kahraman gen\u00e7, attan d\u00fc\u015ferken betimlenmi\u015ftir.<\/p>\n<p style=\"text-align: justify;\"><span style=\"font-size: 16px;\" data-fusion-font=\"true\">Heykel, L \u015feklinde bir kaide \u00fczerine, Bazilika\u2019n\u0131n nefinden i\u00e7eriye do\u011fru bakacak \u015fekilde yerle\u015ftirilmi\u015ftir. Kaidenin alt taraf\u0131 Bazilika i\u00e7inde in-situ halde (\u00f6zg\u00fcn yerinde) durmaktad\u0131r. Kaidenin \u00fcst k\u0131sm\u0131 ise restore edilmi\u015ftir ve Afrodisias M\u00fczesi&#8217;nde at heykelinin alt\u0131nda sergilenmektedir. Kaidenin bu \u00fcst k\u0131sm\u0131 \u00fczerinde, at\u0131n yan\u0131nda duran fig\u00fcr\u00fcn yerle\u015ftirildi\u011fi yerde d\u00fcbel delikleri g\u00f6r\u00fclmektedir. Bu eser, <\/span><em><span style=\"font-size: 16px;\" data-fusion-font=\"true\">at, kahraman s\u00fcr\u00fcc\u00fcs\u00fc ve ayakta duran fig\u00fcrden olu\u015fan<\/span><\/em><span style=\"font-size: 16px;\" data-fusion-font=\"true\">\u00fc\u00e7 fig\u00fcrl\u00fc bir gruptur. Bu heykel grubunun konusu muhtemelen Troilos ve Akhilleus\u2019tur. Gen\u00e7 Troia prensi Troilos, Troia surlar\u0131 d\u0131\u015f\u0131ndaki bir \u00e7e\u015fmeye at \u00fcst\u00fcnde gitti\u011fi bir anda Akhilleus taraf\u0131ndan pusuya d\u00fc\u015f\u00fcr\u00fcl\u00fcp \u00f6ld\u00fcr\u00fclm\u00fc\u015ft\u00fcr. Eser, \u00fcnl\u00fc bir kompozisyon olan, Akhilleus\u2019un gen\u00e7 Troilos\u2019u d\u00f6rtnala ko\u015fan at\u0131 \u00fczerinden sa\u00e7\u0131ndan tutarak \u00e7ekti\u011fi an\u0131n tasviri olmal\u0131d\u0131r.<\/span><\/p>\n<p style=\"text-align: justify;\"><span style=\"font-size: 16px;\" data-fusion-font=\"true\">\u015eehrin kuzey surlar\u0131na yerle\u015ftirilmi\u015f, heykel kaidesine ait yaz\u0131l\u0131 bir blok tam da bu konuyu betimleyen an\u0131tsal bir heykelden s\u00f6z etmektedir: <\/span><em><span style=\"font-size: 16px;\" data-fusion-font=\"true\">Halk, Troilos, at ve Akhilleus\u2019u yerine dikti.<\/span><\/em><span style=\"font-size: 16px;\" data-fusion-font=\"true\">. Bu blok, Bazilika i\u00e7indeki kaideye uymamaktad\u0131r fakat birbirlerine yak\u0131n boyutlar\u0131, iki par\u00e7an\u0131n bir \u015fekilde ba\u011flant\u0131l\u0131 oldu\u011funu d\u00fc\u015f\u00fcnd\u00fcrmektedir. Mevcut kaide, MS 4. y\u00fczy\u0131l\u0131n ortalar\u0131nda Bazilika\u2019n\u0131n restore edildi\u011fi d\u00f6neme, heykelin ikinci defa sergilendi\u011fi zamanki haline aittir. At bu d\u00f6nemde kapsaml\u0131 bir restorasyondan ge\u00e7mi\u015ftir: \u00f6n bacaklar\u0131 ve yelesinin bir b\u00f6l\u00fcm\u00fc ba\u015fka bir mermer blo\u011fu kullan\u0131larak yeniden yontulmu\u015ftur. Bu durumda sur duvar\u0131nda ele ge\u00e7en yaz\u0131tl\u0131 blok ilk orijinal sergisinden olmal\u0131d\u0131r. Kamusal heykeller uzun \u00f6m\u00fcrl\u00fcyd\u00fc ve sergilenmek \u00fczere ba\u015fka yerlere g\u00f6t\u00fcr\u00fclebiliyordu. Bu heykel, antik heykeller aras\u0131nda b\u00fcy\u00fck boyutlu, mermerden yap\u0131lm\u0131\u015f, d\u00f6rtnala ko\u015fan bir at\u0131 temsil eden tek eserdir. Ayr\u0131ca at\u0131n burnundan kuyru\u011funa kadar tek par\u00e7a halinde yontulmu\u015f gibi g\u00f6r\u00fcnmektedir. <\/span><\/p>\n<\/div><div class=\"fusion-text fusion-text-2\"><p style=\"text-align: justify; font-size: 16px; line-height: 27.52px;\" data-fusion-font=\"true\">Buluntu Yeri: <a href=\"https:\/\/aphrodisias-excavations.com\/tr\/bazilika\/\">Bazilika<\/a><\/p>\n<\/div><\/div><\/div><\/div><\/div><\/p>\n","protected":false},"excerpt":{"rendered":"","protected":false},"author":1,"featured_media":0,"parent":0,"menu_order":0,"comment_status":"closed","ping_status":"closed","template":"100-width.php","meta":{"_coblocks_attr":"","_coblocks_dimensions":"","_coblocks_responsive_height":"","_coblocks_accordion_ie_support":"","footnotes":""},"class_list":["post-7447","page","type-page","status-publish","hentry"],"_links":{"self":[{"href":"https:\/\/aphrodisias-excavations.com\/tr\/wp-json\/wp\/v2\/pages\/7447","targetHints":{"allow":["GET"]}}],"collection":[{"href":"https:\/\/aphrodisias-excavations.com\/tr\/wp-json\/wp\/v2\/pages"}],"about":[{"href":"https:\/\/aphrodisias-excavations.com\/tr\/wp-json\/wp\/v2\/types\/page"}],"author":[{"embeddable":true,"href":"https:\/\/aphrodisias-excavations.com\/tr\/wp-json\/wp\/v2\/users\/1"}],"replies":[{"embeddable":true,"href":"https:\/\/aphrodisias-excavations.com\/tr\/wp-json\/wp\/v2\/comments?post=7447"}],"version-history":[{"count":7,"href":"https:\/\/aphrodisias-excavations.com\/tr\/wp-json\/wp\/v2\/pages\/7447\/revisions"}],"predecessor-version":[{"id":8901,"href":"https:\/\/aphrodisias-excavations.com\/tr\/wp-json\/wp\/v2\/pages\/7447\/revisions\/8901"}],"wp:attachment":[{"href":"https:\/\/aphrodisias-excavations.com\/tr\/wp-json\/wp\/v2\/media?parent=7447"}],"curies":[{"name":"wp","href":"https:\/\/api.w.org\/{rel}","templated":true}]}}