{"id":7414,"date":"2022-07-23T15:41:11","date_gmt":"2022-07-23T12:41:11","guid":{"rendered":"https:\/\/aphrodisias-excavations.com\/agora-kapisi\/"},"modified":"2024-08-29T16:40:16","modified_gmt":"2024-08-29T13:40:16","slug":"diogenespropylonu","status":"publish","type":"page","link":"https:\/\/aphrodisias-excavations.com\/tr\/diogenespropylonu\/","title":{"rendered":"Diogenes Propylonu"},"content":{"rendered":"<p><div class=\"fusion-fullwidth fullwidth-box fusion-builder-row-1 fusion-flex-container nonhundred-percent-fullwidth non-hundred-percent-height-scrolling fusion-animated\" style=\"--awb-border-radius-top-left:0px;--awb-border-radius-top-right:0px;--awb-border-radius-bottom-right:0px;--awb-border-radius-bottom-left:0px;--awb-margin-bottom:0px;--awb-margin-bottom-medium:80px;--awb-margin-bottom-small:60px;--awb-flex-wrap:wrap;\" data-animationType=\"fadeInUp\" data-animationDuration=\"1.3\" data-animationOffset=\"top-into-view\" ><div class=\"fusion-builder-row fusion-row fusion-flex-align-items-center fusion-flex-content-wrap\" style=\"max-width:1216.8px;margin-left: calc(-4% \/ 2 );margin-right: calc(-4% \/ 2 );\"><div class=\"fusion-layout-column fusion_builder_column fusion-builder-column-0 fusion_builder_column_1_1 1_1 fusion-flex-column\" style=\"--awb-bg-blend:overlay;--awb-bg-size:cover;--awb-width-large:100%;--awb-margin-top-large:0px;--awb-spacing-right-large:1.92%;--awb-margin-bottom-large:0px;--awb-spacing-left-large:1.92%;--awb-width-medium:40%;--awb-spacing-right-medium:4.8%;--awb-spacing-left-medium:4.8%;--awb-width-small:100%;--awb-spacing-right-small:1.92%;--awb-margin-bottom-small:15px;--awb-spacing-left-small:1.92%;\"><div class=\"fusion-column-wrapper fusion-flex-justify-content-flex-start fusion-content-layout-column\"><div class=\"fusion-title title fusion-title-1 fusion-title-text fusion-title-size-two\" style=\"--awb-margin-bottom:0px;--awb-margin-top-small:0px;--awb-margin-bottom-small:20px;--awb-font-size:37px;\"><div class=\"title-sep-container title-sep-container-left fusion-no-large-visibility fusion-no-medium-visibility fusion-no-small-visibility\"><div class=\"title-sep sep- sep-solid\" style=\"border-color:var(--awb-color3);\"><\/div><\/div><span class=\"awb-title-spacer fusion-no-large-visibility fusion-no-medium-visibility fusion-no-small-visibility\"><\/span><h2 class=\"fusion-title-heading title-heading-left fusion-responsive-typography-calculated\" style=\"margin:0;text-transform:capitalize;font-size:1em;--fontSize:37;line-height:1.35;\"><h2><strong>Diogenes Propylonu<\/strong><\/h2><\/h2><span class=\"awb-title-spacer\"><\/span><div class=\"title-sep-container title-sep-container-right\"><div class=\"title-sep sep- sep-solid\" style=\"border-color:var(--awb-color3);\"><\/div><\/div><\/div><\/div><\/div><\/div><\/div><div class=\"fusion-fullwidth fullwidth-box fusion-builder-row-2 fusion-flex-container has-pattern-background has-mask-background nonhundred-percent-fullwidth non-hundred-percent-height-scrolling\" style=\"--awb-border-radius-top-left:0px;--awb-border-radius-top-right:0px;--awb-border-radius-bottom-right:0px;--awb-border-radius-bottom-left:0px;--awb-flex-wrap:wrap;\" ><div class=\"fusion-builder-row fusion-row fusion-flex-align-items-flex-start fusion-flex-content-wrap\" style=\"max-width:1216.8px;margin-left: calc(-4% \/ 2 );margin-right: calc(-4% \/ 2 );\"><div class=\"fusion-layout-column fusion_builder_column fusion-builder-column-1 fusion_builder_column_1_1 1_1 fusion-flex-column\" style=\"--awb-bg-size:cover;--awb-width-large:100%;--awb-margin-top-large:0px;--awb-spacing-right-large:1.92%;--awb-margin-bottom-large:20px;--awb-spacing-left-large:1.92%;--awb-width-medium:100%;--awb-order-medium:0;--awb-spacing-right-medium:1.92%;--awb-spacing-left-medium:1.92%;--awb-width-small:100%;--awb-order-small:0;--awb-spacing-right-small:1.92%;--awb-spacing-left-small:1.92%;\"><div class=\"fusion-column-wrapper fusion-column-has-shadow fusion-flex-justify-content-flex-start fusion-content-layout-column\"><div class=\"fusion-separator fusion-full-width-sep\" style=\"align-self: center;margin-left: auto;margin-right: auto;margin-top:0px;margin-bottom:0px;width:100%;\"><div class=\"fusion-separator-border sep-single sep-solid\" style=\"--awb-height:20px;--awb-amount:20px;border-color:var(--awb-color2);border-top-width:2px;\"><\/div><\/div><\/div><\/div><\/div><\/div><div class=\"fusion-fullwidth fullwidth-box fusion-builder-row-3 fusion-flex-container has-pattern-background has-mask-background nonhundred-percent-fullwidth non-hundred-percent-height-scrolling\" style=\"--awb-border-radius-top-left:0px;--awb-border-radius-top-right:0px;--awb-border-radius-bottom-right:0px;--awb-border-radius-bottom-left:0px;--awb-flex-wrap:wrap;\" ><div class=\"fusion-builder-row fusion-row fusion-flex-align-items-flex-start fusion-flex-content-wrap\" style=\"max-width:1216.8px;margin-left: calc(-4% \/ 2 );margin-right: calc(-4% \/ 2 );\"><div class=\"fusion-layout-column fusion_builder_column fusion-builder-column-2 fusion_builder_column_1_3 1_3 fusion-flex-column\" style=\"--awb-padding-right:22px;--awb-bg-size:cover;--awb-width-large:33.333333333333%;--awb-margin-top-large:23px;--awb-spacing-right-large:5.184%;--awb-margin-bottom-large:20px;--awb-spacing-left-large:5.76%;--awb-width-medium:100%;--awb-order-medium:0;--awb-spacing-right-medium:1.92%;--awb-spacing-left-medium:1.92%;--awb-width-small:100%;--awb-order-small:0;--awb-spacing-right-small:1.92%;--awb-spacing-left-small:1.92%;\"><div class=\"fusion-column-wrapper fusion-column-has-shadow fusion-flex-justify-content-flex-start fusion-content-layout-column\"><div class=\"fusion-image-element \" style=\"--awb-caption-title-font-family:var(--h2_typography-font-family);--awb-caption-title-font-weight:var(--h2_typography-font-weight);--awb-caption-title-font-style:var(--h2_typography-font-style);--awb-caption-title-size:var(--h2_typography-font-size);--awb-caption-title-transform:var(--h2_typography-text-transform);--awb-caption-title-line-height:var(--h2_typography-line-height);--awb-caption-title-letter-spacing:var(--h2_typography-letter-spacing);\"><span class=\" fusion-imageframe imageframe-glow imageframe-1 hover-type-none\" style=\"border:5px solid #e5e5e5;-webkit-box-shadow: 0 0 3px var(--awb-color8);box-shadow: 0 0 3px var(--awb-color8);\"><a href=\"https:\/\/aphrodisias-excavations.com\/wp-content\/uploads\/2022\/07\/agora_800-1-600x297.jpeg\" class=\"fusion-lightbox\" data-rel=\"iLightbox[cea34c8a41bbbf4493d]\" data-caption=\"Agora Gate\" data-title=\"Agora Gate\" title=\"Agora Gate\"><img decoding=\"async\" width=\"600\" height=\"297\" alt=\"Gaudin \u00c7e\u015fmesi\u2019nde Anastylosis \u00c7al\u0131\u015fmalar\u0131\" src=\"https:\/\/aphrodisias-excavations.com\/wp-content\/uploads\/2022\/07\/agora_800-1.jpeg\" data-orig-src=\"https:\/\/aphrodisias-excavations.com\/wp-content\/uploads\/2022\/07\/agora_800-1-600x297.jpeg\" class=\"lazyload img-responsive wp-image-6186\" srcset=\"data:image\/svg+xml,%3Csvg%20xmlns%3D%27http%3A%2F%2Fwww.w3.org%2F2000%2Fsvg%27%20width%3D%27800%27%20height%3D%27396%27%20viewBox%3D%270%200%20800%20396%27%3E%3Crect%20width%3D%27800%27%20height%3D%27396%27%20fill-opacity%3D%220%22%2F%3E%3C%2Fsvg%3E\" data-srcset=\"https:\/\/aphrodisias-excavations.com\/wp-content\/uploads\/2022\/07\/agora_800-1-200x99.jpeg 200w, https:\/\/aphrodisias-excavations.com\/wp-content\/uploads\/2022\/07\/agora_800-1-400x198.jpeg 400w, https:\/\/aphrodisias-excavations.com\/wp-content\/uploads\/2022\/07\/agora_800-1-600x297.jpeg 600w, https:\/\/aphrodisias-excavations.com\/wp-content\/uploads\/2022\/07\/agora_800-1.jpeg 800w\" data-sizes=\"auto\" data-orig-sizes=\"(max-width: 1024px) 100vw, (max-width: 640px) 100vw, 400px\" \/><\/a><\/span><\/div><div class=\"fusion-separator fusion-full-width-sep\" style=\"align-self: center;margin-left: auto;margin-right: auto;margin-top:5px;margin-bottom:5px;width:100%;\"><div class=\"fusion-separator-border sep-double sep-solid\" style=\"--awb-height:20px;--awb-amount:20px;border-color:var(--awb-color2);border-top-width:0px;border-bottom-width:0px;\"><\/div><\/div><div class=\"fusion-image-element \" style=\"--awb-caption-title-font-family:var(--h2_typography-font-family);--awb-caption-title-font-weight:var(--h2_typography-font-weight);--awb-caption-title-font-style:var(--h2_typography-font-style);--awb-caption-title-size:var(--h2_typography-font-size);--awb-caption-title-transform:var(--h2_typography-text-transform);--awb-caption-title-line-height:var(--h2_typography-line-height);--awb-caption-title-letter-spacing:var(--h2_typography-letter-spacing);\"><span class=\" fusion-imageframe imageframe-glow imageframe-2 hover-type-none\" style=\"border:5px solid #e5e5e5;-webkit-box-shadow: 0 0 3px var(--awb-color8);box-shadow: 0 0 3px var(--awb-color8);\"><a href=\"https:\/\/aphrodisias-excavations.com\/wp-content\/uploads\/2022\/07\/agora2_800.jpeg\" class=\"fusion-lightbox\" data-rel=\"iLightbox[a04c668623434ecea92]\" data-caption=\"Agora Kap\u0131s\u0131\" data-title=\"Agora Kap\u0131s\u0131\" title=\"Agora Kap\u0131s\u0131\"><img decoding=\"async\" width=\"400\" height=\"267\" alt=\"Aphrodite Tap\u0131na\u011f\u0131\" src=\"https:\/\/aphrodisias-excavations.com\/wp-content\/uploads\/2022\/07\/agora2_800.jpeg\" data-orig-src=\"https:\/\/aphrodisias-excavations.com\/wp-content\/uploads\/2022\/07\/agora2_800-400x267.jpeg\" class=\"lazyload img-responsive wp-image-7836\" srcset=\"data:image\/svg+xml,%3Csvg%20xmlns%3D%27http%3A%2F%2Fwww.w3.org%2F2000%2Fsvg%27%20width%3D%27800%27%20height%3D%27533%27%20viewBox%3D%270%200%20800%20533%27%3E%3Crect%20width%3D%27800%27%20height%3D%27533%27%20fill-opacity%3D%220%22%2F%3E%3C%2Fsvg%3E\" data-srcset=\"https:\/\/aphrodisias-excavations.com\/wp-content\/uploads\/2022\/07\/agora2_800-200x133.jpeg 200w, https:\/\/aphrodisias-excavations.com\/wp-content\/uploads\/2022\/07\/agora2_800-400x267.jpeg 400w, https:\/\/aphrodisias-excavations.com\/wp-content\/uploads\/2022\/07\/agora2_800-600x400.jpeg 600w, https:\/\/aphrodisias-excavations.com\/wp-content\/uploads\/2022\/07\/agora2_800.jpeg 800w\" data-sizes=\"auto\" data-orig-sizes=\"(max-width: 1024px) 100vw, (max-width: 640px) 100vw, 400px\" \/><\/a><\/span><\/div><\/div><\/div><div class=\"fusion-layout-column fusion_builder_column fusion-builder-column-3 fusion_builder_column_2_3 2_3 fusion-flex-column\" style=\"--awb-bg-size:cover;--awb-width-large:66.666666666667%;--awb-margin-top-large:0px;--awb-spacing-right-large:2.88%;--awb-margin-bottom-large:20px;--awb-spacing-left-large:0%;--awb-width-medium:100%;--awb-order-medium:0;--awb-spacing-right-medium:1.92%;--awb-spacing-left-medium:1.92%;--awb-width-small:100%;--awb-order-small:0;--awb-spacing-right-small:1.92%;--awb-spacing-left-small:1.92%;\"><div class=\"fusion-column-wrapper fusion-column-has-shadow fusion-flex-justify-content-flex-start fusion-content-layout-column\"><div class=\"fusion-separator fusion-full-width-sep\" style=\"align-self: center;margin-left: auto;margin-right: auto;margin-top:5px;margin-bottom:5px;width:100%;\"><div class=\"fusion-separator-border sep-double sep-solid\" style=\"--awb-height:20px;--awb-amount:20px;border-color:var(--awb-color2);border-top-width:0px;border-bottom-width:0px;\"><\/div><\/div><div class=\"fusion-text fusion-text-1\"><p style=\"text-align: justify; font-size: 16px;\" data-fusion-font=\"true\">Diogenes Propylonu, Kent Park\u0131&#8217;n\u0131n do\u011fu ucununa konumland\u0131r\u0131lm\u0131\u015f devasa s\u00fctunlu bir cepheydi. Menandros o\u011flu Gen\u00e7 Diogenes&#8217;in ailesi hakk\u0131nda yap\u0131lan son ara\u015ft\u0131rmalar, yap\u0131n\u0131n MS 1. y\u00fczy\u0131l\u0131n sonlar\u0131nda in\u015fa edildi\u011fini ortaya koymu\u015ftur.<\/p>\n<p style=\"text-align: justify;\"><span style=\"font-size: 16px;\" data-fusion-font=\"true\">Yap\u0131 sekiz kanatl\u0131, iki katl\u0131 s\u00fctunlu bir yap\u0131dan olu\u015fuyordu. <\/span><em><span style=\"font-size: 16px;\" data-fusion-font=\"true\">scaenae frons<\/span><\/em><span style=\"font-size: 16px;\" data-fusion-font=\"true\"> (sahne \u00f6n\u00fc) iki ki\u015fi taraf\u0131ndan \u00e7er\u00e7evelenmi\u015f <\/span><em><span style=\"font-size: 16px;\" data-fusion-font=\"true\">pyrgoi<\/span><\/em><span style=\"font-size: 16px;\" data-fusion-font=\"true\"> Kulelerin alt\u0131nda be\u015fik tonozlu giri\u015f t\u00fcnelleri bulunuyordu. Bu cephede imparatorlar\u0131 ve yerel hay\u0131rseverleri temsil eden portre heykellerden olu\u015fan b\u00fcy\u00fck bir sergi vard\u0131. MS 6. y\u00fczy\u0131lda, cephenin \u00f6n\u00fcnde, bilinmeyen bir 2. y\u00fczy\u0131l yap\u0131s\u0131ndan al\u0131nm\u0131\u015f mitolojik konular i\u00e7eren dikkat \u00e7ekici bir dizi korkuluk kabartmas\u0131 da dahil olmak \u00fczere, yeniden kullan\u0131lan malzemeden derin bir havuz veya nymphaeum in\u015fa edilmi\u015ftir.<\/span><\/p>\n<\/div><div class=\"fusion-image-element \" style=\"--awb-caption-title-font-family:var(--h2_typography-font-family);--awb-caption-title-font-weight:var(--h2_typography-font-weight);--awb-caption-title-font-style:var(--h2_typography-font-style);--awb-caption-title-size:var(--h2_typography-font-size);--awb-caption-title-transform:var(--h2_typography-text-transform);--awb-caption-title-line-height:var(--h2_typography-line-height);--awb-caption-title-letter-spacing:var(--h2_typography-letter-spacing);\"><span class=\" fusion-imageframe imageframe-none imageframe-3 hover-type-none\"><img decoding=\"async\" width=\"800\" height=\"332\" title=\"Agora Gate Reconstruction\" src=\"https:\/\/aphrodisias-excavations.com\/wp-content\/uploads\/2022\/07\/agoragatereconst_800.jpeg\" data-orig-src=\"https:\/\/aphrodisias-excavations.com\/wp-content\/uploads\/2022\/07\/agoragatereconst_800.jpeg\" alt class=\"lazyload img-responsive wp-image-6191\" srcset=\"data:image\/svg+xml,%3Csvg%20xmlns%3D%27http%3A%2F%2Fwww.w3.org%2F2000%2Fsvg%27%20width%3D%27800%27%20height%3D%27332%27%20viewBox%3D%270%200%20800%20332%27%3E%3Crect%20width%3D%27800%27%20height%3D%27332%27%20fill-opacity%3D%220%22%2F%3E%3C%2Fsvg%3E\" data-srcset=\"https:\/\/aphrodisias-excavations.com\/wp-content\/uploads\/2022\/07\/agoragatereconst_800-200x83.jpeg 200w, https:\/\/aphrodisias-excavations.com\/wp-content\/uploads\/2022\/07\/agoragatereconst_800-400x166.jpeg 400w, https:\/\/aphrodisias-excavations.com\/wp-content\/uploads\/2022\/07\/agoragatereconst_800-600x249.jpeg 600w, https:\/\/aphrodisias-excavations.com\/wp-content\/uploads\/2022\/07\/agoragatereconst_800.jpeg 800w\" data-sizes=\"auto\" data-orig-sizes=\"(max-width: 1024px) 100vw, (max-width: 640px) 100vw, 800px\" \/><\/span><\/div><div class=\"fusion-separator fusion-full-width-sep\" style=\"align-self: center;margin-left: auto;margin-right: auto;margin-top:5px;margin-bottom:5px;width:100%;\"><div class=\"fusion-separator-border sep-double sep-solid\" style=\"--awb-height:20px;--awb-amount:20px;border-color:var(--awb-color2);border-top-width:0px;border-bottom-width:0px;\"><\/div><\/div><div class=\"fusion-text fusion-text-2\"><p style=\"text-align: justify; font-size: 16px; line-height: 27.52px;\" data-fusion-font=\"true\">Buluntular: <a href=\"https:\/\/aphrodisias-excavations.com\/tr\/diogenespropylonu-kabartmalari\/\">Diogenes Propylonu kabartmalar\u0131<\/a><\/p>\n<\/div><\/div><\/div><\/div><\/div><\/p>\n","protected":false},"excerpt":{"rendered":"","protected":false},"author":1,"featured_media":0,"parent":0,"menu_order":0,"comment_status":"closed","ping_status":"closed","template":"100-width.php","meta":{"_coblocks_attr":"","_coblocks_dimensions":"","_coblocks_responsive_height":"","_coblocks_accordion_ie_support":"","footnotes":""},"class_list":["post-7414","page","type-page","status-publish","hentry"],"_links":{"self":[{"href":"https:\/\/aphrodisias-excavations.com\/tr\/wp-json\/wp\/v2\/pages\/7414","targetHints":{"allow":["GET"]}}],"collection":[{"href":"https:\/\/aphrodisias-excavations.com\/tr\/wp-json\/wp\/v2\/pages"}],"about":[{"href":"https:\/\/aphrodisias-excavations.com\/tr\/wp-json\/wp\/v2\/types\/page"}],"author":[{"embeddable":true,"href":"https:\/\/aphrodisias-excavations.com\/tr\/wp-json\/wp\/v2\/users\/1"}],"replies":[{"embeddable":true,"href":"https:\/\/aphrodisias-excavations.com\/tr\/wp-json\/wp\/v2\/comments?post=7414"}],"version-history":[{"count":13,"href":"https:\/\/aphrodisias-excavations.com\/tr\/wp-json\/wp\/v2\/pages\/7414\/revisions"}],"predecessor-version":[{"id":9247,"href":"https:\/\/aphrodisias-excavations.com\/tr\/wp-json\/wp\/v2\/pages\/7414\/revisions\/9247"}],"wp:attachment":[{"href":"https:\/\/aphrodisias-excavations.com\/tr\/wp-json\/wp\/v2\/media?parent=7414"}],"curies":[{"name":"wp","href":"https:\/\/api.w.org\/{rel}","templated":true}]}}