{"id":7405,"date":"2022-08-26T16:08:40","date_gmt":"2022-08-26T13:08:40","guid":{"rendered":"https:\/\/aphrodisias-excavations.com\/hakkimizda\/"},"modified":"2024-08-01T11:25:28","modified_gmt":"2024-08-01T08:25:28","slug":"hakkimizda","status":"publish","type":"page","link":"https:\/\/aphrodisias-excavations.com\/tr\/hakkimizda\/","title":{"rendered":"Hakk\u0131m\u0131zda"},"content":{"rendered":"<p><div class=\"fusion-fullwidth fullwidth-box fusion-builder-row-1 fusion-flex-container nonhundred-percent-fullwidth non-hundred-percent-height-scrolling fusion-animated\" style=\"--awb-border-radius-top-left:0px;--awb-border-radius-top-right:0px;--awb-border-radius-bottom-right:0px;--awb-border-radius-bottom-left:0px;--awb-margin-bottom:0px;--awb-margin-bottom-medium:80px;--awb-margin-bottom-small:60px;--awb-flex-wrap:wrap;\" data-animationType=\"fadeInUp\" data-animationDuration=\"1.3\" data-animationOffset=\"top-into-view\" ><div class=\"fusion-builder-row fusion-row fusion-flex-align-items-center fusion-flex-content-wrap\" style=\"max-width:1216.8px;margin-left: calc(-4% \/ 2 );margin-right: calc(-4% \/ 2 );\"><div class=\"fusion-layout-column fusion_builder_column fusion-builder-column-0 fusion_builder_column_1_1 1_1 fusion-flex-column\" style=\"--awb-bg-blend:overlay;--awb-bg-size:cover;--awb-width-large:100%;--awb-margin-top-large:0px;--awb-spacing-right-large:1.92%;--awb-margin-bottom-large:0px;--awb-spacing-left-large:1.92%;--awb-width-medium:40%;--awb-spacing-right-medium:4.8%;--awb-spacing-left-medium:4.8%;--awb-width-small:100%;--awb-spacing-right-small:1.92%;--awb-margin-bottom-small:15px;--awb-spacing-left-small:1.92%;\"><div class=\"fusion-column-wrapper fusion-flex-justify-content-flex-start fusion-content-layout-column\"><div class=\"fusion-title title fusion-title-1 fusion-title-text fusion-title-size-two\" style=\"--awb-margin-bottom:0px;--awb-margin-top-small:0px;--awb-margin-bottom-small:20px;--awb-font-size:37px;\"><div class=\"title-sep-container title-sep-container-left fusion-no-large-visibility fusion-no-medium-visibility fusion-no-small-visibility\"><div class=\"title-sep sep- sep-solid\" style=\"border-color:var(--awb-color3);\"><\/div><\/div><span class=\"awb-title-spacer fusion-no-large-visibility fusion-no-medium-visibility fusion-no-small-visibility\"><\/span><h2 class=\"fusion-title-heading title-heading-left fusion-responsive-typography-calculated\" style=\"margin:0;text-transform:capitalize;font-size:1em;--fontSize:37;line-height:1.35;\"><h2><strong>Aphrodisias Projesi<\/strong><\/h2><\/h2><span class=\"awb-title-spacer\"><\/span><div class=\"title-sep-container title-sep-container-right\"><div class=\"title-sep sep- sep-solid\" style=\"border-color:var(--awb-color3);\"><\/div><\/div><\/div><\/div><\/div><\/div><\/div><div class=\"fusion-fullwidth fullwidth-box fusion-builder-row-2 fusion-flex-container has-pattern-background has-mask-background nonhundred-percent-fullwidth non-hundred-percent-height-scrolling\" style=\"--awb-border-radius-top-left:0px;--awb-border-radius-top-right:0px;--awb-border-radius-bottom-right:0px;--awb-border-radius-bottom-left:0px;--awb-flex-wrap:wrap;\" ><div class=\"fusion-builder-row fusion-row fusion-flex-align-items-flex-start fusion-flex-content-wrap\" style=\"max-width:1216.8px;margin-left: calc(-4% \/ 2 );margin-right: calc(-4% \/ 2 );\"><div class=\"fusion-layout-column fusion_builder_column fusion-builder-column-1 fusion_builder_column_1_1 1_1 fusion-flex-column\" style=\"--awb-bg-size:cover;--awb-width-large:100%;--awb-margin-top-large:0px;--awb-spacing-right-large:1.92%;--awb-margin-bottom-large:20px;--awb-spacing-left-large:1.92%;--awb-width-medium:100%;--awb-order-medium:0;--awb-spacing-right-medium:1.92%;--awb-spacing-left-medium:1.92%;--awb-width-small:100%;--awb-order-small:0;--awb-spacing-right-small:1.92%;--awb-spacing-left-small:1.92%;\"><div class=\"fusion-column-wrapper fusion-column-has-shadow fusion-flex-justify-content-flex-start fusion-content-layout-column\"><div class=\"fusion-separator fusion-full-width-sep\" style=\"align-self: center;margin-left: auto;margin-right: auto;margin-top:0px;margin-bottom:0px;width:100%;\"><div class=\"fusion-separator-border sep-single sep-solid\" style=\"--awb-height:20px;--awb-amount:20px;border-color:var(--awb-color2);border-top-width:2px;\"><\/div><\/div><\/div><\/div><\/div><\/div><div class=\"fusion-fullwidth fullwidth-box fusion-builder-row-3 fusion-flex-container has-pattern-background has-mask-background nonhundred-percent-fullwidth non-hundred-percent-height-scrolling\" style=\"--awb-border-radius-top-left:0px;--awb-border-radius-top-right:0px;--awb-border-radius-bottom-right:0px;--awb-border-radius-bottom-left:0px;--awb-flex-wrap:wrap;\" ><div class=\"fusion-builder-row fusion-row fusion-flex-align-items-flex-start fusion-flex-content-wrap\" style=\"max-width:1216.8px;margin-left: calc(-4% \/ 2 );margin-right: calc(-4% \/ 2 );\"><div class=\"fusion-layout-column fusion_builder_column fusion-builder-column-2 fusion_builder_column_1_3 1_3 fusion-flex-column\" style=\"--awb-padding-right:22px;--awb-bg-size:cover;--awb-width-large:33.333333333333%;--awb-margin-top-large:0px;--awb-spacing-right-large:5.184%;--awb-margin-bottom-large:20px;--awb-spacing-left-large:5.76%;--awb-width-medium:100%;--awb-order-medium:0;--awb-spacing-right-medium:1.92%;--awb-spacing-left-medium:1.92%;--awb-width-small:100%;--awb-order-small:0;--awb-spacing-right-small:1.92%;--awb-spacing-left-small:1.92%;\"><div class=\"fusion-column-wrapper fusion-column-has-shadow fusion-flex-justify-content-flex-start fusion-content-layout-column\"><div class=\"fusion-image-element \" style=\"--awb-caption-title-font-family:var(--h2_typography-font-family);--awb-caption-title-font-weight:var(--h2_typography-font-weight);--awb-caption-title-font-style:var(--h2_typography-font-style);--awb-caption-title-size:var(--h2_typography-font-size);--awb-caption-title-transform:var(--h2_typography-text-transform);--awb-caption-title-line-height:var(--h2_typography-line-height);--awb-caption-title-letter-spacing:var(--h2_typography-letter-spacing);\"><span class=\" fusion-imageframe imageframe-glow imageframe-1 hover-type-none\" style=\"border:5px solid #e5e5e5;-webkit-box-shadow: 0 0 3px var(--awb-color8);box-shadow: 0 0 3px var(--awb-color8);\"><a href=\"https:\/\/aphrodisias-excavations.com\/wp-content\/uploads\/2022\/07\/Gaudins-Fountain-anastylosis_800.jpeg\" class=\"fusion-lightbox\" data-rel=\"iLightbox[8bf16e2bc5ea6412a04]\" data-caption=\"Gaudin&#039;s Fountain Anastylosis\" data-title=\"Gaudin&#8217;s Fountain Anastylosis\" title=\"Gaudin&#8217;s Fountain Anastylosis\"><img decoding=\"async\" width=\"400\" height=\"265\" alt=\"Gaudin \u00c7e\u015fmesi\u2019nde Anastylosis \u00c7al\u0131\u015fmalar\u0131\" src=\"https:\/\/aphrodisias-excavations.com\/wp-content\/uploads\/2022\/07\/Gaudins-Fountain-anastylosis_800.jpeg\" data-orig-src=\"https:\/\/aphrodisias-excavations.com\/wp-content\/uploads\/2022\/07\/Gaudins-Fountain-anastylosis_800-400x265.jpeg\" class=\"lazyload img-responsive wp-image-5905\" srcset=\"data:image\/svg+xml,%3Csvg%20xmlns%3D%27http%3A%2F%2Fwww.w3.org%2F2000%2Fsvg%27%20width%3D%27800%27%20height%3D%27530%27%20viewBox%3D%270%200%20800%20530%27%3E%3Crect%20width%3D%27800%27%20height%3D%27530%27%20fill-opacity%3D%220%22%2F%3E%3C%2Fsvg%3E\" data-srcset=\"https:\/\/aphrodisias-excavations.com\/wp-content\/uploads\/2022\/07\/Gaudins-Fountain-anastylosis_800-200x133.jpeg 200w, https:\/\/aphrodisias-excavations.com\/wp-content\/uploads\/2022\/07\/Gaudins-Fountain-anastylosis_800-400x265.jpeg 400w, https:\/\/aphrodisias-excavations.com\/wp-content\/uploads\/2022\/07\/Gaudins-Fountain-anastylosis_800-600x398.jpeg 600w, https:\/\/aphrodisias-excavations.com\/wp-content\/uploads\/2022\/07\/Gaudins-Fountain-anastylosis_800.jpeg 800w\" data-sizes=\"auto\" data-orig-sizes=\"(max-width: 1024px) 100vw, (max-width: 640px) 100vw, 400px\" \/><\/a><\/span><\/div><div class=\"fusion-separator fusion-full-width-sep\" style=\"align-self: center;margin-left: auto;margin-right: auto;margin-top:5px;margin-bottom:5px;width:100%;\"><div class=\"fusion-separator-border sep-double sep-solid\" style=\"--awb-height:20px;--awb-amount:20px;border-color:var(--awb-color2);border-top-width:0px;border-bottom-width:0px;\"><\/div><\/div><div class=\"fusion-image-element \" style=\"--awb-caption-title-font-family:var(--h2_typography-font-family);--awb-caption-title-font-weight:var(--h2_typography-font-weight);--awb-caption-title-font-style:var(--h2_typography-font-style);--awb-caption-title-size:var(--h2_typography-font-size);--awb-caption-title-transform:var(--h2_typography-text-transform);--awb-caption-title-line-height:var(--h2_typography-line-height);--awb-caption-title-letter-spacing:var(--h2_typography-letter-spacing);\"><span class=\" fusion-imageframe imageframe-glow imageframe-2 hover-type-none\" style=\"border:5px solid #e5e5e5;-webkit-box-shadow: 0 0 3px var(--awb-color8);box-shadow: 0 0 3px var(--awb-color8);\"><a href=\"https:\/\/aphrodisias-excavations.com\/wp-content\/uploads\/2022\/07\/Temple-of-Aphrodite_800.jpeg\" class=\"fusion-lightbox\" data-rel=\"iLightbox[59dcffd586a606d71cf]\" data-caption=\"Aphrodite Tap\u0131na\u011f\u0131\" data-title=\"Aphrodite Tap\u0131na\u011f\u0131\" title=\"Aphrodite Tap\u0131na\u011f\u0131\"><img decoding=\"async\" width=\"400\" height=\"300\" alt=\"Aphrodite Tap\u0131na\u011f\u0131\" src=\"https:\/\/aphrodisias-excavations.com\/wp-content\/uploads\/2022\/07\/Temple-of-Aphrodite_800.jpeg\" data-orig-src=\"https:\/\/aphrodisias-excavations.com\/wp-content\/uploads\/2022\/07\/Temple-of-Aphrodite_800-400x300.jpeg\" class=\"lazyload img-responsive wp-image-7819\" srcset=\"data:image\/svg+xml,%3Csvg%20xmlns%3D%27http%3A%2F%2Fwww.w3.org%2F2000%2Fsvg%27%20width%3D%27800%27%20height%3D%27600%27%20viewBox%3D%270%200%20800%20600%27%3E%3Crect%20width%3D%27800%27%20height%3D%27600%27%20fill-opacity%3D%220%22%2F%3E%3C%2Fsvg%3E\" data-srcset=\"https:\/\/aphrodisias-excavations.com\/wp-content\/uploads\/2022\/07\/Temple-of-Aphrodite_800-200x150.jpeg 200w, https:\/\/aphrodisias-excavations.com\/wp-content\/uploads\/2022\/07\/Temple-of-Aphrodite_800-400x300.jpeg 400w, https:\/\/aphrodisias-excavations.com\/wp-content\/uploads\/2022\/07\/Temple-of-Aphrodite_800-600x450.jpeg 600w, https:\/\/aphrodisias-excavations.com\/wp-content\/uploads\/2022\/07\/Temple-of-Aphrodite_800.jpeg 800w\" data-sizes=\"auto\" data-orig-sizes=\"(max-width: 1024px) 100vw, (max-width: 640px) 100vw, 400px\" \/><\/a><\/span><\/div><div class=\"fusion-separator fusion-full-width-sep\" style=\"align-self: center;margin-left: auto;margin-right: auto;margin-top:5px;margin-bottom:5px;width:100%;\"><div class=\"fusion-separator-border sep-double sep-solid\" style=\"--awb-height:20px;--awb-amount:20px;border-color:var(--awb-color2);border-top-width:0px;border-bottom-width:0px;\"><\/div><\/div><div class=\"fusion-image-element \" style=\"--awb-caption-title-font-family:var(--h2_typography-font-family);--awb-caption-title-font-weight:var(--h2_typography-font-weight);--awb-caption-title-font-style:var(--h2_typography-font-style);--awb-caption-title-size:var(--h2_typography-font-size);--awb-caption-title-transform:var(--h2_typography-text-transform);--awb-caption-title-line-height:var(--h2_typography-line-height);--awb-caption-title-letter-spacing:var(--h2_typography-letter-spacing);\"><span class=\" fusion-imageframe imageframe-glow imageframe-3 hover-type-none\" style=\"border:5px solid #e5e5e5;-webkit-box-shadow: 0 0 3px var(--awb-color8);box-shadow: 0 0 3px var(--awb-color8);\"><a href=\"https:\/\/aphrodisias-excavations.com\/wp-content\/uploads\/2022\/07\/Hall-800.jpeg\" class=\"fusion-lightbox\" data-rel=\"iLightbox[6f0635139c07398460c]\" data-caption=\"Sevgi G\u00f6n\u00fcl Hall, 2008\" data-title=\"Sevgi G\u00f6n\u00fcl Hall, 2008\" title=\"Sevgi G\u00f6n\u00fcl Hall, 2008\"><img decoding=\"async\" width=\"400\" height=\"248\" alt=\"Aphrodite Tap\u0131na\u011f\u0131\" src=\"https:\/\/aphrodisias-excavations.com\/wp-content\/uploads\/2022\/07\/Hall-800.jpeg\" data-orig-src=\"https:\/\/aphrodisias-excavations.com\/wp-content\/uploads\/2022\/07\/Hall-800-400x248.jpeg\" class=\"lazyload img-responsive wp-image-5852\" srcset=\"data:image\/svg+xml,%3Csvg%20xmlns%3D%27http%3A%2F%2Fwww.w3.org%2F2000%2Fsvg%27%20width%3D%27800%27%20height%3D%27496%27%20viewBox%3D%270%200%20800%20496%27%3E%3Crect%20width%3D%27800%27%20height%3D%27496%27%20fill-opacity%3D%220%22%2F%3E%3C%2Fsvg%3E\" data-srcset=\"https:\/\/aphrodisias-excavations.com\/wp-content\/uploads\/2022\/07\/Hall-800-200x124.jpeg 200w, https:\/\/aphrodisias-excavations.com\/wp-content\/uploads\/2022\/07\/Hall-800-400x248.jpeg 400w, https:\/\/aphrodisias-excavations.com\/wp-content\/uploads\/2022\/07\/Hall-800-600x372.jpeg 600w, https:\/\/aphrodisias-excavations.com\/wp-content\/uploads\/2022\/07\/Hall-800.jpeg 800w\" data-sizes=\"auto\" data-orig-sizes=\"(max-width: 1024px) 100vw, (max-width: 640px) 100vw, 400px\" \/><\/a><\/span><\/div><\/div><\/div><div class=\"fusion-layout-column fusion_builder_column fusion-builder-column-3 fusion_builder_column_2_3 2_3 fusion-flex-column\" style=\"--awb-bg-size:cover;--awb-width-large:66.666666666667%;--awb-margin-top-large:0px;--awb-spacing-right-large:2.88%;--awb-margin-bottom-large:20px;--awb-spacing-left-large:0%;--awb-width-medium:100%;--awb-order-medium:0;--awb-spacing-right-medium:1.92%;--awb-spacing-left-medium:1.92%;--awb-width-small:100%;--awb-order-small:0;--awb-spacing-right-small:1.92%;--awb-spacing-left-small:1.92%;\"><div class=\"fusion-column-wrapper fusion-column-has-shadow fusion-flex-justify-content-flex-start fusion-content-layout-column\"><div class=\"fusion-image-element \" style=\"--awb-caption-title-font-family:var(--h2_typography-font-family);--awb-caption-title-font-weight:var(--h2_typography-font-weight);--awb-caption-title-font-style:var(--h2_typography-font-style);--awb-caption-title-size:var(--h2_typography-font-size);--awb-caption-title-transform:var(--h2_typography-text-transform);--awb-caption-title-line-height:var(--h2_typography-line-height);--awb-caption-title-letter-spacing:var(--h2_typography-letter-spacing);\"><span class=\" fusion-imageframe imageframe-dropshadow imageframe-4 hover-type-none\" style=\"-webkit-box-shadow: 3px 3px 7px var(--awb-color8);box-shadow: 3px 3px 7px var(--awb-color8);\"><img decoding=\"async\" width=\"900\" height=\"300\" title=\"Aerial photo over Basilica and Urban Park, looking northwest\" src=\"https:\/\/aphrodisias-excavations.com\/wp-content\/uploads\/2022\/07\/drone_photo.jpeg\" data-orig-src=\"https:\/\/aphrodisias-excavations.com\/wp-content\/uploads\/2022\/07\/drone_photo.jpeg\" alt class=\"lazyload img-responsive wp-image-5912\" srcset=\"data:image\/svg+xml,%3Csvg%20xmlns%3D%27http%3A%2F%2Fwww.w3.org%2F2000%2Fsvg%27%20width%3D%27900%27%20height%3D%27300%27%20viewBox%3D%270%200%20900%20300%27%3E%3Crect%20width%3D%27900%27%20height%3D%27300%27%20fill-opacity%3D%220%22%2F%3E%3C%2Fsvg%3E\" data-srcset=\"https:\/\/aphrodisias-excavations.com\/wp-content\/uploads\/2022\/07\/drone_photo-200x67.jpeg 200w, https:\/\/aphrodisias-excavations.com\/wp-content\/uploads\/2022\/07\/drone_photo-400x133.jpeg 400w, https:\/\/aphrodisias-excavations.com\/wp-content\/uploads\/2022\/07\/drone_photo-600x200.jpeg 600w, https:\/\/aphrodisias-excavations.com\/wp-content\/uploads\/2022\/07\/drone_photo-800x267.jpeg 800w, https:\/\/aphrodisias-excavations.com\/wp-content\/uploads\/2022\/07\/drone_photo.jpeg 900w\" data-sizes=\"auto\" data-orig-sizes=\"(max-width: 1024px) 100vw, (max-width: 640px) 100vw, 800px\" \/><\/span><\/div><div class=\"fusion-separator fusion-full-width-sep\" style=\"align-self: center;margin-left: auto;margin-right: auto;margin-top:5px;margin-bottom:5px;width:100%;\"><div class=\"fusion-separator-border sep-double sep-solid\" style=\"--awb-height:20px;--awb-amount:20px;border-color:var(--awb-color2);border-top-width:0px;border-bottom-width:0px;\"><\/div><\/div><div class=\"fusion-text fusion-text-1\"><p style=\"text-align: justify; font-size: 14px; line-height: 20px; letter-spacing: 0.25px;\"><span style=\"font-size: 16px; line-height: 27.52px; letter-spacing: 0.285px;\" data-fusion-font=\"true\">Aphrodisias projesi dahilinde burada faaliyet g\u00f6sterebilmek i\u00e7in gerekli asli izinleri verdi\u011fi i\u00e7in T\u00fcrkiye Cumhuriyeti K\u00fclt\u00fcr ve Turizm Bakanl\u0131\u011f\u0131 ile K\u00fclt\u00fcr Varl\u0131klar\u0131 ve M\u00fczeler Genel M\u00fcd\u00fcrl\u00fc\u011f\u00fc\u2019ne te\u015fekk\u00fcr ederiz. Proje ayn\u0131 zamanda farkl\u0131 kurum, vak\u0131f, grup ve bireylerden de destek g\u00f6rmektedir. Bu konuda bilgi i\u00e7in l\u00fctfen \u015fu sayfaya bak\u0131n\u0131z: <\/span><a style=\"font-size: 16px; line-height: 27.52px; letter-spacing: 0.285px;\" href=\"https:\/\/aphrodisias-excavations.com\/tr\/sponsorlar\/\" data-fusion-font=\"true\">Sponsorlar<\/a><span style=\"font-size: 14px; line-height: 20px; letter-spacing: 0.25px;\" data-fusion-font=\"true\"><span style=\"font-size: 16px; line-height: 27.52px; letter-spacing: 0.285px;\" data-fusion-font=\"true\">.<\/span><\/span><\/p>\n<p style=\"text-align: justify; font-size: 14px; line-height: 20px; letter-spacing: 0.25px;\"><span style=\"font-size: 16px; line-height: 27.52px; letter-spacing: 0.285px;\" data-fusion-font=\"true\">Hala s\u00fcrmekte olan New York \u00dcniversitesi projesi, otuz y\u0131ldan fazla bir s\u00fcre boyunca Aphrodisias\u2019\u0131n ba\u015fl\u0131ca an\u0131tlar\u0131n\u0131 g\u00fcn \u0131\u015f\u0131\u011f\u0131na \u00e7\u0131karan Kenan Erim ba\u015fkanl\u0131\u011f\u0131nda, 1961 y\u0131l\u0131nda ba\u015flam\u0131\u015ft\u0131r. Profes\u00f6r Erim\u2019in 1990 y\u0131l\u0131ndaki vefat\u0131 ile proje, yine New York \u00dcniversitesi G\u00fczel Sanatlar Enstit\u00fcs\u00fc\u2019n\u00fcn b\u00fcnyesindeki R.R.R. Smith ba\u015fkanl\u0131\u011f\u0131na ge\u00e7mi\u015f ve 1995 y\u0131l\u0131ndan beri de Oxford \u00dcniversitesi i\u015fbirli\u011fi ile devam etmektedir. Projenin ba\u015fkan vekili Katherine Welch, kaz\u0131 ba\u015fkan yard\u0131mc\u0131lar\u0131 ise Serra Somersan ve Ozan Y\u0131ld\u0131r\u0131m\u2019d\u0131r. \u00c7al\u0131\u015fmalar farkl\u0131 milletlerden gelen uzmanlar\u0131n katk\u0131lar\u0131yla s\u00fcrmektedir. Uzmanlar hakk\u0131nda daha fazla bilgi i\u00e7in l\u00fctfen \u015fu sayfaya bak\u0131n\u0131z: <\/span><a style=\"font-size: 16px; line-height: 27.52px; letter-spacing: 0.285px;\" href=\"https:\/\/aphrodisias-excavations.com\/tr\/uzmanlar\/\" data-fusion-font=\"true\">Uzmanlar<\/a><span style=\"font-size: 14px; line-height: 20px; letter-spacing: 0.25px;\" data-fusion-font=\"true\"><span style=\"font-size: 16px; line-height: 27.52px; letter-spacing: 0.285px;\" data-fusion-font=\"true\">.<\/span><\/span><\/p>\n<p style=\"text-align: justify; font-size: 14px; line-height: 20px; letter-spacing: 0.25px;\"><span style=\"font-size: 16px; line-height: 27.52px; letter-spacing: 0.285px;\" data-fusion-font=\"true\">Aphrodisias\u2019ta ger\u00e7ekle\u015ftirilen kaz\u0131 projeleri 1993 y\u0131l\u0131ndan beri farkl\u0131 arkeologlar\u0131n g\u00f6zetiminde devam etmektedir: Christopher Ratt\u00e9 (Arazi \u00c7al\u0131\u015fmalar\u0131 Sorumlusu 1993-95 ve Kaz\u0131 E\u015f Ba\u015fkan\u0131 1996-2006), Bahad\u0131r Y\u0131ld\u0131r\u0131m (Arazi \u00c7al\u0131\u015fmalar\u0131 Sorumlusu 2008-09), Esen \u00d6\u011f\u00fc\u015f (Arazi \u00c7al\u0131\u015fmalar\u0131 Sorumlusu 2010-11), Alexander Sokolicek (Arazi \u00c7al\u0131\u015fmalar\u0131 Sorumlusu 2012-15), Ben Russell (Arazi \u00c7al\u0131\u015fmalar\u0131 Sorumlusu 2016) ve Ine Jacobs (Arazi \u00c7al\u0131\u015fmalar\u0131 Sorumlusu 2016-halen).<\/span><\/p>\n<p><span style=\"font-size: 16px;\" data-fusion-font=\"true\">Ayr\u0131ca Bak\u0131n\u0131z: <\/span><a style=\"font-size: 16px;\" href=\"https:\/\/aphrodisias-excavations.com\/tr\/sponsorlar\/\" data-fusion-font=\"true\">Sponsorlar<\/a> <a style=\"font-size: 16px;\" href=\"https:\/\/aphrodisias-excavations.com\/tr\/uzmanlar\/\" data-fusion-font=\"true\">Uzmanlar<\/a><\/p>\n<\/div><\/div><\/div><\/div><\/div><\/p>\n","protected":false},"excerpt":{"rendered":"","protected":false},"author":1,"featured_media":0,"parent":0,"menu_order":0,"comment_status":"closed","ping_status":"closed","template":"100-width.php","meta":{"_coblocks_attr":"","_coblocks_dimensions":"","_coblocks_responsive_height":"","_coblocks_accordion_ie_support":"","footnotes":""},"class_list":["post-7405","page","type-page","status-publish","hentry"],"_links":{"self":[{"href":"https:\/\/aphrodisias-excavations.com\/tr\/wp-json\/wp\/v2\/pages\/7405","targetHints":{"allow":["GET"]}}],"collection":[{"href":"https:\/\/aphrodisias-excavations.com\/tr\/wp-json\/wp\/v2\/pages"}],"about":[{"href":"https:\/\/aphrodisias-excavations.com\/tr\/wp-json\/wp\/v2\/types\/page"}],"author":[{"embeddable":true,"href":"https:\/\/aphrodisias-excavations.com\/tr\/wp-json\/wp\/v2\/users\/1"}],"replies":[{"embeddable":true,"href":"https:\/\/aphrodisias-excavations.com\/tr\/wp-json\/wp\/v2\/comments?post=7405"}],"version-history":[{"count":23,"href":"https:\/\/aphrodisias-excavations.com\/tr\/wp-json\/wp\/v2\/pages\/7405\/revisions"}],"predecessor-version":[{"id":8871,"href":"https:\/\/aphrodisias-excavations.com\/tr\/wp-json\/wp\/v2\/pages\/7405\/revisions\/8871"}],"wp:attachment":[{"href":"https:\/\/aphrodisias-excavations.com\/tr\/wp-json\/wp\/v2\/media?parent=7405"}],"curies":[{"name":"wp","href":"https:\/\/api.w.org\/{rel}","templated":true}]}}